{"id":29973,"date":"2025-10-16T16:31:08","date_gmt":"2025-10-16T16:31:08","guid":{"rendered":"https:\/\/kangook.com\/?post_type=product&#038;p=29973"},"modified":"2026-01-28T16:44:28","modified_gmt":"2026-01-28T16:44:28","slug":"ozone-roadster-4-voile","status":"publish","type":"product","link":"https:\/\/kangook.com\/fr\/produit\/ozone-roadster-4-voile\/","title":{"rendered":"Ozone | Roadster 4"},"content":{"rendered":"<p><a href=\"https:\/\/kangook.com\/wp-content\/uploads\/2025\/10\/Ozone-Roadster-Logo.png\"><img decoding=\"async\" class=\"aligncenter size-medium wp-image-29963\" src=\"https:\/\/kangook.com\/wp-content\/uploads\/2025\/10\/Ozone-Roadster-Logo-300x29.png\" alt=\"Ozone Roadster logo\" width=\"300\" height=\"29\" srcset=\"https:\/\/kangook.com\/wp-content\/uploads\/2025\/10\/Ozone-Roadster-Logo-300x29.png 300w, https:\/\/kangook.com\/wp-content\/uploads\/2025\/10\/Ozone-Roadster-Logo-1024x98.png 1024w, https:\/\/kangook.com\/wp-content\/uploads\/2025\/10\/Ozone-Roadster-Logo-768x74.png 768w, https:\/\/kangook.com\/wp-content\/uploads\/2025\/10\/Ozone-Roadster-Logo-600x57.png 600w, https:\/\/kangook.com\/wp-content\/uploads\/2025\/10\/Ozone-Roadster-Logo.png 1379w\" sizes=\"(max-width: 300px) 100vw, 300px\" \/><\/a><br \/>\nLa Roadster 4 est une aile de paramoteur dot\u00e9e d\u2019un profil reflex tout \u00e0 la fois amusante, s\u00fbre et rapide dans sa c\u00e9t\u00e9gorie. Elle offre d\u2019excellentes prestations dans tous les types de vol au moteur, des passages au cordeau \u00e0 basse altitude aux grandes navigations et s\u2019adresse aux pilotes de niveau d\u00e9butant-interm\u00e9diaire aussi bien qu\u2019aux plus exp\u00e9riment\u00e9s.<\/p>\n<p><strong>LES NOUVEAUT\u00c9S<\/strong><br \/>\nLes winglets apportent une meilleure stabilit\u00e9 en roulis comme en spirale, un progr\u00e8s en mati\u00e8re de s\u00e9curit\u00e9 et de plaisir.<br \/>\nLa double d\u00e9coupe 3D et les mini-ribs apportent un gain de performance et de vitesse max (+3km\/h).<br \/>\nL\u2019optimisation du profil reflex et des ouvertures en bord d\u2019attaque a permis d\u2019obtenir un gonflage plus rapide, un d\u00e9collage plus court et une consommation de carburant r\u00e9duite.<br \/>\nLa voute plus prononc\u00e9e offre un pilotage plus direct et plus pr\u00e9cis.<br \/>\nLes trims Rollercam et les \u00e9l\u00e9vateurs avec des marques imprim\u00e9es par sublimation diminuent l\u2019effort et am\u00e9liorent leur confort d\u2019utilisation.<\/p>\n<p><strong>LE PILOTE<\/strong><br \/>\nLa facilit\u00e9 d\u2019utilisation de la Roadster 4 et son haut niveau de s\u00e9curit\u00e9 passive permettent de donner toute satisfaction aux pilotes n\u00e9ophytes comme aux plus exp\u00e9riment\u00e9s. Les pilotes qui viennent d\u2019\u00eatre brevet\u00e9s appr\u00e9cieront sa facilit\u00e9 de d\u00e9collage et son incroyable stabilit\u00e9 tandis que les pilotes plus exp\u00e9riment\u00e9s appr\u00e9cieront son rendement global, ses performances et sa maniabilit\u00e9 tout en gardant le niveau de s\u00e9curit\u00e9 de la certification EN B*.<a href=\"https:\/\/kangook.com\/wp-content\/uploads\/2025\/10\/Sharknose-technology.jpg\"><img fetchpriority=\"high\" decoding=\"async\" class=\"wp-image-29685 aligncenter\" src=\"https:\/\/kangook.com\/wp-content\/uploads\/2025\/10\/Sharknose-technology-300x300.jpg\" alt=\"Ozone Sharknose Technology\" width=\"254\" height=\"254\" srcset=\"https:\/\/kangook.com\/wp-content\/uploads\/2025\/10\/Sharknose-technology-300x300.jpg 300w, https:\/\/kangook.com\/wp-content\/uploads\/2025\/10\/Sharknose-technology-150x150.jpg 150w, https:\/\/kangook.com\/wp-content\/uploads\/2025\/10\/Sharknose-technology-600x602.jpg 600w, https:\/\/kangook.com\/wp-content\/uploads\/2025\/10\/Sharknose-technology-100x100.jpg 100w, https:\/\/kangook.com\/wp-content\/uploads\/2025\/10\/Sharknose-technology.jpg 724w\" sizes=\"(max-width: 254px) 100vw, 254px\" \/><\/a><\/p>\n<p><strong>LA TECHNIQUE<\/strong><br \/>\nLe vol \u00e0 vitesse maximale est plus stable gr\u00e2ce aux nouvelles winglets de la Roadster 4 qui donne l\u2019impression d\u2019\u00eatre sur des rails pendant que le syst\u00e8me TST assure un contr\u00f4le pr\u00e9cis de la trajectoire. Les winglets aident aussi l\u2019aile \u00e0 sortir naturellement d\u2019une spirale m\u00eame lorsqu\u2019elle est fortement charg\u00e9e et que l\u2019on utilise un paramoteur avec des points d\u2019accrochage hauts. La nouvelle forme de voute offre d\u2019une part un pilotage plus direct et plus pr\u00e9cis mais aussi un comportement plus calme en cas de fermeture asym\u00e9trique. La double d\u00e9coupe 3D et les mini ribs contribuent \u00e0 l\u2019augmentation de vitesse max et du rendement de l\u2019aile.<\/p>\n<p>Les \u00e9l\u00e9vateurs de la Roadster 4 sont simples et sans fioritures pour \u00eatre accessibles aux d\u00e9butants. Ils sont faciles \u00e0 reconna\u00eetre avec leurs codes couleurs pour simplifier le d\u00e9collage, ils sont \u00e9quip\u00e9s d\u2019un acc\u00e9l\u00e9rateur au pied, du syst\u00e8me de direction TST et de poulies \u00e0 hauteur r\u00e9glable pour s\u2019adapter aux diff\u00e9rents types de moteurs et aux pr\u00e9f\u00e9rences du pilote.<\/p>\n<p>Les trims coulissent sur des sangles avec des lignes de rep\u00e8re imprim\u00e9es par sublimation et utilisent des m\u00e9canismes roller cam qui assurent pr\u00e9cision et facilit\u00e9 d\u2019utilisation tout en \u00e9vitant les coincements ou les glissements.<\/p>\n<p><strong>CERTIFICATION<\/strong><br \/>\nLa Roadster 4 a \u00e9t\u00e9 certifi\u00e9e en charge \u00e0 8G selon la norme EN 926.1 et elle est conforme aux crit\u00e8res de la DGAC. En plus des nombreux tests r\u00e9alis\u00e9s par nos pilotes d\u2019essai, les tailles 24, 26 et 28 de la Roadster 4 ont obtenu aupr\u00e8s d\u2019un organisme ind\u00e9pendant la certification EN-B selon la norme EN 926.2. Ces r\u00e9sultats on \u00e9t\u00e9 obtenus sans utiliser l\u2019acc\u00e9l\u00e9rateur au pied et avec les trims dans la position la plus lente. Les autres tailles sont obtenues par homoth\u00e9tie et mises au point pour \u00eatre au plus proche des versions certifi\u00e9es afin d\u2019assurer un comportement fiable et coh\u00e9rent de toute la gamme.<\/p>\n<p><strong>LE VOL<\/strong><br \/>\nLes progr\u00e8s r\u00e9cents en performance et en facilit\u00e9 d\u2019utilisation en font une une aile r\u00e9ellement polyvalente, excellente en vol motoris\u00e9 et qui offre un taux de chute et une maniabilit\u00e9 plus que suffisantes pour le vol libre. Cela commence au sol avec un d\u00e9collage plus simple et sur une plus courte distance qu\u2019avant. Les sensations \u00e0 la commande et l\u2019agilit\u00e9 de la Roadster 4 procurent du plaisir \u00e0 voler aussi bien sur des trajectoires tendues \u00e0 basse altitude qu\u2019en thermique tout pr\u00e8s des nuages, partout o\u00f9 l\u2019aventure vous appelle.<\/p>\n<p><strong>Materiaux<\/strong><br \/>\nTissu d\u2019Extrados: Dominico 30D<br \/>\nTissu d\u2019Intrados: Dominico 30D<br \/>\nTissu de Structure Interne: Porcher 9017 E29 (hard)<br \/>\nSuspentes hautes: Liros DSL70<br \/>\nSuspentes interm\u00e9diaires: Liros DSL70\/140<br \/>\nSuspentes Basses: Edelrid 6843-240\/200\/160<\/p>\n<p><strong>Vid\u00e9o produit<\/strong><\/p>\n<p><a href=\"https:\/\/vimeo.com\/1051578956\">https:\/\/vimeo.com\/1051578956<\/a><\/p>\n<p><strong>Source<\/strong><\/p>\n<p><a href=\"https:\/\/flyozone.com\/paramotor\/products\/gliders\/roadster-4\">\u00a0 \u00a0https:\/\/flyozone.com\/paramotor\/products\/gliders\/roadster-4<\/a><\/p>\n","protected":false},"excerpt":{"rendered":"<h3>D\u00e9butant \/ Interm\u00e9diaire &#8211; EN B*<\/h3>\n<p><strong><br \/>\nRoadster 4\u00a0<\/strong>&#8211; une aile au profil Reflex, offrant plaisir, s\u00e9curit\u00e9 et facilit\u00e9 d&rsquo;utilisation aux nouveaux pilotes, tout en restant polyvalente pour tous les niveaux.<\/p>\n<p>Quatri\u00e8me g\u00e9n\u00e9ration de notre aile reflex la plus populaire pour les pilotes d\u00e9butants et interm\u00e9diaires, la Roadster 4 offre un \u00e9quilibre parfait entre performance et facilit\u00e9 d&rsquo;utilisation pour les pilotes d\u00e9butants et confirm\u00e9s.<\/p>\n<ul>\n<li>Gonflage simple et d\u00e9collage court<\/li>\n<li>Winglets pour am\u00e9liorer la stabilit\u00e9 en roulis<\/li>\n<li>Syst\u00e8me de trims am\u00e9lior\u00e9<\/li>\n<li>Course des trims \u00e9tendue pour une vitesse de croisi\u00e8re plus \u00e9lev\u00e9e<\/li>\n<li>EN-B* et Certification DGAC<\/li>\n<li>Vitesse max augment\u00e9e de 3km\/h<\/li>\n<\/ul>\n","protected":false},"featured_media":29956,"template":"","meta":{"site-sidebar-layout":"default","site-content-layout":"","ast-site-content-layout":"default","site-content-style":"default","site-sidebar-style":"default","ast-global-header-display":"","ast-banner-title-visibility":"","ast-main-header-display":"","ast-hfb-above-header-display":"","ast-hfb-below-header-display":"","ast-hfb-mobile-header-display":"","site-post-title":"","ast-breadcrumbs-content":"","ast-featured-img":"","footer-sml-layout":"","ast-disable-related-posts":"","theme-transparent-header-meta":"default","adv-header-id-meta":"","stick-header-meta":"","header-above-stick-meta":"","header-main-stick-meta":"","header-below-stick-meta":"","astra-migrate-meta-layouts":"set","ast-page-background-enabled":"default","ast-page-background-meta":{"desktop":{"background-color":"","background-image":"","background-repeat":"repeat","background-position":"center center","background-size":"auto","background-attachment":"scroll","background-type":"","background-media":"","overlay-type":"","overlay-color":"","overlay-opacity":"","overlay-gradient":""},"tablet":{"background-color":"","background-image":"","background-repeat":"repeat","background-position":"center center","background-size":"auto","background-attachment":"scroll","background-type":"","background-media":"","overlay-type":"","overlay-color":"","overlay-opacity":"","overlay-gradient":""},"mobile":{"background-color":"","background-image":"","background-repeat":"repeat","background-position":"center center","background-size":"auto","background-attachment":"scroll","background-type":"","background-media":"","overlay-type":"","overlay-color":"","overlay-opacity":"","overlay-gradient":""}},"ast-content-background-meta":{"desktop":{"background-color":"var(--ast-global-color-5)","background-image":"","background-repeat":"repeat","background-position":"center center","background-size":"auto","background-attachment":"scroll","background-type":"","background-media":"","overlay-type":"","overlay-color":"","overlay-opacity":"","overlay-gradient":""},"tablet":{"background-color":"var(--ast-global-color-5)","background-image":"","background-repeat":"repeat","background-position":"center center","background-size":"auto","background-attachment":"scroll","background-type":"","background-media":"","overlay-type":"","overlay-color":"","overlay-opacity":"","overlay-gradient":""},"mobile":{"background-color":"var(--ast-global-color-5)","background-image":"","background-repeat":"repeat","background-position":"center center","background-size":"auto","background-attachment":"scroll","background-type":"","background-media":"","overlay-type":"","overlay-color":"","overlay-opacity":"","overlay-gradient":""}}},"product_brand":[1350],"product_cat":[807,1574],"product_tag":[1525,1526,1528,1190,808,1132,1527,1778,1530,1529],"class_list":{"0":"post-29973","1":"product","2":"type-product","3":"status-publish","4":"has-post-thumbnail","6":"product_brand-ozone","7":"product_cat-voiles","8":"product_cat-voiles-ozone","9":"product_tag-1525","10":"product_tag-ozone","11":"product_tag-paraglider","12":"product_tag-paramoteur-fr","13":"product_tag-paramotor-fr","14":"product_tag-parapente","15":"product_tag-roadster","16":"product_tag-roadster-4","17":"product_tag-voile","18":"product_tag-wing","19":"desktop-align-left","20":"tablet-align-left","21":"mobile-align-left","22":"ast-product-gallery-layout-horizontal-slider","23":"ast-product-single-variable","24":"ast-qv-on-image","25":"wcpa_has_options","27":"first","28":"onbackorder","29":"taxable","30":"shipping-taxable","31":"purchasable","32":"product-type-variable"},"yoast_head":"<!-- This site is optimized with the Yoast SEO plugin v27.4 - https:\/\/yoast.com\/product\/yoast-seo-wordpress\/ -->\n<title>Ozone | Roadster 4 - Kangook Canada<\/title>\n<meta name=\"description\" content=\"La voile Ozone roadster 4 est la voile id\u00e9ale pour les pilotes d\u00e9butants et interm\u00e9diaires\" \/>\n<meta name=\"robots\" content=\"index, follow, max-snippet:-1, max-image-preview:large, max-video-preview:-1\" \/>\n<link rel=\"canonical\" href=\"https:\/\/kangook.com\/fr\/produit\/ozone-roadster-4-voile\/\" \/>\n<meta property=\"og:locale\" content=\"fr_FR\" \/>\n<meta property=\"og:type\" content=\"article\" \/>\n<meta property=\"og:title\" content=\"Ozone | Roadster 4 - Kangook Canada\" \/>\n<meta property=\"og:description\" content=\"La voile Ozone roadster 4 est la voile id\u00e9ale pour les pilotes d\u00e9butants et interm\u00e9diaires\" \/>\n<meta property=\"og:url\" content=\"https:\/\/kangook.com\/fr\/produit\/ozone-roadster-4-voile\/\" \/>\n<meta property=\"og:site_name\" content=\"Kangook Canada\" \/>\n<meta property=\"article:modified_time\" content=\"2026-01-28T16:44:28+00:00\" \/>\n<meta property=\"og:image\" content=\"https:\/\/kangook.com\/wp-content\/uploads\/2025\/10\/Ozone-Roadster-4-D.jpg\" \/>\n\t<meta property=\"og:image:width\" content=\"1500\" \/>\n\t<meta property=\"og:image:height\" content=\"1000\" \/>\n\t<meta property=\"og:image:type\" content=\"image\/jpeg\" \/>\n<meta name=\"twitter:card\" content=\"summary_large_image\" \/>\n<meta name=\"twitter:label1\" content=\"Dur\u00e9e de lecture estim\u00e9e\" \/>\n\t<meta name=\"twitter:data1\" content=\"4 minutes\" \/>\n<script type=\"application\/ld+json\" class=\"yoast-schema-graph\">{\"@context\":\"https:\\\/\\\/schema.org\",\"@graph\":[{\"@type\":\"WebPage\",\"@id\":\"https:\\\/\\\/kangook.com\\\/fr\\\/produit\\\/ozone-roadster-4-voile\\\/\",\"url\":\"https:\\\/\\\/kangook.com\\\/fr\\\/produit\\\/ozone-roadster-4-voile\\\/\",\"name\":\"Ozone | Roadster 4 - Kangook Canada\",\"isPartOf\":{\"@id\":\"https:\\\/\\\/kangook.com\\\/fr\\\/#website\"},\"primaryImageOfPage\":{\"@id\":\"https:\\\/\\\/kangook.com\\\/fr\\\/produit\\\/ozone-roadster-4-voile\\\/#primaryimage\"},\"image\":{\"@id\":\"https:\\\/\\\/kangook.com\\\/fr\\\/produit\\\/ozone-roadster-4-voile\\\/#primaryimage\"},\"thumbnailUrl\":\"https:\\\/\\\/kangook.com\\\/wp-content\\\/uploads\\\/2025\\\/10\\\/Ozone-Roadster-4-D.jpg\",\"datePublished\":\"2025-10-16T16:31:08+00:00\",\"dateModified\":\"2026-01-28T16:44:28+00:00\",\"description\":\"La voile Ozone roadster 4 est la voile id\u00e9ale pour les pilotes d\u00e9butants et interm\u00e9diaires\",\"breadcrumb\":{\"@id\":\"https:\\\/\\\/kangook.com\\\/fr\\\/produit\\\/ozone-roadster-4-voile\\\/#breadcrumb\"},\"inLanguage\":\"fr-FR\",\"potentialAction\":[{\"@type\":\"ReadAction\",\"target\":[\"https:\\\/\\\/kangook.com\\\/fr\\\/produit\\\/ozone-roadster-4-voile\\\/\"]}]},{\"@type\":\"ImageObject\",\"inLanguage\":\"fr-FR\",\"@id\":\"https:\\\/\\\/kangook.com\\\/fr\\\/produit\\\/ozone-roadster-4-voile\\\/#primaryimage\",\"url\":\"https:\\\/\\\/kangook.com\\\/wp-content\\\/uploads\\\/2025\\\/10\\\/Ozone-Roadster-4-D.jpg\",\"contentUrl\":\"https:\\\/\\\/kangook.com\\\/wp-content\\\/uploads\\\/2025\\\/10\\\/Ozone-Roadster-4-D.jpg\",\"width\":1500,\"height\":1000},{\"@type\":\"BreadcrumbList\",\"@id\":\"https:\\\/\\\/kangook.com\\\/fr\\\/produit\\\/ozone-roadster-4-voile\\\/#breadcrumb\",\"itemListElement\":[{\"@type\":\"ListItem\",\"position\":1,\"name\":\"Accueil\",\"item\":\"https:\\\/\\\/kangook.com\\\/fr\\\/\"},{\"@type\":\"ListItem\",\"position\":2,\"name\":\"Store\",\"item\":\"https:\\\/\\\/kangook.com\\\/store\\\/\"},{\"@type\":\"ListItem\",\"position\":3,\"name\":\"Ozone | Roadster 4\"}]},{\"@type\":\"WebSite\",\"@id\":\"https:\\\/\\\/kangook.com\\\/fr\\\/#website\",\"url\":\"https:\\\/\\\/kangook.com\\\/fr\\\/\",\"name\":\"Kangook\",\"description\":\"Kangook Paramotors\",\"publisher\":{\"@id\":\"https:\\\/\\\/kangook.com\\\/fr\\\/#organization\"},\"potentialAction\":[{\"@type\":\"SearchAction\",\"target\":{\"@type\":\"EntryPoint\",\"urlTemplate\":\"https:\\\/\\\/kangook.com\\\/fr\\\/?s={search_term_string}\"},\"query-input\":{\"@type\":\"PropertyValueSpecification\",\"valueRequired\":true,\"valueName\":\"search_term_string\"}}],\"inLanguage\":\"fr-FR\"},{\"@type\":\"Organization\",\"@id\":\"https:\\\/\\\/kangook.com\\\/fr\\\/#organization\",\"name\":\"Kangook\",\"url\":\"https:\\\/\\\/kangook.com\\\/fr\\\/\",\"logo\":{\"@type\":\"ImageObject\",\"inLanguage\":\"fr-FR\",\"@id\":\"https:\\\/\\\/kangook.com\\\/fr\\\/#\\\/schema\\\/logo\\\/image\\\/\",\"url\":\"https:\\\/\\\/kangook.com\\\/wp-content\\\/uploads\\\/2022\\\/07\\\/cropped-Kangook-Paramotors-Flag.png\",\"contentUrl\":\"https:\\\/\\\/kangook.com\\\/wp-content\\\/uploads\\\/2022\\\/07\\\/cropped-Kangook-Paramotors-Flag.png\",\"width\":500,\"height\":97,\"caption\":\"Kangook\"},\"image\":{\"@id\":\"https:\\\/\\\/kangook.com\\\/fr\\\/#\\\/schema\\\/logo\\\/image\\\/\"}}]}<\/script>\n<!-- \/ Yoast SEO plugin. -->","yoast_head_json":{"title":"Ozone | Roadster 4 - Kangook Canada","description":"La voile Ozone roadster 4 est la voile id\u00e9ale pour les pilotes d\u00e9butants et interm\u00e9diaires","robots":{"index":"index","follow":"follow","max-snippet":"max-snippet:-1","max-image-preview":"max-image-preview:large","max-video-preview":"max-video-preview:-1"},"canonical":"https:\/\/kangook.com\/fr\/produit\/ozone-roadster-4-voile\/","og_locale":"fr_FR","og_type":"article","og_title":"Ozone | Roadster 4 - Kangook Canada","og_description":"La voile Ozone roadster 4 est la voile id\u00e9ale pour les pilotes d\u00e9butants et interm\u00e9diaires","og_url":"https:\/\/kangook.com\/fr\/produit\/ozone-roadster-4-voile\/","og_site_name":"Kangook Canada","article_modified_time":"2026-01-28T16:44:28+00:00","og_image":[{"width":1500,"height":1000,"url":"https:\/\/kangook.com\/wp-content\/uploads\/2025\/10\/Ozone-Roadster-4-D.jpg","type":"image\/jpeg"}],"twitter_card":"summary_large_image","twitter_misc":{"Dur\u00e9e de lecture estim\u00e9e":"4 minutes"},"schema":{"@context":"https:\/\/schema.org","@graph":[{"@type":"WebPage","@id":"https:\/\/kangook.com\/fr\/produit\/ozone-roadster-4-voile\/","url":"https:\/\/kangook.com\/fr\/produit\/ozone-roadster-4-voile\/","name":"Ozone | Roadster 4 - Kangook Canada","isPartOf":{"@id":"https:\/\/kangook.com\/fr\/#website"},"primaryImageOfPage":{"@id":"https:\/\/kangook.com\/fr\/produit\/ozone-roadster-4-voile\/#primaryimage"},"image":{"@id":"https:\/\/kangook.com\/fr\/produit\/ozone-roadster-4-voile\/#primaryimage"},"thumbnailUrl":"https:\/\/kangook.com\/wp-content\/uploads\/2025\/10\/Ozone-Roadster-4-D.jpg","datePublished":"2025-10-16T16:31:08+00:00","dateModified":"2026-01-28T16:44:28+00:00","description":"La voile Ozone roadster 4 est la voile id\u00e9ale pour les pilotes d\u00e9butants et interm\u00e9diaires","breadcrumb":{"@id":"https:\/\/kangook.com\/fr\/produit\/ozone-roadster-4-voile\/#breadcrumb"},"inLanguage":"fr-FR","potentialAction":[{"@type":"ReadAction","target":["https:\/\/kangook.com\/fr\/produit\/ozone-roadster-4-voile\/"]}]},{"@type":"ImageObject","inLanguage":"fr-FR","@id":"https:\/\/kangook.com\/fr\/produit\/ozone-roadster-4-voile\/#primaryimage","url":"https:\/\/kangook.com\/wp-content\/uploads\/2025\/10\/Ozone-Roadster-4-D.jpg","contentUrl":"https:\/\/kangook.com\/wp-content\/uploads\/2025\/10\/Ozone-Roadster-4-D.jpg","width":1500,"height":1000},{"@type":"BreadcrumbList","@id":"https:\/\/kangook.com\/fr\/produit\/ozone-roadster-4-voile\/#breadcrumb","itemListElement":[{"@type":"ListItem","position":1,"name":"Accueil","item":"https:\/\/kangook.com\/fr\/"},{"@type":"ListItem","position":2,"name":"Store","item":"https:\/\/kangook.com\/store\/"},{"@type":"ListItem","position":3,"name":"Ozone | Roadster 4"}]},{"@type":"WebSite","@id":"https:\/\/kangook.com\/fr\/#website","url":"https:\/\/kangook.com\/fr\/","name":"Kangook","description":"Kangook Paramotors","publisher":{"@id":"https:\/\/kangook.com\/fr\/#organization"},"potentialAction":[{"@type":"SearchAction","target":{"@type":"EntryPoint","urlTemplate":"https:\/\/kangook.com\/fr\/?s={search_term_string}"},"query-input":{"@type":"PropertyValueSpecification","valueRequired":true,"valueName":"search_term_string"}}],"inLanguage":"fr-FR"},{"@type":"Organization","@id":"https:\/\/kangook.com\/fr\/#organization","name":"Kangook","url":"https:\/\/kangook.com\/fr\/","logo":{"@type":"ImageObject","inLanguage":"fr-FR","@id":"https:\/\/kangook.com\/fr\/#\/schema\/logo\/image\/","url":"https:\/\/kangook.com\/wp-content\/uploads\/2022\/07\/cropped-Kangook-Paramotors-Flag.png","contentUrl":"https:\/\/kangook.com\/wp-content\/uploads\/2022\/07\/cropped-Kangook-Paramotors-Flag.png","width":500,"height":97,"caption":"Kangook"},"image":{"@id":"https:\/\/kangook.com\/fr\/#\/schema\/logo\/image\/"}}]}},"wcpa_form_fields":{"wcpaData":{"product":{"product_price":5790,"price_html":"<span class=\"woocommerce-Price-amount amount\" aria-hidden=\"true\"><bdi>5,790.00<span class=\"woocommerce-Price-currencySymbol\">&#36;<\/span><\/bdi><\/span> <span aria-hidden=\"true\">\u00a0\u2013\u00a0<\/span> <span class=\"woocommerce-Price-amount amount\" aria-hidden=\"true\"><bdi>6,190.00<span class=\"woocommerce-Price-currencySymbol\">&#36;<\/span><\/bdi><\/span><span class=\"screen-reader-text\">Plage de prix\u00a0: 5,790.00&#36; \u00e0 6,190.00&#36;<\/span>","original_product_price":5790,"price_including_tax":6079.5,"price_excluding_tax":5790,"product_id":{"parent":29973,"variation":false},"is_variable":true,"stock_status":"onbackorder","stock_quantity":null,"parent_sku":"","product_attributes":{"couleurs":{"is_variation":true,"values":[]},"taille":{"is_variation":true,"values":[]}},"custom_fields":[],"is_taxable":true,"product_name":"Ozone | Roadster 4","hasImage":false},"fields":{"sec_96977aee50640c":{"extra":{"key":"sec_96977aee50640c","section_id":"sec_96977aee50640c","name":"Default","status":1,"cl_rule":"show","enableCl":false,"relations":[],"toggle":true,"title_tag":"h3","show_title":false,"showPrice":"default","repeater_section_field_label":"{field_label}","repeater_section_label":"{section_name}","repeater_bind":"","form_id":29970,"form_rules":{"exclude_from_discount":false,"fee_label":"Fee","disp_hide_options_price":false,"disp_show_section_price":false,"disp_show_field_price":true,"layout_option":"standard","pric_use_as_fee":false,"process_fee_as":"woo_fee"},"layout_option":"standard"},"fields":[[{"active":true,"col":6,"relations":[{"operator":false,"rules":[{"operator":"AND","rules":{"cl_field":"attribute","cl_relation":"is","cl_val":"custom-colors","cl_field_sub":"pa_color"}}]}],"cl_rule":"show","enableCl":true,"price":"","enablePrice":false,"className":"","label_position":"default","desc_position":"default","type":"text","subtype":"text","required":false,"elementId":"text_56977aee506420","label":"Merci de sp\u00e9cifier le code de couleurs personnalis\u00e9 :","name":"text_56977aee506420","value":"","error":false,"isWeightTemplate":false,"isTemplate":false,"min_quantity":"1","quantity_decimal":false,"quantity_step":"1","quantity_label":"Quantity","repeater_field_label":"{field_label}","repeater_bind":"","gt_translate_keys":["label","value","repeater_field_label","quantity_label"],"price_dependency":false,"cl_dependency":false}]]}},"config":{"price_override":"","enable_recaptcha":false,"bind_quantity":false,"quantity_bind_formula":false,"disp_summ_show_option_price":false,"disp_summ_show_product_price":true,"disp_summ_show_total_price":true,"disp_summ_show_fee":false,"disp_summ_show_discount":false,"summary_title":"","options_total_label":"Options Price","total_label":"Total","options_product_label":"Product Price","fee_label":"Fee","discount_label":"Discount","has_price":true,"has_quantity_formula":false},"mc_unit":1,"tax_rate":1,"tax_rate_real":0.05000000000000000277555756156289135105907917022705078125,"discount":{"percentage":0,"fixed":0},"design":{"conf":{"LabelPosition":"above","DescPosition":"above","UploadField":"custom_1","QuantityFieldStyle":"custom_1"},"css":{"LeftLabelWidth":"120px"}},"formulas":[],"lookuptables":[],"clones":false,"cartKey":false}},"_links":{"self":[{"href":"https:\/\/kangook.com\/fr\/wp-json\/wp\/v2\/product\/29973","targetHints":{"allow":["GET"]}}],"collection":[{"href":"https:\/\/kangook.com\/fr\/wp-json\/wp\/v2\/product"}],"about":[{"href":"https:\/\/kangook.com\/fr\/wp-json\/wp\/v2\/types\/product"}],"version-history":[{"count":4,"href":"https:\/\/kangook.com\/fr\/wp-json\/wp\/v2\/product\/29973\/revisions"}],"predecessor-version":[{"id":29981,"href":"https:\/\/kangook.com\/fr\/wp-json\/wp\/v2\/product\/29973\/revisions\/29981"}],"wp:featuredmedia":[{"embeddable":true,"href":"https:\/\/kangook.com\/fr\/wp-json\/wp\/v2\/media\/29956"}],"wp:attachment":[{"href":"https:\/\/kangook.com\/fr\/wp-json\/wp\/v2\/media?parent=29973"}],"wp:term":[{"taxonomy":"product_brand","embeddable":true,"href":"https:\/\/kangook.com\/fr\/wp-json\/wp\/v2\/product_brand?post=29973"},{"taxonomy":"product_cat","embeddable":true,"href":"https:\/\/kangook.com\/fr\/wp-json\/wp\/v2\/product_cat?post=29973"},{"taxonomy":"product_tag","embeddable":true,"href":"https:\/\/kangook.com\/fr\/wp-json\/wp\/v2\/product_tag?post=29973"}],"curies":[{"name":"wp","href":"https:\/\/api.w.org\/{rel}","templated":true}]}}