{"id":26046,"date":"2025-04-25T14:41:48","date_gmt":"2025-04-25T14:41:48","guid":{"rendered":"https:\/\/kangook.com\/product\/cage-amaruk-haut-noire\/"},"modified":"2025-04-26T19:12:40","modified_gmt":"2025-04-26T19:12:40","slug":"cage-amaruk-haut-noire","status":"publish","type":"product","link":"https:\/\/kangook.com\/fr\/produit\/cage-amaruk-haut-noire\/","title":{"rendered":"Section de cage Amaruk noire (haut)"},"content":{"rendered":"<p>En vente maintenant, une section de cage Amaruk (haut) \u00e0 prix r\u00e9duit<\/p>\n<p>Section de cage Amaruk noir (haut) avec filet noir ayant un petit d\u00e9faut de peinture.<\/p>\n<p>Nous n&rsquo;en avons qu&rsquo;un seul en stock, si vous ne voulez pas le rater cliquez sur acheter.<\/p>\n<p>&nbsp;<\/p>\n<p>Si vous avez des questions sur ce produit, n&rsquo;h\u00e9sitez pas \u00e0 <a href=\"https:\/\/kangook.com\/fr\/contactez-nous\/\">nous contacter<\/a> au 1-819-538-5000 ou \u00e0 nous envoyer un courriel \u00e0 contact@kangook.com. Nous sommes l\u00e0 pour vous aider \u00e0 trouver le choix id\u00e9al. <\/p>\n","protected":false},"excerpt":{"rendered":"<p>En vente maintenant, une section de cage Amaruk (haut) \u00e0 prix r\u00e9duit Section de cage Amaruk noir (haut) avec filet noir ayant un petit d\u00e9faut de peinture. Nous n&rsquo;en avons qu&rsquo;un seul en stock, si vous ne voulez pas le rater cliquez sur acheter. &nbsp; Si vous avez des questions sur ce produit, n&rsquo;h\u00e9sitez pas [&hellip;]<\/p>\n","protected":false},"featured_media":26044,"template":"","meta":{"site-sidebar-layout":"default","site-content-layout":"","ast-site-content-layout":"default","site-content-style":"default","site-sidebar-style":"default","ast-global-header-display":"","ast-banner-title-visibility":"","ast-main-header-display":"","ast-hfb-above-header-display":"","ast-hfb-below-header-display":"","ast-hfb-mobile-header-display":"","site-post-title":"","ast-breadcrumbs-content":"","ast-featured-img":"","footer-sml-layout":"","ast-disable-related-posts":"","theme-transparent-header-meta":"default","adv-header-id-meta":"","stick-header-meta":"","header-above-stick-meta":"","header-main-stick-meta":"","header-below-stick-meta":"","astra-migrate-meta-layouts":"default","ast-page-background-enabled":"default","ast-page-background-meta":{"desktop":{"background-color":"","background-image":"","background-repeat":"repeat","background-position":"center center","background-size":"auto","background-attachment":"scroll","background-type":"","background-media":"","overlay-type":"","overlay-color":"","overlay-opacity":"","overlay-gradient":""},"tablet":{"background-color":"","background-image":"","background-repeat":"repeat","background-position":"center center","background-size":"auto","background-attachment":"scroll","background-type":"","background-media":"","overlay-type":"","overlay-color":"","overlay-opacity":"","overlay-gradient":""},"mobile":{"background-color":"","background-image":"","background-repeat":"repeat","background-position":"center center","background-size":"auto","background-attachment":"scroll","background-type":"","background-media":"","overlay-type":"","overlay-color":"","overlay-opacity":"","overlay-gradient":""}},"ast-content-background-meta":{"desktop":{"background-color":"var(--ast-global-color-5)","background-image":"","background-repeat":"repeat","background-position":"center center","background-size":"auto","background-attachment":"scroll","background-type":"","background-media":"","overlay-type":"","overlay-color":"","overlay-opacity":"","overlay-gradient":""},"tablet":{"background-color":"var(--ast-global-color-5)","background-image":"","background-repeat":"repeat","background-position":"center center","background-size":"auto","background-attachment":"scroll","background-type":"","background-media":"","overlay-type":"","overlay-color":"","overlay-opacity":"","overlay-gradient":""},"mobile":{"background-color":"var(--ast-global-color-5)","background-image":"","background-repeat":"repeat","background-position":"center center","background-size":"auto","background-attachment":"scroll","background-type":"","background-media":"","overlay-type":"","overlay-color":"","overlay-opacity":"","overlay-gradient":""}}},"product_brand":[],"product_cat":[773],"product_tag":[],"class_list":{"0":"post-26046","1":"product","2":"type-product","3":"status-publish","4":"has-post-thumbnail","6":"product_cat-promotions","7":"desktop-align-left","8":"tablet-align-left","9":"mobile-align-left","10":"ast-product-gallery-layout-horizontal-slider","11":"ast-product-gallery-with-no-image","12":"ast-qv-on-image","14":"first","15":"outofstock","16":"sale","17":"sold-individually","18":"taxable","19":"shipping-taxable","20":"purchasable","21":"product-type-simple"},"yoast_head":"<!-- This site is optimized with the Yoast SEO plugin v27.4 - https:\/\/yoast.com\/product\/yoast-seo-wordpress\/ -->\n<title>Section de cage Amaruk noire (haut) - Kangook Canada<\/title>\n<meta name=\"description\" content=\"Nous avons aujourd&#039;hui cette offre unique d&#039;une section de cage Amaruk noir (c\u00f4t\u00e9) avec un minuscule d\u00e9faut de peinture pour seulement 180$ .\" \/>\n<meta name=\"robots\" content=\"index, follow, max-snippet:-1, max-image-preview:large, max-video-preview:-1\" \/>\n<link rel=\"canonical\" href=\"https:\/\/kangook.com\/fr\/produit\/cage-amaruk-haut-noire\/\" \/>\n<meta property=\"og:locale\" content=\"fr_FR\" \/>\n<meta property=\"og:type\" content=\"article\" \/>\n<meta property=\"og:title\" content=\"Section de cage Amaruk noire (haut) - Kangook Canada\" \/>\n<meta property=\"og:description\" content=\"Nous avons aujourd&#039;hui cette offre unique d&#039;une section de cage Amaruk noir (c\u00f4t\u00e9) avec un minuscule d\u00e9faut de peinture pour seulement 180$ .\" \/>\n<meta property=\"og:url\" content=\"https:\/\/kangook.com\/fr\/produit\/cage-amaruk-haut-noire\/\" \/>\n<meta property=\"og:site_name\" content=\"Kangook Canada\" \/>\n<meta property=\"article:modified_time\" content=\"2025-04-26T19:12:40+00:00\" \/>\n<meta property=\"og:image\" content=\"https:\/\/kangook.com\/wp-content\/uploads\/2025\/04\/AK-noir-haut.jpg\" \/>\n\t<meta property=\"og:image:width\" content=\"1779\" \/>\n\t<meta property=\"og:image:height\" content=\"2048\" \/>\n\t<meta property=\"og:image:type\" content=\"image\/jpeg\" \/>\n<meta name=\"twitter:card\" content=\"summary_large_image\" \/>\n<script type=\"application\/ld+json\" class=\"yoast-schema-graph\">{\"@context\":\"https:\\\/\\\/schema.org\",\"@graph\":[{\"@type\":\"WebPage\",\"@id\":\"https:\\\/\\\/kangook.com\\\/fr\\\/produit\\\/cage-amaruk-haut-noire\\\/\",\"url\":\"https:\\\/\\\/kangook.com\\\/fr\\\/produit\\\/cage-amaruk-haut-noire\\\/\",\"name\":\"Section de cage Amaruk noire (haut) - Kangook Canada\",\"isPartOf\":{\"@id\":\"https:\\\/\\\/kangook.com\\\/fr\\\/#website\"},\"primaryImageOfPage\":{\"@id\":\"https:\\\/\\\/kangook.com\\\/fr\\\/produit\\\/cage-amaruk-haut-noire\\\/#primaryimage\"},\"image\":{\"@id\":\"https:\\\/\\\/kangook.com\\\/fr\\\/produit\\\/cage-amaruk-haut-noire\\\/#primaryimage\"},\"thumbnailUrl\":\"https:\\\/\\\/kangook.com\\\/wp-content\\\/uploads\\\/2025\\\/04\\\/AK-noir-haut.jpg\",\"datePublished\":\"2025-04-25T14:41:48+00:00\",\"dateModified\":\"2025-04-26T19:12:40+00:00\",\"description\":\"Nous avons aujourd'hui cette offre unique d'une section de cage Amaruk noir (c\u00f4t\u00e9) avec un minuscule d\u00e9faut de peinture pour seulement 180$ .\",\"breadcrumb\":{\"@id\":\"https:\\\/\\\/kangook.com\\\/fr\\\/produit\\\/cage-amaruk-haut-noire\\\/#breadcrumb\"},\"inLanguage\":\"fr-FR\",\"potentialAction\":[{\"@type\":\"ReadAction\",\"target\":[\"https:\\\/\\\/kangook.com\\\/fr\\\/produit\\\/cage-amaruk-haut-noire\\\/\"]}]},{\"@type\":\"ImageObject\",\"inLanguage\":\"fr-FR\",\"@id\":\"https:\\\/\\\/kangook.com\\\/fr\\\/produit\\\/cage-amaruk-haut-noire\\\/#primaryimage\",\"url\":\"https:\\\/\\\/kangook.com\\\/wp-content\\\/uploads\\\/2025\\\/04\\\/AK-noir-haut.jpg\",\"contentUrl\":\"https:\\\/\\\/kangook.com\\\/wp-content\\\/uploads\\\/2025\\\/04\\\/AK-noir-haut.jpg\",\"width\":1779,\"height\":2048},{\"@type\":\"BreadcrumbList\",\"@id\":\"https:\\\/\\\/kangook.com\\\/fr\\\/produit\\\/cage-amaruk-haut-noire\\\/#breadcrumb\",\"itemListElement\":[{\"@type\":\"ListItem\",\"position\":1,\"name\":\"Accueil\",\"item\":\"https:\\\/\\\/kangook.com\\\/fr\\\/\"},{\"@type\":\"ListItem\",\"position\":2,\"name\":\"Store\",\"item\":\"https:\\\/\\\/kangook.com\\\/store\\\/\"},{\"@type\":\"ListItem\",\"position\":3,\"name\":\"Section de cage Amaruk noire (haut)\"}]},{\"@type\":\"WebSite\",\"@id\":\"https:\\\/\\\/kangook.com\\\/fr\\\/#website\",\"url\":\"https:\\\/\\\/kangook.com\\\/fr\\\/\",\"name\":\"Kangook\",\"description\":\"Kangook Paramotors\",\"publisher\":{\"@id\":\"https:\\\/\\\/kangook.com\\\/fr\\\/#organization\"},\"potentialAction\":[{\"@type\":\"SearchAction\",\"target\":{\"@type\":\"EntryPoint\",\"urlTemplate\":\"https:\\\/\\\/kangook.com\\\/fr\\\/?s={search_term_string}\"},\"query-input\":{\"@type\":\"PropertyValueSpecification\",\"valueRequired\":true,\"valueName\":\"search_term_string\"}}],\"inLanguage\":\"fr-FR\"},{\"@type\":\"Organization\",\"@id\":\"https:\\\/\\\/kangook.com\\\/fr\\\/#organization\",\"name\":\"Kangook\",\"url\":\"https:\\\/\\\/kangook.com\\\/fr\\\/\",\"logo\":{\"@type\":\"ImageObject\",\"inLanguage\":\"fr-FR\",\"@id\":\"https:\\\/\\\/kangook.com\\\/fr\\\/#\\\/schema\\\/logo\\\/image\\\/\",\"url\":\"https:\\\/\\\/kangook.com\\\/wp-content\\\/uploads\\\/2022\\\/07\\\/cropped-Kangook-Paramotors-Flag.png\",\"contentUrl\":\"https:\\\/\\\/kangook.com\\\/wp-content\\\/uploads\\\/2022\\\/07\\\/cropped-Kangook-Paramotors-Flag.png\",\"width\":500,\"height\":97,\"caption\":\"Kangook\"},\"image\":{\"@id\":\"https:\\\/\\\/kangook.com\\\/fr\\\/#\\\/schema\\\/logo\\\/image\\\/\"}}]}<\/script>\n<!-- \/ Yoast SEO plugin. -->","yoast_head_json":{"title":"Section de cage Amaruk noire (haut) - Kangook Canada","description":"Nous avons aujourd'hui cette offre unique d'une section de cage Amaruk noir (c\u00f4t\u00e9) avec un minuscule d\u00e9faut de peinture pour seulement 180$ .","robots":{"index":"index","follow":"follow","max-snippet":"max-snippet:-1","max-image-preview":"max-image-preview:large","max-video-preview":"max-video-preview:-1"},"canonical":"https:\/\/kangook.com\/fr\/produit\/cage-amaruk-haut-noire\/","og_locale":"fr_FR","og_type":"article","og_title":"Section de cage Amaruk noire (haut) - Kangook Canada","og_description":"Nous avons aujourd'hui cette offre unique d'une section de cage Amaruk noir (c\u00f4t\u00e9) avec un minuscule d\u00e9faut de peinture pour seulement 180$ .","og_url":"https:\/\/kangook.com\/fr\/produit\/cage-amaruk-haut-noire\/","og_site_name":"Kangook Canada","article_modified_time":"2025-04-26T19:12:40+00:00","og_image":[{"width":1779,"height":2048,"url":"https:\/\/kangook.com\/wp-content\/uploads\/2025\/04\/AK-noir-haut.jpg","type":"image\/jpeg"}],"twitter_card":"summary_large_image","schema":{"@context":"https:\/\/schema.org","@graph":[{"@type":"WebPage","@id":"https:\/\/kangook.com\/fr\/produit\/cage-amaruk-haut-noire\/","url":"https:\/\/kangook.com\/fr\/produit\/cage-amaruk-haut-noire\/","name":"Section de cage Amaruk noire (haut) - Kangook Canada","isPartOf":{"@id":"https:\/\/kangook.com\/fr\/#website"},"primaryImageOfPage":{"@id":"https:\/\/kangook.com\/fr\/produit\/cage-amaruk-haut-noire\/#primaryimage"},"image":{"@id":"https:\/\/kangook.com\/fr\/produit\/cage-amaruk-haut-noire\/#primaryimage"},"thumbnailUrl":"https:\/\/kangook.com\/wp-content\/uploads\/2025\/04\/AK-noir-haut.jpg","datePublished":"2025-04-25T14:41:48+00:00","dateModified":"2025-04-26T19:12:40+00:00","description":"Nous avons aujourd'hui cette offre unique d'une section de cage Amaruk noir (c\u00f4t\u00e9) avec un minuscule d\u00e9faut de peinture pour seulement 180$ .","breadcrumb":{"@id":"https:\/\/kangook.com\/fr\/produit\/cage-amaruk-haut-noire\/#breadcrumb"},"inLanguage":"fr-FR","potentialAction":[{"@type":"ReadAction","target":["https:\/\/kangook.com\/fr\/produit\/cage-amaruk-haut-noire\/"]}]},{"@type":"ImageObject","inLanguage":"fr-FR","@id":"https:\/\/kangook.com\/fr\/produit\/cage-amaruk-haut-noire\/#primaryimage","url":"https:\/\/kangook.com\/wp-content\/uploads\/2025\/04\/AK-noir-haut.jpg","contentUrl":"https:\/\/kangook.com\/wp-content\/uploads\/2025\/04\/AK-noir-haut.jpg","width":1779,"height":2048},{"@type":"BreadcrumbList","@id":"https:\/\/kangook.com\/fr\/produit\/cage-amaruk-haut-noire\/#breadcrumb","itemListElement":[{"@type":"ListItem","position":1,"name":"Accueil","item":"https:\/\/kangook.com\/fr\/"},{"@type":"ListItem","position":2,"name":"Store","item":"https:\/\/kangook.com\/store\/"},{"@type":"ListItem","position":3,"name":"Section de cage Amaruk noire (haut)"}]},{"@type":"WebSite","@id":"https:\/\/kangook.com\/fr\/#website","url":"https:\/\/kangook.com\/fr\/","name":"Kangook","description":"Kangook Paramotors","publisher":{"@id":"https:\/\/kangook.com\/fr\/#organization"},"potentialAction":[{"@type":"SearchAction","target":{"@type":"EntryPoint","urlTemplate":"https:\/\/kangook.com\/fr\/?s={search_term_string}"},"query-input":{"@type":"PropertyValueSpecification","valueRequired":true,"valueName":"search_term_string"}}],"inLanguage":"fr-FR"},{"@type":"Organization","@id":"https:\/\/kangook.com\/fr\/#organization","name":"Kangook","url":"https:\/\/kangook.com\/fr\/","logo":{"@type":"ImageObject","inLanguage":"fr-FR","@id":"https:\/\/kangook.com\/fr\/#\/schema\/logo\/image\/","url":"https:\/\/kangook.com\/wp-content\/uploads\/2022\/07\/cropped-Kangook-Paramotors-Flag.png","contentUrl":"https:\/\/kangook.com\/wp-content\/uploads\/2022\/07\/cropped-Kangook-Paramotors-Flag.png","width":500,"height":97,"caption":"Kangook"},"image":{"@id":"https:\/\/kangook.com\/fr\/#\/schema\/logo\/image\/"}}]}},"wcpa_form_fields":null,"_links":{"self":[{"href":"https:\/\/kangook.com\/fr\/wp-json\/wp\/v2\/product\/26046","targetHints":{"allow":["GET"]}}],"collection":[{"href":"https:\/\/kangook.com\/fr\/wp-json\/wp\/v2\/product"}],"about":[{"href":"https:\/\/kangook.com\/fr\/wp-json\/wp\/v2\/types\/product"}],"version-history":[{"count":1,"href":"https:\/\/kangook.com\/fr\/wp-json\/wp\/v2\/product\/26046\/revisions"}],"predecessor-version":[{"id":26140,"href":"https:\/\/kangook.com\/fr\/wp-json\/wp\/v2\/product\/26046\/revisions\/26140"}],"wp:featuredmedia":[{"embeddable":true,"href":"https:\/\/kangook.com\/fr\/wp-json\/wp\/v2\/media\/26044"}],"wp:attachment":[{"href":"https:\/\/kangook.com\/fr\/wp-json\/wp\/v2\/media?parent=26046"}],"wp:term":[{"taxonomy":"product_brand","embeddable":true,"href":"https:\/\/kangook.com\/fr\/wp-json\/wp\/v2\/product_brand?post=26046"},{"taxonomy":"product_cat","embeddable":true,"href":"https:\/\/kangook.com\/fr\/wp-json\/wp\/v2\/product_cat?post=26046"},{"taxonomy":"product_tag","embeddable":true,"href":"https:\/\/kangook.com\/fr\/wp-json\/wp\/v2\/product_tag?post=26046"}],"curies":[{"name":"wp","href":"https:\/\/api.w.org\/{rel}","templated":true}]}}