{"id":25847,"date":"2025-03-25T18:19:55","date_gmt":"2025-03-25T18:19:55","guid":{"rendered":"https:\/\/kangook.com\/product\/acc134\/"},"modified":"2025-03-25T18:19:55","modified_gmt":"2025-03-25T18:19:55","slug":"acc134","status":"publish","type":"product","link":"https:\/\/kangook.com\/fr\/produit\/acc134\/","title":{"rendered":"ACC134 | Outil sp\u00e9cifique * &#8211; Contr\u00f4le manuel de l&rsquo;\u00e9cartement des roues de d\u00e9marrage MY25"},"content":{"rendered":"","protected":false},"excerpt":{"rendered":"<p>ACC134 | Specific tool * &#8211; manual start gap control MY25<\/p>\n<p>&nbsp;<\/p>\n","protected":false},"featured_media":0,"template":"","meta":{"site-sidebar-layout":"default","site-content-layout":"","ast-site-content-layout":"default","site-content-style":"default","site-sidebar-style":"default","ast-global-header-display":"","ast-banner-title-visibility":"","ast-main-header-display":"","ast-hfb-above-header-display":"","ast-hfb-below-header-display":"","ast-hfb-mobile-header-display":"","site-post-title":"","ast-breadcrumbs-content":"","ast-featured-img":"","footer-sml-layout":"","ast-disable-related-posts":"","theme-transparent-header-meta":"default","adv-header-id-meta":"","stick-header-meta":"default","header-above-stick-meta":"","header-main-stick-meta":"","header-below-stick-meta":"","astra-migrate-meta-layouts":"default","ast-page-background-enabled":"default","ast-page-background-meta":{"desktop":{"background-color":"","background-image":"","background-repeat":"repeat","background-position":"center center","background-size":"auto","background-attachment":"scroll","background-type":"","background-media":"","overlay-type":"","overlay-color":"","overlay-opacity":"","overlay-gradient":""},"tablet":{"background-color":"","background-image":"","background-repeat":"repeat","background-position":"center center","background-size":"auto","background-attachment":"scroll","background-type":"","background-media":"","overlay-type":"","overlay-color":"","overlay-opacity":"","overlay-gradient":""},"mobile":{"background-color":"","background-image":"","background-repeat":"repeat","background-position":"center center","background-size":"auto","background-attachment":"scroll","background-type":"","background-media":"","overlay-type":"","overlay-color":"","overlay-opacity":"","overlay-gradient":""}},"ast-content-background-meta":{"desktop":{"background-color":"var(--ast-global-color-5)","background-image":"","background-repeat":"repeat","background-position":"center center","background-size":"auto","background-attachment":"scroll","background-type":"","background-media":"","overlay-type":"","overlay-color":"","overlay-opacity":"","overlay-gradient":""},"tablet":{"background-color":"var(--ast-global-color-5)","background-image":"","background-repeat":"repeat","background-position":"center center","background-size":"auto","background-attachment":"scroll","background-type":"","background-media":"","overlay-type":"","overlay-color":"","overlay-opacity":"","overlay-gradient":""},"mobile":{"background-color":"var(--ast-global-color-5)","background-image":"","background-repeat":"repeat","background-position":"center center","background-size":"auto","background-attachment":"scroll","background-type":"","background-media":"","overlay-type":"","overlay-color":"","overlay-opacity":"","overlay-gradient":""}}},"product_brand":[],"product_cat":[782,183,784,785,176,175,794,795],"product_tag":[1050,1051,1033,1043,1029,1030,1046,1031,1039,1042,1048,1034,1045,1044,1047,1032,1036,1040,1035,1041,1038,1049,1037,675],"class_list":{"0":"post-25847","1":"product","2":"type-product","3":"status-publish","5":"product_cat-moteur-cosmos300","6":"product_cat-cosmos300-fr","7":"product_cat-moteur-moster185-factory","8":"product_cat-moteur-moster185-plus","9":"product_cat-moster185-factory-fr","10":"product_cat-moster185-plus-fr","11":"product_cat-poignee-de-gaz","12":"product_cat-poignee-de-gaz-vittorazi","13":"product_tag-acc055-fr","14":"product_tag-acc056-fr","15":"product_tag-cable-daccelerateur","16":"product_tag-capteur-de-position-du-papillon-des-gaz","17":"product_tag-commande-de-gaz","18":"product_tag-commande-de-laccelerateur","19":"product_tag-controle-de-lhelice","20":"product_tag-controle-du-carburant","21":"product_tag-controle-du-melange","22":"product_tag-etranglement","23":"product_tag-gaz-fr","24":"product_tag-gestion-du-moteur","25":"product_tag-gouverneur","26":"product_tag-injecteur-de-carburant","27":"product_tag-la-main","28":"product_tag-levier-daccelerateur","29":"product_tag-pedale-de-gaz","30":"product_tag-reglage-du-ralenti","31":"product_tag-reglages-de-puissance","32":"product_tag-reponse-a-laccelerateur","33":"product_tag-rpm-tours-par-minute","34":"product_tag-throtlle-fr","35":"product_tag-vitesse-de-lhelice","36":"product_tag-vittorazi-fr","37":"desktop-align-left","38":"tablet-align-left","39":"mobile-align-left","40":"ast-product-gallery-layout-horizontal-slider","41":"ast-product-gallery-with-no-image","42":"ast-qv-on-image","44":"first","45":"instock","46":"taxable","47":"shipping-taxable","48":"purchasable","49":"product-type-simple"},"yoast_head":"<!-- This site is optimized with the Yoast SEO plugin v27.5 - https:\/\/yoast.com\/product\/yoast-seo-wordpress\/ -->\n<title>ACC134 | Outil sp\u00e9cifique * - Contr\u00f4le manuel de l&#039;\u00e9cartement des roues de d\u00e9marrage MY25 - Kangook Canada<\/title>\n<meta name=\"description\" content=\"ACC134 | Specific tool * - manual start gap control MY25\" \/>\n<meta name=\"robots\" content=\"index, follow, max-snippet:-1, max-image-preview:large, max-video-preview:-1\" \/>\n<link rel=\"canonical\" href=\"https:\/\/kangook.com\/fr\/produit\/acc134\/\" \/>\n<meta property=\"og:locale\" content=\"fr_FR\" \/>\n<meta property=\"og:type\" content=\"article\" \/>\n<meta property=\"og:title\" content=\"ACC134 | Outil sp\u00e9cifique * - Contr\u00f4le manuel de l&#039;\u00e9cartement des roues de d\u00e9marrage MY25 - Kangook Canada\" \/>\n<meta property=\"og:description\" content=\"ACC134 | Specific tool * - manual start gap control MY25\" \/>\n<meta property=\"og:url\" content=\"https:\/\/kangook.com\/fr\/produit\/acc134\/\" \/>\n<meta property=\"og:site_name\" content=\"Kangook Canada\" \/>\n<meta name=\"twitter:card\" content=\"summary_large_image\" \/>\n<script type=\"application\/ld+json\" class=\"yoast-schema-graph\">{\"@context\":\"https:\\\/\\\/schema.org\",\"@graph\":[{\"@type\":\"WebPage\",\"@id\":\"https:\\\/\\\/kangook.com\\\/fr\\\/produit\\\/acc134\\\/\",\"url\":\"https:\\\/\\\/kangook.com\\\/fr\\\/produit\\\/acc134\\\/\",\"name\":\"ACC134 | Outil sp\u00e9cifique * - Contr\u00f4le manuel de l'\u00e9cartement des roues de d\u00e9marrage MY25 - Kangook Canada\",\"isPartOf\":{\"@id\":\"https:\\\/\\\/kangook.com\\\/fr\\\/#website\"},\"datePublished\":\"2025-03-25T18:19:55+00:00\",\"description\":\"ACC134 | Specific tool * - manual start gap control MY25\",\"breadcrumb\":{\"@id\":\"https:\\\/\\\/kangook.com\\\/fr\\\/produit\\\/acc134\\\/#breadcrumb\"},\"inLanguage\":\"fr-FR\",\"potentialAction\":[{\"@type\":\"ReadAction\",\"target\":[\"https:\\\/\\\/kangook.com\\\/fr\\\/produit\\\/acc134\\\/\"]}]},{\"@type\":\"BreadcrumbList\",\"@id\":\"https:\\\/\\\/kangook.com\\\/fr\\\/produit\\\/acc134\\\/#breadcrumb\",\"itemListElement\":[{\"@type\":\"ListItem\",\"position\":1,\"name\":\"Accueil\",\"item\":\"https:\\\/\\\/kangook.com\\\/fr\\\/\"},{\"@type\":\"ListItem\",\"position\":2,\"name\":\"Store\",\"item\":\"https:\\\/\\\/kangook.com\\\/store\\\/\"},{\"@type\":\"ListItem\",\"position\":3,\"name\":\"ACC134 | Outil sp\u00e9cifique * &#8211; Contr\u00f4le manuel de l&#8217;\u00e9cartement des roues de d\u00e9marrage MY25\"}]},{\"@type\":\"WebSite\",\"@id\":\"https:\\\/\\\/kangook.com\\\/fr\\\/#website\",\"url\":\"https:\\\/\\\/kangook.com\\\/fr\\\/\",\"name\":\"Kangook\",\"description\":\"Kangook Paramotors\",\"publisher\":{\"@id\":\"https:\\\/\\\/kangook.com\\\/fr\\\/#organization\"},\"potentialAction\":[{\"@type\":\"SearchAction\",\"target\":{\"@type\":\"EntryPoint\",\"urlTemplate\":\"https:\\\/\\\/kangook.com\\\/fr\\\/?s={search_term_string}\"},\"query-input\":{\"@type\":\"PropertyValueSpecification\",\"valueRequired\":true,\"valueName\":\"search_term_string\"}}],\"inLanguage\":\"fr-FR\"},{\"@type\":\"Organization\",\"@id\":\"https:\\\/\\\/kangook.com\\\/fr\\\/#organization\",\"name\":\"Kangook\",\"url\":\"https:\\\/\\\/kangook.com\\\/fr\\\/\",\"logo\":{\"@type\":\"ImageObject\",\"inLanguage\":\"fr-FR\",\"@id\":\"https:\\\/\\\/kangook.com\\\/fr\\\/#\\\/schema\\\/logo\\\/image\\\/\",\"url\":\"https:\\\/\\\/kangook.com\\\/wp-content\\\/uploads\\\/2022\\\/07\\\/cropped-Kangook-Paramotors-Flag.png\",\"contentUrl\":\"https:\\\/\\\/kangook.com\\\/wp-content\\\/uploads\\\/2022\\\/07\\\/cropped-Kangook-Paramotors-Flag.png\",\"width\":500,\"height\":97,\"caption\":\"Kangook\"},\"image\":{\"@id\":\"https:\\\/\\\/kangook.com\\\/fr\\\/#\\\/schema\\\/logo\\\/image\\\/\"}}]}<\/script>\n<!-- \/ Yoast SEO plugin. -->","yoast_head_json":{"title":"ACC134 | Outil sp\u00e9cifique * - Contr\u00f4le manuel de l'\u00e9cartement des roues de d\u00e9marrage MY25 - Kangook Canada","description":"ACC134 | Specific tool * - manual start gap control MY25","robots":{"index":"index","follow":"follow","max-snippet":"max-snippet:-1","max-image-preview":"max-image-preview:large","max-video-preview":"max-video-preview:-1"},"canonical":"https:\/\/kangook.com\/fr\/produit\/acc134\/","og_locale":"fr_FR","og_type":"article","og_title":"ACC134 | Outil sp\u00e9cifique * - Contr\u00f4le manuel de l'\u00e9cartement des roues de d\u00e9marrage MY25 - Kangook Canada","og_description":"ACC134 | Specific tool * - manual start gap control MY25","og_url":"https:\/\/kangook.com\/fr\/produit\/acc134\/","og_site_name":"Kangook Canada","twitter_card":"summary_large_image","schema":{"@context":"https:\/\/schema.org","@graph":[{"@type":"WebPage","@id":"https:\/\/kangook.com\/fr\/produit\/acc134\/","url":"https:\/\/kangook.com\/fr\/produit\/acc134\/","name":"ACC134 | Outil sp\u00e9cifique * - Contr\u00f4le manuel de l'\u00e9cartement des roues de d\u00e9marrage MY25 - Kangook Canada","isPartOf":{"@id":"https:\/\/kangook.com\/fr\/#website"},"datePublished":"2025-03-25T18:19:55+00:00","description":"ACC134 | Specific tool * - manual start gap control MY25","breadcrumb":{"@id":"https:\/\/kangook.com\/fr\/produit\/acc134\/#breadcrumb"},"inLanguage":"fr-FR","potentialAction":[{"@type":"ReadAction","target":["https:\/\/kangook.com\/fr\/produit\/acc134\/"]}]},{"@type":"BreadcrumbList","@id":"https:\/\/kangook.com\/fr\/produit\/acc134\/#breadcrumb","itemListElement":[{"@type":"ListItem","position":1,"name":"Accueil","item":"https:\/\/kangook.com\/fr\/"},{"@type":"ListItem","position":2,"name":"Store","item":"https:\/\/kangook.com\/store\/"},{"@type":"ListItem","position":3,"name":"ACC134 | Outil sp\u00e9cifique * &#8211; Contr\u00f4le manuel de l&#8217;\u00e9cartement des roues de d\u00e9marrage MY25"}]},{"@type":"WebSite","@id":"https:\/\/kangook.com\/fr\/#website","url":"https:\/\/kangook.com\/fr\/","name":"Kangook","description":"Kangook Paramotors","publisher":{"@id":"https:\/\/kangook.com\/fr\/#organization"},"potentialAction":[{"@type":"SearchAction","target":{"@type":"EntryPoint","urlTemplate":"https:\/\/kangook.com\/fr\/?s={search_term_string}"},"query-input":{"@type":"PropertyValueSpecification","valueRequired":true,"valueName":"search_term_string"}}],"inLanguage":"fr-FR"},{"@type":"Organization","@id":"https:\/\/kangook.com\/fr\/#organization","name":"Kangook","url":"https:\/\/kangook.com\/fr\/","logo":{"@type":"ImageObject","inLanguage":"fr-FR","@id":"https:\/\/kangook.com\/fr\/#\/schema\/logo\/image\/","url":"https:\/\/kangook.com\/wp-content\/uploads\/2022\/07\/cropped-Kangook-Paramotors-Flag.png","contentUrl":"https:\/\/kangook.com\/wp-content\/uploads\/2022\/07\/cropped-Kangook-Paramotors-Flag.png","width":500,"height":97,"caption":"Kangook"},"image":{"@id":"https:\/\/kangook.com\/fr\/#\/schema\/logo\/image\/"}}]}},"wcpa_form_fields":null,"_links":{"self":[{"href":"https:\/\/kangook.com\/fr\/wp-json\/wp\/v2\/product\/25847","targetHints":{"allow":["GET"]}}],"collection":[{"href":"https:\/\/kangook.com\/fr\/wp-json\/wp\/v2\/product"}],"about":[{"href":"https:\/\/kangook.com\/fr\/wp-json\/wp\/v2\/types\/product"}],"version-history":[{"count":0,"href":"https:\/\/kangook.com\/fr\/wp-json\/wp\/v2\/product\/25847\/revisions"}],"wp:attachment":[{"href":"https:\/\/kangook.com\/fr\/wp-json\/wp\/v2\/media?parent=25847"}],"wp:term":[{"taxonomy":"product_brand","embeddable":true,"href":"https:\/\/kangook.com\/fr\/wp-json\/wp\/v2\/product_brand?post=25847"},{"taxonomy":"product_cat","embeddable":true,"href":"https:\/\/kangook.com\/fr\/wp-json\/wp\/v2\/product_cat?post=25847"},{"taxonomy":"product_tag","embeddable":true,"href":"https:\/\/kangook.com\/fr\/wp-json\/wp\/v2\/product_tag?post=25847"}],"curies":[{"name":"wp","href":"https:\/\/api.w.org\/{rel}","templated":true}]}}