{"id":25710,"date":"2025-03-26T16:50:35","date_gmt":"2025-03-26T16:50:35","guid":{"rendered":"https:\/\/kangook.com\/product\/mee268-my25\/"},"modified":"2025-03-26T16:50:35","modified_gmt":"2025-03-26T16:50:35","slug":"mee268-my25","status":"publish","type":"product","link":"https:\/\/kangook.com\/fr\/produit\/mee268-my25\/","title":{"rendered":"MEE268-MY25 | Moster185 EFI MY25"},"content":{"rendered":"<p>Le <a href=\"https:\/\/vittorazi.com\/en\/motori\/moster-185-efi\/\" target=\"_blank\" rel=\"noopener noreferrer\"><strong>Moster185 EFI<\/strong><\/a> repr\u00e9sente le summum de l&rsquo;innovation technologique et de la pr\u00e9cision technique de Vittorazi Motors, la soci\u00e9t\u00e9 qui d\u00e9tient le brevet pour la technologie d&rsquo;injection \u00e9lectronique de carburant sp\u00e9cialement con\u00e7ue pour les paramoteurs. Gr\u00e2ce au FIU (Full Integrated Unit), le Moster185 EFI assure un m\u00e9lange parfait \u00e0 tout moment. \u00c0 mesure que les conditions de vol et les variables changent, l&rsquo;intelligence \u00e9lectronique du Moster185 EFI s&rsquo;adapte instantan\u00e9ment, offrant automatiquement des performances impeccables. Gr\u00e2ce \u00e0 son affichage intuitif, les pilotes ont toujours acc\u00e8s en temps r\u00e9el aux donn\u00e9es essentielles du moteur et du vol. Le Moster185 EFI est un moteur exceptionnellement efficace, alliant performances sup\u00e9rieures et facilit\u00e9 d&rsquo;utilisation. D\u00e9velopp\u00e9 en collaboration avec l&rsquo;\u00e9quipe Vittorazi Racing, le Moster185 EFI a \u00e9t\u00e9 test\u00e9 dans les conditions les plus extr\u00eames et a fait ses preuves dans des comp\u00e9titions internationales avec des r\u00e9sultats exceptionnels, d\u00e9montrant la qualit\u00e9 exceptionnelle de ce moteur. Il a obtenu la premi\u00e8re place aux Championnats du monde 2022 au Br\u00e9sil et une nouvelle fois aux Championnats du monde 2024 au Royaume-Uni.      <\/p>\n<p>La version MY25 introduit une s\u00e9rie d&rsquo;am\u00e9liorations con\u00e7ues pour encore am\u00e9liorer la qualit\u00e9, la durabilit\u00e9, la facilit\u00e9 d&rsquo;entretien, les performances et le confort. De plus, les pilotes qui choisissent le Moster185 EFI MY25 b\u00e9n\u00e9ficient d&rsquo;un service d&rsquo;assistance avanc\u00e9 et personnalis\u00e9. <\/p>\n","protected":false},"excerpt":{"rendered":"<p>MEE268-MY25 | Moster185 EFI MY25<\/p>\n<p>D\u00e9marreur \u00e9lectrique rouge &#8211; r\u00e9duction 2.68  2.87<\/p>\n<p>&nbsp;<\/p>\n","protected":false},"featured_media":32097,"template":"","meta":{"site-sidebar-layout":"default","site-content-layout":"","ast-site-content-layout":"default","site-content-style":"default","site-sidebar-style":"default","ast-global-header-display":"","ast-banner-title-visibility":"","ast-main-header-display":"","ast-hfb-above-header-display":"","ast-hfb-below-header-display":"","ast-hfb-mobile-header-display":"","site-post-title":"","ast-breadcrumbs-content":"","ast-featured-img":"","footer-sml-layout":"","ast-disable-related-posts":"","theme-transparent-header-meta":"default","adv-header-id-meta":"","stick-header-meta":"default","header-above-stick-meta":"","header-main-stick-meta":"","header-below-stick-meta":"","astra-migrate-meta-layouts":"default","ast-page-background-enabled":"default","ast-page-background-meta":{"desktop":{"background-color":"","background-image":"","background-repeat":"repeat","background-position":"center center","background-size":"auto","background-attachment":"scroll","background-type":"","background-media":"","overlay-type":"","overlay-color":"","overlay-opacity":"","overlay-gradient":""},"tablet":{"background-color":"","background-image":"","background-repeat":"repeat","background-position":"center center","background-size":"auto","background-attachment":"scroll","background-type":"","background-media":"","overlay-type":"","overlay-color":"","overlay-opacity":"","overlay-gradient":""},"mobile":{"background-color":"","background-image":"","background-repeat":"repeat","background-position":"center center","background-size":"auto","background-attachment":"scroll","background-type":"","background-media":"","overlay-type":"","overlay-color":"","overlay-opacity":"","overlay-gradient":""}},"ast-content-background-meta":{"desktop":{"background-color":"var(--ast-global-color-5)","background-image":"","background-repeat":"repeat","background-position":"center center","background-size":"auto","background-attachment":"scroll","background-type":"","background-media":"","overlay-type":"","overlay-color":"","overlay-opacity":"","overlay-gradient":""},"tablet":{"background-color":"var(--ast-global-color-5)","background-image":"","background-repeat":"repeat","background-position":"center center","background-size":"auto","background-attachment":"scroll","background-type":"","background-media":"","overlay-type":"","overlay-color":"","overlay-opacity":"","overlay-gradient":""},"mobile":{"background-color":"var(--ast-global-color-5)","background-image":"","background-repeat":"repeat","background-position":"center center","background-size":"auto","background-attachment":"scroll","background-type":"","background-media":"","overlay-type":"","overlay-color":"","overlay-opacity":"","overlay-gradient":""}}},"product_brand":[],"product_cat":[172],"product_tag":[],"class_list":{"0":"post-25710","1":"product","2":"type-product","3":"status-publish","4":"has-post-thumbnail","6":"product_cat-moteurs-pour-paramoteurs","7":"desktop-align-left","8":"tablet-align-left","9":"mobile-align-left","10":"ast-product-gallery-layout-horizontal-slider","11":"ast-product-gallery-with-no-image","12":"ast-product-single-variable","13":"ast-qv-on-image","15":"first","16":"instock","17":"taxable","18":"shipping-taxable","19":"purchasable","20":"product-type-variable"},"yoast_head":"<!-- This site is optimized with the Yoast SEO plugin v27.4 - https:\/\/yoast.com\/product\/yoast-seo-wordpress\/ -->\n<title>MEE268-MY25 | Moster185 EFI MY25<\/title>\n<meta name=\"description\" content=\"MEE268-MY25 | Moster185 EFI MY25\" \/>\n<meta name=\"robots\" content=\"index, follow, max-snippet:-1, max-image-preview:large, max-video-preview:-1\" \/>\n<link rel=\"canonical\" href=\"https:\/\/kangook.com\/fr\/produit\/mee268-my25\/\" \/>\n<meta property=\"og:locale\" content=\"fr_FR\" \/>\n<meta property=\"og:type\" content=\"article\" \/>\n<meta property=\"og:title\" content=\"MEE268-MY25 | Moster185 EFI MY25\" \/>\n<meta property=\"og:description\" content=\"MEE268-MY25 | Moster185 EFI MY25\" \/>\n<meta property=\"og:url\" content=\"https:\/\/kangook.com\/fr\/produit\/mee268-my25\/\" \/>\n<meta property=\"og:site_name\" content=\"Kangook Canada\" \/>\n<meta property=\"og:image\" content=\"https:\/\/kangook.com\/wp-content\/uploads\/2025\/03\/moster185_efi_new.png\" \/>\n\t<meta property=\"og:image:width\" content=\"900\" \/>\n\t<meta property=\"og:image:height\" content=\"861\" \/>\n\t<meta property=\"og:image:type\" content=\"image\/png\" \/>\n<meta name=\"twitter:card\" content=\"summary_large_image\" \/>\n<meta name=\"twitter:label1\" content=\"Dur\u00e9e de lecture estim\u00e9e\" \/>\n\t<meta name=\"twitter:data1\" content=\"1 minute\" \/>\n<script type=\"application\/ld+json\" class=\"yoast-schema-graph\">{\"@context\":\"https:\\\/\\\/schema.org\",\"@graph\":[{\"@type\":\"WebPage\",\"@id\":\"https:\\\/\\\/kangook.com\\\/fr\\\/produit\\\/mee268-my25\\\/\",\"url\":\"https:\\\/\\\/kangook.com\\\/fr\\\/produit\\\/mee268-my25\\\/\",\"name\":\"MEE268-MY25 | Moster185 EFI MY25\",\"isPartOf\":{\"@id\":\"https:\\\/\\\/kangook.com\\\/fr\\\/#website\"},\"primaryImageOfPage\":{\"@id\":\"https:\\\/\\\/kangook.com\\\/fr\\\/produit\\\/mee268-my25\\\/#primaryimage\"},\"image\":{\"@id\":\"https:\\\/\\\/kangook.com\\\/fr\\\/produit\\\/mee268-my25\\\/#primaryimage\"},\"thumbnailUrl\":\"https:\\\/\\\/kangook.com\\\/wp-content\\\/uploads\\\/2025\\\/03\\\/moster185_efi_new.png\",\"datePublished\":\"2025-03-26T16:50:35+00:00\",\"description\":\"MEE268-MY25 | Moster185 EFI MY25\",\"breadcrumb\":{\"@id\":\"https:\\\/\\\/kangook.com\\\/fr\\\/produit\\\/mee268-my25\\\/#breadcrumb\"},\"inLanguage\":\"fr-FR\",\"potentialAction\":[{\"@type\":\"ReadAction\",\"target\":[\"https:\\\/\\\/kangook.com\\\/fr\\\/produit\\\/mee268-my25\\\/\"]}]},{\"@type\":\"ImageObject\",\"inLanguage\":\"fr-FR\",\"@id\":\"https:\\\/\\\/kangook.com\\\/fr\\\/produit\\\/mee268-my25\\\/#primaryimage\",\"url\":\"https:\\\/\\\/kangook.com\\\/wp-content\\\/uploads\\\/2025\\\/03\\\/moster185_efi_new.png\",\"contentUrl\":\"https:\\\/\\\/kangook.com\\\/wp-content\\\/uploads\\\/2025\\\/03\\\/moster185_efi_new.png\",\"width\":900,\"height\":861},{\"@type\":\"BreadcrumbList\",\"@id\":\"https:\\\/\\\/kangook.com\\\/fr\\\/produit\\\/mee268-my25\\\/#breadcrumb\",\"itemListElement\":[{\"@type\":\"ListItem\",\"position\":1,\"name\":\"Accueil\",\"item\":\"https:\\\/\\\/kangook.com\\\/fr\\\/\"},{\"@type\":\"ListItem\",\"position\":2,\"name\":\"Store\",\"item\":\"https:\\\/\\\/kangook.com\\\/store\\\/\"},{\"@type\":\"ListItem\",\"position\":3,\"name\":\"MEE268-MY25 | Moster185 EFI MY25\"}]},{\"@type\":\"WebSite\",\"@id\":\"https:\\\/\\\/kangook.com\\\/fr\\\/#website\",\"url\":\"https:\\\/\\\/kangook.com\\\/fr\\\/\",\"name\":\"Kangook\",\"description\":\"Kangook Paramotors\",\"publisher\":{\"@id\":\"https:\\\/\\\/kangook.com\\\/fr\\\/#organization\"},\"potentialAction\":[{\"@type\":\"SearchAction\",\"target\":{\"@type\":\"EntryPoint\",\"urlTemplate\":\"https:\\\/\\\/kangook.com\\\/fr\\\/?s={search_term_string}\"},\"query-input\":{\"@type\":\"PropertyValueSpecification\",\"valueRequired\":true,\"valueName\":\"search_term_string\"}}],\"inLanguage\":\"fr-FR\"},{\"@type\":\"Organization\",\"@id\":\"https:\\\/\\\/kangook.com\\\/fr\\\/#organization\",\"name\":\"Kangook\",\"url\":\"https:\\\/\\\/kangook.com\\\/fr\\\/\",\"logo\":{\"@type\":\"ImageObject\",\"inLanguage\":\"fr-FR\",\"@id\":\"https:\\\/\\\/kangook.com\\\/fr\\\/#\\\/schema\\\/logo\\\/image\\\/\",\"url\":\"https:\\\/\\\/kangook.com\\\/wp-content\\\/uploads\\\/2022\\\/07\\\/cropped-Kangook-Paramotors-Flag.png\",\"contentUrl\":\"https:\\\/\\\/kangook.com\\\/wp-content\\\/uploads\\\/2022\\\/07\\\/cropped-Kangook-Paramotors-Flag.png\",\"width\":500,\"height\":97,\"caption\":\"Kangook\"},\"image\":{\"@id\":\"https:\\\/\\\/kangook.com\\\/fr\\\/#\\\/schema\\\/logo\\\/image\\\/\"}}]}<\/script>\n<!-- \/ Yoast SEO plugin. -->","yoast_head_json":{"title":"MEE268-MY25 | Moster185 EFI MY25","description":"MEE268-MY25 | Moster185 EFI MY25","robots":{"index":"index","follow":"follow","max-snippet":"max-snippet:-1","max-image-preview":"max-image-preview:large","max-video-preview":"max-video-preview:-1"},"canonical":"https:\/\/kangook.com\/fr\/produit\/mee268-my25\/","og_locale":"fr_FR","og_type":"article","og_title":"MEE268-MY25 | Moster185 EFI MY25","og_description":"MEE268-MY25 | Moster185 EFI MY25","og_url":"https:\/\/kangook.com\/fr\/produit\/mee268-my25\/","og_site_name":"Kangook Canada","og_image":[{"width":900,"height":861,"url":"https:\/\/kangook.com\/wp-content\/uploads\/2025\/03\/moster185_efi_new.png","type":"image\/png"}],"twitter_card":"summary_large_image","twitter_misc":{"Dur\u00e9e de lecture estim\u00e9e":"1 minute"},"schema":{"@context":"https:\/\/schema.org","@graph":[{"@type":"WebPage","@id":"https:\/\/kangook.com\/fr\/produit\/mee268-my25\/","url":"https:\/\/kangook.com\/fr\/produit\/mee268-my25\/","name":"MEE268-MY25 | Moster185 EFI MY25","isPartOf":{"@id":"https:\/\/kangook.com\/fr\/#website"},"primaryImageOfPage":{"@id":"https:\/\/kangook.com\/fr\/produit\/mee268-my25\/#primaryimage"},"image":{"@id":"https:\/\/kangook.com\/fr\/produit\/mee268-my25\/#primaryimage"},"thumbnailUrl":"https:\/\/kangook.com\/wp-content\/uploads\/2025\/03\/moster185_efi_new.png","datePublished":"2025-03-26T16:50:35+00:00","description":"MEE268-MY25 | Moster185 EFI MY25","breadcrumb":{"@id":"https:\/\/kangook.com\/fr\/produit\/mee268-my25\/#breadcrumb"},"inLanguage":"fr-FR","potentialAction":[{"@type":"ReadAction","target":["https:\/\/kangook.com\/fr\/produit\/mee268-my25\/"]}]},{"@type":"ImageObject","inLanguage":"fr-FR","@id":"https:\/\/kangook.com\/fr\/produit\/mee268-my25\/#primaryimage","url":"https:\/\/kangook.com\/wp-content\/uploads\/2025\/03\/moster185_efi_new.png","contentUrl":"https:\/\/kangook.com\/wp-content\/uploads\/2025\/03\/moster185_efi_new.png","width":900,"height":861},{"@type":"BreadcrumbList","@id":"https:\/\/kangook.com\/fr\/produit\/mee268-my25\/#breadcrumb","itemListElement":[{"@type":"ListItem","position":1,"name":"Accueil","item":"https:\/\/kangook.com\/fr\/"},{"@type":"ListItem","position":2,"name":"Store","item":"https:\/\/kangook.com\/store\/"},{"@type":"ListItem","position":3,"name":"MEE268-MY25 | Moster185 EFI MY25"}]},{"@type":"WebSite","@id":"https:\/\/kangook.com\/fr\/#website","url":"https:\/\/kangook.com\/fr\/","name":"Kangook","description":"Kangook Paramotors","publisher":{"@id":"https:\/\/kangook.com\/fr\/#organization"},"potentialAction":[{"@type":"SearchAction","target":{"@type":"EntryPoint","urlTemplate":"https:\/\/kangook.com\/fr\/?s={search_term_string}"},"query-input":{"@type":"PropertyValueSpecification","valueRequired":true,"valueName":"search_term_string"}}],"inLanguage":"fr-FR"},{"@type":"Organization","@id":"https:\/\/kangook.com\/fr\/#organization","name":"Kangook","url":"https:\/\/kangook.com\/fr\/","logo":{"@type":"ImageObject","inLanguage":"fr-FR","@id":"https:\/\/kangook.com\/fr\/#\/schema\/logo\/image\/","url":"https:\/\/kangook.com\/wp-content\/uploads\/2022\/07\/cropped-Kangook-Paramotors-Flag.png","contentUrl":"https:\/\/kangook.com\/wp-content\/uploads\/2022\/07\/cropped-Kangook-Paramotors-Flag.png","width":500,"height":97,"caption":"Kangook"},"image":{"@id":"https:\/\/kangook.com\/fr\/#\/schema\/logo\/image\/"}}]}},"wcpa_form_fields":null,"_links":{"self":[{"href":"https:\/\/kangook.com\/fr\/wp-json\/wp\/v2\/product\/25710","targetHints":{"allow":["GET"]}}],"collection":[{"href":"https:\/\/kangook.com\/fr\/wp-json\/wp\/v2\/product"}],"about":[{"href":"https:\/\/kangook.com\/fr\/wp-json\/wp\/v2\/types\/product"}],"version-history":[{"count":0,"href":"https:\/\/kangook.com\/fr\/wp-json\/wp\/v2\/product\/25710\/revisions"}],"wp:featuredmedia":[{"embeddable":true,"href":"https:\/\/kangook.com\/fr\/wp-json\/wp\/v2\/media\/32097"}],"wp:attachment":[{"href":"https:\/\/kangook.com\/fr\/wp-json\/wp\/v2\/media?parent=25710"}],"wp:term":[{"taxonomy":"product_brand","embeddable":true,"href":"https:\/\/kangook.com\/fr\/wp-json\/wp\/v2\/product_brand?post=25710"},{"taxonomy":"product_cat","embeddable":true,"href":"https:\/\/kangook.com\/fr\/wp-json\/wp\/v2\/product_cat?post=25710"},{"taxonomy":"product_tag","embeddable":true,"href":"https:\/\/kangook.com\/fr\/wp-json\/wp\/v2\/product_tag?post=25710"}],"curies":[{"name":"wp","href":"https:\/\/api.w.org\/{rel}","templated":true}]}}