{"id":25635,"date":"2025-04-16T14:39:40","date_gmt":"2025-04-16T14:39:40","guid":{"rendered":"https:\/\/kangook.com\/product\/casque-nvolo-v2\/"},"modified":"2025-04-16T17:39:47","modified_gmt":"2025-04-16T17:39:47","slug":"casque-nvolo-v2","status":"publish","type":"product","link":"https:\/\/kangook.com\/fr\/produit\/casque-nvolo-v2\/","title":{"rendered":"Helmet Carbon V2 Matte with Kangook design"},"content":{"rendered":"<p>Le casque NVolo V2 est tr\u00e8s compact et l\u00e9ger, fabriqu\u00e9 \u00e0 partir de fibres composites telles que la fibre de carbone, le carbone-Kevlar et la fibre de verre. Gr\u00e2ce \u00e0 ses orifices de ventilation prot\u00e9g\u00e9s par des grilles anti-intrusion, il offre une excellente respirabilit\u00e9.<\/p>\n<p>Le casque est disponible en plusieurs configurations et vous pouvez choisir parmi diff\u00e9rentes options pour personnaliser votre casque !<\/p>\n","protected":false},"excerpt":{"rendered":"<div id=\"content-i7ff\" class=\"w-tabs-section-content\">\n<div class=\"w-tabs-section-content-h i-cf\">\n<div class=\"w-post-elm post_custom_field type_text descrizione_lunga color_link_inherit\">\n<p>Le casque Nvolo est enti\u00e8rement con\u00e7u et fabriqu\u00e9 en Italie et est conforme \u00e0 la norme EN 966 pour les cat\u00e9gories de vol HPG (casques de parapente et de deltaplane) et UL (casques d&rsquo;avion ultral\u00e9ger).<\/p>\n<p>D&rsquo;une taille et d&rsquo;un poids tr\u00e8s compacts, il est compos\u00e9 de fibres composites : fibre de carbone, carbone-kevlar, verre. Une couche de polystyr\u00e8ne, que nous avons r\u00e9ussi \u00e0 contenir en \u00e9paisseur gr\u00e2ce \u00e0 une stratification astucieuse de la coque, permet au casque de passer avec succ\u00e8s les difficiles tests de certification en laboratoire et d&rsquo;offrir ainsi une protection s\u00fbre et une l\u00e9g\u00e8ret\u00e9 exceptionnelle.<\/p>\n<p>Le casque Nvolo ne p\u00e8se que 600 grammes (hors accessoires).<\/p>\n<p>La coque est identique pour toutes les tailles, tandis que le rembourrage int\u00e9rieur varie, ce qui nous permet de fabriquer diff\u00e9rentes tailles. Cela pr\u00e9sente de nombreux avantages, notamment la possibilit\u00e9 de changer de taille en quelques secondes en rempla\u00e7ant simplement le rembourrage int\u00e9rieur pour adapter le casque \u00e0 chaque passager, remplacer un ancien ou en avoir un de rechange.<\/p>\n<p>Le rembourrage est facilement amovible, fabriqu\u00e9 en tissu respirant et lavable en machine.<\/p>\n<p>La sangle est dot\u00e9e d&rsquo;une fermeture microm\u00e9trique \u00e0 d\u00e9gagement rapide et est recouverte d&rsquo;un prot\u00e8ge-gorge confortable.<\/p>\n<p>Un autre point fort de nos casques r\u00e9side dans le soin apport\u00e9 aux d\u00e9tails, comme les vis en ergal de diff\u00e9rentes couleurs, inspir\u00e9es des couleurs du casque.<\/p>\n<p>CARACT\u00c9RISTIQUES TECHNIQUES\u00a0:<\/p>\n<p>\u2013 Conception et fabrication enti\u00e8rement r\u00e9alis\u00e9es en Italie<br \/>\n\u2013 Certifi\u00e9 selon la norme EN966 pour les casques de parapente et de deltaplane et UL (casques de vol pour avions ultral\u00e9gers)<br \/>\n\u2013 Taille r\u00e9duite<br \/>\n\u2013 Poids\u00a0: 600\u00a0g (hors accessoires)<br \/>\n\u2013 Coque en fibre de carbone et carbone-kevlar<br \/>\n\u2013 Les dimensions sont indiqu\u00e9es avec le rembourrage int\u00e9rieur<br \/>\n\u2013 Rembourrage int\u00e9rieur respirant, amovible et lavable<br \/>\n\u2013 Rev\u00eatement de finition<br \/>\n\u2013 Jugulaire \u00e0 attache rapide<br \/>\n\u2013 Visserie Ergal<\/p>\n<\/div>\n<\/div>\n<\/div>\n","protected":false},"featured_media":0,"template":"","meta":{"site-sidebar-layout":"default","site-content-layout":"","ast-site-content-layout":"default","site-content-style":"default","site-sidebar-style":"default","ast-global-header-display":"","ast-banner-title-visibility":"","ast-main-header-display":"","ast-hfb-above-header-display":"","ast-hfb-below-header-display":"","ast-hfb-mobile-header-display":"","site-post-title":"","ast-breadcrumbs-content":"","ast-featured-img":"","footer-sml-layout":"","ast-disable-related-posts":"","theme-transparent-header-meta":"default","adv-header-id-meta":"","stick-header-meta":"","header-above-stick-meta":"","header-main-stick-meta":"","header-below-stick-meta":"","astra-migrate-meta-layouts":"set","ast-page-background-enabled":"default","ast-page-background-meta":{"desktop":{"background-color":"","background-image":"","background-repeat":"repeat","background-position":"center center","background-size":"auto","background-attachment":"scroll","background-type":"","background-media":"","overlay-type":"","overlay-color":"","overlay-opacity":"","overlay-gradient":""},"tablet":{"background-color":"","background-image":"","background-repeat":"repeat","background-position":"center center","background-size":"auto","background-attachment":"scroll","background-type":"","background-media":"","overlay-type":"","overlay-color":"","overlay-opacity":"","overlay-gradient":""},"mobile":{"background-color":"","background-image":"","background-repeat":"repeat","background-position":"center center","background-size":"auto","background-attachment":"scroll","background-type":"","background-media":"","overlay-type":"","overlay-color":"","overlay-opacity":"","overlay-gradient":""}},"ast-content-background-meta":{"desktop":{"background-color":"var(--ast-global-color-5)","background-image":"","background-repeat":"repeat","background-position":"center center","background-size":"auto","background-attachment":"scroll","background-type":"","background-media":"","overlay-type":"","overlay-color":"","overlay-opacity":"","overlay-gradient":""},"tablet":{"background-color":"var(--ast-global-color-5)","background-image":"","background-repeat":"repeat","background-position":"center center","background-size":"auto","background-attachment":"scroll","background-type":"","background-media":"","overlay-type":"","overlay-color":"","overlay-opacity":"","overlay-gradient":""},"mobile":{"background-color":"var(--ast-global-color-5)","background-image":"","background-repeat":"repeat","background-position":"center center","background-size":"auto","background-attachment":"scroll","background-type":"","background-media":"","overlay-type":"","overlay-color":"","overlay-opacity":"","overlay-gradient":""}}},"product_brand":[],"product_cat":[1202,799],"product_tag":[865,1203],"class_list":{"0":"post-25635","1":"product","2":"type-product","3":"status-publish","5":"product_cat-casques","6":"product_cat-pret-a-decoller","7":"product_tag-casque","8":"product_tag-nvolo-fr","9":"desktop-align-left","10":"tablet-align-left","11":"mobile-align-left","12":"ast-product-gallery-layout-horizontal-slider","13":"ast-product-gallery-with-no-image","14":"ast-product-single-variable","15":"ast-qv-on-image","17":"first","18":"onbackorder","19":"taxable","20":"shipping-taxable","21":"purchasable","22":"product-type-variable"},"yoast_head":"<!-- This site is optimized with the Yoast SEO plugin v27.5 - https:\/\/yoast.com\/product\/yoast-seo-wordpress\/ -->\n<title>Helmet Carbon V2 Matte with Kangook design - Kangook Canada<\/title>\n<meta name=\"description\" content=\"Choisissez le meilleur casque !\" \/>\n<meta name=\"robots\" content=\"index, follow, max-snippet:-1, max-image-preview:large, max-video-preview:-1\" \/>\n<link rel=\"canonical\" href=\"https:\/\/kangook.com\/fr\/produit\/casque-nvolo-v2\/\" \/>\n<meta property=\"og:locale\" content=\"fr_FR\" \/>\n<meta property=\"og:type\" content=\"article\" \/>\n<meta property=\"og:title\" content=\"Helmet Carbon V2 Matte with Kangook design - Kangook Canada\" \/>\n<meta property=\"og:description\" content=\"Choisissez le meilleur casque !\" \/>\n<meta property=\"og:url\" content=\"https:\/\/kangook.com\/fr\/produit\/casque-nvolo-v2\/\" \/>\n<meta property=\"og:site_name\" content=\"Kangook Canada\" \/>\n<meta property=\"article:modified_time\" content=\"2025-04-16T17:39:47+00:00\" \/>\n<meta name=\"twitter:card\" content=\"summary_large_image\" \/>\n<meta name=\"twitter:label1\" content=\"Dur\u00e9e de lecture estim\u00e9e\" \/>\n\t<meta name=\"twitter:data1\" content=\"1 minute\" \/>\n<script type=\"application\/ld+json\" class=\"yoast-schema-graph\">{\"@context\":\"https:\\\/\\\/schema.org\",\"@graph\":[{\"@type\":\"WebPage\",\"@id\":\"https:\\\/\\\/kangook.com\\\/fr\\\/produit\\\/casque-nvolo-v2\\\/\",\"url\":\"https:\\\/\\\/kangook.com\\\/fr\\\/produit\\\/casque-nvolo-v2\\\/\",\"name\":\"Helmet Carbon V2 Matte with Kangook design - Kangook Canada\",\"isPartOf\":{\"@id\":\"https:\\\/\\\/kangook.com\\\/fr\\\/#website\"},\"datePublished\":\"2025-04-16T14:39:40+00:00\",\"dateModified\":\"2025-04-16T17:39:47+00:00\",\"description\":\"Choisissez le meilleur casque !\",\"breadcrumb\":{\"@id\":\"https:\\\/\\\/kangook.com\\\/fr\\\/produit\\\/casque-nvolo-v2\\\/#breadcrumb\"},\"inLanguage\":\"fr-FR\",\"potentialAction\":[{\"@type\":\"ReadAction\",\"target\":[\"https:\\\/\\\/kangook.com\\\/fr\\\/produit\\\/casque-nvolo-v2\\\/\"]}]},{\"@type\":\"BreadcrumbList\",\"@id\":\"https:\\\/\\\/kangook.com\\\/fr\\\/produit\\\/casque-nvolo-v2\\\/#breadcrumb\",\"itemListElement\":[{\"@type\":\"ListItem\",\"position\":1,\"name\":\"Accueil\",\"item\":\"https:\\\/\\\/kangook.com\\\/fr\\\/\"},{\"@type\":\"ListItem\",\"position\":2,\"name\":\"Store\",\"item\":\"https:\\\/\\\/kangook.com\\\/store\\\/\"},{\"@type\":\"ListItem\",\"position\":3,\"name\":\"Helmet Carbon V2 Matte with Kangook design\"}]},{\"@type\":\"WebSite\",\"@id\":\"https:\\\/\\\/kangook.com\\\/fr\\\/#website\",\"url\":\"https:\\\/\\\/kangook.com\\\/fr\\\/\",\"name\":\"Kangook\",\"description\":\"Kangook Paramotors\",\"publisher\":{\"@id\":\"https:\\\/\\\/kangook.com\\\/fr\\\/#organization\"},\"potentialAction\":[{\"@type\":\"SearchAction\",\"target\":{\"@type\":\"EntryPoint\",\"urlTemplate\":\"https:\\\/\\\/kangook.com\\\/fr\\\/?s={search_term_string}\"},\"query-input\":{\"@type\":\"PropertyValueSpecification\",\"valueRequired\":true,\"valueName\":\"search_term_string\"}}],\"inLanguage\":\"fr-FR\"},{\"@type\":\"Organization\",\"@id\":\"https:\\\/\\\/kangook.com\\\/fr\\\/#organization\",\"name\":\"Kangook\",\"url\":\"https:\\\/\\\/kangook.com\\\/fr\\\/\",\"logo\":{\"@type\":\"ImageObject\",\"inLanguage\":\"fr-FR\",\"@id\":\"https:\\\/\\\/kangook.com\\\/fr\\\/#\\\/schema\\\/logo\\\/image\\\/\",\"url\":\"https:\\\/\\\/kangook.com\\\/wp-content\\\/uploads\\\/2022\\\/07\\\/cropped-Kangook-Paramotors-Flag.png\",\"contentUrl\":\"https:\\\/\\\/kangook.com\\\/wp-content\\\/uploads\\\/2022\\\/07\\\/cropped-Kangook-Paramotors-Flag.png\",\"width\":500,\"height\":97,\"caption\":\"Kangook\"},\"image\":{\"@id\":\"https:\\\/\\\/kangook.com\\\/fr\\\/#\\\/schema\\\/logo\\\/image\\\/\"}}]}<\/script>\n<!-- \/ Yoast SEO plugin. -->","yoast_head_json":{"title":"Helmet Carbon V2 Matte with Kangook design - Kangook Canada","description":"Choisissez le meilleur casque !","robots":{"index":"index","follow":"follow","max-snippet":"max-snippet:-1","max-image-preview":"max-image-preview:large","max-video-preview":"max-video-preview:-1"},"canonical":"https:\/\/kangook.com\/fr\/produit\/casque-nvolo-v2\/","og_locale":"fr_FR","og_type":"article","og_title":"Helmet Carbon V2 Matte with Kangook design - Kangook Canada","og_description":"Choisissez le meilleur casque !","og_url":"https:\/\/kangook.com\/fr\/produit\/casque-nvolo-v2\/","og_site_name":"Kangook Canada","article_modified_time":"2025-04-16T17:39:47+00:00","twitter_card":"summary_large_image","twitter_misc":{"Dur\u00e9e de lecture estim\u00e9e":"1 minute"},"schema":{"@context":"https:\/\/schema.org","@graph":[{"@type":"WebPage","@id":"https:\/\/kangook.com\/fr\/produit\/casque-nvolo-v2\/","url":"https:\/\/kangook.com\/fr\/produit\/casque-nvolo-v2\/","name":"Helmet Carbon V2 Matte with Kangook design - Kangook Canada","isPartOf":{"@id":"https:\/\/kangook.com\/fr\/#website"},"datePublished":"2025-04-16T14:39:40+00:00","dateModified":"2025-04-16T17:39:47+00:00","description":"Choisissez le meilleur casque !","breadcrumb":{"@id":"https:\/\/kangook.com\/fr\/produit\/casque-nvolo-v2\/#breadcrumb"},"inLanguage":"fr-FR","potentialAction":[{"@type":"ReadAction","target":["https:\/\/kangook.com\/fr\/produit\/casque-nvolo-v2\/"]}]},{"@type":"BreadcrumbList","@id":"https:\/\/kangook.com\/fr\/produit\/casque-nvolo-v2\/#breadcrumb","itemListElement":[{"@type":"ListItem","position":1,"name":"Accueil","item":"https:\/\/kangook.com\/fr\/"},{"@type":"ListItem","position":2,"name":"Store","item":"https:\/\/kangook.com\/store\/"},{"@type":"ListItem","position":3,"name":"Helmet Carbon V2 Matte with Kangook design"}]},{"@type":"WebSite","@id":"https:\/\/kangook.com\/fr\/#website","url":"https:\/\/kangook.com\/fr\/","name":"Kangook","description":"Kangook Paramotors","publisher":{"@id":"https:\/\/kangook.com\/fr\/#organization"},"potentialAction":[{"@type":"SearchAction","target":{"@type":"EntryPoint","urlTemplate":"https:\/\/kangook.com\/fr\/?s={search_term_string}"},"query-input":{"@type":"PropertyValueSpecification","valueRequired":true,"valueName":"search_term_string"}}],"inLanguage":"fr-FR"},{"@type":"Organization","@id":"https:\/\/kangook.com\/fr\/#organization","name":"Kangook","url":"https:\/\/kangook.com\/fr\/","logo":{"@type":"ImageObject","inLanguage":"fr-FR","@id":"https:\/\/kangook.com\/fr\/#\/schema\/logo\/image\/","url":"https:\/\/kangook.com\/wp-content\/uploads\/2022\/07\/cropped-Kangook-Paramotors-Flag.png","contentUrl":"https:\/\/kangook.com\/wp-content\/uploads\/2022\/07\/cropped-Kangook-Paramotors-Flag.png","width":500,"height":97,"caption":"Kangook"},"image":{"@id":"https:\/\/kangook.com\/fr\/#\/schema\/logo\/image\/"}}]}},"wcpa_form_fields":null,"_links":{"self":[{"href":"https:\/\/kangook.com\/fr\/wp-json\/wp\/v2\/product\/25635","targetHints":{"allow":["GET"]}}],"collection":[{"href":"https:\/\/kangook.com\/fr\/wp-json\/wp\/v2\/product"}],"about":[{"href":"https:\/\/kangook.com\/fr\/wp-json\/wp\/v2\/types\/product"}],"version-history":[{"count":3,"href":"https:\/\/kangook.com\/fr\/wp-json\/wp\/v2\/product\/25635\/revisions"}],"predecessor-version":[{"id":25708,"href":"https:\/\/kangook.com\/fr\/wp-json\/wp\/v2\/product\/25635\/revisions\/25708"}],"wp:attachment":[{"href":"https:\/\/kangook.com\/fr\/wp-json\/wp\/v2\/media?parent=25635"}],"wp:term":[{"taxonomy":"product_brand","embeddable":true,"href":"https:\/\/kangook.com\/fr\/wp-json\/wp\/v2\/product_brand?post=25635"},{"taxonomy":"product_cat","embeddable":true,"href":"https:\/\/kangook.com\/fr\/wp-json\/wp\/v2\/product_cat?post=25635"},{"taxonomy":"product_tag","embeddable":true,"href":"https:\/\/kangook.com\/fr\/wp-json\/wp\/v2\/product_tag?post=25635"}],"curies":[{"name":"wp","href":"https:\/\/api.w.org\/{rel}","templated":true}]}}