{"id":23379,"date":"2025-02-18T18:25:30","date_gmt":"2025-02-18T18:25:30","guid":{"rendered":"https:\/\/kangook.com\/product\/m087\/"},"modified":"2026-01-26T21:01:03","modified_gmt":"2026-01-26T21:01:03","slug":"m087","status":"publish","type":"product","link":"https:\/\/kangook.com\/fr\/produit\/m087\/","title":{"rendered":"M087 \/ R\u00e9gulateur de papillon \u00d8 6 mm (Lot de 5)"},"content":{"rendered":"","protected":false},"excerpt":{"rendered":"<p><span style=\"vertical-align: inherit;\"><span style=\"vertical-align: inherit;\"><span style=\"vertical-align: inherit;\"><span style=\"vertical-align: inherit;\"><span style=\"vertical-align: inherit;\"><span style=\"vertical-align: inherit;\">M087 \/ R\u00e9gulateur d&rsquo;acc\u00e9l\u00e9rateur \u00d8 6 mm<\/span><\/span><br \/>\n<\/span><\/span><\/span><\/span><\/p>\n","protected":false},"featured_media":25198,"template":"","meta":{"site-sidebar-layout":"default","site-content-layout":"","ast-site-content-layout":"default","site-content-style":"default","site-sidebar-style":"default","ast-global-header-display":"","ast-banner-title-visibility":"","ast-main-header-display":"","ast-hfb-above-header-display":"","ast-hfb-below-header-display":"","ast-hfb-mobile-header-display":"","site-post-title":"","ast-breadcrumbs-content":"","ast-featured-img":"","footer-sml-layout":"","ast-disable-related-posts":"","theme-transparent-header-meta":"default","adv-header-id-meta":"","stick-header-meta":"default","header-above-stick-meta":"","header-main-stick-meta":"","header-below-stick-meta":"","astra-migrate-meta-layouts":"default","ast-page-background-enabled":"default","ast-page-background-meta":{"desktop":{"background-color":"","background-image":"","background-repeat":"repeat","background-position":"center center","background-size":"auto","background-attachment":"scroll","background-type":"","background-media":"","overlay-type":"","overlay-color":"","overlay-opacity":"","overlay-gradient":""},"tablet":{"background-color":"","background-image":"","background-repeat":"repeat","background-position":"center center","background-size":"auto","background-attachment":"scroll","background-type":"","background-media":"","overlay-type":"","overlay-color":"","overlay-opacity":"","overlay-gradient":""},"mobile":{"background-color":"","background-image":"","background-repeat":"repeat","background-position":"center center","background-size":"auto","background-attachment":"scroll","background-type":"","background-media":"","overlay-type":"","overlay-color":"","overlay-opacity":"","overlay-gradient":""}},"ast-content-background-meta":{"desktop":{"background-color":"var(--ast-global-color-5)","background-image":"","background-repeat":"repeat","background-position":"center center","background-size":"auto","background-attachment":"scroll","background-type":"","background-media":"","overlay-type":"","overlay-color":"","overlay-opacity":"","overlay-gradient":""},"tablet":{"background-color":"var(--ast-global-color-5)","background-image":"","background-repeat":"repeat","background-position":"center center","background-size":"auto","background-attachment":"scroll","background-type":"","background-media":"","overlay-type":"","overlay-color":"","overlay-opacity":"","overlay-gradient":""},"mobile":{"background-color":"var(--ast-global-color-5)","background-image":"","background-repeat":"repeat","background-position":"center center","background-size":"auto","background-attachment":"scroll","background-type":"","background-media":"","overlay-type":"","overlay-color":"","overlay-opacity":"","overlay-gradient":""}}},"product_brand":[1358],"product_cat":[783,785,786,205,175,174,173],"product_tag":[187,210,211,214,216],"class_list":{"0":"post-23379","1":"product","2":"type-product","3":"status-publish","4":"has-post-thumbnail","6":"product_brand-vittorazi","7":"product_cat-moteur-moster185-classic","8":"product_cat-moteur-moster185-plus","9":"product_cat-moteur-moster185-silent","10":"product_cat-moster185-classic-fr","11":"product_cat-moster185-plus-fr","12":"product_cat-moster185-silent-fr","13":"product_cat-vittorazi-fr-marque","14":"product_tag-atom80-lanceur","15":"product_tag-moster185-classic-demarreur","16":"product_tag-moster185-factory-demarreur","17":"product_tag-moster185-plus-demarreur","18":"product_tag-moster185-silent-demarreur","19":"desktop-align-left","20":"tablet-align-left","21":"mobile-align-left","22":"ast-product-gallery-layout-horizontal-slider","23":"ast-product-gallery-with-no-image","24":"ast-qv-on-image","26":"first","27":"instock","28":"taxable","29":"shipping-taxable","30":"purchasable","31":"product-type-simple"},"yoast_head":"<!-- This site is optimized with the Yoast SEO plugin v27.4 - https:\/\/yoast.com\/product\/yoast-seo-wordpress\/ -->\n<title>M087 \/ R\u00e9gulateur de papillon \u00d8 6 mm (Lot de 5) - Kangook Canada<\/title>\n<meta name=\"description\" content=\"M087 \/ R\u00e9gulateur de papillon \u00d8 6 mm (Lot de 5)\" \/>\n<meta name=\"robots\" content=\"index, follow, max-snippet:-1, max-image-preview:large, max-video-preview:-1\" \/>\n<link rel=\"canonical\" href=\"https:\/\/kangook.com\/fr\/produit\/m087\/\" \/>\n<meta property=\"og:locale\" content=\"fr_FR\" \/>\n<meta property=\"og:type\" content=\"article\" \/>\n<meta property=\"og:title\" content=\"M087 \/ R\u00e9gulateur de papillon \u00d8 6 mm (Lot de 5) - Kangook Canada\" \/>\n<meta property=\"og:description\" content=\"M087 \/ R\u00e9gulateur de papillon \u00d8 6 mm (Lot de 5)\" \/>\n<meta property=\"og:url\" content=\"https:\/\/kangook.com\/fr\/produit\/m087\/\" \/>\n<meta property=\"og:site_name\" content=\"Kangook Canada\" \/>\n<meta property=\"article:modified_time\" content=\"2026-01-26T21:01:03+00:00\" \/>\n<meta property=\"og:image\" content=\"https:\/\/kangook.com\/wp-content\/uploads\/2025\/02\/M087.webp\" \/>\n\t<meta property=\"og:image:width\" content=\"960\" \/>\n\t<meta property=\"og:image:height\" content=\"970\" \/>\n\t<meta property=\"og:image:type\" content=\"image\/webp\" \/>\n<meta name=\"twitter:card\" content=\"summary_large_image\" \/>\n<script type=\"application\/ld+json\" class=\"yoast-schema-graph\">{\"@context\":\"https:\\\/\\\/schema.org\",\"@graph\":[{\"@type\":\"WebPage\",\"@id\":\"https:\\\/\\\/kangook.com\\\/fr\\\/produit\\\/m087\\\/\",\"url\":\"https:\\\/\\\/kangook.com\\\/fr\\\/produit\\\/m087\\\/\",\"name\":\"M087 \\\/ R\u00e9gulateur de papillon \u00d8 6 mm (Lot de 5) - Kangook Canada\",\"isPartOf\":{\"@id\":\"https:\\\/\\\/kangook.com\\\/fr\\\/#website\"},\"primaryImageOfPage\":{\"@id\":\"https:\\\/\\\/kangook.com\\\/fr\\\/produit\\\/m087\\\/#primaryimage\"},\"image\":{\"@id\":\"https:\\\/\\\/kangook.com\\\/fr\\\/produit\\\/m087\\\/#primaryimage\"},\"thumbnailUrl\":\"https:\\\/\\\/kangook.com\\\/wp-content\\\/uploads\\\/2025\\\/02\\\/M087.webp\",\"datePublished\":\"2025-02-18T18:25:30+00:00\",\"dateModified\":\"2026-01-26T21:01:03+00:00\",\"description\":\"M087 \\\/ R\u00e9gulateur de papillon \u00d8 6 mm (Lot de 5)\",\"breadcrumb\":{\"@id\":\"https:\\\/\\\/kangook.com\\\/fr\\\/produit\\\/m087\\\/#breadcrumb\"},\"inLanguage\":\"fr-FR\",\"potentialAction\":[{\"@type\":\"ReadAction\",\"target\":[\"https:\\\/\\\/kangook.com\\\/fr\\\/produit\\\/m087\\\/\"]}]},{\"@type\":\"ImageObject\",\"inLanguage\":\"fr-FR\",\"@id\":\"https:\\\/\\\/kangook.com\\\/fr\\\/produit\\\/m087\\\/#primaryimage\",\"url\":\"https:\\\/\\\/kangook.com\\\/wp-content\\\/uploads\\\/2025\\\/02\\\/M087.webp\",\"contentUrl\":\"https:\\\/\\\/kangook.com\\\/wp-content\\\/uploads\\\/2025\\\/02\\\/M087.webp\",\"width\":960,\"height\":970},{\"@type\":\"BreadcrumbList\",\"@id\":\"https:\\\/\\\/kangook.com\\\/fr\\\/produit\\\/m087\\\/#breadcrumb\",\"itemListElement\":[{\"@type\":\"ListItem\",\"position\":1,\"name\":\"Accueil\",\"item\":\"https:\\\/\\\/kangook.com\\\/fr\\\/\"},{\"@type\":\"ListItem\",\"position\":2,\"name\":\"Store\",\"item\":\"https:\\\/\\\/kangook.com\\\/store\\\/\"},{\"@type\":\"ListItem\",\"position\":3,\"name\":\"M087 \\\/ R\u00e9gulateur de papillon \u00d8 6 mm (Lot de 5)\"}]},{\"@type\":\"WebSite\",\"@id\":\"https:\\\/\\\/kangook.com\\\/fr\\\/#website\",\"url\":\"https:\\\/\\\/kangook.com\\\/fr\\\/\",\"name\":\"Kangook\",\"description\":\"Kangook Paramotors\",\"publisher\":{\"@id\":\"https:\\\/\\\/kangook.com\\\/fr\\\/#organization\"},\"potentialAction\":[{\"@type\":\"SearchAction\",\"target\":{\"@type\":\"EntryPoint\",\"urlTemplate\":\"https:\\\/\\\/kangook.com\\\/fr\\\/?s={search_term_string}\"},\"query-input\":{\"@type\":\"PropertyValueSpecification\",\"valueRequired\":true,\"valueName\":\"search_term_string\"}}],\"inLanguage\":\"fr-FR\"},{\"@type\":\"Organization\",\"@id\":\"https:\\\/\\\/kangook.com\\\/fr\\\/#organization\",\"name\":\"Kangook\",\"url\":\"https:\\\/\\\/kangook.com\\\/fr\\\/\",\"logo\":{\"@type\":\"ImageObject\",\"inLanguage\":\"fr-FR\",\"@id\":\"https:\\\/\\\/kangook.com\\\/fr\\\/#\\\/schema\\\/logo\\\/image\\\/\",\"url\":\"https:\\\/\\\/kangook.com\\\/wp-content\\\/uploads\\\/2022\\\/07\\\/cropped-Kangook-Paramotors-Flag.png\",\"contentUrl\":\"https:\\\/\\\/kangook.com\\\/wp-content\\\/uploads\\\/2022\\\/07\\\/cropped-Kangook-Paramotors-Flag.png\",\"width\":500,\"height\":97,\"caption\":\"Kangook\"},\"image\":{\"@id\":\"https:\\\/\\\/kangook.com\\\/fr\\\/#\\\/schema\\\/logo\\\/image\\\/\"}}]}<\/script>\n<!-- \/ Yoast SEO plugin. -->","yoast_head_json":{"title":"M087 \/ R\u00e9gulateur de papillon \u00d8 6 mm (Lot de 5) - Kangook Canada","description":"M087 \/ R\u00e9gulateur de papillon \u00d8 6 mm (Lot de 5)","robots":{"index":"index","follow":"follow","max-snippet":"max-snippet:-1","max-image-preview":"max-image-preview:large","max-video-preview":"max-video-preview:-1"},"canonical":"https:\/\/kangook.com\/fr\/produit\/m087\/","og_locale":"fr_FR","og_type":"article","og_title":"M087 \/ R\u00e9gulateur de papillon \u00d8 6 mm (Lot de 5) - Kangook Canada","og_description":"M087 \/ R\u00e9gulateur de papillon \u00d8 6 mm (Lot de 5)","og_url":"https:\/\/kangook.com\/fr\/produit\/m087\/","og_site_name":"Kangook Canada","article_modified_time":"2026-01-26T21:01:03+00:00","og_image":[{"width":960,"height":970,"url":"https:\/\/kangook.com\/wp-content\/uploads\/2025\/02\/M087.webp","type":"image\/webp"}],"twitter_card":"summary_large_image","schema":{"@context":"https:\/\/schema.org","@graph":[{"@type":"WebPage","@id":"https:\/\/kangook.com\/fr\/produit\/m087\/","url":"https:\/\/kangook.com\/fr\/produit\/m087\/","name":"M087 \/ R\u00e9gulateur de papillon \u00d8 6 mm (Lot de 5) - Kangook Canada","isPartOf":{"@id":"https:\/\/kangook.com\/fr\/#website"},"primaryImageOfPage":{"@id":"https:\/\/kangook.com\/fr\/produit\/m087\/#primaryimage"},"image":{"@id":"https:\/\/kangook.com\/fr\/produit\/m087\/#primaryimage"},"thumbnailUrl":"https:\/\/kangook.com\/wp-content\/uploads\/2025\/02\/M087.webp","datePublished":"2025-02-18T18:25:30+00:00","dateModified":"2026-01-26T21:01:03+00:00","description":"M087 \/ R\u00e9gulateur de papillon \u00d8 6 mm (Lot de 5)","breadcrumb":{"@id":"https:\/\/kangook.com\/fr\/produit\/m087\/#breadcrumb"},"inLanguage":"fr-FR","potentialAction":[{"@type":"ReadAction","target":["https:\/\/kangook.com\/fr\/produit\/m087\/"]}]},{"@type":"ImageObject","inLanguage":"fr-FR","@id":"https:\/\/kangook.com\/fr\/produit\/m087\/#primaryimage","url":"https:\/\/kangook.com\/wp-content\/uploads\/2025\/02\/M087.webp","contentUrl":"https:\/\/kangook.com\/wp-content\/uploads\/2025\/02\/M087.webp","width":960,"height":970},{"@type":"BreadcrumbList","@id":"https:\/\/kangook.com\/fr\/produit\/m087\/#breadcrumb","itemListElement":[{"@type":"ListItem","position":1,"name":"Accueil","item":"https:\/\/kangook.com\/fr\/"},{"@type":"ListItem","position":2,"name":"Store","item":"https:\/\/kangook.com\/store\/"},{"@type":"ListItem","position":3,"name":"M087 \/ R\u00e9gulateur de papillon \u00d8 6 mm (Lot de 5)"}]},{"@type":"WebSite","@id":"https:\/\/kangook.com\/fr\/#website","url":"https:\/\/kangook.com\/fr\/","name":"Kangook","description":"Kangook Paramotors","publisher":{"@id":"https:\/\/kangook.com\/fr\/#organization"},"potentialAction":[{"@type":"SearchAction","target":{"@type":"EntryPoint","urlTemplate":"https:\/\/kangook.com\/fr\/?s={search_term_string}"},"query-input":{"@type":"PropertyValueSpecification","valueRequired":true,"valueName":"search_term_string"}}],"inLanguage":"fr-FR"},{"@type":"Organization","@id":"https:\/\/kangook.com\/fr\/#organization","name":"Kangook","url":"https:\/\/kangook.com\/fr\/","logo":{"@type":"ImageObject","inLanguage":"fr-FR","@id":"https:\/\/kangook.com\/fr\/#\/schema\/logo\/image\/","url":"https:\/\/kangook.com\/wp-content\/uploads\/2022\/07\/cropped-Kangook-Paramotors-Flag.png","contentUrl":"https:\/\/kangook.com\/wp-content\/uploads\/2022\/07\/cropped-Kangook-Paramotors-Flag.png","width":500,"height":97,"caption":"Kangook"},"image":{"@id":"https:\/\/kangook.com\/fr\/#\/schema\/logo\/image\/"}}]}},"wcpa_form_fields":null,"_links":{"self":[{"href":"https:\/\/kangook.com\/fr\/wp-json\/wp\/v2\/product\/23379","targetHints":{"allow":["GET"]}}],"collection":[{"href":"https:\/\/kangook.com\/fr\/wp-json\/wp\/v2\/product"}],"about":[{"href":"https:\/\/kangook.com\/fr\/wp-json\/wp\/v2\/types\/product"}],"version-history":[{"count":1,"href":"https:\/\/kangook.com\/fr\/wp-json\/wp\/v2\/product\/23379\/revisions"}],"predecessor-version":[{"id":30812,"href":"https:\/\/kangook.com\/fr\/wp-json\/wp\/v2\/product\/23379\/revisions\/30812"}],"wp:featuredmedia":[{"embeddable":true,"href":"https:\/\/kangook.com\/fr\/wp-json\/wp\/v2\/media\/25198"}],"wp:attachment":[{"href":"https:\/\/kangook.com\/fr\/wp-json\/wp\/v2\/media?parent=23379"}],"wp:term":[{"taxonomy":"product_brand","embeddable":true,"href":"https:\/\/kangook.com\/fr\/wp-json\/wp\/v2\/product_brand?post=23379"},{"taxonomy":"product_cat","embeddable":true,"href":"https:\/\/kangook.com\/fr\/wp-json\/wp\/v2\/product_cat?post=23379"},{"taxonomy":"product_tag","embeddable":true,"href":"https:\/\/kangook.com\/fr\/wp-json\/wp\/v2\/product_tag?post=23379"}],"curies":[{"name":"wp","href":"https:\/\/api.w.org\/{rel}","templated":true}]}}