{"id":22759,"date":"2024-08-28T16:42:06","date_gmt":"2024-08-28T16:42:06","guid":{"rendered":"https:\/\/kangook.com\/product\/e-props-vittorazi-fly-100-evo-2-2-blades\/"},"modified":"2026-01-26T21:06:57","modified_gmt":"2026-01-26T21:06:57","slug":"pfh001","status":"publish","type":"product","link":"https:\/\/kangook.com\/fr\/produit\/pfh001\/","title":{"rendered":"PFH001 | E-Props Vittorazi Fly 100 Evo 2, 2 lames"},"content":{"rendered":"","protected":false},"excerpt":{"rendered":"<p>A la pointe de la technologie, les E-Props \u00e9tablissent la norme pour les h\u00e9lices de paramoteurs. Solides mais l\u00e9g\u00e8res, elles offrent une pouss\u00e9e et une \u00e9conomie incroyables. Ces h\u00e9lices bipales E-Props en fibre de carbone ont \u00e9t\u00e9 sp\u00e9cialement con\u00e7ues pour le Vittorazi Fly 100 Evo et Evo 2 avec la r\u00e9duction 3.3 ou 3.6. Choisissez entre 110 cm, 115 cm, 120 cm, 125 cm et 130 cm.   <\/p>\n","protected":false},"featured_media":19059,"template":"","meta":{"site-sidebar-layout":"default","site-content-layout":"","ast-site-content-layout":"default","site-content-style":"default","site-sidebar-style":"default","ast-global-header-display":"","ast-banner-title-visibility":"","ast-main-header-display":"","ast-hfb-above-header-display":"","ast-hfb-below-header-display":"","ast-hfb-mobile-header-display":"","site-post-title":"","ast-breadcrumbs-content":"","ast-featured-img":"","footer-sml-layout":"","ast-disable-related-posts":"","theme-transparent-header-meta":"default","adv-header-id-meta":"","stick-header-meta":"default","header-above-stick-meta":"","header-main-stick-meta":"","header-below-stick-meta":"","astra-migrate-meta-layouts":"default","ast-page-background-enabled":"default","ast-page-background-meta":{"desktop":{"background-color":"","background-image":"","background-repeat":"repeat","background-position":"center center","background-size":"auto","background-attachment":"scroll","background-type":"","background-media":"","overlay-type":"","overlay-color":"","overlay-opacity":"","overlay-gradient":""},"tablet":{"background-color":"","background-image":"","background-repeat":"repeat","background-position":"center center","background-size":"auto","background-attachment":"scroll","background-type":"","background-media":"","overlay-type":"","overlay-color":"","overlay-opacity":"","overlay-gradient":""},"mobile":{"background-color":"","background-image":"","background-repeat":"repeat","background-position":"center center","background-size":"auto","background-attachment":"scroll","background-type":"","background-media":"","overlay-type":"","overlay-color":"","overlay-opacity":"","overlay-gradient":""}},"ast-content-background-meta":{"desktop":{"background-color":"var(--ast-global-color-5)","background-image":"","background-repeat":"repeat","background-position":"center center","background-size":"auto","background-attachment":"scroll","background-type":"","background-media":"","overlay-type":"","overlay-color":"","overlay-opacity":"","overlay-gradient":""},"tablet":{"background-color":"var(--ast-global-color-5)","background-image":"","background-repeat":"repeat","background-position":"center center","background-size":"auto","background-attachment":"scroll","background-type":"","background-media":"","overlay-type":"","overlay-color":"","overlay-opacity":"","overlay-gradient":""},"mobile":{"background-color":"var(--ast-global-color-5)","background-image":"","background-repeat":"repeat","background-position":"center center","background-size":"auto","background-attachment":"scroll","background-type":"","background-media":"","overlay-type":"","overlay-color":"","overlay-opacity":"","overlay-gradient":""}}},"product_brand":[1358],"product_cat":[791,744,796],"product_tag":[1151,1067,1081,958,1074,959,1085,955,956,957,1068,676,1069,675],"class_list":{"0":"post-22759","1":"product","2":"type-product","3":"status-publish","4":"has-post-thumbnail","6":"product_brand-vittorazi","7":"product_cat-accessoires-pour-paramoteur","8":"product_cat-marque-e-props","9":"product_cat-helices-utilisation","10":"product_tag-365-reduction","11":"product_tag-diametre","12":"product_tag-e-props-fr","13":"product_tag-fibre-de-carbone","14":"product_tag-fly-100-evo-2-fr","15":"product_tag-helice","16":"product_tag-helice-bipale","17":"product_tag-helice-de-paramoteur","18":"product_tag-helix-fr","19":"product_tag-lame","20":"product_tag-longueur","21":"product_tag-moteur","22":"product_tag-poussee","23":"product_tag-vittorazi-fr","24":"desktop-align-left","25":"tablet-align-left","26":"mobile-align-left","27":"ast-product-gallery-layout-horizontal-slider","28":"ast-product-gallery-with-no-image","29":"ast-product-single-variable","30":"ast-qv-on-image","32":"first","33":"instock","34":"taxable","35":"shipping-taxable","36":"purchasable","37":"product-type-variable"},"yoast_head":"<!-- This site is optimized with the Yoast SEO plugin v27.4 - https:\/\/yoast.com\/product\/yoast-seo-wordpress\/ -->\n<title>PFH001 | E-Props Vittorazi Fly 100 Evo 2, 2 lames - Kangook Canada<\/title>\n<meta name=\"robots\" content=\"index, follow, max-snippet:-1, max-image-preview:large, max-video-preview:-1\" \/>\n<link rel=\"canonical\" href=\"https:\/\/kangook.com\/fr\/produit\/pfh001\/\" \/>\n<meta property=\"og:locale\" content=\"fr_FR\" \/>\n<meta property=\"og:type\" content=\"article\" \/>\n<meta property=\"og:title\" content=\"PFH001 | E-Props Vittorazi Fly 100 Evo 2, 2 lames - Kangook Canada\" \/>\n<meta property=\"og:description\" content=\"A la pointe de la technologie, les E-Props \u00e9tablissent la norme pour les h\u00e9lices de paramoteurs. Solides mais l\u00e9g\u00e8res, elles offrent une pouss\u00e9e et une \u00e9conomie incroyables. Ces h\u00e9lices bipales E-Props en fibre de carbone ont \u00e9t\u00e9 sp\u00e9cialement con\u00e7ues pour le Vittorazi Fly 100 Evo et Evo 2 avec la r\u00e9duction 3.3 ou 3.6. Choisissez entre 110 cm, 115 cm, 120 cm, 125 cm et 130 cm.\" \/>\n<meta property=\"og:url\" content=\"https:\/\/kangook.com\/fr\/produit\/pfh001\/\" \/>\n<meta property=\"og:site_name\" content=\"Kangook Canada\" \/>\n<meta property=\"article:modified_time\" content=\"2026-01-26T21:06:57+00:00\" \/>\n<meta property=\"og:image\" content=\"https:\/\/kangook.com\/wp-content\/uploads\/2024\/08\/Atom80-red-380.png\" \/>\n\t<meta property=\"og:image:width\" content=\"524\" \/>\n\t<meta property=\"og:image:height\" content=\"476\" \/>\n\t<meta property=\"og:image:type\" content=\"image\/png\" \/>\n<meta name=\"twitter:card\" content=\"summary_large_image\" \/>\n<script type=\"application\/ld+json\" class=\"yoast-schema-graph\">{\"@context\":\"https:\\\/\\\/schema.org\",\"@graph\":[{\"@type\":\"WebPage\",\"@id\":\"https:\\\/\\\/kangook.com\\\/fr\\\/produit\\\/pfh001\\\/\",\"url\":\"https:\\\/\\\/kangook.com\\\/fr\\\/produit\\\/pfh001\\\/\",\"name\":\"PFH001 | E-Props Vittorazi Fly 100 Evo 2, 2 lames - Kangook Canada\",\"isPartOf\":{\"@id\":\"https:\\\/\\\/kangook.com\\\/fr\\\/#website\"},\"primaryImageOfPage\":{\"@id\":\"https:\\\/\\\/kangook.com\\\/fr\\\/produit\\\/pfh001\\\/#primaryimage\"},\"image\":{\"@id\":\"https:\\\/\\\/kangook.com\\\/fr\\\/produit\\\/pfh001\\\/#primaryimage\"},\"thumbnailUrl\":\"https:\\\/\\\/kangook.com\\\/wp-content\\\/uploads\\\/2024\\\/08\\\/Atom80-red-380.png\",\"datePublished\":\"2024-08-28T16:42:06+00:00\",\"dateModified\":\"2026-01-26T21:06:57+00:00\",\"breadcrumb\":{\"@id\":\"https:\\\/\\\/kangook.com\\\/fr\\\/produit\\\/pfh001\\\/#breadcrumb\"},\"inLanguage\":\"fr-FR\",\"potentialAction\":[{\"@type\":\"ReadAction\",\"target\":[\"https:\\\/\\\/kangook.com\\\/fr\\\/produit\\\/pfh001\\\/\"]}]},{\"@type\":\"ImageObject\",\"inLanguage\":\"fr-FR\",\"@id\":\"https:\\\/\\\/kangook.com\\\/fr\\\/produit\\\/pfh001\\\/#primaryimage\",\"url\":\"https:\\\/\\\/kangook.com\\\/wp-content\\\/uploads\\\/2024\\\/08\\\/Atom80-red-380.png\",\"contentUrl\":\"https:\\\/\\\/kangook.com\\\/wp-content\\\/uploads\\\/2024\\\/08\\\/Atom80-red-380.png\",\"width\":524,\"height\":476},{\"@type\":\"BreadcrumbList\",\"@id\":\"https:\\\/\\\/kangook.com\\\/fr\\\/produit\\\/pfh001\\\/#breadcrumb\",\"itemListElement\":[{\"@type\":\"ListItem\",\"position\":1,\"name\":\"Accueil\",\"item\":\"https:\\\/\\\/kangook.com\\\/fr\\\/\"},{\"@type\":\"ListItem\",\"position\":2,\"name\":\"Store\",\"item\":\"https:\\\/\\\/kangook.com\\\/store\\\/\"},{\"@type\":\"ListItem\",\"position\":3,\"name\":\"PFH001 | E-Props Vittorazi Fly 100 Evo 2, 2 lames\"}]},{\"@type\":\"WebSite\",\"@id\":\"https:\\\/\\\/kangook.com\\\/fr\\\/#website\",\"url\":\"https:\\\/\\\/kangook.com\\\/fr\\\/\",\"name\":\"Kangook\",\"description\":\"Kangook Paramotors\",\"publisher\":{\"@id\":\"https:\\\/\\\/kangook.com\\\/fr\\\/#organization\"},\"potentialAction\":[{\"@type\":\"SearchAction\",\"target\":{\"@type\":\"EntryPoint\",\"urlTemplate\":\"https:\\\/\\\/kangook.com\\\/fr\\\/?s={search_term_string}\"},\"query-input\":{\"@type\":\"PropertyValueSpecification\",\"valueRequired\":true,\"valueName\":\"search_term_string\"}}],\"inLanguage\":\"fr-FR\"},{\"@type\":\"Organization\",\"@id\":\"https:\\\/\\\/kangook.com\\\/fr\\\/#organization\",\"name\":\"Kangook\",\"url\":\"https:\\\/\\\/kangook.com\\\/fr\\\/\",\"logo\":{\"@type\":\"ImageObject\",\"inLanguage\":\"fr-FR\",\"@id\":\"https:\\\/\\\/kangook.com\\\/fr\\\/#\\\/schema\\\/logo\\\/image\\\/\",\"url\":\"https:\\\/\\\/kangook.com\\\/wp-content\\\/uploads\\\/2022\\\/07\\\/cropped-Kangook-Paramotors-Flag.png\",\"contentUrl\":\"https:\\\/\\\/kangook.com\\\/wp-content\\\/uploads\\\/2022\\\/07\\\/cropped-Kangook-Paramotors-Flag.png\",\"width\":500,\"height\":97,\"caption\":\"Kangook\"},\"image\":{\"@id\":\"https:\\\/\\\/kangook.com\\\/fr\\\/#\\\/schema\\\/logo\\\/image\\\/\"}}]}<\/script>\n<!-- \/ Yoast SEO plugin. -->","yoast_head_json":{"title":"PFH001 | E-Props Vittorazi Fly 100 Evo 2, 2 lames - Kangook Canada","robots":{"index":"index","follow":"follow","max-snippet":"max-snippet:-1","max-image-preview":"max-image-preview:large","max-video-preview":"max-video-preview:-1"},"canonical":"https:\/\/kangook.com\/fr\/produit\/pfh001\/","og_locale":"fr_FR","og_type":"article","og_title":"PFH001 | E-Props Vittorazi Fly 100 Evo 2, 2 lames - Kangook Canada","og_description":"A la pointe de la technologie, les E-Props \u00e9tablissent la norme pour les h\u00e9lices de paramoteurs. Solides mais l\u00e9g\u00e8res, elles offrent une pouss\u00e9e et une \u00e9conomie incroyables. Ces h\u00e9lices bipales E-Props en fibre de carbone ont \u00e9t\u00e9 sp\u00e9cialement con\u00e7ues pour le Vittorazi Fly 100 Evo et Evo 2 avec la r\u00e9duction 3.3 ou 3.6. Choisissez entre 110 cm, 115 cm, 120 cm, 125 cm et 130 cm.","og_url":"https:\/\/kangook.com\/fr\/produit\/pfh001\/","og_site_name":"Kangook Canada","article_modified_time":"2026-01-26T21:06:57+00:00","og_image":[{"width":524,"height":476,"url":"https:\/\/kangook.com\/wp-content\/uploads\/2024\/08\/Atom80-red-380.png","type":"image\/png"}],"twitter_card":"summary_large_image","schema":{"@context":"https:\/\/schema.org","@graph":[{"@type":"WebPage","@id":"https:\/\/kangook.com\/fr\/produit\/pfh001\/","url":"https:\/\/kangook.com\/fr\/produit\/pfh001\/","name":"PFH001 | E-Props Vittorazi Fly 100 Evo 2, 2 lames - Kangook Canada","isPartOf":{"@id":"https:\/\/kangook.com\/fr\/#website"},"primaryImageOfPage":{"@id":"https:\/\/kangook.com\/fr\/produit\/pfh001\/#primaryimage"},"image":{"@id":"https:\/\/kangook.com\/fr\/produit\/pfh001\/#primaryimage"},"thumbnailUrl":"https:\/\/kangook.com\/wp-content\/uploads\/2024\/08\/Atom80-red-380.png","datePublished":"2024-08-28T16:42:06+00:00","dateModified":"2026-01-26T21:06:57+00:00","breadcrumb":{"@id":"https:\/\/kangook.com\/fr\/produit\/pfh001\/#breadcrumb"},"inLanguage":"fr-FR","potentialAction":[{"@type":"ReadAction","target":["https:\/\/kangook.com\/fr\/produit\/pfh001\/"]}]},{"@type":"ImageObject","inLanguage":"fr-FR","@id":"https:\/\/kangook.com\/fr\/produit\/pfh001\/#primaryimage","url":"https:\/\/kangook.com\/wp-content\/uploads\/2024\/08\/Atom80-red-380.png","contentUrl":"https:\/\/kangook.com\/wp-content\/uploads\/2024\/08\/Atom80-red-380.png","width":524,"height":476},{"@type":"BreadcrumbList","@id":"https:\/\/kangook.com\/fr\/produit\/pfh001\/#breadcrumb","itemListElement":[{"@type":"ListItem","position":1,"name":"Accueil","item":"https:\/\/kangook.com\/fr\/"},{"@type":"ListItem","position":2,"name":"Store","item":"https:\/\/kangook.com\/store\/"},{"@type":"ListItem","position":3,"name":"PFH001 | E-Props Vittorazi Fly 100 Evo 2, 2 lames"}]},{"@type":"WebSite","@id":"https:\/\/kangook.com\/fr\/#website","url":"https:\/\/kangook.com\/fr\/","name":"Kangook","description":"Kangook Paramotors","publisher":{"@id":"https:\/\/kangook.com\/fr\/#organization"},"potentialAction":[{"@type":"SearchAction","target":{"@type":"EntryPoint","urlTemplate":"https:\/\/kangook.com\/fr\/?s={search_term_string}"},"query-input":{"@type":"PropertyValueSpecification","valueRequired":true,"valueName":"search_term_string"}}],"inLanguage":"fr-FR"},{"@type":"Organization","@id":"https:\/\/kangook.com\/fr\/#organization","name":"Kangook","url":"https:\/\/kangook.com\/fr\/","logo":{"@type":"ImageObject","inLanguage":"fr-FR","@id":"https:\/\/kangook.com\/fr\/#\/schema\/logo\/image\/","url":"https:\/\/kangook.com\/wp-content\/uploads\/2022\/07\/cropped-Kangook-Paramotors-Flag.png","contentUrl":"https:\/\/kangook.com\/wp-content\/uploads\/2022\/07\/cropped-Kangook-Paramotors-Flag.png","width":500,"height":97,"caption":"Kangook"},"image":{"@id":"https:\/\/kangook.com\/fr\/#\/schema\/logo\/image\/"}}]}},"wcpa_form_fields":null,"_links":{"self":[{"href":"https:\/\/kangook.com\/fr\/wp-json\/wp\/v2\/product\/22759","targetHints":{"allow":["GET"]}}],"collection":[{"href":"https:\/\/kangook.com\/fr\/wp-json\/wp\/v2\/product"}],"about":[{"href":"https:\/\/kangook.com\/fr\/wp-json\/wp\/v2\/types\/product"}],"version-history":[{"count":1,"href":"https:\/\/kangook.com\/fr\/wp-json\/wp\/v2\/product\/22759\/revisions"}],"predecessor-version":[{"id":31078,"href":"https:\/\/kangook.com\/fr\/wp-json\/wp\/v2\/product\/22759\/revisions\/31078"}],"wp:featuredmedia":[{"embeddable":true,"href":"https:\/\/kangook.com\/fr\/wp-json\/wp\/v2\/media\/19059"}],"wp:attachment":[{"href":"https:\/\/kangook.com\/fr\/wp-json\/wp\/v2\/media?parent=22759"}],"wp:term":[{"taxonomy":"product_brand","embeddable":true,"href":"https:\/\/kangook.com\/fr\/wp-json\/wp\/v2\/product_brand?post=22759"},{"taxonomy":"product_cat","embeddable":true,"href":"https:\/\/kangook.com\/fr\/wp-json\/wp\/v2\/product_cat?post=22759"},{"taxonomy":"product_tag","embeddable":true,"href":"https:\/\/kangook.com\/fr\/wp-json\/wp\/v2\/product_tag?post=22759"}],"curies":[{"name":"wp","href":"https:\/\/api.w.org\/{rel}","templated":true}]}}