{"id":22746,"date":"2024-08-30T12:45:47","date_gmt":"2024-08-30T12:45:47","guid":{"rendered":"https:\/\/kangook.com\/product\/apco-stainless-steel-carabiner\/"},"modified":"2026-01-26T20:33:37","modified_gmt":"2026-01-26T20:33:37","slug":"apco-stainless-steel-carabiner","status":"publish","type":"product","link":"https:\/\/kangook.com\/fr\/produit\/apco-stainless-steel-carabiner\/","title":{"rendered":"Mousqueton en acier inoxydable APCO"},"content":{"rendered":"","protected":false},"excerpt":{"rendered":"<p>Ce mousqueton de pointe est soigneusement con\u00e7u et magnifiquement fini pour offrir une alternative s\u00fbre et conviviale aux pilotes de paramoteur et de vol libre.<\/p>\n<ul class=\"orange\">\n<li>Forg\u00e9 en acier inoxydable.<\/li>\n<li>Charge nominale de 2 200 kg. Charge de rupture minimale. <\/li>\n<li>Poids &#8211; 130gr.<\/li>\n<li>Dimensions &#8211; 70\u00d765 mm.<\/li>\n<li>Accepte jusqu&rsquo;\u00e0 45 mm de sangle \u00e0 la base et 25 mm de sangle au sommet.  <\/li>\n<li>Le m\u00e9canisme de fermeture est notre serrure standard \u00e0 double s\u00e9curit\u00e9.<\/li>\n<li>Facile \u00e0 utiliser, convivial pour le pilote. Pas de rainures tranchantes pour faciliter l&rsquo;entr\u00e9e et la sortie du harnais et des sangles d&rsquo;\u00e9l\u00e9vateurs. <\/li>\n<\/ul>\n","protected":false},"featured_media":19269,"template":"","meta":{"site-sidebar-layout":"default","site-content-layout":"","ast-site-content-layout":"default","site-content-style":"default","site-sidebar-style":"default","ast-global-header-display":"","ast-banner-title-visibility":"","ast-main-header-display":"","ast-hfb-above-header-display":"","ast-hfb-below-header-display":"","ast-hfb-mobile-header-display":"","site-post-title":"","ast-breadcrumbs-content":"","ast-featured-img":"","footer-sml-layout":"","ast-disable-related-posts":"","theme-transparent-header-meta":"default","adv-header-id-meta":"","stick-header-meta":"default","header-above-stick-meta":"","header-main-stick-meta":"","header-below-stick-meta":"","astra-migrate-meta-layouts":"default","ast-page-background-enabled":"default","ast-page-background-meta":{"desktop":{"background-color":"","background-image":"","background-repeat":"repeat","background-position":"center center","background-size":"auto","background-attachment":"scroll","background-type":"","background-media":"","overlay-type":"","overlay-color":"","overlay-opacity":"","overlay-gradient":""},"tablet":{"background-color":"","background-image":"","background-repeat":"repeat","background-position":"center center","background-size":"auto","background-attachment":"scroll","background-type":"","background-media":"","overlay-type":"","overlay-color":"","overlay-opacity":"","overlay-gradient":""},"mobile":{"background-color":"","background-image":"","background-repeat":"repeat","background-position":"center center","background-size":"auto","background-attachment":"scroll","background-type":"","background-media":"","overlay-type":"","overlay-color":"","overlay-opacity":"","overlay-gradient":""}},"ast-content-background-meta":{"desktop":{"background-color":"var(--ast-global-color-5)","background-image":"","background-repeat":"repeat","background-position":"center center","background-size":"auto","background-attachment":"scroll","background-type":"","background-media":"","overlay-type":"","overlay-color":"","overlay-opacity":"","overlay-gradient":""},"tablet":{"background-color":"var(--ast-global-color-5)","background-image":"","background-repeat":"repeat","background-position":"center center","background-size":"auto","background-attachment":"scroll","background-type":"","background-media":"","overlay-type":"","overlay-color":"","overlay-opacity":"","overlay-gradient":""},"mobile":{"background-color":"var(--ast-global-color-5)","background-image":"","background-repeat":"repeat","background-position":"center center","background-size":"auto","background-attachment":"scroll","background-type":"","background-media":"","overlay-type":"","overlay-color":"","overlay-opacity":"","overlay-gradient":""}}},"product_brand":[1373],"product_cat":[742,792],"product_tag":[1147,1091,1089,1100,1099,1096,1088,1137,1102,1098,1093,1090,1104,1095,1094,1103,1092,1101],"class_list":{"0":"post-22746","1":"product","2":"type-product","3":"status-publish","4":"has-post-thumbnail","6":"product_brand-apco-aviation","7":"product_cat-marque-apco","8":"product_cat-mousquetons","9":"product_tag-acier-inoxydable","10":"product_tag-anneau-en-d","11":"product_tag-apco-fr","12":"product_tag-biner-fr","13":"product_tag-charge-par-un-ressort","14":"product_tag-engrenages","15":"product_tag-harnais","16":"product_tag-inox","17":"product_tag-materiel-de-plein-air","18":"product_tag-mecanisme-de-verrouillage","19":"product_tag-mousqueton-fr","20":"product_tag-mousqueton","21":"product_tag-mousqueton-a-verrouillage-rotatif","22":"product_tag-piece-jointe","23":"product_tag-porte-cles","24":"product_tag-securite","25":"product_tag-snap-fr","26":"product_tag-tirage-rapide","27":"desktop-align-left","28":"tablet-align-left","29":"mobile-align-left","30":"ast-product-gallery-layout-horizontal-slider","31":"ast-qv-on-image","33":"first","34":"instock","35":"taxable","36":"shipping-taxable","37":"purchasable","38":"product-type-simple"},"yoast_head":"<!-- This site is optimized with the Yoast SEO plugin v27.5 - https:\/\/yoast.com\/product\/yoast-seo-wordpress\/ -->\n<title>Mousqueton en acier inoxydable APCO - Kangook Canada<\/title>\n<meta name=\"robots\" content=\"index, follow, max-snippet:-1, max-image-preview:large, max-video-preview:-1\" \/>\n<link rel=\"canonical\" href=\"https:\/\/kangook.com\/fr\/produit\/apco-stainless-steel-carabiner\/\" \/>\n<meta property=\"og:locale\" content=\"fr_FR\" \/>\n<meta property=\"og:type\" content=\"article\" \/>\n<meta property=\"og:title\" content=\"Mousqueton en acier inoxydable APCO - Kangook Canada\" \/>\n<meta property=\"og:description\" content=\"Ce mousqueton de pointe est soigneusement con\u00e7u et magnifiquement fini pour offrir une alternative s\u00fbre et conviviale aux pilotes de paramoteur et de vol libre.  Forg\u00e9 en acier inoxydable.  Charge nominale de 2 200 kg. Charge de rupture minimale.  Poids - 130gr.  Dimensions - 70\u00d765 mm.  Accepte jusqu&#039;\u00e0 45 mm de sangle \u00e0 la base et 25 mm de sangle au sommet.   Le m\u00e9canisme de fermeture est notre serrure standard \u00e0 double s\u00e9curit\u00e9.  Facile \u00e0 utiliser, convivial pour le pilote. Pas de rainures tranchantes pour faciliter l&#039;entr\u00e9e et la sortie du harnais et des sangles d&#039;\u00e9l\u00e9vateurs.\" \/>\n<meta property=\"og:url\" content=\"https:\/\/kangook.com\/fr\/produit\/apco-stainless-steel-carabiner\/\" \/>\n<meta property=\"og:site_name\" content=\"Kangook Canada\" \/>\n<meta property=\"article:modified_time\" content=\"2026-01-26T20:33:37+00:00\" \/>\n<meta property=\"og:image\" content=\"https:\/\/kangook.com\/wp-content\/uploads\/2024\/08\/Mousqueton-apco-stainless-steel-2.png\" \/>\n\t<meta property=\"og:image:width\" content=\"577\" \/>\n\t<meta property=\"og:image:height\" content=\"433\" \/>\n\t<meta property=\"og:image:type\" content=\"image\/png\" \/>\n<meta name=\"twitter:card\" content=\"summary_large_image\" \/>\n<script type=\"application\/ld+json\" class=\"yoast-schema-graph\">{\"@context\":\"https:\\\/\\\/schema.org\",\"@graph\":[{\"@type\":\"WebPage\",\"@id\":\"https:\\\/\\\/kangook.com\\\/fr\\\/produit\\\/apco-stainless-steel-carabiner\\\/\",\"url\":\"https:\\\/\\\/kangook.com\\\/fr\\\/produit\\\/apco-stainless-steel-carabiner\\\/\",\"name\":\"Mousqueton en acier inoxydable APCO - Kangook Canada\",\"isPartOf\":{\"@id\":\"https:\\\/\\\/kangook.com\\\/fr\\\/#website\"},\"primaryImageOfPage\":{\"@id\":\"https:\\\/\\\/kangook.com\\\/fr\\\/produit\\\/apco-stainless-steel-carabiner\\\/#primaryimage\"},\"image\":{\"@id\":\"https:\\\/\\\/kangook.com\\\/fr\\\/produit\\\/apco-stainless-steel-carabiner\\\/#primaryimage\"},\"thumbnailUrl\":\"https:\\\/\\\/kangook.com\\\/wp-content\\\/uploads\\\/2024\\\/08\\\/Mousqueton-apco-stainless-steel-2.png\",\"datePublished\":\"2024-08-30T12:45:47+00:00\",\"dateModified\":\"2026-01-26T20:33:37+00:00\",\"breadcrumb\":{\"@id\":\"https:\\\/\\\/kangook.com\\\/fr\\\/produit\\\/apco-stainless-steel-carabiner\\\/#breadcrumb\"},\"inLanguage\":\"fr-FR\",\"potentialAction\":[{\"@type\":\"ReadAction\",\"target\":[\"https:\\\/\\\/kangook.com\\\/fr\\\/produit\\\/apco-stainless-steel-carabiner\\\/\"]}]},{\"@type\":\"ImageObject\",\"inLanguage\":\"fr-FR\",\"@id\":\"https:\\\/\\\/kangook.com\\\/fr\\\/produit\\\/apco-stainless-steel-carabiner\\\/#primaryimage\",\"url\":\"https:\\\/\\\/kangook.com\\\/wp-content\\\/uploads\\\/2024\\\/08\\\/Mousqueton-apco-stainless-steel-2.png\",\"contentUrl\":\"https:\\\/\\\/kangook.com\\\/wp-content\\\/uploads\\\/2024\\\/08\\\/Mousqueton-apco-stainless-steel-2.png\",\"width\":577,\"height\":433},{\"@type\":\"BreadcrumbList\",\"@id\":\"https:\\\/\\\/kangook.com\\\/fr\\\/produit\\\/apco-stainless-steel-carabiner\\\/#breadcrumb\",\"itemListElement\":[{\"@type\":\"ListItem\",\"position\":1,\"name\":\"Accueil\",\"item\":\"https:\\\/\\\/kangook.com\\\/fr\\\/\"},{\"@type\":\"ListItem\",\"position\":2,\"name\":\"Store\",\"item\":\"https:\\\/\\\/kangook.com\\\/store\\\/\"},{\"@type\":\"ListItem\",\"position\":3,\"name\":\"Mousqueton en acier inoxydable APCO\"}]},{\"@type\":\"WebSite\",\"@id\":\"https:\\\/\\\/kangook.com\\\/fr\\\/#website\",\"url\":\"https:\\\/\\\/kangook.com\\\/fr\\\/\",\"name\":\"Kangook\",\"description\":\"Kangook Paramotors\",\"publisher\":{\"@id\":\"https:\\\/\\\/kangook.com\\\/fr\\\/#organization\"},\"potentialAction\":[{\"@type\":\"SearchAction\",\"target\":{\"@type\":\"EntryPoint\",\"urlTemplate\":\"https:\\\/\\\/kangook.com\\\/fr\\\/?s={search_term_string}\"},\"query-input\":{\"@type\":\"PropertyValueSpecification\",\"valueRequired\":true,\"valueName\":\"search_term_string\"}}],\"inLanguage\":\"fr-FR\"},{\"@type\":\"Organization\",\"@id\":\"https:\\\/\\\/kangook.com\\\/fr\\\/#organization\",\"name\":\"Kangook\",\"url\":\"https:\\\/\\\/kangook.com\\\/fr\\\/\",\"logo\":{\"@type\":\"ImageObject\",\"inLanguage\":\"fr-FR\",\"@id\":\"https:\\\/\\\/kangook.com\\\/fr\\\/#\\\/schema\\\/logo\\\/image\\\/\",\"url\":\"https:\\\/\\\/kangook.com\\\/wp-content\\\/uploads\\\/2022\\\/07\\\/cropped-Kangook-Paramotors-Flag.png\",\"contentUrl\":\"https:\\\/\\\/kangook.com\\\/wp-content\\\/uploads\\\/2022\\\/07\\\/cropped-Kangook-Paramotors-Flag.png\",\"width\":500,\"height\":97,\"caption\":\"Kangook\"},\"image\":{\"@id\":\"https:\\\/\\\/kangook.com\\\/fr\\\/#\\\/schema\\\/logo\\\/image\\\/\"}}]}<\/script>\n<!-- \/ Yoast SEO plugin. -->","yoast_head_json":{"title":"Mousqueton en acier inoxydable APCO - Kangook Canada","robots":{"index":"index","follow":"follow","max-snippet":"max-snippet:-1","max-image-preview":"max-image-preview:large","max-video-preview":"max-video-preview:-1"},"canonical":"https:\/\/kangook.com\/fr\/produit\/apco-stainless-steel-carabiner\/","og_locale":"fr_FR","og_type":"article","og_title":"Mousqueton en acier inoxydable APCO - Kangook Canada","og_description":"Ce mousqueton de pointe est soigneusement con\u00e7u et magnifiquement fini pour offrir une alternative s\u00fbre et conviviale aux pilotes de paramoteur et de vol libre.  Forg\u00e9 en acier inoxydable.  Charge nominale de 2 200 kg. Charge de rupture minimale.  Poids - 130gr.  Dimensions - 70\u00d765 mm.  Accepte jusqu'\u00e0 45 mm de sangle \u00e0 la base et 25 mm de sangle au sommet.   Le m\u00e9canisme de fermeture est notre serrure standard \u00e0 double s\u00e9curit\u00e9.  Facile \u00e0 utiliser, convivial pour le pilote. Pas de rainures tranchantes pour faciliter l'entr\u00e9e et la sortie du harnais et des sangles d'\u00e9l\u00e9vateurs.","og_url":"https:\/\/kangook.com\/fr\/produit\/apco-stainless-steel-carabiner\/","og_site_name":"Kangook Canada","article_modified_time":"2026-01-26T20:33:37+00:00","og_image":[{"width":577,"height":433,"url":"https:\/\/kangook.com\/wp-content\/uploads\/2024\/08\/Mousqueton-apco-stainless-steel-2.png","type":"image\/png"}],"twitter_card":"summary_large_image","schema":{"@context":"https:\/\/schema.org","@graph":[{"@type":"WebPage","@id":"https:\/\/kangook.com\/fr\/produit\/apco-stainless-steel-carabiner\/","url":"https:\/\/kangook.com\/fr\/produit\/apco-stainless-steel-carabiner\/","name":"Mousqueton en acier inoxydable APCO - Kangook Canada","isPartOf":{"@id":"https:\/\/kangook.com\/fr\/#website"},"primaryImageOfPage":{"@id":"https:\/\/kangook.com\/fr\/produit\/apco-stainless-steel-carabiner\/#primaryimage"},"image":{"@id":"https:\/\/kangook.com\/fr\/produit\/apco-stainless-steel-carabiner\/#primaryimage"},"thumbnailUrl":"https:\/\/kangook.com\/wp-content\/uploads\/2024\/08\/Mousqueton-apco-stainless-steel-2.png","datePublished":"2024-08-30T12:45:47+00:00","dateModified":"2026-01-26T20:33:37+00:00","breadcrumb":{"@id":"https:\/\/kangook.com\/fr\/produit\/apco-stainless-steel-carabiner\/#breadcrumb"},"inLanguage":"fr-FR","potentialAction":[{"@type":"ReadAction","target":["https:\/\/kangook.com\/fr\/produit\/apco-stainless-steel-carabiner\/"]}]},{"@type":"ImageObject","inLanguage":"fr-FR","@id":"https:\/\/kangook.com\/fr\/produit\/apco-stainless-steel-carabiner\/#primaryimage","url":"https:\/\/kangook.com\/wp-content\/uploads\/2024\/08\/Mousqueton-apco-stainless-steel-2.png","contentUrl":"https:\/\/kangook.com\/wp-content\/uploads\/2024\/08\/Mousqueton-apco-stainless-steel-2.png","width":577,"height":433},{"@type":"BreadcrumbList","@id":"https:\/\/kangook.com\/fr\/produit\/apco-stainless-steel-carabiner\/#breadcrumb","itemListElement":[{"@type":"ListItem","position":1,"name":"Accueil","item":"https:\/\/kangook.com\/fr\/"},{"@type":"ListItem","position":2,"name":"Store","item":"https:\/\/kangook.com\/store\/"},{"@type":"ListItem","position":3,"name":"Mousqueton en acier inoxydable APCO"}]},{"@type":"WebSite","@id":"https:\/\/kangook.com\/fr\/#website","url":"https:\/\/kangook.com\/fr\/","name":"Kangook","description":"Kangook Paramotors","publisher":{"@id":"https:\/\/kangook.com\/fr\/#organization"},"potentialAction":[{"@type":"SearchAction","target":{"@type":"EntryPoint","urlTemplate":"https:\/\/kangook.com\/fr\/?s={search_term_string}"},"query-input":{"@type":"PropertyValueSpecification","valueRequired":true,"valueName":"search_term_string"}}],"inLanguage":"fr-FR"},{"@type":"Organization","@id":"https:\/\/kangook.com\/fr\/#organization","name":"Kangook","url":"https:\/\/kangook.com\/fr\/","logo":{"@type":"ImageObject","inLanguage":"fr-FR","@id":"https:\/\/kangook.com\/fr\/#\/schema\/logo\/image\/","url":"https:\/\/kangook.com\/wp-content\/uploads\/2022\/07\/cropped-Kangook-Paramotors-Flag.png","contentUrl":"https:\/\/kangook.com\/wp-content\/uploads\/2022\/07\/cropped-Kangook-Paramotors-Flag.png","width":500,"height":97,"caption":"Kangook"},"image":{"@id":"https:\/\/kangook.com\/fr\/#\/schema\/logo\/image\/"}}]}},"wcpa_form_fields":null,"_links":{"self":[{"href":"https:\/\/kangook.com\/fr\/wp-json\/wp\/v2\/product\/22746","targetHints":{"allow":["GET"]}}],"collection":[{"href":"https:\/\/kangook.com\/fr\/wp-json\/wp\/v2\/product"}],"about":[{"href":"https:\/\/kangook.com\/fr\/wp-json\/wp\/v2\/types\/product"}],"version-history":[{"count":1,"href":"https:\/\/kangook.com\/fr\/wp-json\/wp\/v2\/product\/22746\/revisions"}],"predecessor-version":[{"id":30098,"href":"https:\/\/kangook.com\/fr\/wp-json\/wp\/v2\/product\/22746\/revisions\/30098"}],"wp:featuredmedia":[{"embeddable":true,"href":"https:\/\/kangook.com\/fr\/wp-json\/wp\/v2\/media\/19269"}],"wp:attachment":[{"href":"https:\/\/kangook.com\/fr\/wp-json\/wp\/v2\/media?parent=22746"}],"wp:term":[{"taxonomy":"product_brand","embeddable":true,"href":"https:\/\/kangook.com\/fr\/wp-json\/wp\/v2\/product_brand?post=22746"},{"taxonomy":"product_cat","embeddable":true,"href":"https:\/\/kangook.com\/fr\/wp-json\/wp\/v2\/product_cat?post=22746"},{"taxonomy":"product_tag","embeddable":true,"href":"https:\/\/kangook.com\/fr\/wp-json\/wp\/v2\/product_tag?post=22746"}],"curies":[{"name":"wp","href":"https:\/\/api.w.org\/{rel}","templated":true}]}}