{"id":22722,"date":"2024-09-03T16:43:32","date_gmt":"2024-09-03T16:43:32","guid":{"rendered":"https:\/\/kangook.com\/product\/helix-vittorazi-carbon-fiber-propeller-fast-acceleration-for-vittorazi-moster-185-2-blades\/"},"modified":"2026-01-26T21:06:34","modified_gmt":"2026-01-26T21:06:34","slug":"pmh010","status":"publish","type":"product","link":"https:\/\/kangook.com\/fr\/produit\/pmh010\/","title":{"rendered":"PMH010 | Helix &#8211; Vittorazi Carbon Fiber Propeller Fast Acceleration for Vittorazi Moster 185, 2 Blades"},"content":{"rendered":"","protected":false},"excerpt":{"rendered":"<p><span style=\"vertical-align: inherit;\"><span style=\"vertical-align: inherit;\"><span style=\"vertical-align: inherit;\"><span style=\"vertical-align: inherit;\">H\u00e9lice Helix &#8211; H\u00e9lice en fibre de carbone \u00e0 acc\u00e9l\u00e9ration rapide pour Vittorazi Moster 185 Classic, Plus, Silent, EFI avec un diam\u00e8tre de 125 cm, 130 cm ou 140 cm et une r\u00e9duction de 2,68 ou 2,87.<\/span><\/span><\/span><\/span><\/p>\n","protected":false},"featured_media":19285,"template":"","meta":{"site-sidebar-layout":"default","site-content-layout":"","ast-site-content-layout":"default","site-content-style":"default","site-sidebar-style":"default","ast-global-header-display":"","ast-banner-title-visibility":"","ast-main-header-display":"","ast-hfb-above-header-display":"","ast-hfb-below-header-display":"","ast-hfb-mobile-header-display":"","site-post-title":"","ast-breadcrumbs-content":"","ast-featured-img":"","footer-sml-layout":"","ast-disable-related-posts":"","theme-transparent-header-meta":"default","adv-header-id-meta":"","stick-header-meta":"default","header-above-stick-meta":"","header-main-stick-meta":"","header-below-stick-meta":"","astra-migrate-meta-layouts":"default","ast-page-background-enabled":"default","ast-page-background-meta":{"desktop":{"background-color":"","background-image":"","background-repeat":"repeat","background-position":"center center","background-size":"auto","background-attachment":"scroll","background-type":"","background-media":"","overlay-type":"","overlay-color":"","overlay-opacity":"","overlay-gradient":""},"tablet":{"background-color":"","background-image":"","background-repeat":"repeat","background-position":"center center","background-size":"auto","background-attachment":"scroll","background-type":"","background-media":"","overlay-type":"","overlay-color":"","overlay-opacity":"","overlay-gradient":""},"mobile":{"background-color":"","background-image":"","background-repeat":"repeat","background-position":"center center","background-size":"auto","background-attachment":"scroll","background-type":"","background-media":"","overlay-type":"","overlay-color":"","overlay-opacity":"","overlay-gradient":""}},"ast-content-background-meta":{"desktop":{"background-color":"var(--ast-global-color-5)","background-image":"","background-repeat":"repeat","background-position":"center center","background-size":"auto","background-attachment":"scroll","background-type":"","background-media":"","overlay-type":"","overlay-color":"","overlay-opacity":"","overlay-gradient":""},"tablet":{"background-color":"var(--ast-global-color-5)","background-image":"","background-repeat":"repeat","background-position":"center center","background-size":"auto","background-attachment":"scroll","background-type":"","background-media":"","overlay-type":"","overlay-color":"","overlay-opacity":"","overlay-gradient":""},"mobile":{"background-color":"var(--ast-global-color-5)","background-image":"","background-repeat":"repeat","background-position":"center center","background-size":"auto","background-attachment":"scroll","background-type":"","background-media":"","overlay-type":"","overlay-color":"","overlay-opacity":"","overlay-gradient":""}}},"product_brand":[1358],"product_cat":[796,798,745,783,785,786,205,175,174,173],"product_tag":[961,960,1071,1143,949,1067,958,959,955,956,957,1068,886,676,1027,1069,950,1070,675],"class_list":{"0":"post-22722","1":"product","2":"type-product","3":"status-publish","4":"has-post-thumbnail","6":"product_brand-vittorazi","7":"product_cat-helices-utilisation","8":"product_cat-helices-vittorazi","9":"product_cat-helix-fr-marque","10":"product_cat-moteur-moster185-classic","11":"product_cat-moteur-moster185-plus","12":"product_cat-moteur-moster185-silent","13":"product_cat-moster185-classic-fr","14":"product_cat-moster185-plus-fr","15":"product_cat-moster185-silent-fr","16":"product_cat-vittorazi-fr-marque","17":"product_tag-2-68-reduction-fr","18":"product_tag-2-87-reduction-fr","19":"product_tag-a-deux-lames","20":"product_tag-acceleration-rapide","21":"product_tag-classic-fr","22":"product_tag-diametre","23":"product_tag-fibre-de-carbone","24":"product_tag-helice","25":"product_tag-helice-de-paramoteur","26":"product_tag-helix-fr","27":"product_tag-lame","28":"product_tag-longueur","29":"product_tag-moster-185-fr","30":"product_tag-moteur","31":"product_tag-plus-fr","32":"product_tag-poussee","33":"product_tag-silent-fr","34":"product_tag-usine","35":"product_tag-vittorazi-fr","36":"desktop-align-left","37":"tablet-align-left","38":"mobile-align-left","39":"ast-product-gallery-layout-horizontal-slider","40":"ast-product-gallery-with-no-image","41":"ast-product-single-variable","42":"ast-qv-on-image","44":"first","45":"instock","46":"taxable","47":"shipping-taxable","48":"purchasable","49":"product-type-variable"},"yoast_head":"<!-- This site is optimized with the Yoast SEO plugin v27.5 - https:\/\/yoast.com\/product\/yoast-seo-wordpress\/ -->\n<title>PMH010 | Helix - Vittorazi Carbon Fiber Propeller Fast Acceleration for Vittorazi Moster 185, 2 Blades - Kangook Canada<\/title>\n<meta name=\"robots\" content=\"index, follow, max-snippet:-1, max-image-preview:large, max-video-preview:-1\" \/>\n<link rel=\"canonical\" href=\"https:\/\/kangook.com\/fr\/produit\/pmh010\/\" \/>\n<meta property=\"og:locale\" content=\"fr_FR\" \/>\n<meta property=\"og:type\" content=\"article\" \/>\n<meta property=\"og:title\" content=\"PMH010 | Helix - Vittorazi Carbon Fiber Propeller Fast Acceleration for Vittorazi Moster 185, 2 Blades - Kangook Canada\" \/>\n<meta property=\"og:description\" content=\"H\u00e9lice Helix - H\u00e9lice en fibre de carbone \u00e0 acc\u00e9l\u00e9ration rapide pour Vittorazi Moster 185 Classic, Plus, Silent, EFI avec un diam\u00e8tre de 125 cm, 130 cm ou 140 cm et une r\u00e9duction de 2,68 ou 2,87.\" \/>\n<meta property=\"og:url\" content=\"https:\/\/kangook.com\/fr\/produit\/pmh010\/\" \/>\n<meta property=\"og:site_name\" content=\"Kangook Canada\" \/>\n<meta property=\"article:modified_time\" content=\"2026-01-26T21:06:34+00:00\" \/>\n<meta property=\"og:image\" content=\"https:\/\/kangook.com\/wp-content\/uploads\/2024\/08\/Vittorazi_2_pales-1.png\" \/>\n\t<meta property=\"og:image:width\" content=\"500\" \/>\n\t<meta property=\"og:image:height\" content=\"500\" \/>\n\t<meta property=\"og:image:type\" content=\"image\/png\" \/>\n<meta name=\"twitter:card\" content=\"summary_large_image\" \/>\n<script type=\"application\/ld+json\" class=\"yoast-schema-graph\">{\"@context\":\"https:\\\/\\\/schema.org\",\"@graph\":[{\"@type\":\"WebPage\",\"@id\":\"https:\\\/\\\/kangook.com\\\/fr\\\/produit\\\/pmh010\\\/\",\"url\":\"https:\\\/\\\/kangook.com\\\/fr\\\/produit\\\/pmh010\\\/\",\"name\":\"PMH010 | Helix - Vittorazi Carbon Fiber Propeller Fast Acceleration for Vittorazi Moster 185, 2 Blades - Kangook Canada\",\"isPartOf\":{\"@id\":\"https:\\\/\\\/kangook.com\\\/fr\\\/#website\"},\"primaryImageOfPage\":{\"@id\":\"https:\\\/\\\/kangook.com\\\/fr\\\/produit\\\/pmh010\\\/#primaryimage\"},\"image\":{\"@id\":\"https:\\\/\\\/kangook.com\\\/fr\\\/produit\\\/pmh010\\\/#primaryimage\"},\"thumbnailUrl\":\"https:\\\/\\\/kangook.com\\\/wp-content\\\/uploads\\\/2024\\\/08\\\/Vittorazi_2_pales-1.png\",\"datePublished\":\"2024-09-03T16:43:32+00:00\",\"dateModified\":\"2026-01-26T21:06:34+00:00\",\"breadcrumb\":{\"@id\":\"https:\\\/\\\/kangook.com\\\/fr\\\/produit\\\/pmh010\\\/#breadcrumb\"},\"inLanguage\":\"fr-FR\",\"potentialAction\":[{\"@type\":\"ReadAction\",\"target\":[\"https:\\\/\\\/kangook.com\\\/fr\\\/produit\\\/pmh010\\\/\"]}]},{\"@type\":\"ImageObject\",\"inLanguage\":\"fr-FR\",\"@id\":\"https:\\\/\\\/kangook.com\\\/fr\\\/produit\\\/pmh010\\\/#primaryimage\",\"url\":\"https:\\\/\\\/kangook.com\\\/wp-content\\\/uploads\\\/2024\\\/08\\\/Vittorazi_2_pales-1.png\",\"contentUrl\":\"https:\\\/\\\/kangook.com\\\/wp-content\\\/uploads\\\/2024\\\/08\\\/Vittorazi_2_pales-1.png\",\"width\":500,\"height\":500},{\"@type\":\"BreadcrumbList\",\"@id\":\"https:\\\/\\\/kangook.com\\\/fr\\\/produit\\\/pmh010\\\/#breadcrumb\",\"itemListElement\":[{\"@type\":\"ListItem\",\"position\":1,\"name\":\"Accueil\",\"item\":\"https:\\\/\\\/kangook.com\\\/fr\\\/\"},{\"@type\":\"ListItem\",\"position\":2,\"name\":\"Store\",\"item\":\"https:\\\/\\\/kangook.com\\\/store\\\/\"},{\"@type\":\"ListItem\",\"position\":3,\"name\":\"PMH010 | Helix &#8211; Vittorazi Carbon Fiber Propeller Fast Acceleration for Vittorazi Moster 185, 2 Blades\"}]},{\"@type\":\"WebSite\",\"@id\":\"https:\\\/\\\/kangook.com\\\/fr\\\/#website\",\"url\":\"https:\\\/\\\/kangook.com\\\/fr\\\/\",\"name\":\"Kangook\",\"description\":\"Kangook Paramotors\",\"publisher\":{\"@id\":\"https:\\\/\\\/kangook.com\\\/fr\\\/#organization\"},\"potentialAction\":[{\"@type\":\"SearchAction\",\"target\":{\"@type\":\"EntryPoint\",\"urlTemplate\":\"https:\\\/\\\/kangook.com\\\/fr\\\/?s={search_term_string}\"},\"query-input\":{\"@type\":\"PropertyValueSpecification\",\"valueRequired\":true,\"valueName\":\"search_term_string\"}}],\"inLanguage\":\"fr-FR\"},{\"@type\":\"Organization\",\"@id\":\"https:\\\/\\\/kangook.com\\\/fr\\\/#organization\",\"name\":\"Kangook\",\"url\":\"https:\\\/\\\/kangook.com\\\/fr\\\/\",\"logo\":{\"@type\":\"ImageObject\",\"inLanguage\":\"fr-FR\",\"@id\":\"https:\\\/\\\/kangook.com\\\/fr\\\/#\\\/schema\\\/logo\\\/image\\\/\",\"url\":\"https:\\\/\\\/kangook.com\\\/wp-content\\\/uploads\\\/2022\\\/07\\\/cropped-Kangook-Paramotors-Flag.png\",\"contentUrl\":\"https:\\\/\\\/kangook.com\\\/wp-content\\\/uploads\\\/2022\\\/07\\\/cropped-Kangook-Paramotors-Flag.png\",\"width\":500,\"height\":97,\"caption\":\"Kangook\"},\"image\":{\"@id\":\"https:\\\/\\\/kangook.com\\\/fr\\\/#\\\/schema\\\/logo\\\/image\\\/\"}}]}<\/script>\n<!-- \/ Yoast SEO plugin. -->","yoast_head_json":{"title":"PMH010 | Helix - Vittorazi Carbon Fiber Propeller Fast Acceleration for Vittorazi Moster 185, 2 Blades - Kangook Canada","robots":{"index":"index","follow":"follow","max-snippet":"max-snippet:-1","max-image-preview":"max-image-preview:large","max-video-preview":"max-video-preview:-1"},"canonical":"https:\/\/kangook.com\/fr\/produit\/pmh010\/","og_locale":"fr_FR","og_type":"article","og_title":"PMH010 | Helix - Vittorazi Carbon Fiber Propeller Fast Acceleration for Vittorazi Moster 185, 2 Blades - Kangook Canada","og_description":"H\u00e9lice Helix - H\u00e9lice en fibre de carbone \u00e0 acc\u00e9l\u00e9ration rapide pour Vittorazi Moster 185 Classic, Plus, Silent, EFI avec un diam\u00e8tre de 125 cm, 130 cm ou 140 cm et une r\u00e9duction de 2,68 ou 2,87.","og_url":"https:\/\/kangook.com\/fr\/produit\/pmh010\/","og_site_name":"Kangook Canada","article_modified_time":"2026-01-26T21:06:34+00:00","og_image":[{"width":500,"height":500,"url":"https:\/\/kangook.com\/wp-content\/uploads\/2024\/08\/Vittorazi_2_pales-1.png","type":"image\/png"}],"twitter_card":"summary_large_image","schema":{"@context":"https:\/\/schema.org","@graph":[{"@type":"WebPage","@id":"https:\/\/kangook.com\/fr\/produit\/pmh010\/","url":"https:\/\/kangook.com\/fr\/produit\/pmh010\/","name":"PMH010 | Helix - Vittorazi Carbon Fiber Propeller Fast Acceleration for Vittorazi Moster 185, 2 Blades - Kangook Canada","isPartOf":{"@id":"https:\/\/kangook.com\/fr\/#website"},"primaryImageOfPage":{"@id":"https:\/\/kangook.com\/fr\/produit\/pmh010\/#primaryimage"},"image":{"@id":"https:\/\/kangook.com\/fr\/produit\/pmh010\/#primaryimage"},"thumbnailUrl":"https:\/\/kangook.com\/wp-content\/uploads\/2024\/08\/Vittorazi_2_pales-1.png","datePublished":"2024-09-03T16:43:32+00:00","dateModified":"2026-01-26T21:06:34+00:00","breadcrumb":{"@id":"https:\/\/kangook.com\/fr\/produit\/pmh010\/#breadcrumb"},"inLanguage":"fr-FR","potentialAction":[{"@type":"ReadAction","target":["https:\/\/kangook.com\/fr\/produit\/pmh010\/"]}]},{"@type":"ImageObject","inLanguage":"fr-FR","@id":"https:\/\/kangook.com\/fr\/produit\/pmh010\/#primaryimage","url":"https:\/\/kangook.com\/wp-content\/uploads\/2024\/08\/Vittorazi_2_pales-1.png","contentUrl":"https:\/\/kangook.com\/wp-content\/uploads\/2024\/08\/Vittorazi_2_pales-1.png","width":500,"height":500},{"@type":"BreadcrumbList","@id":"https:\/\/kangook.com\/fr\/produit\/pmh010\/#breadcrumb","itemListElement":[{"@type":"ListItem","position":1,"name":"Accueil","item":"https:\/\/kangook.com\/fr\/"},{"@type":"ListItem","position":2,"name":"Store","item":"https:\/\/kangook.com\/store\/"},{"@type":"ListItem","position":3,"name":"PMH010 | Helix &#8211; Vittorazi Carbon Fiber Propeller Fast Acceleration for Vittorazi Moster 185, 2 Blades"}]},{"@type":"WebSite","@id":"https:\/\/kangook.com\/fr\/#website","url":"https:\/\/kangook.com\/fr\/","name":"Kangook","description":"Kangook Paramotors","publisher":{"@id":"https:\/\/kangook.com\/fr\/#organization"},"potentialAction":[{"@type":"SearchAction","target":{"@type":"EntryPoint","urlTemplate":"https:\/\/kangook.com\/fr\/?s={search_term_string}"},"query-input":{"@type":"PropertyValueSpecification","valueRequired":true,"valueName":"search_term_string"}}],"inLanguage":"fr-FR"},{"@type":"Organization","@id":"https:\/\/kangook.com\/fr\/#organization","name":"Kangook","url":"https:\/\/kangook.com\/fr\/","logo":{"@type":"ImageObject","inLanguage":"fr-FR","@id":"https:\/\/kangook.com\/fr\/#\/schema\/logo\/image\/","url":"https:\/\/kangook.com\/wp-content\/uploads\/2022\/07\/cropped-Kangook-Paramotors-Flag.png","contentUrl":"https:\/\/kangook.com\/wp-content\/uploads\/2022\/07\/cropped-Kangook-Paramotors-Flag.png","width":500,"height":97,"caption":"Kangook"},"image":{"@id":"https:\/\/kangook.com\/fr\/#\/schema\/logo\/image\/"}}]}},"wcpa_form_fields":null,"_links":{"self":[{"href":"https:\/\/kangook.com\/fr\/wp-json\/wp\/v2\/product\/22722","targetHints":{"allow":["GET"]}}],"collection":[{"href":"https:\/\/kangook.com\/fr\/wp-json\/wp\/v2\/product"}],"about":[{"href":"https:\/\/kangook.com\/fr\/wp-json\/wp\/v2\/types\/product"}],"version-history":[{"count":1,"href":"https:\/\/kangook.com\/fr\/wp-json\/wp\/v2\/product\/22722\/revisions"}],"predecessor-version":[{"id":31063,"href":"https:\/\/kangook.com\/fr\/wp-json\/wp\/v2\/product\/22722\/revisions\/31063"}],"wp:featuredmedia":[{"embeddable":true,"href":"https:\/\/kangook.com\/fr\/wp-json\/wp\/v2\/media\/19285"}],"wp:attachment":[{"href":"https:\/\/kangook.com\/fr\/wp-json\/wp\/v2\/media?parent=22722"}],"wp:term":[{"taxonomy":"product_brand","embeddable":true,"href":"https:\/\/kangook.com\/fr\/wp-json\/wp\/v2\/product_brand?post=22722"},{"taxonomy":"product_cat","embeddable":true,"href":"https:\/\/kangook.com\/fr\/wp-json\/wp\/v2\/product_cat?post=22722"},{"taxonomy":"product_tag","embeddable":true,"href":"https:\/\/kangook.com\/fr\/wp-json\/wp\/v2\/product_tag?post=22722"}],"curies":[{"name":"wp","href":"https:\/\/api.w.org\/{rel}","templated":true}]}}