{"id":22271,"date":"2024-08-21T18:26:54","date_gmt":"2024-08-21T18:26:54","guid":{"rendered":"https:\/\/kangook.com\/product\/stainless-steel-tubular-swan-neck-swing-arms\/"},"modified":"2026-01-26T20:34:43","modified_gmt":"2026-01-26T20:34:43","slug":"stainless-steel-tubular-swan-neck-swing-arms","status":"publish","type":"product","link":"https:\/\/kangook.com\/fr\/produit\/stainless-steel-tubular-swan-neck-swing-arms\/","title":{"rendered":"Bras pivotant \u00e0 col de cygne tubulaire en acier inoxydable"},"content":{"rendered":"<p>Le kit de bras de col de cygne en acier inoxydable est compatible avec tous les mod\u00e8les Kangook<\/p>\n<p><img fetchpriority=\"high\" decoding=\"async\" class=\"wp-image-18936 aligncenter\" src=\"https:\/\/kangook.com\/wp-content\/uploads\/2024\/08\/stainless-tubular-arms-01-300x200.jpg\" alt=\"Bras tubulaires en acier inoxydable - Bras \u00e0 col de cygne\" width=\"371\" height=\"247\" srcset=\"https:\/\/kangook.com\/wp-content\/uploads\/2024\/08\/stainless-tubular-arms-01-300x200.jpg 300w, https:\/\/kangook.com\/wp-content\/uploads\/2024\/08\/stainless-tubular-arms-01-600x400.jpg 600w, https:\/\/kangook.com\/wp-content\/uploads\/2024\/08\/stainless-tubular-arms-01-768x512.jpg 768w, https:\/\/kangook.com\/wp-content\/uploads\/2024\/08\/stainless-tubular-arms-01.jpg 1000w\" sizes=\"(max-width: 371px) 100vw, 371px\" \/><\/p>\n<p> Ce kit comprend les \u00e9l\u00e9ments suivants :<\/p>\n<p>2 X bras de col de cygne en acier inoxydable<br \/>\n2 X jeux de pi\u00e8ces de fixation avec entretoises de couple<br \/>\n2 X manilles autobloquantes<br \/>\n2 X mousquetons<br \/>\n2 X sangles de mousqueton<\/p>\n","protected":false},"excerpt":{"rendered":"<p>Le kit de bras de col de cygne en acier inoxydable est compatible avec tous les mod\u00e8les Kangook Ce kit comprend les \u00e9l\u00e9ments suivants : 2 X bras de col de cygne en acier inoxydable 2 X jeux de pi\u00e8ces de fixation avec entretoises de couple 2 X manilles autobloquantes 2 X mousquetons 2 X [&hellip;]<\/p>\n","protected":false},"featured_media":18937,"template":"","meta":{"site-sidebar-layout":"default","site-content-layout":"","ast-site-content-layout":"default","site-content-style":"default","site-sidebar-style":"default","ast-global-header-display":"","ast-banner-title-visibility":"","ast-main-header-display":"","ast-hfb-above-header-display":"","ast-hfb-below-header-display":"","ast-hfb-mobile-header-display":"","site-post-title":"","ast-breadcrumbs-content":"","ast-featured-img":"","footer-sml-layout":"","ast-disable-related-posts":"","theme-transparent-header-meta":"default","adv-header-id-meta":"","stick-header-meta":"default","header-above-stick-meta":"","header-main-stick-meta":"","header-below-stick-meta":"","astra-migrate-meta-layouts":"default","ast-page-background-enabled":"default","ast-page-background-meta":{"desktop":{"background-color":"","background-image":"","background-repeat":"repeat","background-position":"center center","background-size":"auto","background-attachment":"scroll","background-type":"","background-media":"","overlay-type":"","overlay-color":"","overlay-opacity":"","overlay-gradient":""},"tablet":{"background-color":"","background-image":"","background-repeat":"repeat","background-position":"center center","background-size":"auto","background-attachment":"scroll","background-type":"","background-media":"","overlay-type":"","overlay-color":"","overlay-opacity":"","overlay-gradient":""},"mobile":{"background-color":"","background-image":"","background-repeat":"repeat","background-position":"center center","background-size":"auto","background-attachment":"scroll","background-type":"","background-media":"","overlay-type":"","overlay-color":"","overlay-opacity":"","overlay-gradient":""}},"ast-content-background-meta":{"desktop":{"background-color":"var(--ast-global-color-5)","background-image":"","background-repeat":"repeat","background-position":"center center","background-size":"auto","background-attachment":"scroll","background-type":"","background-media":"","overlay-type":"","overlay-color":"","overlay-opacity":"","overlay-gradient":""},"tablet":{"background-color":"var(--ast-global-color-5)","background-image":"","background-repeat":"repeat","background-position":"center center","background-size":"auto","background-attachment":"scroll","background-type":"","background-media":"","overlay-type":"","overlay-color":"","overlay-opacity":"","overlay-gradient":""},"mobile":{"background-color":"var(--ast-global-color-5)","background-image":"","background-repeat":"repeat","background-position":"center center","background-size":"auto","background-attachment":"scroll","background-type":"","background-media":"","overlay-type":"","overlay-color":"","overlay-opacity":"","overlay-gradient":""}}},"product_brand":[1401],"product_cat":[791],"product_tag":[1139,1138,1134,1137,1140,808,1136,1135,1133],"class_list":{"0":"post-22271","1":"product","2":"type-product","3":"status-publish","4":"has-post-thumbnail","6":"product_brand-kangook","7":"product_cat-accessoires-pour-paramoteur","8":"product_tag-bras-en-col-de-cygne","9":"product_tag-collier","10":"product_tag-cygne","11":"product_tag-inox","12":"product_tag-manille","13":"product_tag-paramotor-fr","14":"product_tag-ss-fr","15":"product_tag-tubulaire","16":"product_tag-universel","17":"desktop-align-left","18":"tablet-align-left","19":"mobile-align-left","20":"ast-product-gallery-layout-horizontal-slider","21":"ast-product-gallery-with-no-image","22":"ast-qv-on-image","24":"first","25":"instock","26":"taxable","27":"shipping-taxable","28":"purchasable","29":"product-type-simple"},"yoast_head":"<!-- This site is optimized with the Yoast SEO plugin v27.4 - https:\/\/yoast.com\/product\/yoast-seo-wordpress\/ -->\n<title>Bras pivotant \u00e0 col de cygne tubulaire en acier inoxydable - Kangook Canada<\/title>\n<meta name=\"robots\" content=\"index, follow, max-snippet:-1, max-image-preview:large, max-video-preview:-1\" \/>\n<link rel=\"canonical\" href=\"https:\/\/kangook.com\/fr\/produit\/stainless-steel-tubular-swan-neck-swing-arms\/\" \/>\n<meta property=\"og:locale\" content=\"fr_FR\" \/>\n<meta property=\"og:type\" content=\"article\" \/>\n<meta property=\"og:title\" content=\"Bras pivotant \u00e0 col de cygne tubulaire en acier inoxydable - Kangook Canada\" \/>\n<meta property=\"og:description\" content=\"Le kit de bras de col de cygne en acier inoxydable est compatible avec tous les mod\u00e8les Kangook Ce kit comprend les \u00e9l\u00e9ments suivants : 2 X bras de col de cygne en acier inoxydable 2 X jeux de pi\u00e8ces de fixation avec entretoises de couple 2 X manilles autobloquantes 2 X mousquetons 2 X [&hellip;]\" \/>\n<meta property=\"og:url\" content=\"https:\/\/kangook.com\/fr\/produit\/stainless-steel-tubular-swan-neck-swing-arms\/\" \/>\n<meta property=\"og:site_name\" content=\"Kangook Canada\" \/>\n<meta property=\"article:modified_time\" content=\"2026-01-26T20:34:43+00:00\" \/>\n<meta property=\"og:image\" content=\"https:\/\/kangook.com\/wp-content\/uploads\/2024\/08\/stainless-tubular-arms-01.jpg\" \/>\n\t<meta property=\"og:image:width\" content=\"1000\" \/>\n\t<meta property=\"og:image:height\" content=\"667\" \/>\n\t<meta property=\"og:image:type\" content=\"image\/jpeg\" \/>\n<meta name=\"twitter:card\" content=\"summary_large_image\" \/>\n<script type=\"application\/ld+json\" class=\"yoast-schema-graph\">{\"@context\":\"https:\\\/\\\/schema.org\",\"@graph\":[{\"@type\":\"WebPage\",\"@id\":\"https:\\\/\\\/kangook.com\\\/fr\\\/produit\\\/stainless-steel-tubular-swan-neck-swing-arms\\\/\",\"url\":\"https:\\\/\\\/kangook.com\\\/fr\\\/produit\\\/stainless-steel-tubular-swan-neck-swing-arms\\\/\",\"name\":\"Bras pivotant \u00e0 col de cygne tubulaire en acier inoxydable - Kangook Canada\",\"isPartOf\":{\"@id\":\"https:\\\/\\\/kangook.com\\\/fr\\\/#website\"},\"primaryImageOfPage\":{\"@id\":\"https:\\\/\\\/kangook.com\\\/fr\\\/produit\\\/stainless-steel-tubular-swan-neck-swing-arms\\\/#primaryimage\"},\"image\":{\"@id\":\"https:\\\/\\\/kangook.com\\\/fr\\\/produit\\\/stainless-steel-tubular-swan-neck-swing-arms\\\/#primaryimage\"},\"thumbnailUrl\":\"https:\\\/\\\/kangook.com\\\/wp-content\\\/uploads\\\/2024\\\/08\\\/stainless-tubular-arms-01.jpg\",\"datePublished\":\"2024-08-21T18:26:54+00:00\",\"dateModified\":\"2026-01-26T20:34:43+00:00\",\"breadcrumb\":{\"@id\":\"https:\\\/\\\/kangook.com\\\/fr\\\/produit\\\/stainless-steel-tubular-swan-neck-swing-arms\\\/#breadcrumb\"},\"inLanguage\":\"fr-FR\",\"potentialAction\":[{\"@type\":\"ReadAction\",\"target\":[\"https:\\\/\\\/kangook.com\\\/fr\\\/produit\\\/stainless-steel-tubular-swan-neck-swing-arms\\\/\"]}]},{\"@type\":\"ImageObject\",\"inLanguage\":\"fr-FR\",\"@id\":\"https:\\\/\\\/kangook.com\\\/fr\\\/produit\\\/stainless-steel-tubular-swan-neck-swing-arms\\\/#primaryimage\",\"url\":\"https:\\\/\\\/kangook.com\\\/wp-content\\\/uploads\\\/2024\\\/08\\\/stainless-tubular-arms-01.jpg\",\"contentUrl\":\"https:\\\/\\\/kangook.com\\\/wp-content\\\/uploads\\\/2024\\\/08\\\/stainless-tubular-arms-01.jpg\",\"width\":1000,\"height\":667,\"caption\":\"Bras tubulaires en acier inoxydable - Bras \u00e0 col de cygne\"},{\"@type\":\"BreadcrumbList\",\"@id\":\"https:\\\/\\\/kangook.com\\\/fr\\\/produit\\\/stainless-steel-tubular-swan-neck-swing-arms\\\/#breadcrumb\",\"itemListElement\":[{\"@type\":\"ListItem\",\"position\":1,\"name\":\"Accueil\",\"item\":\"https:\\\/\\\/kangook.com\\\/fr\\\/\"},{\"@type\":\"ListItem\",\"position\":2,\"name\":\"Store\",\"item\":\"https:\\\/\\\/kangook.com\\\/store\\\/\"},{\"@type\":\"ListItem\",\"position\":3,\"name\":\"Bras pivotant \u00e0 col de cygne tubulaire en acier inoxydable\"}]},{\"@type\":\"WebSite\",\"@id\":\"https:\\\/\\\/kangook.com\\\/fr\\\/#website\",\"url\":\"https:\\\/\\\/kangook.com\\\/fr\\\/\",\"name\":\"Kangook\",\"description\":\"Kangook Paramotors\",\"publisher\":{\"@id\":\"https:\\\/\\\/kangook.com\\\/fr\\\/#organization\"},\"potentialAction\":[{\"@type\":\"SearchAction\",\"target\":{\"@type\":\"EntryPoint\",\"urlTemplate\":\"https:\\\/\\\/kangook.com\\\/fr\\\/?s={search_term_string}\"},\"query-input\":{\"@type\":\"PropertyValueSpecification\",\"valueRequired\":true,\"valueName\":\"search_term_string\"}}],\"inLanguage\":\"fr-FR\"},{\"@type\":\"Organization\",\"@id\":\"https:\\\/\\\/kangook.com\\\/fr\\\/#organization\",\"name\":\"Kangook\",\"url\":\"https:\\\/\\\/kangook.com\\\/fr\\\/\",\"logo\":{\"@type\":\"ImageObject\",\"inLanguage\":\"fr-FR\",\"@id\":\"https:\\\/\\\/kangook.com\\\/fr\\\/#\\\/schema\\\/logo\\\/image\\\/\",\"url\":\"https:\\\/\\\/kangook.com\\\/wp-content\\\/uploads\\\/2022\\\/07\\\/cropped-Kangook-Paramotors-Flag.png\",\"contentUrl\":\"https:\\\/\\\/kangook.com\\\/wp-content\\\/uploads\\\/2022\\\/07\\\/cropped-Kangook-Paramotors-Flag.png\",\"width\":500,\"height\":97,\"caption\":\"Kangook\"},\"image\":{\"@id\":\"https:\\\/\\\/kangook.com\\\/fr\\\/#\\\/schema\\\/logo\\\/image\\\/\"}}]}<\/script>\n<!-- \/ Yoast SEO plugin. -->","yoast_head_json":{"title":"Bras pivotant \u00e0 col de cygne tubulaire en acier inoxydable - Kangook Canada","robots":{"index":"index","follow":"follow","max-snippet":"max-snippet:-1","max-image-preview":"max-image-preview:large","max-video-preview":"max-video-preview:-1"},"canonical":"https:\/\/kangook.com\/fr\/produit\/stainless-steel-tubular-swan-neck-swing-arms\/","og_locale":"fr_FR","og_type":"article","og_title":"Bras pivotant \u00e0 col de cygne tubulaire en acier inoxydable - Kangook Canada","og_description":"Le kit de bras de col de cygne en acier inoxydable est compatible avec tous les mod\u00e8les Kangook Ce kit comprend les \u00e9l\u00e9ments suivants : 2 X bras de col de cygne en acier inoxydable 2 X jeux de pi\u00e8ces de fixation avec entretoises de couple 2 X manilles autobloquantes 2 X mousquetons 2 X [&hellip;]","og_url":"https:\/\/kangook.com\/fr\/produit\/stainless-steel-tubular-swan-neck-swing-arms\/","og_site_name":"Kangook Canada","article_modified_time":"2026-01-26T20:34:43+00:00","og_image":[{"width":1000,"height":667,"url":"https:\/\/kangook.com\/wp-content\/uploads\/2024\/08\/stainless-tubular-arms-01.jpg","type":"image\/jpeg"}],"twitter_card":"summary_large_image","schema":{"@context":"https:\/\/schema.org","@graph":[{"@type":"WebPage","@id":"https:\/\/kangook.com\/fr\/produit\/stainless-steel-tubular-swan-neck-swing-arms\/","url":"https:\/\/kangook.com\/fr\/produit\/stainless-steel-tubular-swan-neck-swing-arms\/","name":"Bras pivotant \u00e0 col de cygne tubulaire en acier inoxydable - Kangook Canada","isPartOf":{"@id":"https:\/\/kangook.com\/fr\/#website"},"primaryImageOfPage":{"@id":"https:\/\/kangook.com\/fr\/produit\/stainless-steel-tubular-swan-neck-swing-arms\/#primaryimage"},"image":{"@id":"https:\/\/kangook.com\/fr\/produit\/stainless-steel-tubular-swan-neck-swing-arms\/#primaryimage"},"thumbnailUrl":"https:\/\/kangook.com\/wp-content\/uploads\/2024\/08\/stainless-tubular-arms-01.jpg","datePublished":"2024-08-21T18:26:54+00:00","dateModified":"2026-01-26T20:34:43+00:00","breadcrumb":{"@id":"https:\/\/kangook.com\/fr\/produit\/stainless-steel-tubular-swan-neck-swing-arms\/#breadcrumb"},"inLanguage":"fr-FR","potentialAction":[{"@type":"ReadAction","target":["https:\/\/kangook.com\/fr\/produit\/stainless-steel-tubular-swan-neck-swing-arms\/"]}]},{"@type":"ImageObject","inLanguage":"fr-FR","@id":"https:\/\/kangook.com\/fr\/produit\/stainless-steel-tubular-swan-neck-swing-arms\/#primaryimage","url":"https:\/\/kangook.com\/wp-content\/uploads\/2024\/08\/stainless-tubular-arms-01.jpg","contentUrl":"https:\/\/kangook.com\/wp-content\/uploads\/2024\/08\/stainless-tubular-arms-01.jpg","width":1000,"height":667,"caption":"Bras tubulaires en acier inoxydable - Bras \u00e0 col de cygne"},{"@type":"BreadcrumbList","@id":"https:\/\/kangook.com\/fr\/produit\/stainless-steel-tubular-swan-neck-swing-arms\/#breadcrumb","itemListElement":[{"@type":"ListItem","position":1,"name":"Accueil","item":"https:\/\/kangook.com\/fr\/"},{"@type":"ListItem","position":2,"name":"Store","item":"https:\/\/kangook.com\/store\/"},{"@type":"ListItem","position":3,"name":"Bras pivotant \u00e0 col de cygne tubulaire en acier inoxydable"}]},{"@type":"WebSite","@id":"https:\/\/kangook.com\/fr\/#website","url":"https:\/\/kangook.com\/fr\/","name":"Kangook","description":"Kangook Paramotors","publisher":{"@id":"https:\/\/kangook.com\/fr\/#organization"},"potentialAction":[{"@type":"SearchAction","target":{"@type":"EntryPoint","urlTemplate":"https:\/\/kangook.com\/fr\/?s={search_term_string}"},"query-input":{"@type":"PropertyValueSpecification","valueRequired":true,"valueName":"search_term_string"}}],"inLanguage":"fr-FR"},{"@type":"Organization","@id":"https:\/\/kangook.com\/fr\/#organization","name":"Kangook","url":"https:\/\/kangook.com\/fr\/","logo":{"@type":"ImageObject","inLanguage":"fr-FR","@id":"https:\/\/kangook.com\/fr\/#\/schema\/logo\/image\/","url":"https:\/\/kangook.com\/wp-content\/uploads\/2022\/07\/cropped-Kangook-Paramotors-Flag.png","contentUrl":"https:\/\/kangook.com\/wp-content\/uploads\/2022\/07\/cropped-Kangook-Paramotors-Flag.png","width":500,"height":97,"caption":"Kangook"},"image":{"@id":"https:\/\/kangook.com\/fr\/#\/schema\/logo\/image\/"}}]}},"wcpa_form_fields":null,"_links":{"self":[{"href":"https:\/\/kangook.com\/fr\/wp-json\/wp\/v2\/product\/22271","targetHints":{"allow":["GET"]}}],"collection":[{"href":"https:\/\/kangook.com\/fr\/wp-json\/wp\/v2\/product"}],"about":[{"href":"https:\/\/kangook.com\/fr\/wp-json\/wp\/v2\/types\/product"}],"version-history":[{"count":1,"href":"https:\/\/kangook.com\/fr\/wp-json\/wp\/v2\/product\/22271\/revisions"}],"predecessor-version":[{"id":30085,"href":"https:\/\/kangook.com\/fr\/wp-json\/wp\/v2\/product\/22271\/revisions\/30085"}],"wp:featuredmedia":[{"embeddable":true,"href":"https:\/\/kangook.com\/fr\/wp-json\/wp\/v2\/media\/18937"}],"wp:attachment":[{"href":"https:\/\/kangook.com\/fr\/wp-json\/wp\/v2\/media?parent=22271"}],"wp:term":[{"taxonomy":"product_brand","embeddable":true,"href":"https:\/\/kangook.com\/fr\/wp-json\/wp\/v2\/product_brand?post=22271"},{"taxonomy":"product_cat","embeddable":true,"href":"https:\/\/kangook.com\/fr\/wp-json\/wp\/v2\/product_cat?post=22271"},{"taxonomy":"product_tag","embeddable":true,"href":"https:\/\/kangook.com\/fr\/wp-json\/wp\/v2\/product_tag?post=22271"}],"curies":[{"name":"wp","href":"https:\/\/api.w.org\/{rel}","templated":true}]}}