{"id":22265,"date":"2024-08-23T17:47:11","date_gmt":"2024-08-23T17:47:11","guid":{"rendered":"https:\/\/kangook.com\/product\/off-grid-lite\/"},"modified":"2026-01-26T20:48:00","modified_gmt":"2026-01-26T20:48:00","slug":"off-grid-lite","status":"publish","type":"product","link":"https:\/\/kangook.com\/fr\/produit\/off-grid-lite\/","title":{"rendered":"Poign\u00e9e Off-grid Lite"},"content":{"rendered":"<p><img fetchpriority=\"high\" decoding=\"async\" class=\"alignnone size-medium wp-image-18952\" src=\"https:\/\/kangook.com\/wp-content\/uploads\/2024\/08\/Off-Grid-Lite-e1724432961181-224x300.png\" alt=\"\" width=\"224\" height=\"300\" srcset=\"https:\/\/kangook.com\/wp-content\/uploads\/2024\/08\/Off-Grid-Lite-e1724432961181-224x300.png 224w, https:\/\/kangook.com\/wp-content\/uploads\/2024\/08\/Off-Grid-Lite-e1724432961181.png 405w\" sizes=\"(max-width: 224px) 100vw, 224px\" \/><\/p>\n","protected":false},"excerpt":{"rendered":"<p>L&rsquo;acc\u00e9l\u00e9rateur Off-Grid Lite est un acc\u00e9l\u00e9rateur de paramoteur de haute qualit\u00e9 destin\u00e9 \u00e0 r\u00e9pondre aux besoins de la plupart des pilotes.<\/p>\n","protected":false},"featured_media":18953,"template":"","meta":{"site-sidebar-layout":"default","site-content-layout":"","ast-site-content-layout":"default","site-content-style":"default","site-sidebar-style":"default","ast-global-header-display":"","ast-banner-title-visibility":"","ast-main-header-display":"","ast-hfb-above-header-display":"","ast-hfb-below-header-display":"","ast-hfb-mobile-header-display":"","site-post-title":"","ast-breadcrumbs-content":"","ast-featured-img":"","footer-sml-layout":"","ast-disable-related-posts":"","theme-transparent-header-meta":"default","adv-header-id-meta":"","stick-header-meta":"default","header-above-stick-meta":"","header-main-stick-meta":"","header-below-stick-meta":"","astra-migrate-meta-layouts":"default","ast-page-background-enabled":"default","ast-page-background-meta":{"desktop":{"background-color":"","background-image":"","background-repeat":"repeat","background-position":"center center","background-size":"auto","background-attachment":"scroll","background-type":"","background-media":"","overlay-type":"","overlay-color":"","overlay-opacity":"","overlay-gradient":""},"tablet":{"background-color":"","background-image":"","background-repeat":"repeat","background-position":"center center","background-size":"auto","background-attachment":"scroll","background-type":"","background-media":"","overlay-type":"","overlay-color":"","overlay-opacity":"","overlay-gradient":""},"mobile":{"background-color":"","background-image":"","background-repeat":"repeat","background-position":"center center","background-size":"auto","background-attachment":"scroll","background-type":"","background-media":"","overlay-type":"","overlay-color":"","overlay-opacity":"","overlay-gradient":""}},"ast-content-background-meta":{"desktop":{"background-color":"var(--ast-global-color-5)","background-image":"","background-repeat":"repeat","background-position":"center center","background-size":"auto","background-attachment":"scroll","background-type":"","background-media":"","overlay-type":"","overlay-color":"","overlay-opacity":"","overlay-gradient":""},"tablet":{"background-color":"var(--ast-global-color-5)","background-image":"","background-repeat":"repeat","background-position":"center center","background-size":"auto","background-attachment":"scroll","background-type":"","background-media":"","overlay-type":"","overlay-color":"","overlay-opacity":"","overlay-gradient":""},"mobile":{"background-color":"var(--ast-global-color-5)","background-image":"","background-repeat":"repeat","background-position":"center center","background-size":"auto","background-attachment":"scroll","background-type":"","background-media":"","overlay-type":"","overlay-color":"","overlay-opacity":"","overlay-gradient":""}}},"product_brand":[1401],"product_cat":[791,746,794],"product_tag":[1033,1043,1029,1030,1046,1031,1039,1125,1042,1048,1034,1045,1044,1047,1032,1036,1040,1035,1041,1038,1037],"class_list":{"0":"post-22265","1":"product","2":"type-product","3":"status-publish","4":"has-post-thumbnail","6":"product_brand-kangook","7":"product_cat-accessoires-pour-paramoteur","8":"product_cat-off-grid-aviation-fr-marque","9":"product_cat-poignee-de-gaz","10":"product_tag-cable-daccelerateur","11":"product_tag-capteur-de-position-du-papillon-des-gaz","12":"product_tag-commande-de-gaz","13":"product_tag-commande-de-laccelerateur","14":"product_tag-controle-de-lhelice","15":"product_tag-controle-du-carburant","16":"product_tag-controle-du-melange","17":"product_tag-electricite","18":"product_tag-etranglement","19":"product_tag-gaz-fr","20":"product_tag-gestion-du-moteur","21":"product_tag-gouverneur","22":"product_tag-injecteur-de-carburant","23":"product_tag-la-main","24":"product_tag-levier-daccelerateur","25":"product_tag-pedale-de-gaz","26":"product_tag-reglage-du-ralenti","27":"product_tag-reglages-de-puissance","28":"product_tag-reponse-a-laccelerateur","29":"product_tag-rpm-tours-par-minute","30":"product_tag-vitesse-de-lhelice","31":"desktop-align-left","32":"tablet-align-left","33":"mobile-align-left","34":"ast-product-gallery-layout-horizontal-slider","35":"ast-product-single-variable","36":"ast-qv-on-image","38":"first","39":"instock","40":"taxable","41":"shipping-taxable","42":"purchasable","43":"product-type-variable"},"yoast_head":"<!-- This site is optimized with the Yoast SEO plugin v27.5 - https:\/\/yoast.com\/product\/yoast-seo-wordpress\/ -->\n<title>Poign\u00e9e Off-grid Lite - Kangook Canada<\/title>\n<meta name=\"robots\" content=\"index, follow, max-snippet:-1, max-image-preview:large, max-video-preview:-1\" \/>\n<link rel=\"canonical\" href=\"https:\/\/kangook.com\/fr\/produit\/off-grid-lite\/\" \/>\n<meta property=\"og:locale\" content=\"fr_FR\" \/>\n<meta property=\"og:type\" content=\"article\" \/>\n<meta property=\"og:title\" content=\"Poign\u00e9e Off-grid Lite - Kangook Canada\" \/>\n<meta property=\"og:description\" content=\"L&#039;acc\u00e9l\u00e9rateur Off-Grid Lite est un acc\u00e9l\u00e9rateur de paramoteur de haute qualit\u00e9 destin\u00e9 \u00e0 r\u00e9pondre aux besoins de la plupart des pilotes.\" \/>\n<meta property=\"og:url\" content=\"https:\/\/kangook.com\/fr\/produit\/off-grid-lite\/\" \/>\n<meta property=\"og:site_name\" content=\"Kangook Canada\" \/>\n<meta property=\"article:modified_time\" content=\"2026-01-26T20:48:00+00:00\" \/>\n<meta property=\"og:image\" content=\"https:\/\/kangook.com\/wp-content\/uploads\/2024\/08\/Off-Grid-Lite-e1724432961181.png\" \/>\n\t<meta property=\"og:image:width\" content=\"405\" \/>\n\t<meta property=\"og:image:height\" content=\"543\" \/>\n\t<meta property=\"og:image:type\" content=\"image\/png\" \/>\n<meta name=\"twitter:card\" content=\"summary_large_image\" \/>\n<script type=\"application\/ld+json\" class=\"yoast-schema-graph\">{\"@context\":\"https:\\\/\\\/schema.org\",\"@graph\":[{\"@type\":\"WebPage\",\"@id\":\"https:\\\/\\\/kangook.com\\\/fr\\\/produit\\\/off-grid-lite\\\/\",\"url\":\"https:\\\/\\\/kangook.com\\\/fr\\\/produit\\\/off-grid-lite\\\/\",\"name\":\"Poign\u00e9e Off-grid Lite - Kangook Canada\",\"isPartOf\":{\"@id\":\"https:\\\/\\\/kangook.com\\\/fr\\\/#website\"},\"primaryImageOfPage\":{\"@id\":\"https:\\\/\\\/kangook.com\\\/fr\\\/produit\\\/off-grid-lite\\\/#primaryimage\"},\"image\":{\"@id\":\"https:\\\/\\\/kangook.com\\\/fr\\\/produit\\\/off-grid-lite\\\/#primaryimage\"},\"thumbnailUrl\":\"https:\\\/\\\/kangook.com\\\/wp-content\\\/uploads\\\/2024\\\/08\\\/Off-Grid-Lite-e1724432961181.png\",\"datePublished\":\"2024-08-23T17:47:11+00:00\",\"dateModified\":\"2026-01-26T20:48:00+00:00\",\"breadcrumb\":{\"@id\":\"https:\\\/\\\/kangook.com\\\/fr\\\/produit\\\/off-grid-lite\\\/#breadcrumb\"},\"inLanguage\":\"fr-FR\",\"potentialAction\":[{\"@type\":\"ReadAction\",\"target\":[\"https:\\\/\\\/kangook.com\\\/fr\\\/produit\\\/off-grid-lite\\\/\"]}]},{\"@type\":\"ImageObject\",\"inLanguage\":\"fr-FR\",\"@id\":\"https:\\\/\\\/kangook.com\\\/fr\\\/produit\\\/off-grid-lite\\\/#primaryimage\",\"url\":\"https:\\\/\\\/kangook.com\\\/wp-content\\\/uploads\\\/2024\\\/08\\\/Off-Grid-Lite-e1724432961181.png\",\"contentUrl\":\"https:\\\/\\\/kangook.com\\\/wp-content\\\/uploads\\\/2024\\\/08\\\/Off-Grid-Lite-e1724432961181.png\",\"width\":405,\"height\":543},{\"@type\":\"BreadcrumbList\",\"@id\":\"https:\\\/\\\/kangook.com\\\/fr\\\/produit\\\/off-grid-lite\\\/#breadcrumb\",\"itemListElement\":[{\"@type\":\"ListItem\",\"position\":1,\"name\":\"Accueil\",\"item\":\"https:\\\/\\\/kangook.com\\\/fr\\\/\"},{\"@type\":\"ListItem\",\"position\":2,\"name\":\"Store\",\"item\":\"https:\\\/\\\/kangook.com\\\/store\\\/\"},{\"@type\":\"ListItem\",\"position\":3,\"name\":\"Poign\u00e9e Off-grid Lite\"}]},{\"@type\":\"WebSite\",\"@id\":\"https:\\\/\\\/kangook.com\\\/fr\\\/#website\",\"url\":\"https:\\\/\\\/kangook.com\\\/fr\\\/\",\"name\":\"Kangook\",\"description\":\"Kangook Paramotors\",\"publisher\":{\"@id\":\"https:\\\/\\\/kangook.com\\\/fr\\\/#organization\"},\"potentialAction\":[{\"@type\":\"SearchAction\",\"target\":{\"@type\":\"EntryPoint\",\"urlTemplate\":\"https:\\\/\\\/kangook.com\\\/fr\\\/?s={search_term_string}\"},\"query-input\":{\"@type\":\"PropertyValueSpecification\",\"valueRequired\":true,\"valueName\":\"search_term_string\"}}],\"inLanguage\":\"fr-FR\"},{\"@type\":\"Organization\",\"@id\":\"https:\\\/\\\/kangook.com\\\/fr\\\/#organization\",\"name\":\"Kangook\",\"url\":\"https:\\\/\\\/kangook.com\\\/fr\\\/\",\"logo\":{\"@type\":\"ImageObject\",\"inLanguage\":\"fr-FR\",\"@id\":\"https:\\\/\\\/kangook.com\\\/fr\\\/#\\\/schema\\\/logo\\\/image\\\/\",\"url\":\"https:\\\/\\\/kangook.com\\\/wp-content\\\/uploads\\\/2022\\\/07\\\/cropped-Kangook-Paramotors-Flag.png\",\"contentUrl\":\"https:\\\/\\\/kangook.com\\\/wp-content\\\/uploads\\\/2022\\\/07\\\/cropped-Kangook-Paramotors-Flag.png\",\"width\":500,\"height\":97,\"caption\":\"Kangook\"},\"image\":{\"@id\":\"https:\\\/\\\/kangook.com\\\/fr\\\/#\\\/schema\\\/logo\\\/image\\\/\"}}]}<\/script>\n<!-- \/ Yoast SEO plugin. -->","yoast_head_json":{"title":"Poign\u00e9e Off-grid Lite - Kangook Canada","robots":{"index":"index","follow":"follow","max-snippet":"max-snippet:-1","max-image-preview":"max-image-preview:large","max-video-preview":"max-video-preview:-1"},"canonical":"https:\/\/kangook.com\/fr\/produit\/off-grid-lite\/","og_locale":"fr_FR","og_type":"article","og_title":"Poign\u00e9e Off-grid Lite - Kangook Canada","og_description":"L'acc\u00e9l\u00e9rateur Off-Grid Lite est un acc\u00e9l\u00e9rateur de paramoteur de haute qualit\u00e9 destin\u00e9 \u00e0 r\u00e9pondre aux besoins de la plupart des pilotes.","og_url":"https:\/\/kangook.com\/fr\/produit\/off-grid-lite\/","og_site_name":"Kangook Canada","article_modified_time":"2026-01-26T20:48:00+00:00","og_image":[{"width":405,"height":543,"url":"https:\/\/kangook.com\/wp-content\/uploads\/2024\/08\/Off-Grid-Lite-e1724432961181.png","type":"image\/png"}],"twitter_card":"summary_large_image","schema":{"@context":"https:\/\/schema.org","@graph":[{"@type":"WebPage","@id":"https:\/\/kangook.com\/fr\/produit\/off-grid-lite\/","url":"https:\/\/kangook.com\/fr\/produit\/off-grid-lite\/","name":"Poign\u00e9e Off-grid Lite - Kangook Canada","isPartOf":{"@id":"https:\/\/kangook.com\/fr\/#website"},"primaryImageOfPage":{"@id":"https:\/\/kangook.com\/fr\/produit\/off-grid-lite\/#primaryimage"},"image":{"@id":"https:\/\/kangook.com\/fr\/produit\/off-grid-lite\/#primaryimage"},"thumbnailUrl":"https:\/\/kangook.com\/wp-content\/uploads\/2024\/08\/Off-Grid-Lite-e1724432961181.png","datePublished":"2024-08-23T17:47:11+00:00","dateModified":"2026-01-26T20:48:00+00:00","breadcrumb":{"@id":"https:\/\/kangook.com\/fr\/produit\/off-grid-lite\/#breadcrumb"},"inLanguage":"fr-FR","potentialAction":[{"@type":"ReadAction","target":["https:\/\/kangook.com\/fr\/produit\/off-grid-lite\/"]}]},{"@type":"ImageObject","inLanguage":"fr-FR","@id":"https:\/\/kangook.com\/fr\/produit\/off-grid-lite\/#primaryimage","url":"https:\/\/kangook.com\/wp-content\/uploads\/2024\/08\/Off-Grid-Lite-e1724432961181.png","contentUrl":"https:\/\/kangook.com\/wp-content\/uploads\/2024\/08\/Off-Grid-Lite-e1724432961181.png","width":405,"height":543},{"@type":"BreadcrumbList","@id":"https:\/\/kangook.com\/fr\/produit\/off-grid-lite\/#breadcrumb","itemListElement":[{"@type":"ListItem","position":1,"name":"Accueil","item":"https:\/\/kangook.com\/fr\/"},{"@type":"ListItem","position":2,"name":"Store","item":"https:\/\/kangook.com\/store\/"},{"@type":"ListItem","position":3,"name":"Poign\u00e9e Off-grid Lite"}]},{"@type":"WebSite","@id":"https:\/\/kangook.com\/fr\/#website","url":"https:\/\/kangook.com\/fr\/","name":"Kangook","description":"Kangook Paramotors","publisher":{"@id":"https:\/\/kangook.com\/fr\/#organization"},"potentialAction":[{"@type":"SearchAction","target":{"@type":"EntryPoint","urlTemplate":"https:\/\/kangook.com\/fr\/?s={search_term_string}"},"query-input":{"@type":"PropertyValueSpecification","valueRequired":true,"valueName":"search_term_string"}}],"inLanguage":"fr-FR"},{"@type":"Organization","@id":"https:\/\/kangook.com\/fr\/#organization","name":"Kangook","url":"https:\/\/kangook.com\/fr\/","logo":{"@type":"ImageObject","inLanguage":"fr-FR","@id":"https:\/\/kangook.com\/fr\/#\/schema\/logo\/image\/","url":"https:\/\/kangook.com\/wp-content\/uploads\/2022\/07\/cropped-Kangook-Paramotors-Flag.png","contentUrl":"https:\/\/kangook.com\/wp-content\/uploads\/2022\/07\/cropped-Kangook-Paramotors-Flag.png","width":500,"height":97,"caption":"Kangook"},"image":{"@id":"https:\/\/kangook.com\/fr\/#\/schema\/logo\/image\/"}}]}},"wcpa_form_fields":null,"_links":{"self":[{"href":"https:\/\/kangook.com\/fr\/wp-json\/wp\/v2\/product\/22265","targetHints":{"allow":["GET"]}}],"collection":[{"href":"https:\/\/kangook.com\/fr\/wp-json\/wp\/v2\/product"}],"about":[{"href":"https:\/\/kangook.com\/fr\/wp-json\/wp\/v2\/types\/product"}],"version-history":[{"count":3,"href":"https:\/\/kangook.com\/fr\/wp-json\/wp\/v2\/product\/22265\/revisions"}],"predecessor-version":[{"id":30174,"href":"https:\/\/kangook.com\/fr\/wp-json\/wp\/v2\/product\/22265\/revisions\/30174"}],"wp:featuredmedia":[{"embeddable":true,"href":"https:\/\/kangook.com\/fr\/wp-json\/wp\/v2\/media\/18953"}],"wp:attachment":[{"href":"https:\/\/kangook.com\/fr\/wp-json\/wp\/v2\/media?parent=22265"}],"wp:term":[{"taxonomy":"product_brand","embeddable":true,"href":"https:\/\/kangook.com\/fr\/wp-json\/wp\/v2\/product_brand?post=22265"},{"taxonomy":"product_cat","embeddable":true,"href":"https:\/\/kangook.com\/fr\/wp-json\/wp\/v2\/product_cat?post=22265"},{"taxonomy":"product_tag","embeddable":true,"href":"https:\/\/kangook.com\/fr\/wp-json\/wp\/v2\/product_tag?post=22265"}],"curies":[{"name":"wp","href":"https:\/\/api.w.org\/{rel}","templated":true}]}}