{"id":22152,"date":"2024-09-03T17:31:30","date_gmt":"2024-09-03T17:31:30","guid":{"rendered":"https:\/\/kangook.com\/product\/wood-propeller-approved-by-vittorazi-for-fly-100-evo-and-fly-100-evo-2-2-blades\/"},"modified":"2026-01-26T20:33:35","modified_gmt":"2026-01-26T20:33:35","slug":"wood-propeller-approved-by-vittorazi-for-fly-100-evo-and-fly-100-evo-2-2-blades","status":"publish","type":"product","link":"https:\/\/kangook.com\/fr\/produit\/wood-propeller-approved-by-vittorazi-for-fly-100-evo-and-fly-100-evo-2-2-blades\/","title":{"rendered":"H\u00e9lice en bois approuv\u00e9e par Vittorazi pour Fly 100 Evo et Fly 100 Evo 2, 2 pales"},"content":{"rendered":"","protected":false},"excerpt":{"rendered":"<p>H\u00e9lice en bois approuv\u00e9e par Vittorazi pour Fly 100 Evo et Fly 100 Evo 2 avec un diam\u00e8tre de 115 cm, 125 cm ou 130 cm et une r\u00e9duction de 3,3 ou 3,6.<\/p>\n","protected":false},"featured_media":19412,"template":"","meta":{"site-sidebar-layout":"default","site-content-layout":"","ast-site-content-layout":"default","site-content-style":"default","site-sidebar-style":"default","ast-global-header-display":"","ast-banner-title-visibility":"","ast-main-header-display":"","ast-hfb-above-header-display":"","ast-hfb-below-header-display":"","ast-hfb-mobile-header-display":"","site-post-title":"","ast-breadcrumbs-content":"","ast-featured-img":"","footer-sml-layout":"","ast-disable-related-posts":"","theme-transparent-header-meta":"default","adv-header-id-meta":"","stick-header-meta":"default","header-above-stick-meta":"","header-main-stick-meta":"","header-below-stick-meta":"","astra-migrate-meta-layouts":"default","ast-page-background-enabled":"default","ast-page-background-meta":{"desktop":{"background-color":"","background-image":"","background-repeat":"repeat","background-position":"center center","background-size":"auto","background-attachment":"scroll","background-type":"","background-media":"","overlay-type":"","overlay-color":"","overlay-opacity":"","overlay-gradient":""},"tablet":{"background-color":"","background-image":"","background-repeat":"repeat","background-position":"center center","background-size":"auto","background-attachment":"scroll","background-type":"","background-media":"","overlay-type":"","overlay-color":"","overlay-opacity":"","overlay-gradient":""},"mobile":{"background-color":"","background-image":"","background-repeat":"repeat","background-position":"center center","background-size":"auto","background-attachment":"scroll","background-type":"","background-media":"","overlay-type":"","overlay-color":"","overlay-opacity":"","overlay-gradient":""}},"ast-content-background-meta":{"desktop":{"background-color":"var(--ast-global-color-5)","background-image":"","background-repeat":"repeat","background-position":"center center","background-size":"auto","background-attachment":"scroll","background-type":"","background-media":"","overlay-type":"","overlay-color":"","overlay-opacity":"","overlay-gradient":""},"tablet":{"background-color":"var(--ast-global-color-5)","background-image":"","background-repeat":"repeat","background-position":"center center","background-size":"auto","background-attachment":"scroll","background-type":"","background-media":"","overlay-type":"","overlay-color":"","overlay-opacity":"","overlay-gradient":""},"mobile":{"background-color":"var(--ast-global-color-5)","background-image":"","background-repeat":"repeat","background-position":"center center","background-size":"auto","background-attachment":"scroll","background-type":"","background-media":"","overlay-type":"","overlay-color":"","overlay-opacity":"","overlay-gradient":""}}},"product_brand":[1358],"product_cat":[747,796,798,173],"product_tag":[1075,1073,1071,1072,1067,893,1074,959,955,956,957,1068,676,1069,675],"class_list":{"0":"post-22152","1":"product","2":"type-product","3":"status-publish","4":"has-post-thumbnail","6":"product_brand-vittorazi","7":"product_cat-fly100-evo-fly100-evo-2-fr","8":"product_cat-helices-utilisation","9":"product_cat-helices-vittorazi","10":"product_cat-vittorazi-fr-marque","11":"product_tag-3-3-reduction-fr","12":"product_tag-3-6-reduction-fr","13":"product_tag-a-deux-lames","14":"product_tag-bois","15":"product_tag-diametre","16":"product_tag-fly-100-evo-fr","17":"product_tag-fly-100-evo-2-fr","18":"product_tag-helice","19":"product_tag-helice-de-paramoteur","20":"product_tag-helix-fr","21":"product_tag-lame","22":"product_tag-longueur","23":"product_tag-moteur","24":"product_tag-poussee","25":"product_tag-vittorazi-fr","26":"desktop-align-left","27":"tablet-align-left","28":"mobile-align-left","29":"ast-product-gallery-layout-horizontal-slider","30":"ast-product-gallery-with-no-image","31":"ast-product-single-variable","32":"ast-qv-on-image","34":"first","35":"instock","36":"taxable","37":"shipping-taxable","38":"purchasable","39":"product-type-variable"},"yoast_head":"<!-- This site is optimized with the Yoast SEO plugin v27.4 - https:\/\/yoast.com\/product\/yoast-seo-wordpress\/ -->\n<title>H\u00e9lice en bois approuv\u00e9e par Vittorazi pour Fly 100 Evo et Fly 100 Evo 2, 2 pales - Kangook Canada<\/title>\n<meta name=\"robots\" content=\"index, follow, max-snippet:-1, max-image-preview:large, max-video-preview:-1\" \/>\n<link rel=\"canonical\" href=\"https:\/\/kangook.com\/fr\/produit\/wood-propeller-approved-by-vittorazi-for-fly-100-evo-and-fly-100-evo-2-2-blades\/\" \/>\n<meta property=\"og:locale\" content=\"fr_FR\" \/>\n<meta property=\"og:type\" content=\"article\" \/>\n<meta property=\"og:title\" content=\"H\u00e9lice en bois approuv\u00e9e par Vittorazi pour Fly 100 Evo et Fly 100 Evo 2, 2 pales - Kangook Canada\" \/>\n<meta property=\"og:description\" content=\"H\u00e9lice en bois approuv\u00e9e par Vittorazi pour Fly 100 Evo et Fly 100 Evo 2 avec un diam\u00e8tre de 115 cm, 125 cm ou 130 cm et une r\u00e9duction de 3,3 ou 3,6.\" \/>\n<meta property=\"og:url\" content=\"https:\/\/kangook.com\/fr\/produit\/wood-propeller-approved-by-vittorazi-for-fly-100-evo-and-fly-100-evo-2-2-blades\/\" \/>\n<meta property=\"og:site_name\" content=\"Kangook Canada\" \/>\n<meta property=\"article:modified_time\" content=\"2026-01-26T20:33:35+00:00\" \/>\n<meta property=\"og:image\" content=\"https:\/\/kangook.com\/wp-content\/uploads\/2024\/09\/Vittorazi-2-pales-en-bois.png\" \/>\n\t<meta property=\"og:image:width\" content=\"500\" \/>\n\t<meta property=\"og:image:height\" content=\"500\" \/>\n\t<meta property=\"og:image:type\" content=\"image\/png\" \/>\n<meta name=\"twitter:card\" content=\"summary_large_image\" \/>\n<script type=\"application\/ld+json\" class=\"yoast-schema-graph\">{\"@context\":\"https:\\\/\\\/schema.org\",\"@graph\":[{\"@type\":\"WebPage\",\"@id\":\"https:\\\/\\\/kangook.com\\\/fr\\\/produit\\\/wood-propeller-approved-by-vittorazi-for-fly-100-evo-and-fly-100-evo-2-2-blades\\\/\",\"url\":\"https:\\\/\\\/kangook.com\\\/fr\\\/produit\\\/wood-propeller-approved-by-vittorazi-for-fly-100-evo-and-fly-100-evo-2-2-blades\\\/\",\"name\":\"H\u00e9lice en bois approuv\u00e9e par Vittorazi pour Fly 100 Evo et Fly 100 Evo 2, 2 pales - Kangook Canada\",\"isPartOf\":{\"@id\":\"https:\\\/\\\/kangook.com\\\/fr\\\/#website\"},\"primaryImageOfPage\":{\"@id\":\"https:\\\/\\\/kangook.com\\\/fr\\\/produit\\\/wood-propeller-approved-by-vittorazi-for-fly-100-evo-and-fly-100-evo-2-2-blades\\\/#primaryimage\"},\"image\":{\"@id\":\"https:\\\/\\\/kangook.com\\\/fr\\\/produit\\\/wood-propeller-approved-by-vittorazi-for-fly-100-evo-and-fly-100-evo-2-2-blades\\\/#primaryimage\"},\"thumbnailUrl\":\"https:\\\/\\\/kangook.com\\\/wp-content\\\/uploads\\\/2024\\\/09\\\/Vittorazi-2-pales-en-bois.png\",\"datePublished\":\"2024-09-03T17:31:30+00:00\",\"dateModified\":\"2026-01-26T20:33:35+00:00\",\"breadcrumb\":{\"@id\":\"https:\\\/\\\/kangook.com\\\/fr\\\/produit\\\/wood-propeller-approved-by-vittorazi-for-fly-100-evo-and-fly-100-evo-2-2-blades\\\/#breadcrumb\"},\"inLanguage\":\"fr-FR\",\"potentialAction\":[{\"@type\":\"ReadAction\",\"target\":[\"https:\\\/\\\/kangook.com\\\/fr\\\/produit\\\/wood-propeller-approved-by-vittorazi-for-fly-100-evo-and-fly-100-evo-2-2-blades\\\/\"]}]},{\"@type\":\"ImageObject\",\"inLanguage\":\"fr-FR\",\"@id\":\"https:\\\/\\\/kangook.com\\\/fr\\\/produit\\\/wood-propeller-approved-by-vittorazi-for-fly-100-evo-and-fly-100-evo-2-2-blades\\\/#primaryimage\",\"url\":\"https:\\\/\\\/kangook.com\\\/wp-content\\\/uploads\\\/2024\\\/09\\\/Vittorazi-2-pales-en-bois.png\",\"contentUrl\":\"https:\\\/\\\/kangook.com\\\/wp-content\\\/uploads\\\/2024\\\/09\\\/Vittorazi-2-pales-en-bois.png\",\"width\":500,\"height\":500},{\"@type\":\"BreadcrumbList\",\"@id\":\"https:\\\/\\\/kangook.com\\\/fr\\\/produit\\\/wood-propeller-approved-by-vittorazi-for-fly-100-evo-and-fly-100-evo-2-2-blades\\\/#breadcrumb\",\"itemListElement\":[{\"@type\":\"ListItem\",\"position\":1,\"name\":\"Accueil\",\"item\":\"https:\\\/\\\/kangook.com\\\/fr\\\/\"},{\"@type\":\"ListItem\",\"position\":2,\"name\":\"Store\",\"item\":\"https:\\\/\\\/kangook.com\\\/store\\\/\"},{\"@type\":\"ListItem\",\"position\":3,\"name\":\"H\u00e9lice en bois approuv\u00e9e par Vittorazi pour Fly 100 Evo et Fly 100 Evo 2, 2 pales\"}]},{\"@type\":\"WebSite\",\"@id\":\"https:\\\/\\\/kangook.com\\\/fr\\\/#website\",\"url\":\"https:\\\/\\\/kangook.com\\\/fr\\\/\",\"name\":\"Kangook\",\"description\":\"Kangook Paramotors\",\"publisher\":{\"@id\":\"https:\\\/\\\/kangook.com\\\/fr\\\/#organization\"},\"potentialAction\":[{\"@type\":\"SearchAction\",\"target\":{\"@type\":\"EntryPoint\",\"urlTemplate\":\"https:\\\/\\\/kangook.com\\\/fr\\\/?s={search_term_string}\"},\"query-input\":{\"@type\":\"PropertyValueSpecification\",\"valueRequired\":true,\"valueName\":\"search_term_string\"}}],\"inLanguage\":\"fr-FR\"},{\"@type\":\"Organization\",\"@id\":\"https:\\\/\\\/kangook.com\\\/fr\\\/#organization\",\"name\":\"Kangook\",\"url\":\"https:\\\/\\\/kangook.com\\\/fr\\\/\",\"logo\":{\"@type\":\"ImageObject\",\"inLanguage\":\"fr-FR\",\"@id\":\"https:\\\/\\\/kangook.com\\\/fr\\\/#\\\/schema\\\/logo\\\/image\\\/\",\"url\":\"https:\\\/\\\/kangook.com\\\/wp-content\\\/uploads\\\/2022\\\/07\\\/cropped-Kangook-Paramotors-Flag.png\",\"contentUrl\":\"https:\\\/\\\/kangook.com\\\/wp-content\\\/uploads\\\/2022\\\/07\\\/cropped-Kangook-Paramotors-Flag.png\",\"width\":500,\"height\":97,\"caption\":\"Kangook\"},\"image\":{\"@id\":\"https:\\\/\\\/kangook.com\\\/fr\\\/#\\\/schema\\\/logo\\\/image\\\/\"}}]}<\/script>\n<!-- \/ Yoast SEO plugin. -->","yoast_head_json":{"title":"H\u00e9lice en bois approuv\u00e9e par Vittorazi pour Fly 100 Evo et Fly 100 Evo 2, 2 pales - Kangook Canada","robots":{"index":"index","follow":"follow","max-snippet":"max-snippet:-1","max-image-preview":"max-image-preview:large","max-video-preview":"max-video-preview:-1"},"canonical":"https:\/\/kangook.com\/fr\/produit\/wood-propeller-approved-by-vittorazi-for-fly-100-evo-and-fly-100-evo-2-2-blades\/","og_locale":"fr_FR","og_type":"article","og_title":"H\u00e9lice en bois approuv\u00e9e par Vittorazi pour Fly 100 Evo et Fly 100 Evo 2, 2 pales - Kangook Canada","og_description":"H\u00e9lice en bois approuv\u00e9e par Vittorazi pour Fly 100 Evo et Fly 100 Evo 2 avec un diam\u00e8tre de 115 cm, 125 cm ou 130 cm et une r\u00e9duction de 3,3 ou 3,6.","og_url":"https:\/\/kangook.com\/fr\/produit\/wood-propeller-approved-by-vittorazi-for-fly-100-evo-and-fly-100-evo-2-2-blades\/","og_site_name":"Kangook Canada","article_modified_time":"2026-01-26T20:33:35+00:00","og_image":[{"width":500,"height":500,"url":"https:\/\/kangook.com\/wp-content\/uploads\/2024\/09\/Vittorazi-2-pales-en-bois.png","type":"image\/png"}],"twitter_card":"summary_large_image","schema":{"@context":"https:\/\/schema.org","@graph":[{"@type":"WebPage","@id":"https:\/\/kangook.com\/fr\/produit\/wood-propeller-approved-by-vittorazi-for-fly-100-evo-and-fly-100-evo-2-2-blades\/","url":"https:\/\/kangook.com\/fr\/produit\/wood-propeller-approved-by-vittorazi-for-fly-100-evo-and-fly-100-evo-2-2-blades\/","name":"H\u00e9lice en bois approuv\u00e9e par Vittorazi pour Fly 100 Evo et Fly 100 Evo 2, 2 pales - Kangook Canada","isPartOf":{"@id":"https:\/\/kangook.com\/fr\/#website"},"primaryImageOfPage":{"@id":"https:\/\/kangook.com\/fr\/produit\/wood-propeller-approved-by-vittorazi-for-fly-100-evo-and-fly-100-evo-2-2-blades\/#primaryimage"},"image":{"@id":"https:\/\/kangook.com\/fr\/produit\/wood-propeller-approved-by-vittorazi-for-fly-100-evo-and-fly-100-evo-2-2-blades\/#primaryimage"},"thumbnailUrl":"https:\/\/kangook.com\/wp-content\/uploads\/2024\/09\/Vittorazi-2-pales-en-bois.png","datePublished":"2024-09-03T17:31:30+00:00","dateModified":"2026-01-26T20:33:35+00:00","breadcrumb":{"@id":"https:\/\/kangook.com\/fr\/produit\/wood-propeller-approved-by-vittorazi-for-fly-100-evo-and-fly-100-evo-2-2-blades\/#breadcrumb"},"inLanguage":"fr-FR","potentialAction":[{"@type":"ReadAction","target":["https:\/\/kangook.com\/fr\/produit\/wood-propeller-approved-by-vittorazi-for-fly-100-evo-and-fly-100-evo-2-2-blades\/"]}]},{"@type":"ImageObject","inLanguage":"fr-FR","@id":"https:\/\/kangook.com\/fr\/produit\/wood-propeller-approved-by-vittorazi-for-fly-100-evo-and-fly-100-evo-2-2-blades\/#primaryimage","url":"https:\/\/kangook.com\/wp-content\/uploads\/2024\/09\/Vittorazi-2-pales-en-bois.png","contentUrl":"https:\/\/kangook.com\/wp-content\/uploads\/2024\/09\/Vittorazi-2-pales-en-bois.png","width":500,"height":500},{"@type":"BreadcrumbList","@id":"https:\/\/kangook.com\/fr\/produit\/wood-propeller-approved-by-vittorazi-for-fly-100-evo-and-fly-100-evo-2-2-blades\/#breadcrumb","itemListElement":[{"@type":"ListItem","position":1,"name":"Accueil","item":"https:\/\/kangook.com\/fr\/"},{"@type":"ListItem","position":2,"name":"Store","item":"https:\/\/kangook.com\/store\/"},{"@type":"ListItem","position":3,"name":"H\u00e9lice en bois approuv\u00e9e par Vittorazi pour Fly 100 Evo et Fly 100 Evo 2, 2 pales"}]},{"@type":"WebSite","@id":"https:\/\/kangook.com\/fr\/#website","url":"https:\/\/kangook.com\/fr\/","name":"Kangook","description":"Kangook Paramotors","publisher":{"@id":"https:\/\/kangook.com\/fr\/#organization"},"potentialAction":[{"@type":"SearchAction","target":{"@type":"EntryPoint","urlTemplate":"https:\/\/kangook.com\/fr\/?s={search_term_string}"},"query-input":{"@type":"PropertyValueSpecification","valueRequired":true,"valueName":"search_term_string"}}],"inLanguage":"fr-FR"},{"@type":"Organization","@id":"https:\/\/kangook.com\/fr\/#organization","name":"Kangook","url":"https:\/\/kangook.com\/fr\/","logo":{"@type":"ImageObject","inLanguage":"fr-FR","@id":"https:\/\/kangook.com\/fr\/#\/schema\/logo\/image\/","url":"https:\/\/kangook.com\/wp-content\/uploads\/2022\/07\/cropped-Kangook-Paramotors-Flag.png","contentUrl":"https:\/\/kangook.com\/wp-content\/uploads\/2022\/07\/cropped-Kangook-Paramotors-Flag.png","width":500,"height":97,"caption":"Kangook"},"image":{"@id":"https:\/\/kangook.com\/fr\/#\/schema\/logo\/image\/"}}]}},"wcpa_form_fields":null,"_links":{"self":[{"href":"https:\/\/kangook.com\/fr\/wp-json\/wp\/v2\/product\/22152","targetHints":{"allow":["GET"]}}],"collection":[{"href":"https:\/\/kangook.com\/fr\/wp-json\/wp\/v2\/product"}],"about":[{"href":"https:\/\/kangook.com\/fr\/wp-json\/wp\/v2\/types\/product"}],"version-history":[{"count":1,"href":"https:\/\/kangook.com\/fr\/wp-json\/wp\/v2\/product\/22152\/revisions"}],"predecessor-version":[{"id":30099,"href":"https:\/\/kangook.com\/fr\/wp-json\/wp\/v2\/product\/22152\/revisions\/30099"}],"wp:featuredmedia":[{"embeddable":true,"href":"https:\/\/kangook.com\/fr\/wp-json\/wp\/v2\/media\/19412"}],"wp:attachment":[{"href":"https:\/\/kangook.com\/fr\/wp-json\/wp\/v2\/media?parent=22152"}],"wp:term":[{"taxonomy":"product_brand","embeddable":true,"href":"https:\/\/kangook.com\/fr\/wp-json\/wp\/v2\/product_brand?post=22152"},{"taxonomy":"product_cat","embeddable":true,"href":"https:\/\/kangook.com\/fr\/wp-json\/wp\/v2\/product_cat?post=22152"},{"taxonomy":"product_tag","embeddable":true,"href":"https:\/\/kangook.com\/fr\/wp-json\/wp\/v2\/product_tag?post=22152"}],"curies":[{"name":"wp","href":"https:\/\/api.w.org\/{rel}","templated":true}]}}