{"id":22135,"date":"2024-09-06T12:29:12","date_gmt":"2024-09-06T12:29:12","guid":{"rendered":"https:\/\/kangook.com\/product\/acc050l-v-throttle-black-lever-with-return-spring-and-inox-cable\/"},"modified":"2026-01-26T21:05:41","modified_gmt":"2026-01-26T21:05:41","slug":"acc050l","status":"publish","type":"product","link":"https:\/\/kangook.com\/fr\/produit\/acc050l\/","title":{"rendered":"ACC050l V-Throttle levier noir avec ressort de rappel et c\u00e2ble Inox"},"content":{"rendered":"","protected":false},"excerpt":{"rendered":"<p><span style=\"vertical-align: inherit;\"><span style=\"vertical-align: inherit;\"><span style=\"vertical-align: inherit;\"><span style=\"vertical-align: inherit;\">Levier d&rsquo;acc\u00e9l\u00e9rateur V-Throttle noir ACC050L, ressort de rappel et c\u00e2ble en acier inoxydable pour acc\u00e9l\u00e9rateur Vittorazi V. Pi\u00e8ce d&rsquo;origine Vittorazi.<\/span><\/span><\/span><\/span><\/p>\n","protected":false},"featured_media":19519,"template":"","meta":{"site-sidebar-layout":"default","site-content-layout":"","ast-site-content-layout":"default","site-content-style":"default","site-sidebar-style":"default","ast-global-header-display":"","ast-banner-title-visibility":"","ast-main-header-display":"","ast-hfb-above-header-display":"","ast-hfb-below-header-display":"","ast-hfb-mobile-header-display":"","site-post-title":"","ast-breadcrumbs-content":"","ast-featured-img":"","footer-sml-layout":"","ast-disable-related-posts":"","theme-transparent-header-meta":"default","adv-header-id-meta":"","stick-header-meta":"default","header-above-stick-meta":"","header-main-stick-meta":"","header-below-stick-meta":"","astra-migrate-meta-layouts":"default","ast-page-background-enabled":"default","ast-page-background-meta":{"desktop":{"background-color":"","background-image":"","background-repeat":"repeat","background-position":"center center","background-size":"auto","background-attachment":"scroll","background-type":"","background-media":"","overlay-type":"","overlay-color":"","overlay-opacity":"","overlay-gradient":""},"tablet":{"background-color":"","background-image":"","background-repeat":"repeat","background-position":"center center","background-size":"auto","background-attachment":"scroll","background-type":"","background-media":"","overlay-type":"","overlay-color":"","overlay-opacity":"","overlay-gradient":""},"mobile":{"background-color":"","background-image":"","background-repeat":"repeat","background-position":"center center","background-size":"auto","background-attachment":"scroll","background-type":"","background-media":"","overlay-type":"","overlay-color":"","overlay-opacity":"","overlay-gradient":""}},"ast-content-background-meta":{"desktop":{"background-color":"var(--ast-global-color-5)","background-image":"","background-repeat":"repeat","background-position":"center center","background-size":"auto","background-attachment":"scroll","background-type":"","background-media":"","overlay-type":"","overlay-color":"","overlay-opacity":"","overlay-gradient":""},"tablet":{"background-color":"var(--ast-global-color-5)","background-image":"","background-repeat":"repeat","background-position":"center center","background-size":"auto","background-attachment":"scroll","background-type":"","background-media":"","overlay-type":"","overlay-color":"","overlay-opacity":"","overlay-gradient":""},"mobile":{"background-color":"var(--ast-global-color-5)","background-image":"","background-repeat":"repeat","background-position":"center center","background-size":"auto","background-attachment":"scroll","background-type":"","background-media":"","overlay-type":"","overlay-color":"","overlay-opacity":"","overlay-gradient":""}}},"product_brand":[1358],"product_cat":[206,182,183,1185,747,205,176,175,174,775,794,795,173],"product_tag":[1033,1060,1043,1030,1046,1031,1039,1042,1048,1034,1045,1044,1047,1032,1036,1040,1035,1041,1059,1038,1049,1037,675],"class_list":{"0":"post-22135","1":"product","2":"type-product","3":"status-publish","4":"has-post-thumbnail","6":"product_brand-vittorazi","7":"product_cat-accessoires-vittorazi","8":"product_cat-atom-80-fr","9":"product_cat-cosmos300-fr","10":"product_cat-efi-fr","11":"product_cat-fly100-evo-fly100-evo-2-fr","12":"product_cat-moster185-classic-fr","13":"product_cat-moster185-factory-fr","14":"product_cat-moster185-plus-fr","15":"product_cat-moster185-silent-fr","16":"product_cat-pieces-detachees-paramoteur","17":"product_cat-poignee-de-gaz","18":"product_cat-poignee-de-gaz-vittorazi","19":"product_cat-vittorazi-fr-marque","20":"product_tag-cable-daccelerateur","21":"product_tag-cable-inox","22":"product_tag-capteur-de-position-du-papillon-des-gaz","23":"product_tag-commande-de-laccelerateur","24":"product_tag-controle-de-lhelice","25":"product_tag-controle-du-carburant","26":"product_tag-controle-du-melange","27":"product_tag-etranglement","28":"product_tag-gaz-fr","29":"product_tag-gestion-du-moteur","30":"product_tag-gouverneur","31":"product_tag-injecteur-de-carburant","32":"product_tag-la-main","33":"product_tag-levier-daccelerateur","34":"product_tag-pedale-de-gaz","35":"product_tag-reglage-du-ralenti","36":"product_tag-reglages-de-puissance","37":"product_tag-reponse-a-laccelerateur","38":"product_tag-ressort-de-retour","39":"product_tag-rpm-tours-par-minute","40":"product_tag-throtlle-fr","41":"product_tag-vitesse-de-lhelice","42":"product_tag-vittorazi-fr","43":"desktop-align-left","44":"tablet-align-left","45":"mobile-align-left","46":"ast-product-gallery-layout-horizontal-slider","47":"ast-qv-on-image","49":"first","50":"instock","51":"taxable","52":"shipping-taxable","53":"purchasable","54":"product-type-simple"},"yoast_head":"<!-- This site is optimized with the Yoast SEO plugin v27.4 - https:\/\/yoast.com\/product\/yoast-seo-wordpress\/ -->\n<title>ACC050l V-Throttle levier noir avec ressort de rappel et c\u00e2ble Inox - Kangook Canada<\/title>\n<meta name=\"robots\" content=\"index, follow, max-snippet:-1, max-image-preview:large, max-video-preview:-1\" \/>\n<link rel=\"canonical\" href=\"https:\/\/kangook.com\/fr\/produit\/acc050l\/\" \/>\n<meta property=\"og:locale\" content=\"fr_FR\" \/>\n<meta property=\"og:type\" content=\"article\" \/>\n<meta property=\"og:title\" content=\"ACC050l V-Throttle levier noir avec ressort de rappel et c\u00e2ble Inox - Kangook Canada\" \/>\n<meta property=\"og:description\" content=\"Levier d&#039;acc\u00e9l\u00e9rateur V-Throttle noir ACC050L, ressort de rappel et c\u00e2ble en acier inoxydable pour acc\u00e9l\u00e9rateur Vittorazi V. Pi\u00e8ce d&#039;origine Vittorazi.\" \/>\n<meta property=\"og:url\" content=\"https:\/\/kangook.com\/fr\/produit\/acc050l\/\" \/>\n<meta property=\"og:site_name\" content=\"Kangook Canada\" \/>\n<meta property=\"article:modified_time\" content=\"2026-01-26T21:05:41+00:00\" \/>\n<meta property=\"og:image\" content=\"https:\/\/kangook.com\/wp-content\/uploads\/2024\/09\/ACC050l.png\" \/>\n\t<meta property=\"og:image:width\" content=\"408\" \/>\n\t<meta property=\"og:image:height\" content=\"228\" \/>\n\t<meta property=\"og:image:type\" content=\"image\/png\" \/>\n<meta name=\"twitter:card\" content=\"summary_large_image\" \/>\n<script type=\"application\/ld+json\" class=\"yoast-schema-graph\">{\"@context\":\"https:\\\/\\\/schema.org\",\"@graph\":[{\"@type\":\"WebPage\",\"@id\":\"https:\\\/\\\/kangook.com\\\/fr\\\/produit\\\/acc050l\\\/\",\"url\":\"https:\\\/\\\/kangook.com\\\/fr\\\/produit\\\/acc050l\\\/\",\"name\":\"ACC050l V-Throttle levier noir avec ressort de rappel et c\u00e2ble Inox - Kangook Canada\",\"isPartOf\":{\"@id\":\"https:\\\/\\\/kangook.com\\\/fr\\\/#website\"},\"primaryImageOfPage\":{\"@id\":\"https:\\\/\\\/kangook.com\\\/fr\\\/produit\\\/acc050l\\\/#primaryimage\"},\"image\":{\"@id\":\"https:\\\/\\\/kangook.com\\\/fr\\\/produit\\\/acc050l\\\/#primaryimage\"},\"thumbnailUrl\":\"https:\\\/\\\/kangook.com\\\/wp-content\\\/uploads\\\/2024\\\/09\\\/ACC050l.png\",\"datePublished\":\"2024-09-06T12:29:12+00:00\",\"dateModified\":\"2026-01-26T21:05:41+00:00\",\"breadcrumb\":{\"@id\":\"https:\\\/\\\/kangook.com\\\/fr\\\/produit\\\/acc050l\\\/#breadcrumb\"},\"inLanguage\":\"fr-FR\",\"potentialAction\":[{\"@type\":\"ReadAction\",\"target\":[\"https:\\\/\\\/kangook.com\\\/fr\\\/produit\\\/acc050l\\\/\"]}]},{\"@type\":\"ImageObject\",\"inLanguage\":\"fr-FR\",\"@id\":\"https:\\\/\\\/kangook.com\\\/fr\\\/produit\\\/acc050l\\\/#primaryimage\",\"url\":\"https:\\\/\\\/kangook.com\\\/wp-content\\\/uploads\\\/2024\\\/09\\\/ACC050l.png\",\"contentUrl\":\"https:\\\/\\\/kangook.com\\\/wp-content\\\/uploads\\\/2024\\\/09\\\/ACC050l.png\",\"width\":408,\"height\":228},{\"@type\":\"BreadcrumbList\",\"@id\":\"https:\\\/\\\/kangook.com\\\/fr\\\/produit\\\/acc050l\\\/#breadcrumb\",\"itemListElement\":[{\"@type\":\"ListItem\",\"position\":1,\"name\":\"Accueil\",\"item\":\"https:\\\/\\\/kangook.com\\\/fr\\\/\"},{\"@type\":\"ListItem\",\"position\":2,\"name\":\"Store\",\"item\":\"https:\\\/\\\/kangook.com\\\/store\\\/\"},{\"@type\":\"ListItem\",\"position\":3,\"name\":\"ACC050l V-Throttle levier noir avec ressort de rappel et c\u00e2ble Inox\"}]},{\"@type\":\"WebSite\",\"@id\":\"https:\\\/\\\/kangook.com\\\/fr\\\/#website\",\"url\":\"https:\\\/\\\/kangook.com\\\/fr\\\/\",\"name\":\"Kangook\",\"description\":\"Kangook Paramotors\",\"publisher\":{\"@id\":\"https:\\\/\\\/kangook.com\\\/fr\\\/#organization\"},\"potentialAction\":[{\"@type\":\"SearchAction\",\"target\":{\"@type\":\"EntryPoint\",\"urlTemplate\":\"https:\\\/\\\/kangook.com\\\/fr\\\/?s={search_term_string}\"},\"query-input\":{\"@type\":\"PropertyValueSpecification\",\"valueRequired\":true,\"valueName\":\"search_term_string\"}}],\"inLanguage\":\"fr-FR\"},{\"@type\":\"Organization\",\"@id\":\"https:\\\/\\\/kangook.com\\\/fr\\\/#organization\",\"name\":\"Kangook\",\"url\":\"https:\\\/\\\/kangook.com\\\/fr\\\/\",\"logo\":{\"@type\":\"ImageObject\",\"inLanguage\":\"fr-FR\",\"@id\":\"https:\\\/\\\/kangook.com\\\/fr\\\/#\\\/schema\\\/logo\\\/image\\\/\",\"url\":\"https:\\\/\\\/kangook.com\\\/wp-content\\\/uploads\\\/2022\\\/07\\\/cropped-Kangook-Paramotors-Flag.png\",\"contentUrl\":\"https:\\\/\\\/kangook.com\\\/wp-content\\\/uploads\\\/2022\\\/07\\\/cropped-Kangook-Paramotors-Flag.png\",\"width\":500,\"height\":97,\"caption\":\"Kangook\"},\"image\":{\"@id\":\"https:\\\/\\\/kangook.com\\\/fr\\\/#\\\/schema\\\/logo\\\/image\\\/\"}}]}<\/script>\n<!-- \/ Yoast SEO plugin. -->","yoast_head_json":{"title":"ACC050l V-Throttle levier noir avec ressort de rappel et c\u00e2ble Inox - Kangook Canada","robots":{"index":"index","follow":"follow","max-snippet":"max-snippet:-1","max-image-preview":"max-image-preview:large","max-video-preview":"max-video-preview:-1"},"canonical":"https:\/\/kangook.com\/fr\/produit\/acc050l\/","og_locale":"fr_FR","og_type":"article","og_title":"ACC050l V-Throttle levier noir avec ressort de rappel et c\u00e2ble Inox - Kangook Canada","og_description":"Levier d'acc\u00e9l\u00e9rateur V-Throttle noir ACC050L, ressort de rappel et c\u00e2ble en acier inoxydable pour acc\u00e9l\u00e9rateur Vittorazi V. Pi\u00e8ce d'origine Vittorazi.","og_url":"https:\/\/kangook.com\/fr\/produit\/acc050l\/","og_site_name":"Kangook Canada","article_modified_time":"2026-01-26T21:05:41+00:00","og_image":[{"width":408,"height":228,"url":"https:\/\/kangook.com\/wp-content\/uploads\/2024\/09\/ACC050l.png","type":"image\/png"}],"twitter_card":"summary_large_image","schema":{"@context":"https:\/\/schema.org","@graph":[{"@type":"WebPage","@id":"https:\/\/kangook.com\/fr\/produit\/acc050l\/","url":"https:\/\/kangook.com\/fr\/produit\/acc050l\/","name":"ACC050l V-Throttle levier noir avec ressort de rappel et c\u00e2ble Inox - Kangook Canada","isPartOf":{"@id":"https:\/\/kangook.com\/fr\/#website"},"primaryImageOfPage":{"@id":"https:\/\/kangook.com\/fr\/produit\/acc050l\/#primaryimage"},"image":{"@id":"https:\/\/kangook.com\/fr\/produit\/acc050l\/#primaryimage"},"thumbnailUrl":"https:\/\/kangook.com\/wp-content\/uploads\/2024\/09\/ACC050l.png","datePublished":"2024-09-06T12:29:12+00:00","dateModified":"2026-01-26T21:05:41+00:00","breadcrumb":{"@id":"https:\/\/kangook.com\/fr\/produit\/acc050l\/#breadcrumb"},"inLanguage":"fr-FR","potentialAction":[{"@type":"ReadAction","target":["https:\/\/kangook.com\/fr\/produit\/acc050l\/"]}]},{"@type":"ImageObject","inLanguage":"fr-FR","@id":"https:\/\/kangook.com\/fr\/produit\/acc050l\/#primaryimage","url":"https:\/\/kangook.com\/wp-content\/uploads\/2024\/09\/ACC050l.png","contentUrl":"https:\/\/kangook.com\/wp-content\/uploads\/2024\/09\/ACC050l.png","width":408,"height":228},{"@type":"BreadcrumbList","@id":"https:\/\/kangook.com\/fr\/produit\/acc050l\/#breadcrumb","itemListElement":[{"@type":"ListItem","position":1,"name":"Accueil","item":"https:\/\/kangook.com\/fr\/"},{"@type":"ListItem","position":2,"name":"Store","item":"https:\/\/kangook.com\/store\/"},{"@type":"ListItem","position":3,"name":"ACC050l V-Throttle levier noir avec ressort de rappel et c\u00e2ble Inox"}]},{"@type":"WebSite","@id":"https:\/\/kangook.com\/fr\/#website","url":"https:\/\/kangook.com\/fr\/","name":"Kangook","description":"Kangook Paramotors","publisher":{"@id":"https:\/\/kangook.com\/fr\/#organization"},"potentialAction":[{"@type":"SearchAction","target":{"@type":"EntryPoint","urlTemplate":"https:\/\/kangook.com\/fr\/?s={search_term_string}"},"query-input":{"@type":"PropertyValueSpecification","valueRequired":true,"valueName":"search_term_string"}}],"inLanguage":"fr-FR"},{"@type":"Organization","@id":"https:\/\/kangook.com\/fr\/#organization","name":"Kangook","url":"https:\/\/kangook.com\/fr\/","logo":{"@type":"ImageObject","inLanguage":"fr-FR","@id":"https:\/\/kangook.com\/fr\/#\/schema\/logo\/image\/","url":"https:\/\/kangook.com\/wp-content\/uploads\/2022\/07\/cropped-Kangook-Paramotors-Flag.png","contentUrl":"https:\/\/kangook.com\/wp-content\/uploads\/2022\/07\/cropped-Kangook-Paramotors-Flag.png","width":500,"height":97,"caption":"Kangook"},"image":{"@id":"https:\/\/kangook.com\/fr\/#\/schema\/logo\/image\/"}}]}},"wcpa_form_fields":null,"_links":{"self":[{"href":"https:\/\/kangook.com\/fr\/wp-json\/wp\/v2\/product\/22135","targetHints":{"allow":["GET"]}}],"collection":[{"href":"https:\/\/kangook.com\/fr\/wp-json\/wp\/v2\/product"}],"about":[{"href":"https:\/\/kangook.com\/fr\/wp-json\/wp\/v2\/types\/product"}],"version-history":[{"count":1,"href":"https:\/\/kangook.com\/fr\/wp-json\/wp\/v2\/product\/22135\/revisions"}],"predecessor-version":[{"id":31052,"href":"https:\/\/kangook.com\/fr\/wp-json\/wp\/v2\/product\/22135\/revisions\/31052"}],"wp:featuredmedia":[{"embeddable":true,"href":"https:\/\/kangook.com\/fr\/wp-json\/wp\/v2\/media\/19519"}],"wp:attachment":[{"href":"https:\/\/kangook.com\/fr\/wp-json\/wp\/v2\/media?parent=22135"}],"wp:term":[{"taxonomy":"product_brand","embeddable":true,"href":"https:\/\/kangook.com\/fr\/wp-json\/wp\/v2\/product_brand?post=22135"},{"taxonomy":"product_cat","embeddable":true,"href":"https:\/\/kangook.com\/fr\/wp-json\/wp\/v2\/product_cat?post=22135"},{"taxonomy":"product_tag","embeddable":true,"href":"https:\/\/kangook.com\/fr\/wp-json\/wp\/v2\/product_tag?post=22135"}],"curies":[{"name":"wp","href":"https:\/\/api.w.org\/{rel}","templated":true}]}}