{"id":22125,"date":"2024-09-06T13:38:31","date_gmt":"2024-09-06T13:38:31","guid":{"rendered":"https:\/\/kangook.com\/product\/acc055-v-throttle-black-electric-start\/"},"modified":"2026-01-26T21:05:32","modified_gmt":"2026-01-26T21:05:32","slug":"acc055-v-throttle-black-electric-start","status":"publish","type":"product","link":"https:\/\/kangook.com\/fr\/produit\/acc055-v-throttle-black-electric-start\/","title":{"rendered":"ACC055 Vittorazi V-throttle Black electric start"},"content":{"rendered":"<p style=\"text-align: center;\"><strong>Acc\u00e9l\u00e9rateur Vittorazi V, facilement commutable pour droitier ou gaucher.<\/strong><\/p>\n<p>Veuillez pr\u00e9ciser la longueur : 115cm\/45 in. ou 130\/51 in. <\/p>\n<p><strong>1 &#8211; COQUE<\/strong><\/p>\n<p>Le joystick a une finition de haute qualit\u00e9 et est confortable dans votre main, m\u00eame pour les vols de longue dur\u00e9e. Fabriqu\u00e9s en nylon robuste, les composants sont tr\u00e8s r\u00e9sistants aux chocs, \u00e0 la pression, aux acides et aux huiles. <\/p>\n<p><strong>2 &#8211; RESSORT<\/strong><\/p>\n<p>Le ressort sur le levier am\u00e9liore le glissement du c\u00e2ble dans les situations difficiles (forte flexion du c\u00e2ble, obstruction par des corps \u00e9trangers).<\/p>\n<p><strong>3 &#8211; POIGN\u00c9E<\/strong><\/p>\n<p>La forme ergonomique de la poign\u00e9e permet une position confortable et naturelle des doigts. La cavit\u00e9 du levier facilite la prise en main ou le blocage de l&rsquo;acc\u00e9l\u00e9rateur lors du lancement en marche arri\u00e8re. <\/p>\n<p><strong>4 &#8211; STRAP<\/strong><\/p>\n<p>Position de la sangle r\u00e9glable (haut-bas) pour ajuster parfaitement la prise sur la poign\u00e9e. Fonction d&rsquo;inversion : vous pouvez facilement passer de la main droite \u00e0 la main gauche. <\/p>\n<p><span class=\"testo-m-x\"><span class=\"hps\">Vittorazi V Throttle, facilement commutable pour droitier ou gaucher. <\/span><span class=\"hps\">droitier ou gaucher.<\/span><\/span><\/p>\n<p><strong>  Veuillez pr\u00e9ciser la longueur : 115cm\/45 in. ou 130\/51 in. <\/strong><\/p>\n<p><strong>1 &#8211; COQUE<\/strong><\/p>\n<p>Le joystick a une finition de haute qualit\u00e9 et est confortable dans votre main, m\u00eame pour les vols de longue dur\u00e9e. Fabriqu\u00e9s en nylon robuste, les composants sont tr\u00e8s r\u00e9sistants aux chocs, \u00e0 la pression, aux acides et aux huiles. <\/p>\n<p><strong>2 &#8211; RESSORT<\/strong><\/p>\n<p>Le ressort sur le levier am\u00e9liore le glissement du c\u00e2ble dans les situations difficiles (forte flexion du c\u00e2ble, obstruction par des corps \u00e9trangers).<\/p>\n<p><strong>3 &#8211; POIGN\u00c9E<\/strong><\/p>\n<p>La forme ergonomique de la poign\u00e9e permet une position confortable et naturelle des doigts. La cavit\u00e9 du levier facilite la prise en main ou le blocage de l&rsquo;acc\u00e9l\u00e9rateur lors du lancement en marche arri\u00e8re. <\/p>\n<p><strong>4 &#8211; STRAP<\/strong><\/p>\n<p>Position de la sangle r\u00e9glable (haut-bas) pour ajuster parfaitement la prise sur la poign\u00e9e. Fonction d&rsquo;inversion : vous pouvez facilement passer de la main droite \u00e0 la main gauche. <\/p>\n<p><strong>5 &#8211; BOUTON POUSSOIR<\/strong><\/p>\n<p>Facile d&rsquo;acc\u00e8s mais \u00e9galement prot\u00e9g\u00e9, afin d&rsquo;\u00e9viter les arr\u00eats accidentels. Bouton &#8211; Norme d&rsquo;\u00e9tanch\u00e9it\u00e9 IP67. <\/p>\n<p><strong>6 &#8211; WHIP<\/strong><\/p>\n<p>Le c\u00e2ble en acier gain\u00e9, avec \u00e2me en PTFE, garantit une excellente fluidit\u00e9, m\u00eame en cas de courbure \u00e9troite. Les composants sertis assurent une haute r\u00e9sistance du fouet, le tout scell\u00e9 par des \u0153illets. Longueur disponible : 115 cm ou 130 cm.  <\/p>\n<p><strong>AUTRES CARACT\u00c9RISTIQUES :<\/strong><\/p>\n<p>&#8211; Facile et rapide \u00e0 installer<\/p>\n<p>&#8211; Durable et r\u00e9sistant<\/p>\n<p>&#8211; Sans entretien<\/p>\n<p>&#8211; Fabriqu\u00e9 en mat\u00e9riaux de haute qualit\u00e9<\/p>\n<p>&#8211; Pi\u00e8ces r\u00e9sistantes au sel, \u00e9galement pour l&rsquo;utilisation \u00e0 la plage<\/p>\n<p>&#8211; Contr\u00f4le pr\u00e9cis de l&rsquo;acc\u00e9l\u00e9rateur<\/p>\n<p>&#8211; Mat\u00e9riau l\u00e9ger<\/p>\n<p>&#8211; 100% made in Italy \/ Garantie 3 ans<\/p>\n<p>Facile d&rsquo;acc\u00e8s mais \u00e9galement prot\u00e9g\u00e9, afin d&rsquo;\u00e9viter les arr\u00eats accidentels. Bouton &#8211; Norme d&rsquo;\u00e9tanch\u00e9it\u00e9 IP67. <\/p>\n<p><strong>6 &#8211; WHIP<\/strong><\/p>\n<p>Le c\u00e2ble en acier gain\u00e9, avec \u00e2me en PTFE, garantit une excellente fluidit\u00e9, m\u00eame en cas de courbure \u00e9troite. Les composants sertis assurent une haute r\u00e9sistance du fouet, le tout scell\u00e9 par des \u0153illets. Longueur disponible : 115 cm ou 130 cm.  <\/p>\n<p><strong>AUTRES CARACT\u00c9RISTIQUES :<\/strong><\/p>\n<p>&#8211; Facile et rapide \u00e0 installer<\/p>\n<p>&#8211; Durable et r\u00e9sistant<\/p>\n<p>&#8211; Sans entretien<\/p>\n<p>&#8211; Fabriqu\u00e9 en mat\u00e9riaux de haute qualit\u00e9<\/p>\n<p>&#8211; Pi\u00e8ces r\u00e9sistantes au sel, \u00e9galement pour l&rsquo;utilisation \u00e0 la plage<\/p>\n<p>&#8211; Contr\u00f4le pr\u00e9cis de l&rsquo;acc\u00e9l\u00e9rateur<\/p>\n<p>&#8211; Mat\u00e9riau l\u00e9ger<\/p>\n<p>&#8211; 100% made in Italy \/ Garantie 3 ans<\/p>\n","protected":false},"excerpt":{"rendered":"<p>ACC055 &#8211; ACC056<\/p>\n<p>V-throttle Black avec d\u00e9marrage \u00e9lectrique (\u00e0 droite et \u00e0 gauche).<\/p>\n","protected":false},"featured_media":29736,"template":"","meta":{"site-sidebar-layout":"default","site-content-layout":"","ast-site-content-layout":"default","site-content-style":"default","site-sidebar-style":"default","ast-global-header-display":"","ast-banner-title-visibility":"","ast-main-header-display":"","ast-hfb-above-header-display":"","ast-hfb-below-header-display":"","ast-hfb-mobile-header-display":"","site-post-title":"","ast-breadcrumbs-content":"","ast-featured-img":"","footer-sml-layout":"","ast-disable-related-posts":"","theme-transparent-header-meta":"default","adv-header-id-meta":"","stick-header-meta":"default","header-above-stick-meta":"","header-main-stick-meta":"","header-below-stick-meta":"","astra-migrate-meta-layouts":"default","ast-page-background-enabled":"default","ast-page-background-meta":{"desktop":{"background-color":"","background-image":"","background-repeat":"repeat","background-position":"center center","background-size":"auto","background-attachment":"scroll","background-type":"","background-media":"","overlay-type":"","overlay-color":"","overlay-opacity":"","overlay-gradient":""},"tablet":{"background-color":"","background-image":"","background-repeat":"repeat","background-position":"center center","background-size":"auto","background-attachment":"scroll","background-type":"","background-media":"","overlay-type":"","overlay-color":"","overlay-opacity":"","overlay-gradient":""},"mobile":{"background-color":"","background-image":"","background-repeat":"repeat","background-position":"center center","background-size":"auto","background-attachment":"scroll","background-type":"","background-media":"","overlay-type":"","overlay-color":"","overlay-opacity":"","overlay-gradient":""}},"ast-content-background-meta":{"desktop":{"background-color":"var(--ast-global-color-5)","background-image":"","background-repeat":"repeat","background-position":"center center","background-size":"auto","background-attachment":"scroll","background-type":"","background-media":"","overlay-type":"","overlay-color":"","overlay-opacity":"","overlay-gradient":""},"tablet":{"background-color":"var(--ast-global-color-5)","background-image":"","background-repeat":"repeat","background-position":"center center","background-size":"auto","background-attachment":"scroll","background-type":"","background-media":"","overlay-type":"","overlay-color":"","overlay-opacity":"","overlay-gradient":""},"mobile":{"background-color":"var(--ast-global-color-5)","background-image":"","background-repeat":"repeat","background-position":"center center","background-size":"auto","background-attachment":"scroll","background-type":"","background-media":"","overlay-type":"","overlay-color":"","overlay-opacity":"","overlay-gradient":""}}},"product_brand":[1358],"product_cat":[206,794,795,173],"product_tag":[1050,1051,1033,1043,1029,1030,1046,1031,1039,1042,1048,1034,1045,1044,1047,1032,1036,1040,1035,1041,1038,1049,1037,675],"class_list":{"0":"post-22125","1":"product","2":"type-product","3":"status-publish","4":"has-post-thumbnail","6":"product_brand-vittorazi","7":"product_cat-accessoires-vittorazi","8":"product_cat-poignee-de-gaz","9":"product_cat-poignee-de-gaz-vittorazi","10":"product_cat-vittorazi-fr-marque","11":"product_tag-acc055-fr","12":"product_tag-acc056-fr","13":"product_tag-cable-daccelerateur","14":"product_tag-capteur-de-position-du-papillon-des-gaz","15":"product_tag-commande-de-gaz","16":"product_tag-commande-de-laccelerateur","17":"product_tag-controle-de-lhelice","18":"product_tag-controle-du-carburant","19":"product_tag-controle-du-melange","20":"product_tag-etranglement","21":"product_tag-gaz-fr","22":"product_tag-gestion-du-moteur","23":"product_tag-gouverneur","24":"product_tag-injecteur-de-carburant","25":"product_tag-la-main","26":"product_tag-levier-daccelerateur","27":"product_tag-pedale-de-gaz","28":"product_tag-reglage-du-ralenti","29":"product_tag-reglages-de-puissance","30":"product_tag-reponse-a-laccelerateur","31":"product_tag-rpm-tours-par-minute","32":"product_tag-throtlle-fr","33":"product_tag-vitesse-de-lhelice","34":"product_tag-vittorazi-fr","35":"desktop-align-left","36":"tablet-align-left","37":"mobile-align-left","38":"ast-product-gallery-layout-horizontal-slider","39":"ast-product-gallery-with-no-image","40":"ast-product-single-variable","41":"ast-qv-on-image","43":"first","44":"instock","45":"taxable","46":"shipping-taxable","47":"purchasable","48":"product-type-variable"},"yoast_head":"<!-- This site is optimized with the Yoast SEO plugin v27.5 - https:\/\/yoast.com\/product\/yoast-seo-wordpress\/ -->\n<title>ACC055 Vittorazi V-throttle Black electric start - Kangook Canada<\/title>\n<meta name=\"robots\" content=\"index, follow, max-snippet:-1, max-image-preview:large, max-video-preview:-1\" \/>\n<link rel=\"canonical\" href=\"https:\/\/kangook.com\/fr\/produit\/acc055-v-throttle-black-electric-start\/\" \/>\n<meta property=\"og:locale\" content=\"fr_FR\" \/>\n<meta property=\"og:type\" content=\"article\" \/>\n<meta property=\"og:title\" content=\"ACC055 Vittorazi V-throttle Black electric start - Kangook Canada\" \/>\n<meta property=\"og:description\" content=\"ACC055 - ACC056 V-throttle Black avec d\u00e9marrage \u00e9lectrique (\u00e0 droite et \u00e0 gauche).\" \/>\n<meta property=\"og:url\" content=\"https:\/\/kangook.com\/fr\/produit\/acc055-v-throttle-black-electric-start\/\" \/>\n<meta property=\"og:site_name\" content=\"Kangook Canada\" \/>\n<meta property=\"article:modified_time\" content=\"2026-01-26T21:05:32+00:00\" \/>\n<meta property=\"og:image\" content=\"https:\/\/kangook.com\/wp-content\/uploads\/2024\/09\/Vittorazi_V__81994.jpg\" \/>\n\t<meta property=\"og:image:width\" content=\"1280\" \/>\n\t<meta property=\"og:image:height\" content=\"853\" \/>\n\t<meta property=\"og:image:type\" content=\"image\/jpeg\" \/>\n<meta name=\"twitter:card\" content=\"summary_large_image\" \/>\n<meta name=\"twitter:label1\" content=\"Dur\u00e9e de lecture estim\u00e9e\" \/>\n\t<meta name=\"twitter:data1\" content=\"3 minutes\" \/>\n<script type=\"application\/ld+json\" class=\"yoast-schema-graph\">{\"@context\":\"https:\\\/\\\/schema.org\",\"@graph\":[{\"@type\":\"WebPage\",\"@id\":\"https:\\\/\\\/kangook.com\\\/fr\\\/produit\\\/acc055-v-throttle-black-electric-start\\\/\",\"url\":\"https:\\\/\\\/kangook.com\\\/fr\\\/produit\\\/acc055-v-throttle-black-electric-start\\\/\",\"name\":\"ACC055 Vittorazi V-throttle Black electric start - Kangook Canada\",\"isPartOf\":{\"@id\":\"https:\\\/\\\/kangook.com\\\/fr\\\/#website\"},\"primaryImageOfPage\":{\"@id\":\"https:\\\/\\\/kangook.com\\\/fr\\\/produit\\\/acc055-v-throttle-black-electric-start\\\/#primaryimage\"},\"image\":{\"@id\":\"https:\\\/\\\/kangook.com\\\/fr\\\/produit\\\/acc055-v-throttle-black-electric-start\\\/#primaryimage\"},\"thumbnailUrl\":\"https:\\\/\\\/kangook.com\\\/wp-content\\\/uploads\\\/2024\\\/09\\\/Vittorazi_V__81994.jpg\",\"datePublished\":\"2024-09-06T13:38:31+00:00\",\"dateModified\":\"2026-01-26T21:05:32+00:00\",\"breadcrumb\":{\"@id\":\"https:\\\/\\\/kangook.com\\\/fr\\\/produit\\\/acc055-v-throttle-black-electric-start\\\/#breadcrumb\"},\"inLanguage\":\"fr-FR\",\"potentialAction\":[{\"@type\":\"ReadAction\",\"target\":[\"https:\\\/\\\/kangook.com\\\/fr\\\/produit\\\/acc055-v-throttle-black-electric-start\\\/\"]}]},{\"@type\":\"ImageObject\",\"inLanguage\":\"fr-FR\",\"@id\":\"https:\\\/\\\/kangook.com\\\/fr\\\/produit\\\/acc055-v-throttle-black-electric-start\\\/#primaryimage\",\"url\":\"https:\\\/\\\/kangook.com\\\/wp-content\\\/uploads\\\/2024\\\/09\\\/Vittorazi_V__81994.jpg\",\"contentUrl\":\"https:\\\/\\\/kangook.com\\\/wp-content\\\/uploads\\\/2024\\\/09\\\/Vittorazi_V__81994.jpg\",\"width\":1280,\"height\":853,\"caption\":\"Vittorazi V-Throttle\"},{\"@type\":\"BreadcrumbList\",\"@id\":\"https:\\\/\\\/kangook.com\\\/fr\\\/produit\\\/acc055-v-throttle-black-electric-start\\\/#breadcrumb\",\"itemListElement\":[{\"@type\":\"ListItem\",\"position\":1,\"name\":\"Accueil\",\"item\":\"https:\\\/\\\/kangook.com\\\/fr\\\/\"},{\"@type\":\"ListItem\",\"position\":2,\"name\":\"Store\",\"item\":\"https:\\\/\\\/kangook.com\\\/store\\\/\"},{\"@type\":\"ListItem\",\"position\":3,\"name\":\"ACC055 Vittorazi V-throttle Black electric start\"}]},{\"@type\":\"WebSite\",\"@id\":\"https:\\\/\\\/kangook.com\\\/fr\\\/#website\",\"url\":\"https:\\\/\\\/kangook.com\\\/fr\\\/\",\"name\":\"Kangook\",\"description\":\"Kangook Paramotors\",\"publisher\":{\"@id\":\"https:\\\/\\\/kangook.com\\\/fr\\\/#organization\"},\"potentialAction\":[{\"@type\":\"SearchAction\",\"target\":{\"@type\":\"EntryPoint\",\"urlTemplate\":\"https:\\\/\\\/kangook.com\\\/fr\\\/?s={search_term_string}\"},\"query-input\":{\"@type\":\"PropertyValueSpecification\",\"valueRequired\":true,\"valueName\":\"search_term_string\"}}],\"inLanguage\":\"fr-FR\"},{\"@type\":\"Organization\",\"@id\":\"https:\\\/\\\/kangook.com\\\/fr\\\/#organization\",\"name\":\"Kangook\",\"url\":\"https:\\\/\\\/kangook.com\\\/fr\\\/\",\"logo\":{\"@type\":\"ImageObject\",\"inLanguage\":\"fr-FR\",\"@id\":\"https:\\\/\\\/kangook.com\\\/fr\\\/#\\\/schema\\\/logo\\\/image\\\/\",\"url\":\"https:\\\/\\\/kangook.com\\\/wp-content\\\/uploads\\\/2022\\\/07\\\/cropped-Kangook-Paramotors-Flag.png\",\"contentUrl\":\"https:\\\/\\\/kangook.com\\\/wp-content\\\/uploads\\\/2022\\\/07\\\/cropped-Kangook-Paramotors-Flag.png\",\"width\":500,\"height\":97,\"caption\":\"Kangook\"},\"image\":{\"@id\":\"https:\\\/\\\/kangook.com\\\/fr\\\/#\\\/schema\\\/logo\\\/image\\\/\"}}]}<\/script>\n<!-- \/ Yoast SEO plugin. -->","yoast_head_json":{"title":"ACC055 Vittorazi V-throttle Black electric start - Kangook Canada","robots":{"index":"index","follow":"follow","max-snippet":"max-snippet:-1","max-image-preview":"max-image-preview:large","max-video-preview":"max-video-preview:-1"},"canonical":"https:\/\/kangook.com\/fr\/produit\/acc055-v-throttle-black-electric-start\/","og_locale":"fr_FR","og_type":"article","og_title":"ACC055 Vittorazi V-throttle Black electric start - Kangook Canada","og_description":"ACC055 - ACC056 V-throttle Black avec d\u00e9marrage \u00e9lectrique (\u00e0 droite et \u00e0 gauche).","og_url":"https:\/\/kangook.com\/fr\/produit\/acc055-v-throttle-black-electric-start\/","og_site_name":"Kangook Canada","article_modified_time":"2026-01-26T21:05:32+00:00","og_image":[{"width":1280,"height":853,"url":"https:\/\/kangook.com\/wp-content\/uploads\/2024\/09\/Vittorazi_V__81994.jpg","type":"image\/jpeg"}],"twitter_card":"summary_large_image","twitter_misc":{"Dur\u00e9e de lecture estim\u00e9e":"3 minutes"},"schema":{"@context":"https:\/\/schema.org","@graph":[{"@type":"WebPage","@id":"https:\/\/kangook.com\/fr\/produit\/acc055-v-throttle-black-electric-start\/","url":"https:\/\/kangook.com\/fr\/produit\/acc055-v-throttle-black-electric-start\/","name":"ACC055 Vittorazi V-throttle Black electric start - Kangook Canada","isPartOf":{"@id":"https:\/\/kangook.com\/fr\/#website"},"primaryImageOfPage":{"@id":"https:\/\/kangook.com\/fr\/produit\/acc055-v-throttle-black-electric-start\/#primaryimage"},"image":{"@id":"https:\/\/kangook.com\/fr\/produit\/acc055-v-throttle-black-electric-start\/#primaryimage"},"thumbnailUrl":"https:\/\/kangook.com\/wp-content\/uploads\/2024\/09\/Vittorazi_V__81994.jpg","datePublished":"2024-09-06T13:38:31+00:00","dateModified":"2026-01-26T21:05:32+00:00","breadcrumb":{"@id":"https:\/\/kangook.com\/fr\/produit\/acc055-v-throttle-black-electric-start\/#breadcrumb"},"inLanguage":"fr-FR","potentialAction":[{"@type":"ReadAction","target":["https:\/\/kangook.com\/fr\/produit\/acc055-v-throttle-black-electric-start\/"]}]},{"@type":"ImageObject","inLanguage":"fr-FR","@id":"https:\/\/kangook.com\/fr\/produit\/acc055-v-throttle-black-electric-start\/#primaryimage","url":"https:\/\/kangook.com\/wp-content\/uploads\/2024\/09\/Vittorazi_V__81994.jpg","contentUrl":"https:\/\/kangook.com\/wp-content\/uploads\/2024\/09\/Vittorazi_V__81994.jpg","width":1280,"height":853,"caption":"Vittorazi V-Throttle"},{"@type":"BreadcrumbList","@id":"https:\/\/kangook.com\/fr\/produit\/acc055-v-throttle-black-electric-start\/#breadcrumb","itemListElement":[{"@type":"ListItem","position":1,"name":"Accueil","item":"https:\/\/kangook.com\/fr\/"},{"@type":"ListItem","position":2,"name":"Store","item":"https:\/\/kangook.com\/store\/"},{"@type":"ListItem","position":3,"name":"ACC055 Vittorazi V-throttle Black electric start"}]},{"@type":"WebSite","@id":"https:\/\/kangook.com\/fr\/#website","url":"https:\/\/kangook.com\/fr\/","name":"Kangook","description":"Kangook Paramotors","publisher":{"@id":"https:\/\/kangook.com\/fr\/#organization"},"potentialAction":[{"@type":"SearchAction","target":{"@type":"EntryPoint","urlTemplate":"https:\/\/kangook.com\/fr\/?s={search_term_string}"},"query-input":{"@type":"PropertyValueSpecification","valueRequired":true,"valueName":"search_term_string"}}],"inLanguage":"fr-FR"},{"@type":"Organization","@id":"https:\/\/kangook.com\/fr\/#organization","name":"Kangook","url":"https:\/\/kangook.com\/fr\/","logo":{"@type":"ImageObject","inLanguage":"fr-FR","@id":"https:\/\/kangook.com\/fr\/#\/schema\/logo\/image\/","url":"https:\/\/kangook.com\/wp-content\/uploads\/2022\/07\/cropped-Kangook-Paramotors-Flag.png","contentUrl":"https:\/\/kangook.com\/wp-content\/uploads\/2022\/07\/cropped-Kangook-Paramotors-Flag.png","width":500,"height":97,"caption":"Kangook"},"image":{"@id":"https:\/\/kangook.com\/fr\/#\/schema\/logo\/image\/"}}]}},"wcpa_form_fields":null,"_links":{"self":[{"href":"https:\/\/kangook.com\/fr\/wp-json\/wp\/v2\/product\/22125","targetHints":{"allow":["GET"]}}],"collection":[{"href":"https:\/\/kangook.com\/fr\/wp-json\/wp\/v2\/product"}],"about":[{"href":"https:\/\/kangook.com\/fr\/wp-json\/wp\/v2\/types\/product"}],"version-history":[{"count":1,"href":"https:\/\/kangook.com\/fr\/wp-json\/wp\/v2\/product\/22125\/revisions"}],"predecessor-version":[{"id":31044,"href":"https:\/\/kangook.com\/fr\/wp-json\/wp\/v2\/product\/22125\/revisions\/31044"}],"wp:featuredmedia":[{"embeddable":true,"href":"https:\/\/kangook.com\/fr\/wp-json\/wp\/v2\/media\/29736"}],"wp:attachment":[{"href":"https:\/\/kangook.com\/fr\/wp-json\/wp\/v2\/media?parent=22125"}],"wp:term":[{"taxonomy":"product_brand","embeddable":true,"href":"https:\/\/kangook.com\/fr\/wp-json\/wp\/v2\/product_brand?post=22125"},{"taxonomy":"product_cat","embeddable":true,"href":"https:\/\/kangook.com\/fr\/wp-json\/wp\/v2\/product_cat?post=22125"},{"taxonomy":"product_tag","embeddable":true,"href":"https:\/\/kangook.com\/fr\/wp-json\/wp\/v2\/product_tag?post=22125"}],"curies":[{"name":"wp","href":"https:\/\/api.w.org\/{rel}","templated":true}]}}