{"id":22105,"date":"2024-09-09T18:33:28","date_gmt":"2024-09-09T18:33:28","guid":{"rendered":"https:\/\/kangook.com\/product\/acc090-iridium-eix-spark-plug\/"},"modified":"2026-01-26T21:05:31","modified_gmt":"2026-01-26T21:05:31","slug":"acc090","status":"publish","type":"product","link":"https:\/\/kangook.com\/fr\/produit\/acc090\/","title":{"rendered":"ACC090 Bougie d&rsquo;allumage Iridium EIX"},"content":{"rendered":"","protected":false},"excerpt":{"rendered":"<p><span style=\"vertical-align: inherit;\"><span style=\"vertical-align: inherit;\">Gr\u00e2ce \u00e0 sa r\u00e9ponse am\u00e9lior\u00e9e \u00e0 l&rsquo;acc\u00e9l\u00e9rateur, \u00e0 son antisalissure sup\u00e9rieure et \u00e0 sa grande inflammabilit\u00e9, l&rsquo;Iridium EIX est id\u00e9al pour les passionn\u00e9s de performance. Le point de fusion extr\u00eamement \u00e9lev\u00e9 de l&rsquo;Iridium est parfaitement adapt\u00e9 aux moteurs haute temp\u00e9rature actuels, offrant une acc\u00e9l\u00e9ration, une consommation de carburant et une durabilit\u00e9 exceptionnelles. <\/span><\/span><\/p>\n<ul>\n<li><span style=\"vertical-align: inherit;\"><span style=\"vertical-align: inherit;\">La pointe fine en iridium assure une grande durabilit\u00e9 et une \u00e9tincelle stable et constante<\/span><\/span><\/li>\n<li><span style=\"vertical-align: inherit;\"><span style=\"vertical-align: inherit;\">Placage m\u00e9tallique trivalent pour des propri\u00e9t\u00e9s anticorrosion et antigrippage sup\u00e9rieures<\/span><\/span><\/li>\n<li><span style=\"vertical-align: inherit;\"><span style=\"vertical-align: inherit;\">Acc\u00e9l\u00e9ration exceptionnelle, rendement \u00e9nerg\u00e9tique \u00e9lev\u00e9 et durabilit\u00e9<\/span><\/span><\/li>\n<\/ul>\n","protected":false},"featured_media":19662,"template":"","meta":{"site-sidebar-layout":"default","site-content-layout":"","ast-site-content-layout":"default","site-content-style":"default","site-sidebar-style":"default","ast-global-header-display":"","ast-banner-title-visibility":"","ast-main-header-display":"","ast-hfb-above-header-display":"","ast-hfb-below-header-display":"","ast-hfb-mobile-header-display":"","site-post-title":"","ast-breadcrumbs-content":"","ast-featured-img":"","footer-sml-layout":"","ast-disable-related-posts":"","theme-transparent-header-meta":"default","adv-header-id-meta":"","stick-header-meta":"default","header-above-stick-meta":"","header-main-stick-meta":"","header-below-stick-meta":"","astra-migrate-meta-layouts":"default","ast-page-background-enabled":"default","ast-page-background-meta":{"desktop":{"background-color":"","background-image":"","background-repeat":"repeat","background-position":"center center","background-size":"auto","background-attachment":"scroll","background-type":"","background-media":"","overlay-type":"","overlay-color":"","overlay-opacity":"","overlay-gradient":""},"tablet":{"background-color":"","background-image":"","background-repeat":"repeat","background-position":"center center","background-size":"auto","background-attachment":"scroll","background-type":"","background-media":"","overlay-type":"","overlay-color":"","overlay-opacity":"","overlay-gradient":""},"mobile":{"background-color":"","background-image":"","background-repeat":"repeat","background-position":"center center","background-size":"auto","background-attachment":"scroll","background-type":"","background-media":"","overlay-type":"","overlay-color":"","overlay-opacity":"","overlay-gradient":""}},"ast-content-background-meta":{"desktop":{"background-color":"var(--ast-global-color-5)","background-image":"","background-repeat":"repeat","background-position":"center center","background-size":"auto","background-attachment":"scroll","background-type":"","background-media":"","overlay-type":"","overlay-color":"","overlay-opacity":"","overlay-gradient":""},"tablet":{"background-color":"var(--ast-global-color-5)","background-image":"","background-repeat":"repeat","background-position":"center center","background-size":"auto","background-attachment":"scroll","background-type":"","background-media":"","overlay-type":"","overlay-color":"","overlay-opacity":"","overlay-gradient":""},"mobile":{"background-color":"var(--ast-global-color-5)","background-image":"","background-repeat":"repeat","background-position":"center center","background-size":"auto","background-attachment":"scroll","background-type":"","background-media":"","overlay-type":"","overlay-color":"","overlay-opacity":"","overlay-gradient":""}}},"product_brand":[1358],"product_cat":[206,783,784,785,786,205,176,175,174,775,173],"product_tag":[1005,885,995,1002,997,1001,994,999,1006,1000,996,998,1003,1004],"class_list":{"0":"post-22105","1":"product","2":"type-product","3":"status-publish","4":"has-post-thumbnail","6":"product_brand-vittorazi","7":"product_cat-accessoires-vittorazi","8":"product_cat-moteur-moster185-classic","9":"product_cat-moteur-moster185-factory","10":"product_cat-moteur-moster185-plus","11":"product_cat-moteur-moster185-silent","12":"product_cat-moster185-classic-fr","13":"product_cat-moster185-factory-fr","14":"product_cat-moster185-plus-fr","15":"product_cat-moster185-silent-fr","16":"product_cat-pieces-detachees-paramoteur","17":"product_cat-vittorazi-fr-marque","18":"product_tag-acc090-fr","19":"product_tag-accessoire-fr","20":"product_tag-eix-spark-plug-fr","21":"product_tag-engine-ignition-component-fr","22":"product_tag-high-performance-spark-plug-fr","23":"product_tag-iridium-electrodes-fr","24":"product_tag-iridium-spark-plug-fr","25":"product_tag-long-lasting-spark-plug-fr","26":"product_tag-moster-185-accesory-fr","27":"product_tag-paramotor-engine-parts-fr","28":"product_tag-paramotor-engine-spark-plug-fr","29":"product_tag-premium-spark-plug-fr","30":"product_tag-reliable-spark-plug-fr","31":"product_tag-spark-plug-fr","32":"desktop-align-left","33":"tablet-align-left","34":"mobile-align-left","35":"ast-product-gallery-layout-horizontal-slider","36":"ast-qv-on-image","38":"first","39":"instock","40":"taxable","41":"shipping-taxable","42":"purchasable","43":"product-type-simple"},"yoast_head":"<!-- This site is optimized with the Yoast SEO plugin v27.5 - https:\/\/yoast.com\/product\/yoast-seo-wordpress\/ -->\n<title>ACC090 Bougie d&#039;allumage Iridium EIX - Kangook Canada<\/title>\n<meta name=\"robots\" content=\"index, follow, max-snippet:-1, max-image-preview:large, max-video-preview:-1\" \/>\n<link rel=\"canonical\" href=\"https:\/\/kangook.com\/fr\/produit\/acc090\/\" \/>\n<meta property=\"og:locale\" content=\"fr_FR\" \/>\n<meta property=\"og:type\" content=\"article\" \/>\n<meta property=\"og:title\" content=\"ACC090 Bougie d&#039;allumage Iridium EIX - Kangook Canada\" \/>\n<meta property=\"og:description\" content=\"Gr\u00e2ce \u00e0 sa r\u00e9ponse am\u00e9lior\u00e9e \u00e0 l&#039;acc\u00e9l\u00e9rateur, \u00e0 son antisalissure sup\u00e9rieure et \u00e0 sa grande inflammabilit\u00e9, l&#039;Iridium EIX est id\u00e9al pour les passionn\u00e9s de performance. Le point de fusion extr\u00eamement \u00e9lev\u00e9 de l&#039;Iridium est parfaitement adapt\u00e9 aux moteurs haute temp\u00e9rature actuels, offrant une acc\u00e9l\u00e9ration, une consommation de carburant et une durabilit\u00e9 exceptionnelles.   La pointe fine en iridium assure une grande durabilit\u00e9 et une \u00e9tincelle stable et constante  Placage m\u00e9tallique trivalent pour des propri\u00e9t\u00e9s anticorrosion et antigrippage sup\u00e9rieures  Acc\u00e9l\u00e9ration exceptionnelle, rendement \u00e9nerg\u00e9tique \u00e9lev\u00e9 et durabilit\u00e9\" \/>\n<meta property=\"og:url\" content=\"https:\/\/kangook.com\/fr\/produit\/acc090\/\" \/>\n<meta property=\"og:site_name\" content=\"Kangook Canada\" \/>\n<meta property=\"article:modified_time\" content=\"2026-01-26T21:05:31+00:00\" \/>\n<meta property=\"og:image\" content=\"https:\/\/kangook.com\/wp-content\/uploads\/2024\/09\/ACC090.png\" \/>\n\t<meta property=\"og:image:width\" content=\"500\" \/>\n\t<meta property=\"og:image:height\" content=\"500\" \/>\n\t<meta property=\"og:image:type\" content=\"image\/png\" \/>\n<meta name=\"twitter:card\" content=\"summary_large_image\" \/>\n<script type=\"application\/ld+json\" class=\"yoast-schema-graph\">{\"@context\":\"https:\\\/\\\/schema.org\",\"@graph\":[{\"@type\":\"WebPage\",\"@id\":\"https:\\\/\\\/kangook.com\\\/fr\\\/produit\\\/acc090\\\/\",\"url\":\"https:\\\/\\\/kangook.com\\\/fr\\\/produit\\\/acc090\\\/\",\"name\":\"ACC090 Bougie d'allumage Iridium EIX - Kangook Canada\",\"isPartOf\":{\"@id\":\"https:\\\/\\\/kangook.com\\\/fr\\\/#website\"},\"primaryImageOfPage\":{\"@id\":\"https:\\\/\\\/kangook.com\\\/fr\\\/produit\\\/acc090\\\/#primaryimage\"},\"image\":{\"@id\":\"https:\\\/\\\/kangook.com\\\/fr\\\/produit\\\/acc090\\\/#primaryimage\"},\"thumbnailUrl\":\"https:\\\/\\\/kangook.com\\\/wp-content\\\/uploads\\\/2024\\\/09\\\/ACC090.png\",\"datePublished\":\"2024-09-09T18:33:28+00:00\",\"dateModified\":\"2026-01-26T21:05:31+00:00\",\"breadcrumb\":{\"@id\":\"https:\\\/\\\/kangook.com\\\/fr\\\/produit\\\/acc090\\\/#breadcrumb\"},\"inLanguage\":\"fr-FR\",\"potentialAction\":[{\"@type\":\"ReadAction\",\"target\":[\"https:\\\/\\\/kangook.com\\\/fr\\\/produit\\\/acc090\\\/\"]}]},{\"@type\":\"ImageObject\",\"inLanguage\":\"fr-FR\",\"@id\":\"https:\\\/\\\/kangook.com\\\/fr\\\/produit\\\/acc090\\\/#primaryimage\",\"url\":\"https:\\\/\\\/kangook.com\\\/wp-content\\\/uploads\\\/2024\\\/09\\\/ACC090.png\",\"contentUrl\":\"https:\\\/\\\/kangook.com\\\/wp-content\\\/uploads\\\/2024\\\/09\\\/ACC090.png\",\"width\":500,\"height\":500},{\"@type\":\"BreadcrumbList\",\"@id\":\"https:\\\/\\\/kangook.com\\\/fr\\\/produit\\\/acc090\\\/#breadcrumb\",\"itemListElement\":[{\"@type\":\"ListItem\",\"position\":1,\"name\":\"Accueil\",\"item\":\"https:\\\/\\\/kangook.com\\\/fr\\\/\"},{\"@type\":\"ListItem\",\"position\":2,\"name\":\"Store\",\"item\":\"https:\\\/\\\/kangook.com\\\/store\\\/\"},{\"@type\":\"ListItem\",\"position\":3,\"name\":\"ACC090 Bougie d&#8217;allumage Iridium EIX\"}]},{\"@type\":\"WebSite\",\"@id\":\"https:\\\/\\\/kangook.com\\\/fr\\\/#website\",\"url\":\"https:\\\/\\\/kangook.com\\\/fr\\\/\",\"name\":\"Kangook\",\"description\":\"Kangook Paramotors\",\"publisher\":{\"@id\":\"https:\\\/\\\/kangook.com\\\/fr\\\/#organization\"},\"potentialAction\":[{\"@type\":\"SearchAction\",\"target\":{\"@type\":\"EntryPoint\",\"urlTemplate\":\"https:\\\/\\\/kangook.com\\\/fr\\\/?s={search_term_string}\"},\"query-input\":{\"@type\":\"PropertyValueSpecification\",\"valueRequired\":true,\"valueName\":\"search_term_string\"}}],\"inLanguage\":\"fr-FR\"},{\"@type\":\"Organization\",\"@id\":\"https:\\\/\\\/kangook.com\\\/fr\\\/#organization\",\"name\":\"Kangook\",\"url\":\"https:\\\/\\\/kangook.com\\\/fr\\\/\",\"logo\":{\"@type\":\"ImageObject\",\"inLanguage\":\"fr-FR\",\"@id\":\"https:\\\/\\\/kangook.com\\\/fr\\\/#\\\/schema\\\/logo\\\/image\\\/\",\"url\":\"https:\\\/\\\/kangook.com\\\/wp-content\\\/uploads\\\/2022\\\/07\\\/cropped-Kangook-Paramotors-Flag.png\",\"contentUrl\":\"https:\\\/\\\/kangook.com\\\/wp-content\\\/uploads\\\/2022\\\/07\\\/cropped-Kangook-Paramotors-Flag.png\",\"width\":500,\"height\":97,\"caption\":\"Kangook\"},\"image\":{\"@id\":\"https:\\\/\\\/kangook.com\\\/fr\\\/#\\\/schema\\\/logo\\\/image\\\/\"}}]}<\/script>\n<!-- \/ Yoast SEO plugin. -->","yoast_head_json":{"title":"ACC090 Bougie d'allumage Iridium EIX - Kangook Canada","robots":{"index":"index","follow":"follow","max-snippet":"max-snippet:-1","max-image-preview":"max-image-preview:large","max-video-preview":"max-video-preview:-1"},"canonical":"https:\/\/kangook.com\/fr\/produit\/acc090\/","og_locale":"fr_FR","og_type":"article","og_title":"ACC090 Bougie d'allumage Iridium EIX - Kangook Canada","og_description":"Gr\u00e2ce \u00e0 sa r\u00e9ponse am\u00e9lior\u00e9e \u00e0 l'acc\u00e9l\u00e9rateur, \u00e0 son antisalissure sup\u00e9rieure et \u00e0 sa grande inflammabilit\u00e9, l'Iridium EIX est id\u00e9al pour les passionn\u00e9s de performance. Le point de fusion extr\u00eamement \u00e9lev\u00e9 de l'Iridium est parfaitement adapt\u00e9 aux moteurs haute temp\u00e9rature actuels, offrant une acc\u00e9l\u00e9ration, une consommation de carburant et une durabilit\u00e9 exceptionnelles.   La pointe fine en iridium assure une grande durabilit\u00e9 et une \u00e9tincelle stable et constante  Placage m\u00e9tallique trivalent pour des propri\u00e9t\u00e9s anticorrosion et antigrippage sup\u00e9rieures  Acc\u00e9l\u00e9ration exceptionnelle, rendement \u00e9nerg\u00e9tique \u00e9lev\u00e9 et durabilit\u00e9","og_url":"https:\/\/kangook.com\/fr\/produit\/acc090\/","og_site_name":"Kangook Canada","article_modified_time":"2026-01-26T21:05:31+00:00","og_image":[{"width":500,"height":500,"url":"https:\/\/kangook.com\/wp-content\/uploads\/2024\/09\/ACC090.png","type":"image\/png"}],"twitter_card":"summary_large_image","schema":{"@context":"https:\/\/schema.org","@graph":[{"@type":"WebPage","@id":"https:\/\/kangook.com\/fr\/produit\/acc090\/","url":"https:\/\/kangook.com\/fr\/produit\/acc090\/","name":"ACC090 Bougie d'allumage Iridium EIX - Kangook Canada","isPartOf":{"@id":"https:\/\/kangook.com\/fr\/#website"},"primaryImageOfPage":{"@id":"https:\/\/kangook.com\/fr\/produit\/acc090\/#primaryimage"},"image":{"@id":"https:\/\/kangook.com\/fr\/produit\/acc090\/#primaryimage"},"thumbnailUrl":"https:\/\/kangook.com\/wp-content\/uploads\/2024\/09\/ACC090.png","datePublished":"2024-09-09T18:33:28+00:00","dateModified":"2026-01-26T21:05:31+00:00","breadcrumb":{"@id":"https:\/\/kangook.com\/fr\/produit\/acc090\/#breadcrumb"},"inLanguage":"fr-FR","potentialAction":[{"@type":"ReadAction","target":["https:\/\/kangook.com\/fr\/produit\/acc090\/"]}]},{"@type":"ImageObject","inLanguage":"fr-FR","@id":"https:\/\/kangook.com\/fr\/produit\/acc090\/#primaryimage","url":"https:\/\/kangook.com\/wp-content\/uploads\/2024\/09\/ACC090.png","contentUrl":"https:\/\/kangook.com\/wp-content\/uploads\/2024\/09\/ACC090.png","width":500,"height":500},{"@type":"BreadcrumbList","@id":"https:\/\/kangook.com\/fr\/produit\/acc090\/#breadcrumb","itemListElement":[{"@type":"ListItem","position":1,"name":"Accueil","item":"https:\/\/kangook.com\/fr\/"},{"@type":"ListItem","position":2,"name":"Store","item":"https:\/\/kangook.com\/store\/"},{"@type":"ListItem","position":3,"name":"ACC090 Bougie d&#8217;allumage Iridium EIX"}]},{"@type":"WebSite","@id":"https:\/\/kangook.com\/fr\/#website","url":"https:\/\/kangook.com\/fr\/","name":"Kangook","description":"Kangook Paramotors","publisher":{"@id":"https:\/\/kangook.com\/fr\/#organization"},"potentialAction":[{"@type":"SearchAction","target":{"@type":"EntryPoint","urlTemplate":"https:\/\/kangook.com\/fr\/?s={search_term_string}"},"query-input":{"@type":"PropertyValueSpecification","valueRequired":true,"valueName":"search_term_string"}}],"inLanguage":"fr-FR"},{"@type":"Organization","@id":"https:\/\/kangook.com\/fr\/#organization","name":"Kangook","url":"https:\/\/kangook.com\/fr\/","logo":{"@type":"ImageObject","inLanguage":"fr-FR","@id":"https:\/\/kangook.com\/fr\/#\/schema\/logo\/image\/","url":"https:\/\/kangook.com\/wp-content\/uploads\/2022\/07\/cropped-Kangook-Paramotors-Flag.png","contentUrl":"https:\/\/kangook.com\/wp-content\/uploads\/2022\/07\/cropped-Kangook-Paramotors-Flag.png","width":500,"height":97,"caption":"Kangook"},"image":{"@id":"https:\/\/kangook.com\/fr\/#\/schema\/logo\/image\/"}}]}},"wcpa_form_fields":null,"_links":{"self":[{"href":"https:\/\/kangook.com\/fr\/wp-json\/wp\/v2\/product\/22105","targetHints":{"allow":["GET"]}}],"collection":[{"href":"https:\/\/kangook.com\/fr\/wp-json\/wp\/v2\/product"}],"about":[{"href":"https:\/\/kangook.com\/fr\/wp-json\/wp\/v2\/types\/product"}],"version-history":[{"count":2,"href":"https:\/\/kangook.com\/fr\/wp-json\/wp\/v2\/product\/22105\/revisions"}],"predecessor-version":[{"id":31041,"href":"https:\/\/kangook.com\/fr\/wp-json\/wp\/v2\/product\/22105\/revisions\/31041"}],"wp:featuredmedia":[{"embeddable":true,"href":"https:\/\/kangook.com\/fr\/wp-json\/wp\/v2\/media\/19662"}],"wp:attachment":[{"href":"https:\/\/kangook.com\/fr\/wp-json\/wp\/v2\/media?parent=22105"}],"wp:term":[{"taxonomy":"product_brand","embeddable":true,"href":"https:\/\/kangook.com\/fr\/wp-json\/wp\/v2\/product_brand?post=22105"},{"taxonomy":"product_cat","embeddable":true,"href":"https:\/\/kangook.com\/fr\/wp-json\/wp\/v2\/product_cat?post=22105"},{"taxonomy":"product_tag","embeddable":true,"href":"https:\/\/kangook.com\/fr\/wp-json\/wp\/v2\/product_tag?post=22105"}],"curies":[{"name":"wp","href":"https:\/\/api.w.org\/{rel}","templated":true}]}}