{"id":22093,"date":"2024-09-03T16:57:43","date_gmt":"2024-09-03T16:57:43","guid":{"rendered":"https:\/\/kangook.com\/?post_type=product&#038;p=22093"},"modified":"2024-12-04T02:16:20","modified_gmt":"2024-12-04T02:16:20","slug":"helix-vittorazi-carbon-fiber-propeller","status":"publish","type":"product","link":"https:\/\/kangook.com\/fr\/produit\/helix-vittorazi-carbon-fiber-propeller\/","title":{"rendered":"Helix &#8211; H\u00e9lice Vittorazi en fibre de carbone Acc\u00e9l\u00e9ration rapide pour Vittorazi Moster 185, 3 pales"},"content":{"rendered":"","protected":false},"excerpt":{"rendered":"<p>Helix &#8211; H\u00e9lice en fibre de carbone \u00e0 acc\u00e9l\u00e9ration rapide pour Vittorazi Moster 185 Classic, Plus, Silent avec un diam\u00e8tre de 130 cm ou 140 cm et une r\u00e9duction de 2,68 ou 2,87.<\/p>\n","protected":false},"featured_media":19276,"template":"","meta":{"site-sidebar-layout":"default","site-content-layout":"","ast-site-content-layout":"default","site-content-style":"default","site-sidebar-style":"default","ast-global-header-display":"","ast-banner-title-visibility":"","ast-main-header-display":"","ast-hfb-above-header-display":"","ast-hfb-below-header-display":"","ast-hfb-mobile-header-display":"","site-post-title":"","ast-breadcrumbs-content":"","ast-featured-img":"","footer-sml-layout":"","ast-disable-related-posts":"","theme-transparent-header-meta":"default","adv-header-id-meta":"","stick-header-meta":"default","header-above-stick-meta":"","header-main-stick-meta":"","header-below-stick-meta":"","astra-migrate-meta-layouts":"set","ast-page-background-enabled":"default","ast-page-background-meta":{"desktop":{"background-color":"","background-image":"","background-repeat":"repeat","background-position":"center center","background-size":"auto","background-attachment":"scroll","background-type":"","background-media":"","overlay-type":"","overlay-color":"","overlay-opacity":"","overlay-gradient":""},"tablet":{"background-color":"","background-image":"","background-repeat":"repeat","background-position":"center center","background-size":"auto","background-attachment":"scroll","background-type":"","background-media":"","overlay-type":"","overlay-color":"","overlay-opacity":"","overlay-gradient":""},"mobile":{"background-color":"","background-image":"","background-repeat":"repeat","background-position":"center center","background-size":"auto","background-attachment":"scroll","background-type":"","background-media":"","overlay-type":"","overlay-color":"","overlay-opacity":"","overlay-gradient":""}},"ast-content-background-meta":{"desktop":{"background-color":"var(--ast-global-color-5)","background-image":"","background-repeat":"repeat","background-position":"center center","background-size":"auto","background-attachment":"scroll","background-type":"","background-media":"","overlay-type":"","overlay-color":"","overlay-opacity":"","overlay-gradient":""},"tablet":{"background-color":"var(--ast-global-color-5)","background-image":"","background-repeat":"repeat","background-position":"center center","background-size":"auto","background-attachment":"scroll","background-type":"","background-media":"","overlay-type":"","overlay-color":"","overlay-opacity":"","overlay-gradient":""},"mobile":{"background-color":"var(--ast-global-color-5)","background-image":"","background-repeat":"repeat","background-position":"center center","background-size":"auto","background-attachment":"scroll","background-type":"","background-media":"","overlay-type":"","overlay-color":"","overlay-opacity":"","overlay-gradient":""}}},"product_brand":[],"product_cat":[1170,1185,796,798,745,783,785,786,205,176,175,174,173],"product_tag":[961,960,958,959,955,956,957,963,962,965,964,675],"class_list":{"0":"post-22093","1":"product","2":"type-product","3":"status-publish","4":"has-post-thumbnail","6":"product_cat-efi","7":"product_cat-efi-fr","8":"product_cat-helices-utilisation","9":"product_cat-helices-vittorazi","10":"product_cat-helix-fr-marque","11":"product_cat-moteur-moster185-classic","12":"product_cat-moteur-moster185-plus","13":"product_cat-moteur-moster185-silent","14":"product_cat-moster185-classic-fr","15":"product_cat-moster185-factory-fr","16":"product_cat-moster185-plus-fr","17":"product_cat-moster185-silent-fr","18":"product_cat-vittorazi-fr-marque","19":"product_tag-2-68-reduction-fr","20":"product_tag-2-87-reduction-fr","21":"product_tag-fibre-de-carbone","22":"product_tag-helice","23":"product_tag-helice-de-paramoteur","24":"product_tag-helix-fr","25":"product_tag-lame","26":"product_tag-moster185-classique","27":"product_tag-moster185-plus-fr","28":"product_tag-moster185-silencieux","29":"product_tag-usine-moster185","30":"product_tag-vittorazi-fr","31":"desktop-align-left","32":"tablet-align-left","33":"mobile-align-left","34":"ast-product-gallery-layout-horizontal-slider","35":"ast-product-gallery-with-no-image","36":"ast-product-single-variable","37":"ast-qv-on-image","39":"first","40":"instock","41":"taxable","42":"shipping-taxable","43":"purchasable","44":"product-type-variable"},"yoast_head":"<!-- This site is optimized with the Yoast SEO plugin v27.5 - https:\/\/yoast.com\/product\/yoast-seo-wordpress\/ -->\n<title>Helix - H\u00e9lice Vittorazi en fibre de carbone Acc\u00e9l\u00e9ration rapide pour Vittorazi Moster 185, 3 pales - Kangook Canada<\/title>\n<meta name=\"robots\" content=\"index, follow, max-snippet:-1, max-image-preview:large, max-video-preview:-1\" \/>\n<link rel=\"canonical\" href=\"https:\/\/kangook.com\/fr\/produit\/helix-vittorazi-carbon-fiber-propeller\/\" \/>\n<meta property=\"og:locale\" content=\"fr_FR\" \/>\n<meta property=\"og:type\" content=\"article\" \/>\n<meta property=\"og:title\" content=\"Helix - H\u00e9lice Vittorazi en fibre de carbone Acc\u00e9l\u00e9ration rapide pour Vittorazi Moster 185, 3 pales - Kangook Canada\" \/>\n<meta property=\"og:description\" content=\"Helix - H\u00e9lice en fibre de carbone \u00e0 acc\u00e9l\u00e9ration rapide pour Vittorazi Moster 185 Classic, Plus, Silent avec un diam\u00e8tre de 130 cm ou 140 cm et une r\u00e9duction de 2,68 ou 2,87.\" \/>\n<meta property=\"og:url\" content=\"https:\/\/kangook.com\/fr\/produit\/helix-vittorazi-carbon-fiber-propeller\/\" \/>\n<meta property=\"og:site_name\" content=\"Kangook Canada\" \/>\n<meta property=\"article:modified_time\" content=\"2024-12-04T02:16:20+00:00\" \/>\n<meta property=\"og:image\" content=\"https:\/\/kangook.com\/wp-content\/uploads\/2024\/08\/Vittorazi-3-pales.png\" \/>\n\t<meta property=\"og:image:width\" content=\"501\" \/>\n\t<meta property=\"og:image:height\" content=\"498\" \/>\n\t<meta property=\"og:image:type\" content=\"image\/png\" \/>\n<meta name=\"twitter:card\" content=\"summary_large_image\" \/>\n<meta name=\"twitter:label1\" content=\"Dur\u00e9e de lecture estim\u00e9e\" \/>\n\t<meta name=\"twitter:data1\" content=\"1 minute\" \/>\n<script type=\"application\/ld+json\" class=\"yoast-schema-graph\">{\"@context\":\"https:\\\/\\\/schema.org\",\"@graph\":[{\"@type\":\"WebPage\",\"@id\":\"https:\\\/\\\/kangook.com\\\/fr\\\/produit\\\/helix-vittorazi-carbon-fiber-propeller\\\/\",\"url\":\"https:\\\/\\\/kangook.com\\\/fr\\\/produit\\\/helix-vittorazi-carbon-fiber-propeller\\\/\",\"name\":\"Helix - H\u00e9lice Vittorazi en fibre de carbone Acc\u00e9l\u00e9ration rapide pour Vittorazi Moster 185, 3 pales - Kangook Canada\",\"isPartOf\":{\"@id\":\"https:\\\/\\\/kangook.com\\\/fr\\\/#website\"},\"primaryImageOfPage\":{\"@id\":\"https:\\\/\\\/kangook.com\\\/fr\\\/produit\\\/helix-vittorazi-carbon-fiber-propeller\\\/#primaryimage\"},\"image\":{\"@id\":\"https:\\\/\\\/kangook.com\\\/fr\\\/produit\\\/helix-vittorazi-carbon-fiber-propeller\\\/#primaryimage\"},\"thumbnailUrl\":\"https:\\\/\\\/kangook.com\\\/wp-content\\\/uploads\\\/2024\\\/08\\\/Vittorazi-3-pales.png\",\"datePublished\":\"2024-09-03T16:57:43+00:00\",\"dateModified\":\"2024-12-04T02:16:20+00:00\",\"breadcrumb\":{\"@id\":\"https:\\\/\\\/kangook.com\\\/fr\\\/produit\\\/helix-vittorazi-carbon-fiber-propeller\\\/#breadcrumb\"},\"inLanguage\":\"fr-FR\",\"potentialAction\":[{\"@type\":\"ReadAction\",\"target\":[\"https:\\\/\\\/kangook.com\\\/fr\\\/produit\\\/helix-vittorazi-carbon-fiber-propeller\\\/\"]}]},{\"@type\":\"ImageObject\",\"inLanguage\":\"fr-FR\",\"@id\":\"https:\\\/\\\/kangook.com\\\/fr\\\/produit\\\/helix-vittorazi-carbon-fiber-propeller\\\/#primaryimage\",\"url\":\"https:\\\/\\\/kangook.com\\\/wp-content\\\/uploads\\\/2024\\\/08\\\/Vittorazi-3-pales.png\",\"contentUrl\":\"https:\\\/\\\/kangook.com\\\/wp-content\\\/uploads\\\/2024\\\/08\\\/Vittorazi-3-pales.png\",\"width\":501,\"height\":498},{\"@type\":\"BreadcrumbList\",\"@id\":\"https:\\\/\\\/kangook.com\\\/fr\\\/produit\\\/helix-vittorazi-carbon-fiber-propeller\\\/#breadcrumb\",\"itemListElement\":[{\"@type\":\"ListItem\",\"position\":1,\"name\":\"Accueil\",\"item\":\"https:\\\/\\\/kangook.com\\\/fr\\\/\"},{\"@type\":\"ListItem\",\"position\":2,\"name\":\"Store\",\"item\":\"https:\\\/\\\/kangook.com\\\/store\\\/\"},{\"@type\":\"ListItem\",\"position\":3,\"name\":\"Helix &#8211; H\u00e9lice Vittorazi en fibre de carbone Acc\u00e9l\u00e9ration rapide pour Vittorazi Moster 185, 3 pales\"}]},{\"@type\":\"WebSite\",\"@id\":\"https:\\\/\\\/kangook.com\\\/fr\\\/#website\",\"url\":\"https:\\\/\\\/kangook.com\\\/fr\\\/\",\"name\":\"Kangook\",\"description\":\"Kangook Paramotors\",\"publisher\":{\"@id\":\"https:\\\/\\\/kangook.com\\\/fr\\\/#organization\"},\"potentialAction\":[{\"@type\":\"SearchAction\",\"target\":{\"@type\":\"EntryPoint\",\"urlTemplate\":\"https:\\\/\\\/kangook.com\\\/fr\\\/?s={search_term_string}\"},\"query-input\":{\"@type\":\"PropertyValueSpecification\",\"valueRequired\":true,\"valueName\":\"search_term_string\"}}],\"inLanguage\":\"fr-FR\"},{\"@type\":\"Organization\",\"@id\":\"https:\\\/\\\/kangook.com\\\/fr\\\/#organization\",\"name\":\"Kangook\",\"url\":\"https:\\\/\\\/kangook.com\\\/fr\\\/\",\"logo\":{\"@type\":\"ImageObject\",\"inLanguage\":\"fr-FR\",\"@id\":\"https:\\\/\\\/kangook.com\\\/fr\\\/#\\\/schema\\\/logo\\\/image\\\/\",\"url\":\"https:\\\/\\\/kangook.com\\\/wp-content\\\/uploads\\\/2022\\\/07\\\/cropped-Kangook-Paramotors-Flag.png\",\"contentUrl\":\"https:\\\/\\\/kangook.com\\\/wp-content\\\/uploads\\\/2022\\\/07\\\/cropped-Kangook-Paramotors-Flag.png\",\"width\":500,\"height\":97,\"caption\":\"Kangook\"},\"image\":{\"@id\":\"https:\\\/\\\/kangook.com\\\/fr\\\/#\\\/schema\\\/logo\\\/image\\\/\"}}]}<\/script>\n<!-- \/ Yoast SEO plugin. -->","yoast_head_json":{"title":"Helix - H\u00e9lice Vittorazi en fibre de carbone Acc\u00e9l\u00e9ration rapide pour Vittorazi Moster 185, 3 pales - Kangook Canada","robots":{"index":"index","follow":"follow","max-snippet":"max-snippet:-1","max-image-preview":"max-image-preview:large","max-video-preview":"max-video-preview:-1"},"canonical":"https:\/\/kangook.com\/fr\/produit\/helix-vittorazi-carbon-fiber-propeller\/","og_locale":"fr_FR","og_type":"article","og_title":"Helix - H\u00e9lice Vittorazi en fibre de carbone Acc\u00e9l\u00e9ration rapide pour Vittorazi Moster 185, 3 pales - Kangook Canada","og_description":"Helix - H\u00e9lice en fibre de carbone \u00e0 acc\u00e9l\u00e9ration rapide pour Vittorazi Moster 185 Classic, Plus, Silent avec un diam\u00e8tre de 130 cm ou 140 cm et une r\u00e9duction de 2,68 ou 2,87.","og_url":"https:\/\/kangook.com\/fr\/produit\/helix-vittorazi-carbon-fiber-propeller\/","og_site_name":"Kangook Canada","article_modified_time":"2024-12-04T02:16:20+00:00","og_image":[{"width":501,"height":498,"url":"https:\/\/kangook.com\/wp-content\/uploads\/2024\/08\/Vittorazi-3-pales.png","type":"image\/png"}],"twitter_card":"summary_large_image","twitter_misc":{"Dur\u00e9e de lecture estim\u00e9e":"1 minute"},"schema":{"@context":"https:\/\/schema.org","@graph":[{"@type":"WebPage","@id":"https:\/\/kangook.com\/fr\/produit\/helix-vittorazi-carbon-fiber-propeller\/","url":"https:\/\/kangook.com\/fr\/produit\/helix-vittorazi-carbon-fiber-propeller\/","name":"Helix - H\u00e9lice Vittorazi en fibre de carbone Acc\u00e9l\u00e9ration rapide pour Vittorazi Moster 185, 3 pales - Kangook Canada","isPartOf":{"@id":"https:\/\/kangook.com\/fr\/#website"},"primaryImageOfPage":{"@id":"https:\/\/kangook.com\/fr\/produit\/helix-vittorazi-carbon-fiber-propeller\/#primaryimage"},"image":{"@id":"https:\/\/kangook.com\/fr\/produit\/helix-vittorazi-carbon-fiber-propeller\/#primaryimage"},"thumbnailUrl":"https:\/\/kangook.com\/wp-content\/uploads\/2024\/08\/Vittorazi-3-pales.png","datePublished":"2024-09-03T16:57:43+00:00","dateModified":"2024-12-04T02:16:20+00:00","breadcrumb":{"@id":"https:\/\/kangook.com\/fr\/produit\/helix-vittorazi-carbon-fiber-propeller\/#breadcrumb"},"inLanguage":"fr-FR","potentialAction":[{"@type":"ReadAction","target":["https:\/\/kangook.com\/fr\/produit\/helix-vittorazi-carbon-fiber-propeller\/"]}]},{"@type":"ImageObject","inLanguage":"fr-FR","@id":"https:\/\/kangook.com\/fr\/produit\/helix-vittorazi-carbon-fiber-propeller\/#primaryimage","url":"https:\/\/kangook.com\/wp-content\/uploads\/2024\/08\/Vittorazi-3-pales.png","contentUrl":"https:\/\/kangook.com\/wp-content\/uploads\/2024\/08\/Vittorazi-3-pales.png","width":501,"height":498},{"@type":"BreadcrumbList","@id":"https:\/\/kangook.com\/fr\/produit\/helix-vittorazi-carbon-fiber-propeller\/#breadcrumb","itemListElement":[{"@type":"ListItem","position":1,"name":"Accueil","item":"https:\/\/kangook.com\/fr\/"},{"@type":"ListItem","position":2,"name":"Store","item":"https:\/\/kangook.com\/store\/"},{"@type":"ListItem","position":3,"name":"Helix &#8211; H\u00e9lice Vittorazi en fibre de carbone Acc\u00e9l\u00e9ration rapide pour Vittorazi Moster 185, 3 pales"}]},{"@type":"WebSite","@id":"https:\/\/kangook.com\/fr\/#website","url":"https:\/\/kangook.com\/fr\/","name":"Kangook","description":"Kangook Paramotors","publisher":{"@id":"https:\/\/kangook.com\/fr\/#organization"},"potentialAction":[{"@type":"SearchAction","target":{"@type":"EntryPoint","urlTemplate":"https:\/\/kangook.com\/fr\/?s={search_term_string}"},"query-input":{"@type":"PropertyValueSpecification","valueRequired":true,"valueName":"search_term_string"}}],"inLanguage":"fr-FR"},{"@type":"Organization","@id":"https:\/\/kangook.com\/fr\/#organization","name":"Kangook","url":"https:\/\/kangook.com\/fr\/","logo":{"@type":"ImageObject","inLanguage":"fr-FR","@id":"https:\/\/kangook.com\/fr\/#\/schema\/logo\/image\/","url":"https:\/\/kangook.com\/wp-content\/uploads\/2022\/07\/cropped-Kangook-Paramotors-Flag.png","contentUrl":"https:\/\/kangook.com\/wp-content\/uploads\/2022\/07\/cropped-Kangook-Paramotors-Flag.png","width":500,"height":97,"caption":"Kangook"},"image":{"@id":"https:\/\/kangook.com\/fr\/#\/schema\/logo\/image\/"}}]}},"wcpa_form_fields":null,"_links":{"self":[{"href":"https:\/\/kangook.com\/fr\/wp-json\/wp\/v2\/product\/22093","targetHints":{"allow":["GET"]}}],"collection":[{"href":"https:\/\/kangook.com\/fr\/wp-json\/wp\/v2\/product"}],"about":[{"href":"https:\/\/kangook.com\/fr\/wp-json\/wp\/v2\/types\/product"}],"version-history":[{"count":1,"href":"https:\/\/kangook.com\/fr\/wp-json\/wp\/v2\/product\/22093\/revisions"}],"predecessor-version":[{"id":22096,"href":"https:\/\/kangook.com\/fr\/wp-json\/wp\/v2\/product\/22093\/revisions\/22096"}],"wp:featuredmedia":[{"embeddable":true,"href":"https:\/\/kangook.com\/fr\/wp-json\/wp\/v2\/media\/19276"}],"wp:attachment":[{"href":"https:\/\/kangook.com\/fr\/wp-json\/wp\/v2\/media?parent=22093"}],"wp:term":[{"taxonomy":"product_brand","embeddable":true,"href":"https:\/\/kangook.com\/fr\/wp-json\/wp\/v2\/product_brand?post=22093"},{"taxonomy":"product_cat","embeddable":true,"href":"https:\/\/kangook.com\/fr\/wp-json\/wp\/v2\/product_cat?post=22093"},{"taxonomy":"product_tag","embeddable":true,"href":"https:\/\/kangook.com\/fr\/wp-json\/wp\/v2\/product_tag?post=22093"}],"curies":[{"name":"wp","href":"https:\/\/api.w.org\/{rel}","templated":true}]}}