{"id":20207,"date":"2024-09-17T19:20:37","date_gmt":"2024-09-17T19:20:37","guid":{"rendered":"https:\/\/kangook.com\/?post_type=product&#038;p=20207"},"modified":"2024-12-04T02:05:55","modified_gmt":"2024-12-04T02:05:55","slug":"at011-fr","status":"publish","type":"product","link":"https:\/\/kangook.com\/fr\/produit\/at011-fr\/","title":{"rendered":"AT011 Axe de piston \u00d8 12mm et bagues de blocage d&rsquo;axe (Jeu de 2)"},"content":{"rendered":"","protected":false},"excerpt":{"rendered":"<div id=\"tab-description\" class=\"tab-content is-active\">Axe de piston AT011 pour Vittorazi Atom 80. Comprend 1 axe de piston (AT011) et des anneaux de verrouillage (AT012). <\/div>\n<div class=\"tab-content is-active\">1 requis par assemblage. Pi\u00e8ces d&rsquo;origine Vittorazi. 1 par commande.  <\/div>\n","protected":false},"featured_media":20212,"template":"","meta":{"site-sidebar-layout":"default","site-content-layout":"","ast-site-content-layout":"default","site-content-style":"default","site-sidebar-style":"default","ast-global-header-display":"","ast-banner-title-visibility":"","ast-main-header-display":"","ast-hfb-above-header-display":"","ast-hfb-below-header-display":"","ast-hfb-mobile-header-display":"","site-post-title":"","ast-breadcrumbs-content":"","ast-featured-img":"","footer-sml-layout":"","ast-disable-related-posts":"","theme-transparent-header-meta":"default","adv-header-id-meta":"","stick-header-meta":"default","header-above-stick-meta":"","header-main-stick-meta":"","header-below-stick-meta":"","astra-migrate-meta-layouts":"set","ast-page-background-enabled":"default","ast-page-background-meta":{"desktop":{"background-color":"","background-image":"","background-repeat":"repeat","background-position":"center center","background-size":"auto","background-attachment":"scroll","background-type":"","background-media":"","overlay-type":"","overlay-color":"","overlay-opacity":"","overlay-gradient":""},"tablet":{"background-color":"","background-image":"","background-repeat":"repeat","background-position":"center center","background-size":"auto","background-attachment":"scroll","background-type":"","background-media":"","overlay-type":"","overlay-color":"","overlay-opacity":"","overlay-gradient":""},"mobile":{"background-color":"","background-image":"","background-repeat":"repeat","background-position":"center center","background-size":"auto","background-attachment":"scroll","background-type":"","background-media":"","overlay-type":"","overlay-color":"","overlay-opacity":"","overlay-gradient":""}},"ast-content-background-meta":{"desktop":{"background-color":"var(--ast-global-color-5)","background-image":"","background-repeat":"repeat","background-position":"center center","background-size":"auto","background-attachment":"scroll","background-type":"","background-media":"","overlay-type":"","overlay-color":"","overlay-opacity":"","overlay-gradient":""},"tablet":{"background-color":"var(--ast-global-color-5)","background-image":"","background-repeat":"repeat","background-position":"center center","background-size":"auto","background-attachment":"scroll","background-type":"","background-media":"","overlay-type":"","overlay-color":"","overlay-opacity":"","overlay-gradient":""},"mobile":{"background-color":"var(--ast-global-color-5)","background-image":"","background-repeat":"repeat","background-position":"center center","background-size":"auto","background-attachment":"scroll","background-type":"","background-media":"","overlay-type":"","overlay-color":"","overlay-opacity":"","overlay-gradient":""}}},"product_brand":[],"product_cat":[781,182,173],"product_tag":[688,686,814,189,812,813,810,811,687],"class_list":{"0":"post-20207","1":"product","2":"type-product","3":"status-publish","4":"has-post-thumbnail","6":"product_cat-moteur-atom80","7":"product_cat-atom-80-fr","8":"product_cat-vittorazi-fr-marque","9":"product_tag-at-fr","10":"product_tag-atom-80-fr","11":"product_tag-atom80-groupe-thermique-fr","12":"product_tag-atom80-groupe-thermique","13":"product_tag-axe-de-piston","14":"product_tag-circlips-fr","15":"product_tag-piston-fr","16":"product_tag-roulement-a-rouleaux-de-piston","17":"product_tag-thermal-unit-fr","18":"desktop-align-left","19":"tablet-align-left","20":"mobile-align-left","21":"ast-product-gallery-layout-horizontal-slider","22":"ast-product-gallery-with-no-image","23":"ast-qv-on-image","25":"first","26":"instock","27":"taxable","28":"shipping-taxable","29":"purchasable","30":"product-type-simple"},"yoast_head":"<!-- This site is optimized with the Yoast SEO plugin v27.5 - https:\/\/yoast.com\/product\/yoast-seo-wordpress\/ -->\n<title>AT011 Axe de piston \u00d8 12mm et anneaux de verrouillage d&#039;axe (Jeu de 2) | Vittorazi Atom 80<\/title>\n<meta name=\"description\" content=\"D\u00e9couvrez notre gamme de pi\u00e8ces AT011 de haute qualit\u00e9 pour moteur Atom 80. Trouvez tout ce dont vous avez besoin pour vos aventures en paramoteur !\" \/>\n<meta name=\"robots\" content=\"index, follow, max-snippet:-1, max-image-preview:large, max-video-preview:-1\" \/>\n<link rel=\"canonical\" href=\"https:\/\/kangook.com\/fr\/produit\/at011-fr\/\" \/>\n<meta property=\"og:locale\" content=\"fr_FR\" \/>\n<meta property=\"og:type\" content=\"article\" \/>\n<meta property=\"og:title\" content=\"AT011 Axe de piston \u00d8 12mm et anneaux de verrouillage d&#039;axe (Jeu de 2) | Vittorazi Atom 80\" \/>\n<meta property=\"og:description\" content=\"D\u00e9couvrez notre gamme de pi\u00e8ces AT011 de haute qualit\u00e9 pour moteur Atom 80. Trouvez tout ce dont vous avez besoin pour vos aventures en paramoteur !\" \/>\n<meta property=\"og:url\" content=\"https:\/\/kangook.com\/fr\/produit\/at011-fr\/\" \/>\n<meta property=\"og:site_name\" content=\"Kangook Canada\" \/>\n<meta property=\"article:modified_time\" content=\"2024-12-04T02:05:55+00:00\" \/>\n<meta property=\"og:image\" content=\"https:\/\/kangook.com\/wp-content\/uploads\/2024\/09\/AT011-Atom-80-Manual.png\" \/>\n\t<meta property=\"og:image:width\" content=\"1413\" \/>\n\t<meta property=\"og:image:height\" content=\"1766\" \/>\n\t<meta property=\"og:image:type\" content=\"image\/png\" \/>\n<meta name=\"twitter:card\" content=\"summary_large_image\" \/>\n<script type=\"application\/ld+json\" class=\"yoast-schema-graph\">{\"@context\":\"https:\\\/\\\/schema.org\",\"@graph\":[{\"@type\":\"WebPage\",\"@id\":\"https:\\\/\\\/kangook.com\\\/fr\\\/produit\\\/at011-fr\\\/\",\"url\":\"https:\\\/\\\/kangook.com\\\/fr\\\/produit\\\/at011-fr\\\/\",\"name\":\"AT011 Axe de piston \u00d8 12mm et anneaux de verrouillage d'axe (Jeu de 2) | Vittorazi Atom 80\",\"isPartOf\":{\"@id\":\"https:\\\/\\\/kangook.com\\\/fr\\\/#website\"},\"primaryImageOfPage\":{\"@id\":\"https:\\\/\\\/kangook.com\\\/fr\\\/produit\\\/at011-fr\\\/#primaryimage\"},\"image\":{\"@id\":\"https:\\\/\\\/kangook.com\\\/fr\\\/produit\\\/at011-fr\\\/#primaryimage\"},\"thumbnailUrl\":\"https:\\\/\\\/kangook.com\\\/wp-content\\\/uploads\\\/2024\\\/09\\\/AT011-Atom-80-Manual.png\",\"datePublished\":\"2024-09-17T19:20:37+00:00\",\"dateModified\":\"2024-12-04T02:05:55+00:00\",\"description\":\"D\u00e9couvrez notre gamme de pi\u00e8ces AT011 de haute qualit\u00e9 pour moteur Atom 80. Trouvez tout ce dont vous avez besoin pour vos aventures en paramoteur !\",\"breadcrumb\":{\"@id\":\"https:\\\/\\\/kangook.com\\\/fr\\\/produit\\\/at011-fr\\\/#breadcrumb\"},\"inLanguage\":\"fr-FR\",\"potentialAction\":[{\"@type\":\"ReadAction\",\"target\":[\"https:\\\/\\\/kangook.com\\\/fr\\\/produit\\\/at011-fr\\\/\"]}]},{\"@type\":\"ImageObject\",\"inLanguage\":\"fr-FR\",\"@id\":\"https:\\\/\\\/kangook.com\\\/fr\\\/produit\\\/at011-fr\\\/#primaryimage\",\"url\":\"https:\\\/\\\/kangook.com\\\/wp-content\\\/uploads\\\/2024\\\/09\\\/AT011-Atom-80-Manual.png\",\"contentUrl\":\"https:\\\/\\\/kangook.com\\\/wp-content\\\/uploads\\\/2024\\\/09\\\/AT011-Atom-80-Manual.png\",\"width\":1413,\"height\":1766},{\"@type\":\"BreadcrumbList\",\"@id\":\"https:\\\/\\\/kangook.com\\\/fr\\\/produit\\\/at011-fr\\\/#breadcrumb\",\"itemListElement\":[{\"@type\":\"ListItem\",\"position\":1,\"name\":\"Accueil\",\"item\":\"https:\\\/\\\/kangook.com\\\/fr\\\/\"},{\"@type\":\"ListItem\",\"position\":2,\"name\":\"Store\",\"item\":\"https:\\\/\\\/kangook.com\\\/store\\\/\"},{\"@type\":\"ListItem\",\"position\":3,\"name\":\"AT011 Axe de piston \u00d8 12mm et bagues de blocage d&rsquo;axe (Jeu de 2)\"}]},{\"@type\":\"WebSite\",\"@id\":\"https:\\\/\\\/kangook.com\\\/fr\\\/#website\",\"url\":\"https:\\\/\\\/kangook.com\\\/fr\\\/\",\"name\":\"Kangook\",\"description\":\"Kangook Paramotors\",\"publisher\":{\"@id\":\"https:\\\/\\\/kangook.com\\\/fr\\\/#organization\"},\"potentialAction\":[{\"@type\":\"SearchAction\",\"target\":{\"@type\":\"EntryPoint\",\"urlTemplate\":\"https:\\\/\\\/kangook.com\\\/fr\\\/?s={search_term_string}\"},\"query-input\":{\"@type\":\"PropertyValueSpecification\",\"valueRequired\":true,\"valueName\":\"search_term_string\"}}],\"inLanguage\":\"fr-FR\"},{\"@type\":\"Organization\",\"@id\":\"https:\\\/\\\/kangook.com\\\/fr\\\/#organization\",\"name\":\"Kangook\",\"url\":\"https:\\\/\\\/kangook.com\\\/fr\\\/\",\"logo\":{\"@type\":\"ImageObject\",\"inLanguage\":\"fr-FR\",\"@id\":\"https:\\\/\\\/kangook.com\\\/fr\\\/#\\\/schema\\\/logo\\\/image\\\/\",\"url\":\"https:\\\/\\\/kangook.com\\\/wp-content\\\/uploads\\\/2022\\\/07\\\/cropped-Kangook-Paramotors-Flag.png\",\"contentUrl\":\"https:\\\/\\\/kangook.com\\\/wp-content\\\/uploads\\\/2022\\\/07\\\/cropped-Kangook-Paramotors-Flag.png\",\"width\":500,\"height\":97,\"caption\":\"Kangook\"},\"image\":{\"@id\":\"https:\\\/\\\/kangook.com\\\/fr\\\/#\\\/schema\\\/logo\\\/image\\\/\"}}]}<\/script>\n<!-- \/ Yoast SEO plugin. -->","yoast_head_json":{"title":"AT011 Axe de piston \u00d8 12mm et anneaux de verrouillage d'axe (Jeu de 2) | Vittorazi Atom 80","description":"D\u00e9couvrez notre gamme de pi\u00e8ces AT011 de haute qualit\u00e9 pour moteur Atom 80. Trouvez tout ce dont vous avez besoin pour vos aventures en paramoteur !","robots":{"index":"index","follow":"follow","max-snippet":"max-snippet:-1","max-image-preview":"max-image-preview:large","max-video-preview":"max-video-preview:-1"},"canonical":"https:\/\/kangook.com\/fr\/produit\/at011-fr\/","og_locale":"fr_FR","og_type":"article","og_title":"AT011 Axe de piston \u00d8 12mm et anneaux de verrouillage d'axe (Jeu de 2) | Vittorazi Atom 80","og_description":"D\u00e9couvrez notre gamme de pi\u00e8ces AT011 de haute qualit\u00e9 pour moteur Atom 80. Trouvez tout ce dont vous avez besoin pour vos aventures en paramoteur !","og_url":"https:\/\/kangook.com\/fr\/produit\/at011-fr\/","og_site_name":"Kangook Canada","article_modified_time":"2024-12-04T02:05:55+00:00","og_image":[{"width":1413,"height":1766,"url":"https:\/\/kangook.com\/wp-content\/uploads\/2024\/09\/AT011-Atom-80-Manual.png","type":"image\/png"}],"twitter_card":"summary_large_image","schema":{"@context":"https:\/\/schema.org","@graph":[{"@type":"WebPage","@id":"https:\/\/kangook.com\/fr\/produit\/at011-fr\/","url":"https:\/\/kangook.com\/fr\/produit\/at011-fr\/","name":"AT011 Axe de piston \u00d8 12mm et anneaux de verrouillage d'axe (Jeu de 2) | Vittorazi Atom 80","isPartOf":{"@id":"https:\/\/kangook.com\/fr\/#website"},"primaryImageOfPage":{"@id":"https:\/\/kangook.com\/fr\/produit\/at011-fr\/#primaryimage"},"image":{"@id":"https:\/\/kangook.com\/fr\/produit\/at011-fr\/#primaryimage"},"thumbnailUrl":"https:\/\/kangook.com\/wp-content\/uploads\/2024\/09\/AT011-Atom-80-Manual.png","datePublished":"2024-09-17T19:20:37+00:00","dateModified":"2024-12-04T02:05:55+00:00","description":"D\u00e9couvrez notre gamme de pi\u00e8ces AT011 de haute qualit\u00e9 pour moteur Atom 80. Trouvez tout ce dont vous avez besoin pour vos aventures en paramoteur !","breadcrumb":{"@id":"https:\/\/kangook.com\/fr\/produit\/at011-fr\/#breadcrumb"},"inLanguage":"fr-FR","potentialAction":[{"@type":"ReadAction","target":["https:\/\/kangook.com\/fr\/produit\/at011-fr\/"]}]},{"@type":"ImageObject","inLanguage":"fr-FR","@id":"https:\/\/kangook.com\/fr\/produit\/at011-fr\/#primaryimage","url":"https:\/\/kangook.com\/wp-content\/uploads\/2024\/09\/AT011-Atom-80-Manual.png","contentUrl":"https:\/\/kangook.com\/wp-content\/uploads\/2024\/09\/AT011-Atom-80-Manual.png","width":1413,"height":1766},{"@type":"BreadcrumbList","@id":"https:\/\/kangook.com\/fr\/produit\/at011-fr\/#breadcrumb","itemListElement":[{"@type":"ListItem","position":1,"name":"Accueil","item":"https:\/\/kangook.com\/fr\/"},{"@type":"ListItem","position":2,"name":"Store","item":"https:\/\/kangook.com\/store\/"},{"@type":"ListItem","position":3,"name":"AT011 Axe de piston \u00d8 12mm et bagues de blocage d&rsquo;axe (Jeu de 2)"}]},{"@type":"WebSite","@id":"https:\/\/kangook.com\/fr\/#website","url":"https:\/\/kangook.com\/fr\/","name":"Kangook","description":"Kangook Paramotors","publisher":{"@id":"https:\/\/kangook.com\/fr\/#organization"},"potentialAction":[{"@type":"SearchAction","target":{"@type":"EntryPoint","urlTemplate":"https:\/\/kangook.com\/fr\/?s={search_term_string}"},"query-input":{"@type":"PropertyValueSpecification","valueRequired":true,"valueName":"search_term_string"}}],"inLanguage":"fr-FR"},{"@type":"Organization","@id":"https:\/\/kangook.com\/fr\/#organization","name":"Kangook","url":"https:\/\/kangook.com\/fr\/","logo":{"@type":"ImageObject","inLanguage":"fr-FR","@id":"https:\/\/kangook.com\/fr\/#\/schema\/logo\/image\/","url":"https:\/\/kangook.com\/wp-content\/uploads\/2022\/07\/cropped-Kangook-Paramotors-Flag.png","contentUrl":"https:\/\/kangook.com\/wp-content\/uploads\/2022\/07\/cropped-Kangook-Paramotors-Flag.png","width":500,"height":97,"caption":"Kangook"},"image":{"@id":"https:\/\/kangook.com\/fr\/#\/schema\/logo\/image\/"}}]}},"wcpa_form_fields":null,"_links":{"self":[{"href":"https:\/\/kangook.com\/fr\/wp-json\/wp\/v2\/product\/20207","targetHints":{"allow":["GET"]}}],"collection":[{"href":"https:\/\/kangook.com\/fr\/wp-json\/wp\/v2\/product"}],"about":[{"href":"https:\/\/kangook.com\/fr\/wp-json\/wp\/v2\/types\/product"}],"version-history":[{"count":3,"href":"https:\/\/kangook.com\/fr\/wp-json\/wp\/v2\/product\/20207\/revisions"}],"predecessor-version":[{"id":21818,"href":"https:\/\/kangook.com\/fr\/wp-json\/wp\/v2\/product\/20207\/revisions\/21818"}],"wp:featuredmedia":[{"embeddable":true,"href":"https:\/\/kangook.com\/fr\/wp-json\/wp\/v2\/media\/20212"}],"wp:attachment":[{"href":"https:\/\/kangook.com\/fr\/wp-json\/wp\/v2\/media?parent=20207"}],"wp:term":[{"taxonomy":"product_brand","embeddable":true,"href":"https:\/\/kangook.com\/fr\/wp-json\/wp\/v2\/product_brand?post=20207"},{"taxonomy":"product_cat","embeddable":true,"href":"https:\/\/kangook.com\/fr\/wp-json\/wp\/v2\/product_cat?post=20207"},{"taxonomy":"product_tag","embeddable":true,"href":"https:\/\/kangook.com\/fr\/wp-json\/wp\/v2\/product_tag?post=20207"}],"curies":[{"name":"wp","href":"https:\/\/api.w.org\/{rel}","templated":true}]}}