{"id":19933,"date":"2024-09-10T19:15:51","date_gmt":"2024-09-10T19:15:51","guid":{"rendered":"https:\/\/kangook.com\/?post_type=product&#038;p=19933"},"modified":"2026-01-26T21:05:20","modified_gmt":"2026-01-26T21:05:20","slug":"acc201-fr","status":"publish","type":"product","link":"https:\/\/kangook.com\/fr\/produit\/acc201-fr\/","title":{"rendered":"ACC201 R\u00e9gulateur de carburant"},"content":{"rendered":"","protected":false},"excerpt":{"rendered":"<p>ACC201 R\u00e9gulateur de carburateur Vittorazi<\/p>\n<div id=\"tab-description\" class=\"tab-content is-active\">\n<p>Une nouvelle innovation en mati\u00e8re de service de la concurrence, le r\u00e9gulateur de carburateur. Le pilote peut d\u00e9sormais r\u00e9guler le d\u00e9bit de carburant pendant le vol pour obtenir des performances optimales et une meilleure autonomie.<br \/>\nCette innovation est uniquement destin\u00e9e aux pilotes experts et au monde des records et des comp\u00e9titions. Un d\u00e9bit de carburant plus faible signifie que la temp\u00e9rature du moteur peut augmenter et que le moteur est moins bien lubrifi\u00e9, ce qui augmente le risque de casse.<\/p>\n<p>C&rsquo;est pourquoi l&rsquo;utilisation de ce r\u00e9gulateur <strong>annule la garantie du moteur.<\/strong><\/p>\n<p>Il a \u00e9t\u00e9 sp\u00e9cialement \u00e9tudi\u00e9 pour les moteurs Vittorazi mais il peut \u00eatre appliqu\u00e9 \u00e0 tous les carburateurs \u00e0 membrane Walbro.<\/p>\n<\/div>\n","protected":false},"featured_media":19935,"template":"","meta":{"site-sidebar-layout":"default","site-content-layout":"","ast-site-content-layout":"default","site-content-style":"default","site-sidebar-style":"default","ast-global-header-display":"","ast-banner-title-visibility":"","ast-main-header-display":"","ast-hfb-above-header-display":"","ast-hfb-below-header-display":"","ast-hfb-mobile-header-display":"","site-post-title":"","ast-breadcrumbs-content":"","ast-featured-img":"","footer-sml-layout":"","ast-disable-related-posts":"","theme-transparent-header-meta":"default","adv-header-id-meta":"","stick-header-meta":"default","header-above-stick-meta":"","header-main-stick-meta":"","header-below-stick-meta":"","astra-migrate-meta-layouts":"set","ast-page-background-enabled":"default","ast-page-background-meta":{"desktop":{"background-color":"","background-image":"","background-repeat":"repeat","background-position":"center center","background-size":"auto","background-attachment":"scroll","background-type":"","background-media":"","overlay-type":"","overlay-color":"","overlay-opacity":"","overlay-gradient":""},"tablet":{"background-color":"","background-image":"","background-repeat":"repeat","background-position":"center center","background-size":"auto","background-attachment":"scroll","background-type":"","background-media":"","overlay-type":"","overlay-color":"","overlay-opacity":"","overlay-gradient":""},"mobile":{"background-color":"","background-image":"","background-repeat":"repeat","background-position":"center center","background-size":"auto","background-attachment":"scroll","background-type":"","background-media":"","overlay-type":"","overlay-color":"","overlay-opacity":"","overlay-gradient":""}},"ast-content-background-meta":{"desktop":{"background-color":"var(--ast-global-color-5)","background-image":"","background-repeat":"repeat","background-position":"center center","background-size":"auto","background-attachment":"scroll","background-type":"","background-media":"","overlay-type":"","overlay-color":"","overlay-opacity":"","overlay-gradient":""},"tablet":{"background-color":"var(--ast-global-color-5)","background-image":"","background-repeat":"repeat","background-position":"center center","background-size":"auto","background-attachment":"scroll","background-type":"","background-media":"","overlay-type":"","overlay-color":"","overlay-opacity":"","overlay-gradient":""},"mobile":{"background-color":"var(--ast-global-color-5)","background-image":"","background-repeat":"repeat","background-position":"center center","background-size":"auto","background-attachment":"scroll","background-type":"","background-media":"","overlay-type":"","overlay-color":"","overlay-opacity":"","overlay-gradient":""}}},"product_brand":[1358],"product_cat":[206,783,784,785,786,205,176,175,174,780,173],"product_tag":[880,875,879,680,881,878,877,675,876],"class_list":{"0":"post-19933","1":"product","2":"type-product","3":"status-publish","4":"has-post-thumbnail","6":"product_brand-vittorazi","7":"product_cat-accessoires-vittorazi","8":"product_cat-moteur-moster185-classic","9":"product_cat-moteur-moster185-factory","10":"product_cat-moteur-moster185-plus","11":"product_cat-moteur-moster185-silent","12":"product_cat-moster185-classic-fr","13":"product_cat-moster185-factory-fr","14":"product_cat-moster185-plus-fr","15":"product_cat-moster185-silent-fr","16":"product_cat-moteurs","17":"product_cat-vittorazi-fr-marque","18":"product_tag-ameliore-les-performances","19":"product_tag-carburateur","20":"product_tag-debit-de-carburant","21":"product_tag-outils","22":"product_tag-pilote-expert","23":"product_tag-regulate-fr","24":"product_tag-regulateur-de-carburateur","25":"product_tag-vittorazi-fr","26":"product_tag-walbro-fr","27":"desktop-align-left","28":"tablet-align-left","29":"mobile-align-left","30":"ast-product-gallery-layout-horizontal-slider","31":"ast-product-gallery-with-no-image","32":"ast-qv-on-image","34":"first","35":"instock","36":"taxable","37":"shipping-taxable","38":"purchasable","39":"product-type-simple"},"yoast_head":"<!-- This site is optimized with the Yoast SEO plugin v27.5 - https:\/\/yoast.com\/product\/yoast-seo-wordpress\/ -->\n<title>ACC201 R\u00e9gulateur de carburateur | Accessoires Vittorazi<\/title>\n<meta name=\"description\" content=\"ACC201 R\u00e9gulateur de carburateur pour moteur Vittorazi. Disponible chez Kangook Paramotors.\" \/>\n<meta name=\"robots\" content=\"index, follow, max-snippet:-1, max-image-preview:large, max-video-preview:-1\" \/>\n<link rel=\"canonical\" href=\"https:\/\/kangook.com\/fr\/produit\/acc201-fr\/\" \/>\n<meta property=\"og:locale\" content=\"fr_FR\" \/>\n<meta property=\"og:type\" content=\"article\" \/>\n<meta property=\"og:title\" content=\"ACC201 R\u00e9gulateur de carburateur | Accessoires Vittorazi\" \/>\n<meta property=\"og:description\" content=\"ACC201 R\u00e9gulateur de carburateur pour moteur Vittorazi. Disponible chez Kangook Paramotors.\" \/>\n<meta property=\"og:url\" content=\"https:\/\/kangook.com\/fr\/produit\/acc201-fr\/\" \/>\n<meta property=\"og:site_name\" content=\"Kangook Canada\" \/>\n<meta property=\"article:modified_time\" content=\"2026-01-26T21:05:20+00:00\" \/>\n<meta property=\"og:image\" content=\"https:\/\/kangook.com\/wp-content\/uploads\/2024\/09\/ACC201-1024x1024.png\" \/>\n\t<meta property=\"og:image:width\" content=\"1024\" \/>\n\t<meta property=\"og:image:height\" content=\"1024\" \/>\n\t<meta property=\"og:image:type\" content=\"image\/png\" \/>\n<meta name=\"twitter:card\" content=\"summary_large_image\" \/>\n<meta name=\"twitter:label1\" content=\"Dur\u00e9e de lecture estim\u00e9e\" \/>\n\t<meta name=\"twitter:data1\" content=\"1 minute\" \/>\n<script type=\"application\/ld+json\" class=\"yoast-schema-graph\">{\"@context\":\"https:\\\/\\\/schema.org\",\"@graph\":[{\"@type\":\"WebPage\",\"@id\":\"https:\\\/\\\/kangook.com\\\/fr\\\/produit\\\/acc201-fr\\\/\",\"url\":\"https:\\\/\\\/kangook.com\\\/fr\\\/produit\\\/acc201-fr\\\/\",\"name\":\"ACC201 R\u00e9gulateur de carburateur | Accessoires Vittorazi\",\"isPartOf\":{\"@id\":\"https:\\\/\\\/kangook.com\\\/fr\\\/#website\"},\"primaryImageOfPage\":{\"@id\":\"https:\\\/\\\/kangook.com\\\/fr\\\/produit\\\/acc201-fr\\\/#primaryimage\"},\"image\":{\"@id\":\"https:\\\/\\\/kangook.com\\\/fr\\\/produit\\\/acc201-fr\\\/#primaryimage\"},\"thumbnailUrl\":\"https:\\\/\\\/kangook.com\\\/wp-content\\\/uploads\\\/2024\\\/09\\\/ACC201.png\",\"datePublished\":\"2024-09-10T19:15:51+00:00\",\"dateModified\":\"2026-01-26T21:05:20+00:00\",\"description\":\"ACC201 R\u00e9gulateur de carburateur pour moteur Vittorazi. Disponible chez Kangook Paramotors.\",\"breadcrumb\":{\"@id\":\"https:\\\/\\\/kangook.com\\\/fr\\\/produit\\\/acc201-fr\\\/#breadcrumb\"},\"inLanguage\":\"fr-FR\",\"potentialAction\":[{\"@type\":\"ReadAction\",\"target\":[\"https:\\\/\\\/kangook.com\\\/fr\\\/produit\\\/acc201-fr\\\/\"]}]},{\"@type\":\"ImageObject\",\"inLanguage\":\"fr-FR\",\"@id\":\"https:\\\/\\\/kangook.com\\\/fr\\\/produit\\\/acc201-fr\\\/#primaryimage\",\"url\":\"https:\\\/\\\/kangook.com\\\/wp-content\\\/uploads\\\/2024\\\/09\\\/ACC201.png\",\"contentUrl\":\"https:\\\/\\\/kangook.com\\\/wp-content\\\/uploads\\\/2024\\\/09\\\/ACC201.png\",\"width\":1920,\"height\":1920},{\"@type\":\"BreadcrumbList\",\"@id\":\"https:\\\/\\\/kangook.com\\\/fr\\\/produit\\\/acc201-fr\\\/#breadcrumb\",\"itemListElement\":[{\"@type\":\"ListItem\",\"position\":1,\"name\":\"Accueil\",\"item\":\"https:\\\/\\\/kangook.com\\\/fr\\\/\"},{\"@type\":\"ListItem\",\"position\":2,\"name\":\"Store\",\"item\":\"https:\\\/\\\/kangook.com\\\/store\\\/\"},{\"@type\":\"ListItem\",\"position\":3,\"name\":\"ACC201 R\u00e9gulateur de carburant\"}]},{\"@type\":\"WebSite\",\"@id\":\"https:\\\/\\\/kangook.com\\\/fr\\\/#website\",\"url\":\"https:\\\/\\\/kangook.com\\\/fr\\\/\",\"name\":\"Kangook\",\"description\":\"Kangook Paramotors\",\"publisher\":{\"@id\":\"https:\\\/\\\/kangook.com\\\/fr\\\/#organization\"},\"potentialAction\":[{\"@type\":\"SearchAction\",\"target\":{\"@type\":\"EntryPoint\",\"urlTemplate\":\"https:\\\/\\\/kangook.com\\\/fr\\\/?s={search_term_string}\"},\"query-input\":{\"@type\":\"PropertyValueSpecification\",\"valueRequired\":true,\"valueName\":\"search_term_string\"}}],\"inLanguage\":\"fr-FR\"},{\"@type\":\"Organization\",\"@id\":\"https:\\\/\\\/kangook.com\\\/fr\\\/#organization\",\"name\":\"Kangook\",\"url\":\"https:\\\/\\\/kangook.com\\\/fr\\\/\",\"logo\":{\"@type\":\"ImageObject\",\"inLanguage\":\"fr-FR\",\"@id\":\"https:\\\/\\\/kangook.com\\\/fr\\\/#\\\/schema\\\/logo\\\/image\\\/\",\"url\":\"https:\\\/\\\/kangook.com\\\/wp-content\\\/uploads\\\/2022\\\/07\\\/cropped-Kangook-Paramotors-Flag.png\",\"contentUrl\":\"https:\\\/\\\/kangook.com\\\/wp-content\\\/uploads\\\/2022\\\/07\\\/cropped-Kangook-Paramotors-Flag.png\",\"width\":500,\"height\":97,\"caption\":\"Kangook\"},\"image\":{\"@id\":\"https:\\\/\\\/kangook.com\\\/fr\\\/#\\\/schema\\\/logo\\\/image\\\/\"}}]}<\/script>\n<!-- \/ Yoast SEO plugin. -->","yoast_head_json":{"title":"ACC201 R\u00e9gulateur de carburateur | Accessoires Vittorazi","description":"ACC201 R\u00e9gulateur de carburateur pour moteur Vittorazi. Disponible chez Kangook Paramotors.","robots":{"index":"index","follow":"follow","max-snippet":"max-snippet:-1","max-image-preview":"max-image-preview:large","max-video-preview":"max-video-preview:-1"},"canonical":"https:\/\/kangook.com\/fr\/produit\/acc201-fr\/","og_locale":"fr_FR","og_type":"article","og_title":"ACC201 R\u00e9gulateur de carburateur | Accessoires Vittorazi","og_description":"ACC201 R\u00e9gulateur de carburateur pour moteur Vittorazi. Disponible chez Kangook Paramotors.","og_url":"https:\/\/kangook.com\/fr\/produit\/acc201-fr\/","og_site_name":"Kangook Canada","article_modified_time":"2026-01-26T21:05:20+00:00","og_image":[{"width":1024,"height":1024,"url":"https:\/\/kangook.com\/wp-content\/uploads\/2024\/09\/ACC201-1024x1024.png","type":"image\/png"}],"twitter_card":"summary_large_image","twitter_misc":{"Dur\u00e9e de lecture estim\u00e9e":"1 minute"},"schema":{"@context":"https:\/\/schema.org","@graph":[{"@type":"WebPage","@id":"https:\/\/kangook.com\/fr\/produit\/acc201-fr\/","url":"https:\/\/kangook.com\/fr\/produit\/acc201-fr\/","name":"ACC201 R\u00e9gulateur de carburateur | Accessoires Vittorazi","isPartOf":{"@id":"https:\/\/kangook.com\/fr\/#website"},"primaryImageOfPage":{"@id":"https:\/\/kangook.com\/fr\/produit\/acc201-fr\/#primaryimage"},"image":{"@id":"https:\/\/kangook.com\/fr\/produit\/acc201-fr\/#primaryimage"},"thumbnailUrl":"https:\/\/kangook.com\/wp-content\/uploads\/2024\/09\/ACC201.png","datePublished":"2024-09-10T19:15:51+00:00","dateModified":"2026-01-26T21:05:20+00:00","description":"ACC201 R\u00e9gulateur de carburateur pour moteur Vittorazi. Disponible chez Kangook Paramotors.","breadcrumb":{"@id":"https:\/\/kangook.com\/fr\/produit\/acc201-fr\/#breadcrumb"},"inLanguage":"fr-FR","potentialAction":[{"@type":"ReadAction","target":["https:\/\/kangook.com\/fr\/produit\/acc201-fr\/"]}]},{"@type":"ImageObject","inLanguage":"fr-FR","@id":"https:\/\/kangook.com\/fr\/produit\/acc201-fr\/#primaryimage","url":"https:\/\/kangook.com\/wp-content\/uploads\/2024\/09\/ACC201.png","contentUrl":"https:\/\/kangook.com\/wp-content\/uploads\/2024\/09\/ACC201.png","width":1920,"height":1920},{"@type":"BreadcrumbList","@id":"https:\/\/kangook.com\/fr\/produit\/acc201-fr\/#breadcrumb","itemListElement":[{"@type":"ListItem","position":1,"name":"Accueil","item":"https:\/\/kangook.com\/fr\/"},{"@type":"ListItem","position":2,"name":"Store","item":"https:\/\/kangook.com\/store\/"},{"@type":"ListItem","position":3,"name":"ACC201 R\u00e9gulateur de carburant"}]},{"@type":"WebSite","@id":"https:\/\/kangook.com\/fr\/#website","url":"https:\/\/kangook.com\/fr\/","name":"Kangook","description":"Kangook Paramotors","publisher":{"@id":"https:\/\/kangook.com\/fr\/#organization"},"potentialAction":[{"@type":"SearchAction","target":{"@type":"EntryPoint","urlTemplate":"https:\/\/kangook.com\/fr\/?s={search_term_string}"},"query-input":{"@type":"PropertyValueSpecification","valueRequired":true,"valueName":"search_term_string"}}],"inLanguage":"fr-FR"},{"@type":"Organization","@id":"https:\/\/kangook.com\/fr\/#organization","name":"Kangook","url":"https:\/\/kangook.com\/fr\/","logo":{"@type":"ImageObject","inLanguage":"fr-FR","@id":"https:\/\/kangook.com\/fr\/#\/schema\/logo\/image\/","url":"https:\/\/kangook.com\/wp-content\/uploads\/2022\/07\/cropped-Kangook-Paramotors-Flag.png","contentUrl":"https:\/\/kangook.com\/wp-content\/uploads\/2022\/07\/cropped-Kangook-Paramotors-Flag.png","width":500,"height":97,"caption":"Kangook"},"image":{"@id":"https:\/\/kangook.com\/fr\/#\/schema\/logo\/image\/"}}]}},"wcpa_form_fields":null,"_links":{"self":[{"href":"https:\/\/kangook.com\/fr\/wp-json\/wp\/v2\/product\/19933","targetHints":{"allow":["GET"]}}],"collection":[{"href":"https:\/\/kangook.com\/fr\/wp-json\/wp\/v2\/product"}],"about":[{"href":"https:\/\/kangook.com\/fr\/wp-json\/wp\/v2\/types\/product"}],"version-history":[{"count":4,"href":"https:\/\/kangook.com\/fr\/wp-json\/wp\/v2\/product\/19933\/revisions"}],"predecessor-version":[{"id":31028,"href":"https:\/\/kangook.com\/fr\/wp-json\/wp\/v2\/product\/19933\/revisions\/31028"}],"wp:featuredmedia":[{"embeddable":true,"href":"https:\/\/kangook.com\/fr\/wp-json\/wp\/v2\/media\/19935"}],"wp:attachment":[{"href":"https:\/\/kangook.com\/fr\/wp-json\/wp\/v2\/media?parent=19933"}],"wp:term":[{"taxonomy":"product_brand","embeddable":true,"href":"https:\/\/kangook.com\/fr\/wp-json\/wp\/v2\/product_brand?post=19933"},{"taxonomy":"product_cat","embeddable":true,"href":"https:\/\/kangook.com\/fr\/wp-json\/wp\/v2\/product_cat?post=19933"},{"taxonomy":"product_tag","embeddable":true,"href":"https:\/\/kangook.com\/fr\/wp-json\/wp\/v2\/product_tag?post=19933"}],"curies":[{"name":"wp","href":"https:\/\/api.w.org\/{rel}","templated":true}]}}