{"id":18536,"date":"2024-03-03T23:37:28","date_gmt":"2024-03-03T23:37:28","guid":{"rendered":"https:\/\/kangook.com\/product\/amarukxd-configuration\/"},"modified":"2026-01-26T20:29:33","modified_gmt":"2026-01-26T20:29:33","slug":"amarukxd-configuration","status":"publish","type":"product","link":"https:\/\/kangook.com\/fr\/produit\/amarukxd-configuration\/","title":{"rendered":"Configuration du Amaruk XD"},"content":{"rendered":"<p>Plongez dans la personnalisation avec une gamme de couleurs pour votre cerceau et votre filet, pour que votre paramoteur se distingue dans le ciel ou sur le sol. Choisissez des bras oscillants et des types de sellettes qui promettent confort et r\u00e9sistance, parfaitement adapt\u00e9s \u00e0 la dynamique de votre vol. Et gr\u00e2ce aux options d&rsquo;acc\u00e9l\u00e9rateur con\u00e7ues pour la r\u00e9activit\u00e9 et la facilit\u00e9 d&rsquo;utilisation, votre contr\u00f4le de l&rsquo;Amaruk XD est in\u00e9gal\u00e9.  <\/p>\n<p>Chez Kangook, nous pensons qu&rsquo;un paramoteur doit \u00eatre aussi unique que le pilote qui le pilote. Configurez votre Amaruk XD en fonction de votre style, de vos pr\u00e9f\u00e9rences et de vos besoins en vol. Commencez d\u00e8s aujourd&rsquo;hui votre voyage vers une exp\u00e9rience de vol vraiment personnalis\u00e9e.  <\/p>\n","protected":false},"excerpt":{"rendered":"<p style=\"text-align: center;\">Personnalisez votre Amaruk XD<\/p>\n<p>Embarquez pour votre prochaine aventure a\u00e9rienne avec l&rsquo;Amaruk XD, qui s&rsquo;adapte pr\u00e9cis\u00e9ment \u00e0 votre style de vol. Notre page de configuration exclusive vous permet de personnaliser votre paramoteur dans les moindres d\u00e9tails. Choisissez parmi les moteurs leaders de l&rsquo;industrie tels que Cors-Air, Vittorazi et Polini, pour que votre Amaruk XD dispose de la puissance et des performances que vous souhaitez.  <\/p>\n","protected":false},"featured_media":16769,"template":"","meta":{"site-sidebar-layout":"default","site-content-layout":"","ast-site-content-layout":"default","site-content-style":"default","site-sidebar-style":"default","ast-global-header-display":"","ast-banner-title-visibility":"","ast-main-header-display":"","ast-hfb-above-header-display":"","ast-hfb-below-header-display":"","ast-hfb-mobile-header-display":"","site-post-title":"","ast-breadcrumbs-content":"","ast-featured-img":"","footer-sml-layout":"","ast-disable-related-posts":"","theme-transparent-header-meta":"default","adv-header-id-meta":"","stick-header-meta":"default","header-above-stick-meta":"","header-main-stick-meta":"","header-below-stick-meta":"","astra-migrate-meta-layouts":"default","ast-page-background-enabled":"default","ast-page-background-meta":{"desktop":{"background-color":"","background-image":"","background-repeat":"repeat","background-position":"center center","background-size":"auto","background-attachment":"scroll","background-type":"","background-media":"","overlay-type":"","overlay-color":"","overlay-opacity":"","overlay-gradient":""},"tablet":{"background-color":"","background-image":"","background-repeat":"repeat","background-position":"center center","background-size":"auto","background-attachment":"scroll","background-type":"","background-media":"","overlay-type":"","overlay-color":"","overlay-opacity":"","overlay-gradient":""},"mobile":{"background-color":"","background-image":"","background-repeat":"repeat","background-position":"center center","background-size":"auto","background-attachment":"scroll","background-type":"","background-media":"","overlay-type":"","overlay-color":"","overlay-opacity":"","overlay-gradient":""}},"ast-content-background-meta":{"desktop":{"background-color":"var(--ast-global-color-5)","background-image":"","background-repeat":"repeat","background-position":"center center","background-size":"auto","background-attachment":"scroll","background-type":"","background-media":"","overlay-type":"","overlay-color":"","overlay-opacity":"","overlay-gradient":""},"tablet":{"background-color":"var(--ast-global-color-5)","background-image":"","background-repeat":"repeat","background-position":"center center","background-size":"auto","background-attachment":"scroll","background-type":"","background-media":"","overlay-type":"","overlay-color":"","overlay-opacity":"","overlay-gradient":""},"mobile":{"background-color":"var(--ast-global-color-5)","background-image":"","background-repeat":"repeat","background-position":"center center","background-size":"auto","background-attachment":"scroll","background-type":"","background-media":"","overlay-type":"","overlay-color":"","overlay-opacity":"","overlay-gradient":""}}},"product_brand":[1401],"product_cat":[198,196],"product_tag":[],"class_list":{"0":"post-18536","1":"product","2":"type-product","3":"status-publish","4":"has-post-thumbnail","6":"product_brand-kangook","7":"product_cat-amaruk-xd","8":"product_cat-paramoteurs","9":"desktop-align-left","10":"tablet-align-left","11":"mobile-align-left","12":"ast-product-gallery-layout-horizontal-slider","13":"ast-product-gallery-with-no-image","14":"ast-qv-on-image","15":"wcpa_has_options","17":"first","18":"instock","19":"taxable","20":"shipping-taxable","21":"purchasable","22":"product-type-simple"},"yoast_head":"<!-- This site is optimized with the Yoast SEO plugin v27.4 - https:\/\/yoast.com\/product\/yoast-seo-wordpress\/ -->\n<title>Achetez votre paramoteur Kangook Amaruk XD personnalis\u00e9 - Envole-toi avec style<\/title>\n<meta name=\"description\" content=\"D\u00e9couvrez l&#039;exp\u00e9rience de vol ultime avec le paramoteur personnalisable Kangook Amaruk XD. Personnalisez votre vol avec des moteurs, des couleurs et des caract\u00e9ristiques uniques.\" \/>\n<meta name=\"robots\" content=\"index, follow, max-snippet:-1, max-image-preview:large, max-video-preview:-1\" \/>\n<link rel=\"canonical\" href=\"https:\/\/kangook.com\/fr\/produit\/amarukxd-configuration\/\" \/>\n<meta property=\"og:locale\" content=\"fr_FR\" \/>\n<meta property=\"og:type\" content=\"article\" \/>\n<meta property=\"og:title\" content=\"Achetez votre paramoteur Kangook Amaruk XD personnalis\u00e9 - Envole-toi avec style\" \/>\n<meta property=\"og:description\" content=\"D\u00e9couvrez l&#039;exp\u00e9rience de vol ultime avec le paramoteur personnalisable Kangook Amaruk XD. Personnalisez votre vol avec des moteurs, des couleurs et des caract\u00e9ristiques uniques.\" \/>\n<meta property=\"og:url\" content=\"https:\/\/kangook.com\/fr\/produit\/amarukxd-configuration\/\" \/>\n<meta property=\"og:site_name\" content=\"Kangook Canada\" \/>\n<meta property=\"article:modified_time\" content=\"2026-01-26T20:29:33+00:00\" \/>\n<meta property=\"og:image\" content=\"https:\/\/kangook.com\/wp-content\/uploads\/2024\/02\/Amaruk-XD-Purple01-scaled.jpg\" \/>\n\t<meta property=\"og:image:width\" content=\"2560\" \/>\n\t<meta property=\"og:image:height\" content=\"1707\" \/>\n\t<meta property=\"og:image:type\" content=\"image\/jpeg\" \/>\n<meta name=\"twitter:card\" content=\"summary_large_image\" \/>\n<meta name=\"twitter:label1\" content=\"Dur\u00e9e de lecture estim\u00e9e\" \/>\n\t<meta name=\"twitter:data1\" content=\"1 minute\" \/>\n<script type=\"application\/ld+json\" class=\"yoast-schema-graph\">{\"@context\":\"https:\\\/\\\/schema.org\",\"@graph\":[{\"@type\":\"WebPage\",\"@id\":\"https:\\\/\\\/kangook.com\\\/fr\\\/produit\\\/amarukxd-configuration\\\/\",\"url\":\"https:\\\/\\\/kangook.com\\\/fr\\\/produit\\\/amarukxd-configuration\\\/\",\"name\":\"Achetez votre paramoteur Kangook Amaruk XD personnalis\u00e9 - Envole-toi avec style\",\"isPartOf\":{\"@id\":\"https:\\\/\\\/kangook.com\\\/fr\\\/#website\"},\"primaryImageOfPage\":{\"@id\":\"https:\\\/\\\/kangook.com\\\/fr\\\/produit\\\/amarukxd-configuration\\\/#primaryimage\"},\"image\":{\"@id\":\"https:\\\/\\\/kangook.com\\\/fr\\\/produit\\\/amarukxd-configuration\\\/#primaryimage\"},\"thumbnailUrl\":\"https:\\\/\\\/kangook.com\\\/wp-content\\\/uploads\\\/2024\\\/02\\\/Amaruk-XD-Purple01-scaled.jpg\",\"datePublished\":\"2024-03-03T23:37:28+00:00\",\"dateModified\":\"2026-01-26T20:29:33+00:00\",\"description\":\"D\u00e9couvrez l'exp\u00e9rience de vol ultime avec le paramoteur personnalisable Kangook Amaruk XD. Personnalisez votre vol avec des moteurs, des couleurs et des caract\u00e9ristiques uniques.\",\"breadcrumb\":{\"@id\":\"https:\\\/\\\/kangook.com\\\/fr\\\/produit\\\/amarukxd-configuration\\\/#breadcrumb\"},\"inLanguage\":\"fr-FR\",\"potentialAction\":[{\"@type\":\"ReadAction\",\"target\":[\"https:\\\/\\\/kangook.com\\\/fr\\\/produit\\\/amarukxd-configuration\\\/\"]}]},{\"@type\":\"ImageObject\",\"inLanguage\":\"fr-FR\",\"@id\":\"https:\\\/\\\/kangook.com\\\/fr\\\/produit\\\/amarukxd-configuration\\\/#primaryimage\",\"url\":\"https:\\\/\\\/kangook.com\\\/wp-content\\\/uploads\\\/2024\\\/02\\\/Amaruk-XD-Purple01-scaled.jpg\",\"contentUrl\":\"https:\\\/\\\/kangook.com\\\/wp-content\\\/uploads\\\/2024\\\/02\\\/Amaruk-XD-Purple01-scaled.jpg\",\"width\":2560,\"height\":1707,\"caption\":\"Paramoteur Amaruk XD Kangook : Cage de 151 cm, h\u00e9lices de 140 cm, optimise la pouss\u00e9e, l'efficacit\u00e9 et la s\u00e9curit\u00e9 pour un vol exceptionnel.\"},{\"@type\":\"BreadcrumbList\",\"@id\":\"https:\\\/\\\/kangook.com\\\/fr\\\/produit\\\/amarukxd-configuration\\\/#breadcrumb\",\"itemListElement\":[{\"@type\":\"ListItem\",\"position\":1,\"name\":\"Accueil\",\"item\":\"https:\\\/\\\/kangook.com\\\/fr\\\/\"},{\"@type\":\"ListItem\",\"position\":2,\"name\":\"Store\",\"item\":\"https:\\\/\\\/kangook.com\\\/store\\\/\"},{\"@type\":\"ListItem\",\"position\":3,\"name\":\"Configuration du Amaruk XD\"}]},{\"@type\":\"WebSite\",\"@id\":\"https:\\\/\\\/kangook.com\\\/fr\\\/#website\",\"url\":\"https:\\\/\\\/kangook.com\\\/fr\\\/\",\"name\":\"Kangook\",\"description\":\"Kangook Paramotors\",\"publisher\":{\"@id\":\"https:\\\/\\\/kangook.com\\\/fr\\\/#organization\"},\"potentialAction\":[{\"@type\":\"SearchAction\",\"target\":{\"@type\":\"EntryPoint\",\"urlTemplate\":\"https:\\\/\\\/kangook.com\\\/fr\\\/?s={search_term_string}\"},\"query-input\":{\"@type\":\"PropertyValueSpecification\",\"valueRequired\":true,\"valueName\":\"search_term_string\"}}],\"inLanguage\":\"fr-FR\"},{\"@type\":\"Organization\",\"@id\":\"https:\\\/\\\/kangook.com\\\/fr\\\/#organization\",\"name\":\"Kangook\",\"url\":\"https:\\\/\\\/kangook.com\\\/fr\\\/\",\"logo\":{\"@type\":\"ImageObject\",\"inLanguage\":\"fr-FR\",\"@id\":\"https:\\\/\\\/kangook.com\\\/fr\\\/#\\\/schema\\\/logo\\\/image\\\/\",\"url\":\"https:\\\/\\\/kangook.com\\\/wp-content\\\/uploads\\\/2022\\\/07\\\/cropped-Kangook-Paramotors-Flag.png\",\"contentUrl\":\"https:\\\/\\\/kangook.com\\\/wp-content\\\/uploads\\\/2022\\\/07\\\/cropped-Kangook-Paramotors-Flag.png\",\"width\":500,\"height\":97,\"caption\":\"Kangook\"},\"image\":{\"@id\":\"https:\\\/\\\/kangook.com\\\/fr\\\/#\\\/schema\\\/logo\\\/image\\\/\"}}]}<\/script>\n<!-- \/ Yoast SEO plugin. -->","yoast_head_json":{"title":"Achetez votre paramoteur Kangook Amaruk XD personnalis\u00e9 - Envole-toi avec style","description":"D\u00e9couvrez l'exp\u00e9rience de vol ultime avec le paramoteur personnalisable Kangook Amaruk XD. Personnalisez votre vol avec des moteurs, des couleurs et des caract\u00e9ristiques uniques.","robots":{"index":"index","follow":"follow","max-snippet":"max-snippet:-1","max-image-preview":"max-image-preview:large","max-video-preview":"max-video-preview:-1"},"canonical":"https:\/\/kangook.com\/fr\/produit\/amarukxd-configuration\/","og_locale":"fr_FR","og_type":"article","og_title":"Achetez votre paramoteur Kangook Amaruk XD personnalis\u00e9 - Envole-toi avec style","og_description":"D\u00e9couvrez l'exp\u00e9rience de vol ultime avec le paramoteur personnalisable Kangook Amaruk XD. Personnalisez votre vol avec des moteurs, des couleurs et des caract\u00e9ristiques uniques.","og_url":"https:\/\/kangook.com\/fr\/produit\/amarukxd-configuration\/","og_site_name":"Kangook Canada","article_modified_time":"2026-01-26T20:29:33+00:00","og_image":[{"width":2560,"height":1707,"url":"https:\/\/kangook.com\/wp-content\/uploads\/2024\/02\/Amaruk-XD-Purple01-scaled.jpg","type":"image\/jpeg"}],"twitter_card":"summary_large_image","twitter_misc":{"Dur\u00e9e de lecture estim\u00e9e":"1 minute"},"schema":{"@context":"https:\/\/schema.org","@graph":[{"@type":"WebPage","@id":"https:\/\/kangook.com\/fr\/produit\/amarukxd-configuration\/","url":"https:\/\/kangook.com\/fr\/produit\/amarukxd-configuration\/","name":"Achetez votre paramoteur Kangook Amaruk XD personnalis\u00e9 - Envole-toi avec style","isPartOf":{"@id":"https:\/\/kangook.com\/fr\/#website"},"primaryImageOfPage":{"@id":"https:\/\/kangook.com\/fr\/produit\/amarukxd-configuration\/#primaryimage"},"image":{"@id":"https:\/\/kangook.com\/fr\/produit\/amarukxd-configuration\/#primaryimage"},"thumbnailUrl":"https:\/\/kangook.com\/wp-content\/uploads\/2024\/02\/Amaruk-XD-Purple01-scaled.jpg","datePublished":"2024-03-03T23:37:28+00:00","dateModified":"2026-01-26T20:29:33+00:00","description":"D\u00e9couvrez l'exp\u00e9rience de vol ultime avec le paramoteur personnalisable Kangook Amaruk XD. Personnalisez votre vol avec des moteurs, des couleurs et des caract\u00e9ristiques uniques.","breadcrumb":{"@id":"https:\/\/kangook.com\/fr\/produit\/amarukxd-configuration\/#breadcrumb"},"inLanguage":"fr-FR","potentialAction":[{"@type":"ReadAction","target":["https:\/\/kangook.com\/fr\/produit\/amarukxd-configuration\/"]}]},{"@type":"ImageObject","inLanguage":"fr-FR","@id":"https:\/\/kangook.com\/fr\/produit\/amarukxd-configuration\/#primaryimage","url":"https:\/\/kangook.com\/wp-content\/uploads\/2024\/02\/Amaruk-XD-Purple01-scaled.jpg","contentUrl":"https:\/\/kangook.com\/wp-content\/uploads\/2024\/02\/Amaruk-XD-Purple01-scaled.jpg","width":2560,"height":1707,"caption":"Paramoteur Amaruk XD Kangook : Cage de 151 cm, h\u00e9lices de 140 cm, optimise la pouss\u00e9e, l'efficacit\u00e9 et la s\u00e9curit\u00e9 pour un vol exceptionnel."},{"@type":"BreadcrumbList","@id":"https:\/\/kangook.com\/fr\/produit\/amarukxd-configuration\/#breadcrumb","itemListElement":[{"@type":"ListItem","position":1,"name":"Accueil","item":"https:\/\/kangook.com\/fr\/"},{"@type":"ListItem","position":2,"name":"Store","item":"https:\/\/kangook.com\/store\/"},{"@type":"ListItem","position":3,"name":"Configuration du Amaruk XD"}]},{"@type":"WebSite","@id":"https:\/\/kangook.com\/fr\/#website","url":"https:\/\/kangook.com\/fr\/","name":"Kangook","description":"Kangook Paramotors","publisher":{"@id":"https:\/\/kangook.com\/fr\/#organization"},"potentialAction":[{"@type":"SearchAction","target":{"@type":"EntryPoint","urlTemplate":"https:\/\/kangook.com\/fr\/?s={search_term_string}"},"query-input":{"@type":"PropertyValueSpecification","valueRequired":true,"valueName":"search_term_string"}}],"inLanguage":"fr-FR"},{"@type":"Organization","@id":"https:\/\/kangook.com\/fr\/#organization","name":"Kangook","url":"https:\/\/kangook.com\/fr\/","logo":{"@type":"ImageObject","inLanguage":"fr-FR","@id":"https:\/\/kangook.com\/fr\/#\/schema\/logo\/image\/","url":"https:\/\/kangook.com\/wp-content\/uploads\/2022\/07\/cropped-Kangook-Paramotors-Flag.png","contentUrl":"https:\/\/kangook.com\/wp-content\/uploads\/2022\/07\/cropped-Kangook-Paramotors-Flag.png","width":500,"height":97,"caption":"Kangook"},"image":{"@id":"https:\/\/kangook.com\/fr\/#\/schema\/logo\/image\/"}}]}},"wcpa_form_fields":null,"_links":{"self":[{"href":"https:\/\/kangook.com\/fr\/wp-json\/wp\/v2\/product\/18536","targetHints":{"allow":["GET"]}}],"collection":[{"href":"https:\/\/kangook.com\/fr\/wp-json\/wp\/v2\/product"}],"about":[{"href":"https:\/\/kangook.com\/fr\/wp-json\/wp\/v2\/types\/product"}],"version-history":[{"count":2,"href":"https:\/\/kangook.com\/fr\/wp-json\/wp\/v2\/product\/18536\/revisions"}],"predecessor-version":[{"id":30036,"href":"https:\/\/kangook.com\/fr\/wp-json\/wp\/v2\/product\/18536\/revisions\/30036"}],"wp:featuredmedia":[{"embeddable":true,"href":"https:\/\/kangook.com\/fr\/wp-json\/wp\/v2\/media\/16769"}],"wp:attachment":[{"href":"https:\/\/kangook.com\/fr\/wp-json\/wp\/v2\/media?parent=18536"}],"wp:term":[{"taxonomy":"product_brand","embeddable":true,"href":"https:\/\/kangook.com\/fr\/wp-json\/wp\/v2\/product_brand?post=18536"},{"taxonomy":"product_cat","embeddable":true,"href":"https:\/\/kangook.com\/fr\/wp-json\/wp\/v2\/product_cat?post=18536"},{"taxonomy":"product_tag","embeddable":true,"href":"https:\/\/kangook.com\/fr\/wp-json\/wp\/v2\/product_tag?post=18536"}],"curies":[{"name":"wp","href":"https:\/\/api.w.org\/{rel}","templated":true}]}}