{"id":18535,"date":"2024-03-07T02:59:56","date_gmt":"2024-03-07T02:59:56","guid":{"rendered":"https:\/\/kangook.com\/product\/amaruk-configuration\/"},"modified":"2026-01-26T20:28:39","modified_gmt":"2026-01-26T20:28:39","slug":"amaruk-configuration","status":"publish","type":"product","link":"https:\/\/kangook.com\/fr\/produit\/amaruk-configuration\/","title":{"rendered":"Configuration du Amaruk"},"content":{"rendered":"<p>La personnalisation se poursuit avec une s\u00e9lection de couleurs d&rsquo;arceaux et de filets, vous permettant de personnaliser l&rsquo;aspect de votre Amaruk. Choisissez parmi une vari\u00e9t\u00e9 de bras oscillants et de types de harnais pour un \u00e9quilibre parfait entre confort et contr\u00f4le. Enfin, choisissez un acc\u00e9l\u00e9rateur qui correspond \u00e0 vos pr\u00e9f\u00e9rences pour une exp\u00e9rience de vol intuitive et r\u00e9active.  <\/p>\n<p>Notre objectif est de vous fournir un paramoteur aussi unique que votre voyage en avion. Configurez votre Amaruk pour un m\u00e9lange in\u00e9gal\u00e9 de performance, de style et de touche personnelle. <\/p>\n","protected":false},"excerpt":{"rendered":"<p>Personnalisez votre paramoteur en fonction de votre style et de vos besoins. Commencez par choisir votre moteur parmi des marques de premier plan telles que Cors-Air, Vittorazi et Polini, chacune offrant des avantages uniques pour r\u00e9pondre \u00e0 vos besoins de vol. <\/p>\n","protected":false},"featured_media":16781,"template":"","meta":{"site-sidebar-layout":"default","site-content-layout":"","ast-site-content-layout":"default","site-content-style":"default","site-sidebar-style":"default","ast-global-header-display":"","ast-banner-title-visibility":"","ast-main-header-display":"","ast-hfb-above-header-display":"","ast-hfb-below-header-display":"","ast-hfb-mobile-header-display":"","site-post-title":"","ast-breadcrumbs-content":"","ast-featured-img":"","footer-sml-layout":"","ast-disable-related-posts":"","theme-transparent-header-meta":"default","adv-header-id-meta":"","stick-header-meta":"default","header-above-stick-meta":"","header-main-stick-meta":"","header-below-stick-meta":"","astra-migrate-meta-layouts":"default","ast-page-background-enabled":"default","ast-page-background-meta":{"desktop":{"background-color":"","background-image":"","background-repeat":"repeat","background-position":"center center","background-size":"auto","background-attachment":"scroll","background-type":"","background-media":"","overlay-type":"","overlay-color":"","overlay-opacity":"","overlay-gradient":""},"tablet":{"background-color":"","background-image":"","background-repeat":"repeat","background-position":"center center","background-size":"auto","background-attachment":"scroll","background-type":"","background-media":"","overlay-type":"","overlay-color":"","overlay-opacity":"","overlay-gradient":""},"mobile":{"background-color":"","background-image":"","background-repeat":"repeat","background-position":"center center","background-size":"auto","background-attachment":"scroll","background-type":"","background-media":"","overlay-type":"","overlay-color":"","overlay-opacity":"","overlay-gradient":""}},"ast-content-background-meta":{"desktop":{"background-color":"var(--ast-global-color-5)","background-image":"","background-repeat":"repeat","background-position":"center center","background-size":"auto","background-attachment":"scroll","background-type":"","background-media":"","overlay-type":"","overlay-color":"","overlay-opacity":"","overlay-gradient":""},"tablet":{"background-color":"var(--ast-global-color-5)","background-image":"","background-repeat":"repeat","background-position":"center center","background-size":"auto","background-attachment":"scroll","background-type":"","background-media":"","overlay-type":"","overlay-color":"","overlay-opacity":"","overlay-gradient":""},"mobile":{"background-color":"var(--ast-global-color-5)","background-image":"","background-repeat":"repeat","background-position":"center center","background-size":"auto","background-attachment":"scroll","background-type":"","background-media":"","overlay-type":"","overlay-color":"","overlay-opacity":"","overlay-gradient":""}}},"product_brand":[1401],"product_cat":[197,196],"product_tag":[],"class_list":{"0":"post-18535","1":"product","2":"type-product","3":"status-publish","4":"has-post-thumbnail","6":"product_brand-kangook","7":"product_cat-amaruk","8":"product_cat-paramoteurs","9":"desktop-align-left","10":"tablet-align-left","11":"mobile-align-left","12":"ast-product-gallery-layout-horizontal-slider","13":"ast-product-gallery-with-no-image","14":"ast-qv-on-image","15":"wcpa_has_options","17":"first","18":"instock","19":"taxable","20":"shipping-taxable","21":"purchasable","22":"product-type-simple"},"yoast_head":"<!-- This site is optimized with the Yoast SEO plugin v27.5 - https:\/\/yoast.com\/product\/yoast-seo-wordpress\/ -->\n<title>Personnaliser Amaruk : Paramoteur sur mesure | Kangook<\/title>\n<meta name=\"description\" content=\"Cr\u00e9ez votre paramoteur Amaruk parfait : Choisissez les moteurs, les couleurs, et plus encore pour correspondre \u00e0 votre style de vol et \u00e0 vos besoins. Commencez \u00e0 personnaliser d\u00e8s maintenant !\" \/>\n<meta name=\"robots\" content=\"index, follow, max-snippet:-1, max-image-preview:large, max-video-preview:-1\" \/>\n<link rel=\"canonical\" href=\"https:\/\/kangook.com\/fr\/produit\/amaruk-configuration\/\" \/>\n<meta property=\"og:locale\" content=\"fr_FR\" \/>\n<meta property=\"og:type\" content=\"article\" \/>\n<meta property=\"og:title\" content=\"Personnaliser Amaruk : Paramoteur sur mesure | Kangook\" \/>\n<meta property=\"og:description\" content=\"Cr\u00e9ez votre paramoteur Amaruk parfait : Choisissez les moteurs, les couleurs, et plus encore pour correspondre \u00e0 votre style de vol et \u00e0 vos besoins. Commencez \u00e0 personnaliser d\u00e8s maintenant !\" \/>\n<meta property=\"og:url\" content=\"https:\/\/kangook.com\/fr\/produit\/amaruk-configuration\/\" \/>\n<meta property=\"og:site_name\" content=\"Kangook Canada\" \/>\n<meta property=\"article:modified_time\" content=\"2026-01-26T20:28:39+00:00\" \/>\n<meta property=\"og:image\" content=\"https:\/\/kangook.com\/wp-content\/uploads\/2024\/02\/Amaruk01-1-scaled.jpg\" \/>\n\t<meta property=\"og:image:width\" content=\"2560\" \/>\n\t<meta property=\"og:image:height\" content=\"1707\" \/>\n\t<meta property=\"og:image:type\" content=\"image\/jpeg\" \/>\n<meta name=\"twitter:card\" content=\"summary_large_image\" \/>\n<script type=\"application\/ld+json\" class=\"yoast-schema-graph\">{\"@context\":\"https:\\\/\\\/schema.org\",\"@graph\":[{\"@type\":\"WebPage\",\"@id\":\"https:\\\/\\\/kangook.com\\\/fr\\\/produit\\\/amaruk-configuration\\\/\",\"url\":\"https:\\\/\\\/kangook.com\\\/fr\\\/produit\\\/amaruk-configuration\\\/\",\"name\":\"Personnaliser Amaruk : Paramoteur sur mesure | Kangook\",\"isPartOf\":{\"@id\":\"https:\\\/\\\/kangook.com\\\/fr\\\/#website\"},\"primaryImageOfPage\":{\"@id\":\"https:\\\/\\\/kangook.com\\\/fr\\\/produit\\\/amaruk-configuration\\\/#primaryimage\"},\"image\":{\"@id\":\"https:\\\/\\\/kangook.com\\\/fr\\\/produit\\\/amaruk-configuration\\\/#primaryimage\"},\"thumbnailUrl\":\"https:\\\/\\\/kangook.com\\\/wp-content\\\/uploads\\\/2024\\\/02\\\/Amaruk01-1-scaled.jpg\",\"datePublished\":\"2024-03-07T02:59:56+00:00\",\"dateModified\":\"2026-01-26T20:28:39+00:00\",\"description\":\"Cr\u00e9ez votre paramoteur Amaruk parfait : Choisissez les moteurs, les couleurs, et plus encore pour correspondre \u00e0 votre style de vol et \u00e0 vos besoins. Commencez \u00e0 personnaliser d\u00e8s maintenant !\",\"breadcrumb\":{\"@id\":\"https:\\\/\\\/kangook.com\\\/fr\\\/produit\\\/amaruk-configuration\\\/#breadcrumb\"},\"inLanguage\":\"fr-FR\",\"potentialAction\":[{\"@type\":\"ReadAction\",\"target\":[\"https:\\\/\\\/kangook.com\\\/fr\\\/produit\\\/amaruk-configuration\\\/\"]}]},{\"@type\":\"ImageObject\",\"inLanguage\":\"fr-FR\",\"@id\":\"https:\\\/\\\/kangook.com\\\/fr\\\/produit\\\/amaruk-configuration\\\/#primaryimage\",\"url\":\"https:\\\/\\\/kangook.com\\\/wp-content\\\/uploads\\\/2024\\\/02\\\/Amaruk01-1-scaled.jpg\",\"contentUrl\":\"https:\\\/\\\/kangook.com\\\/wp-content\\\/uploads\\\/2024\\\/02\\\/Amaruk01-1-scaled.jpg\",\"width\":2560,\"height\":1707,\"caption\":\"Paramoteur Kangook Amaruk : Cage de 140 cm, ergonomique avec compensation de couple avanc\u00e9e, am\u00e9liorant le contr\u00f4le et l'efficacit\u00e9 des pilotes.\"},{\"@type\":\"BreadcrumbList\",\"@id\":\"https:\\\/\\\/kangook.com\\\/fr\\\/produit\\\/amaruk-configuration\\\/#breadcrumb\",\"itemListElement\":[{\"@type\":\"ListItem\",\"position\":1,\"name\":\"Accueil\",\"item\":\"https:\\\/\\\/kangook.com\\\/fr\\\/\"},{\"@type\":\"ListItem\",\"position\":2,\"name\":\"Store\",\"item\":\"https:\\\/\\\/kangook.com\\\/store\\\/\"},{\"@type\":\"ListItem\",\"position\":3,\"name\":\"Configuration du Amaruk\"}]},{\"@type\":\"WebSite\",\"@id\":\"https:\\\/\\\/kangook.com\\\/fr\\\/#website\",\"url\":\"https:\\\/\\\/kangook.com\\\/fr\\\/\",\"name\":\"Kangook\",\"description\":\"Kangook Paramotors\",\"publisher\":{\"@id\":\"https:\\\/\\\/kangook.com\\\/fr\\\/#organization\"},\"potentialAction\":[{\"@type\":\"SearchAction\",\"target\":{\"@type\":\"EntryPoint\",\"urlTemplate\":\"https:\\\/\\\/kangook.com\\\/fr\\\/?s={search_term_string}\"},\"query-input\":{\"@type\":\"PropertyValueSpecification\",\"valueRequired\":true,\"valueName\":\"search_term_string\"}}],\"inLanguage\":\"fr-FR\"},{\"@type\":\"Organization\",\"@id\":\"https:\\\/\\\/kangook.com\\\/fr\\\/#organization\",\"name\":\"Kangook\",\"url\":\"https:\\\/\\\/kangook.com\\\/fr\\\/\",\"logo\":{\"@type\":\"ImageObject\",\"inLanguage\":\"fr-FR\",\"@id\":\"https:\\\/\\\/kangook.com\\\/fr\\\/#\\\/schema\\\/logo\\\/image\\\/\",\"url\":\"https:\\\/\\\/kangook.com\\\/wp-content\\\/uploads\\\/2022\\\/07\\\/cropped-Kangook-Paramotors-Flag.png\",\"contentUrl\":\"https:\\\/\\\/kangook.com\\\/wp-content\\\/uploads\\\/2022\\\/07\\\/cropped-Kangook-Paramotors-Flag.png\",\"width\":500,\"height\":97,\"caption\":\"Kangook\"},\"image\":{\"@id\":\"https:\\\/\\\/kangook.com\\\/fr\\\/#\\\/schema\\\/logo\\\/image\\\/\"}}]}<\/script>\n<!-- \/ Yoast SEO plugin. -->","yoast_head_json":{"title":"Personnaliser Amaruk : Paramoteur sur mesure | Kangook","description":"Cr\u00e9ez votre paramoteur Amaruk parfait : Choisissez les moteurs, les couleurs, et plus encore pour correspondre \u00e0 votre style de vol et \u00e0 vos besoins. Commencez \u00e0 personnaliser d\u00e8s maintenant !","robots":{"index":"index","follow":"follow","max-snippet":"max-snippet:-1","max-image-preview":"max-image-preview:large","max-video-preview":"max-video-preview:-1"},"canonical":"https:\/\/kangook.com\/fr\/produit\/amaruk-configuration\/","og_locale":"fr_FR","og_type":"article","og_title":"Personnaliser Amaruk : Paramoteur sur mesure | Kangook","og_description":"Cr\u00e9ez votre paramoteur Amaruk parfait : Choisissez les moteurs, les couleurs, et plus encore pour correspondre \u00e0 votre style de vol et \u00e0 vos besoins. Commencez \u00e0 personnaliser d\u00e8s maintenant !","og_url":"https:\/\/kangook.com\/fr\/produit\/amaruk-configuration\/","og_site_name":"Kangook Canada","article_modified_time":"2026-01-26T20:28:39+00:00","og_image":[{"width":2560,"height":1707,"url":"https:\/\/kangook.com\/wp-content\/uploads\/2024\/02\/Amaruk01-1-scaled.jpg","type":"image\/jpeg"}],"twitter_card":"summary_large_image","schema":{"@context":"https:\/\/schema.org","@graph":[{"@type":"WebPage","@id":"https:\/\/kangook.com\/fr\/produit\/amaruk-configuration\/","url":"https:\/\/kangook.com\/fr\/produit\/amaruk-configuration\/","name":"Personnaliser Amaruk : Paramoteur sur mesure | Kangook","isPartOf":{"@id":"https:\/\/kangook.com\/fr\/#website"},"primaryImageOfPage":{"@id":"https:\/\/kangook.com\/fr\/produit\/amaruk-configuration\/#primaryimage"},"image":{"@id":"https:\/\/kangook.com\/fr\/produit\/amaruk-configuration\/#primaryimage"},"thumbnailUrl":"https:\/\/kangook.com\/wp-content\/uploads\/2024\/02\/Amaruk01-1-scaled.jpg","datePublished":"2024-03-07T02:59:56+00:00","dateModified":"2026-01-26T20:28:39+00:00","description":"Cr\u00e9ez votre paramoteur Amaruk parfait : Choisissez les moteurs, les couleurs, et plus encore pour correspondre \u00e0 votre style de vol et \u00e0 vos besoins. Commencez \u00e0 personnaliser d\u00e8s maintenant !","breadcrumb":{"@id":"https:\/\/kangook.com\/fr\/produit\/amaruk-configuration\/#breadcrumb"},"inLanguage":"fr-FR","potentialAction":[{"@type":"ReadAction","target":["https:\/\/kangook.com\/fr\/produit\/amaruk-configuration\/"]}]},{"@type":"ImageObject","inLanguage":"fr-FR","@id":"https:\/\/kangook.com\/fr\/produit\/amaruk-configuration\/#primaryimage","url":"https:\/\/kangook.com\/wp-content\/uploads\/2024\/02\/Amaruk01-1-scaled.jpg","contentUrl":"https:\/\/kangook.com\/wp-content\/uploads\/2024\/02\/Amaruk01-1-scaled.jpg","width":2560,"height":1707,"caption":"Paramoteur Kangook Amaruk : Cage de 140 cm, ergonomique avec compensation de couple avanc\u00e9e, am\u00e9liorant le contr\u00f4le et l'efficacit\u00e9 des pilotes."},{"@type":"BreadcrumbList","@id":"https:\/\/kangook.com\/fr\/produit\/amaruk-configuration\/#breadcrumb","itemListElement":[{"@type":"ListItem","position":1,"name":"Accueil","item":"https:\/\/kangook.com\/fr\/"},{"@type":"ListItem","position":2,"name":"Store","item":"https:\/\/kangook.com\/store\/"},{"@type":"ListItem","position":3,"name":"Configuration du Amaruk"}]},{"@type":"WebSite","@id":"https:\/\/kangook.com\/fr\/#website","url":"https:\/\/kangook.com\/fr\/","name":"Kangook","description":"Kangook Paramotors","publisher":{"@id":"https:\/\/kangook.com\/fr\/#organization"},"potentialAction":[{"@type":"SearchAction","target":{"@type":"EntryPoint","urlTemplate":"https:\/\/kangook.com\/fr\/?s={search_term_string}"},"query-input":{"@type":"PropertyValueSpecification","valueRequired":true,"valueName":"search_term_string"}}],"inLanguage":"fr-FR"},{"@type":"Organization","@id":"https:\/\/kangook.com\/fr\/#organization","name":"Kangook","url":"https:\/\/kangook.com\/fr\/","logo":{"@type":"ImageObject","inLanguage":"fr-FR","@id":"https:\/\/kangook.com\/fr\/#\/schema\/logo\/image\/","url":"https:\/\/kangook.com\/wp-content\/uploads\/2022\/07\/cropped-Kangook-Paramotors-Flag.png","contentUrl":"https:\/\/kangook.com\/wp-content\/uploads\/2022\/07\/cropped-Kangook-Paramotors-Flag.png","width":500,"height":97,"caption":"Kangook"},"image":{"@id":"https:\/\/kangook.com\/fr\/#\/schema\/logo\/image\/"}}]}},"wcpa_form_fields":null,"_links":{"self":[{"href":"https:\/\/kangook.com\/fr\/wp-json\/wp\/v2\/product\/18535","targetHints":{"allow":["GET"]}}],"collection":[{"href":"https:\/\/kangook.com\/fr\/wp-json\/wp\/v2\/product"}],"about":[{"href":"https:\/\/kangook.com\/fr\/wp-json\/wp\/v2\/types\/product"}],"version-history":[{"count":2,"href":"https:\/\/kangook.com\/fr\/wp-json\/wp\/v2\/product\/18535\/revisions"}],"predecessor-version":[{"id":30026,"href":"https:\/\/kangook.com\/fr\/wp-json\/wp\/v2\/product\/18535\/revisions\/30026"}],"wp:featuredmedia":[{"embeddable":true,"href":"https:\/\/kangook.com\/fr\/wp-json\/wp\/v2\/media\/16781"}],"wp:attachment":[{"href":"https:\/\/kangook.com\/fr\/wp-json\/wp\/v2\/media?parent=18535"}],"wp:term":[{"taxonomy":"product_brand","embeddable":true,"href":"https:\/\/kangook.com\/fr\/wp-json\/wp\/v2\/product_brand?post=18535"},{"taxonomy":"product_cat","embeddable":true,"href":"https:\/\/kangook.com\/fr\/wp-json\/wp\/v2\/product_cat?post=18535"},{"taxonomy":"product_tag","embeddable":true,"href":"https:\/\/kangook.com\/fr\/wp-json\/wp\/v2\/product_tag?post=18535"}],"curies":[{"name":"wp","href":"https:\/\/api.w.org\/{rel}","templated":true}]}}