{"id":18533,"date":"2024-03-08T01:11:07","date_gmt":"2024-03-08T01:11:07","guid":{"rendered":"https:\/\/kangook.com\/product\/classic-configuration\/"},"modified":"2026-01-26T20:29:22","modified_gmt":"2026-01-26T20:29:22","slug":"classic-configuration","status":"publish","type":"product","link":"https:\/\/kangook.com\/fr\/produit\/classic-configuration\/","title":{"rendered":"Configuration du Kangook Classic"},"content":{"rendered":"<p>Ensuite, choisissez votre moteur parmi les meilleurs fabricants tels que Cors-Air, Vittorazi et Polini pour propulser vos vols. Personnalisez encore plus avec une s\u00e9lection de couleurs de cerceaux et de filets, pour que votre Kangook Classic se distingue \u00e0 la fois par ses performances et son apparence. Personnalisez votre installation avec notre vari\u00e9t\u00e9 de bras oscillants, de types de harnais et d&rsquo;options d&rsquo;acc\u00e9l\u00e9rateur pour une exp\u00e9rience de vol qui vous est propre.  <\/p>\n<p>Cette configuration est votre premier pas vers un paramoteur Kangook Classic vraiment personnalis\u00e9, combinant le style, l&rsquo;efficacit\u00e9 et la fonctionnalit\u00e9 pour r\u00e9pondre aux divers besoins des pilotes.<\/p>\n","protected":false},"excerpt":{"rendered":"<p style=\"text-align: center;\">Personnalisez votre Kangook Classic pour une performance in\u00e9gal\u00e9e<\/p>\n<p>Configurez votre paramoteur Kangook Classic \u00e0 la perfection. Commencez par choisir la taille de cadre id\u00e9ale pour vos besoins : l&rsquo;agile 132 cm, le robuste HD Classic 146 cm ou le Classic 146 cm Protect, chacun \u00e9tant con\u00e7u pour des pr\u00e9f\u00e9rences et des exigences de pilotage sp\u00e9cifiques. <\/p>\n","protected":false},"featured_media":16856,"template":"","meta":{"site-sidebar-layout":"default","site-content-layout":"","ast-site-content-layout":"default","site-content-style":"default","site-sidebar-style":"default","ast-global-header-display":"","ast-banner-title-visibility":"","ast-main-header-display":"","ast-hfb-above-header-display":"","ast-hfb-below-header-display":"","ast-hfb-mobile-header-display":"","site-post-title":"","ast-breadcrumbs-content":"","ast-featured-img":"","footer-sml-layout":"","ast-disable-related-posts":"","theme-transparent-header-meta":"default","adv-header-id-meta":"","stick-header-meta":"default","header-above-stick-meta":"","header-main-stick-meta":"","header-below-stick-meta":"","astra-migrate-meta-layouts":"default","ast-page-background-enabled":"default","ast-page-background-meta":{"desktop":{"background-color":"","background-image":"","background-repeat":"repeat","background-position":"center center","background-size":"auto","background-attachment":"scroll","background-type":"","background-media":"","overlay-type":"","overlay-color":"","overlay-opacity":"","overlay-gradient":""},"tablet":{"background-color":"","background-image":"","background-repeat":"repeat","background-position":"center center","background-size":"auto","background-attachment":"scroll","background-type":"","background-media":"","overlay-type":"","overlay-color":"","overlay-opacity":"","overlay-gradient":""},"mobile":{"background-color":"","background-image":"","background-repeat":"repeat","background-position":"center center","background-size":"auto","background-attachment":"scroll","background-type":"","background-media":"","overlay-type":"","overlay-color":"","overlay-opacity":"","overlay-gradient":""}},"ast-content-background-meta":{"desktop":{"background-color":"var(--ast-global-color-5)","background-image":"","background-repeat":"repeat","background-position":"center center","background-size":"auto","background-attachment":"scroll","background-type":"","background-media":"","overlay-type":"","overlay-color":"","overlay-opacity":"","overlay-gradient":""},"tablet":{"background-color":"var(--ast-global-color-5)","background-image":"","background-repeat":"repeat","background-position":"center center","background-size":"auto","background-attachment":"scroll","background-type":"","background-media":"","overlay-type":"","overlay-color":"","overlay-opacity":"","overlay-gradient":""},"mobile":{"background-color":"var(--ast-global-color-5)","background-image":"","background-repeat":"repeat","background-position":"center center","background-size":"auto","background-attachment":"scroll","background-type":"","background-media":"","overlay-type":"","overlay-color":"","overlay-opacity":"","overlay-gradient":""}}},"product_brand":[1401],"product_cat":[199,196],"product_tag":[],"class_list":{"0":"post-18533","1":"product","2":"type-product","3":"status-publish","4":"has-post-thumbnail","6":"product_brand-kangook","7":"product_cat-classic","8":"product_cat-paramoteurs","9":"desktop-align-left","10":"tablet-align-left","11":"mobile-align-left","12":"ast-product-gallery-layout-horizontal-slider","13":"ast-qv-on-image","14":"wcpa_has_options","16":"first","17":"instock","18":"taxable","19":"shipping-taxable","20":"purchasable","21":"product-type-simple"},"yoast_head":"<!-- This site is optimized with the Yoast SEO plugin v27.4 - https:\/\/yoast.com\/product\/yoast-seo-wordpress\/ -->\n<title>Personnaliser votre Kangook Classic : Un vol sur mesure<\/title>\n<meta name=\"description\" content=\"Construisez votre paramoteur Kangook Classic : Choisissez la taille du cadre, le moteur, les couleurs, et plus encore pour une exp\u00e9rience de vol parfaitement adapt\u00e9e.\" \/>\n<meta name=\"robots\" content=\"index, follow, max-snippet:-1, max-image-preview:large, max-video-preview:-1\" \/>\n<link rel=\"canonical\" href=\"https:\/\/kangook.com\/fr\/produit\/classic-configuration\/\" \/>\n<meta property=\"og:locale\" content=\"fr_FR\" \/>\n<meta property=\"og:type\" content=\"article\" \/>\n<meta property=\"og:title\" content=\"Personnaliser votre Kangook Classic : Un vol sur mesure\" \/>\n<meta property=\"og:description\" content=\"Construisez votre paramoteur Kangook Classic : Choisissez la taille du cadre, le moteur, les couleurs, et plus encore pour une exp\u00e9rience de vol parfaitement adapt\u00e9e.\" \/>\n<meta property=\"og:url\" content=\"https:\/\/kangook.com\/fr\/produit\/classic-configuration\/\" \/>\n<meta property=\"og:site_name\" content=\"Kangook Canada\" \/>\n<meta property=\"article:modified_time\" content=\"2026-01-26T20:29:22+00:00\" \/>\n<meta property=\"og:image\" content=\"https:\/\/kangook.com\/wp-content\/uploads\/2024\/03\/classic-146cm.jpg\" \/>\n\t<meta property=\"og:image:width\" content=\"2560\" \/>\n\t<meta property=\"og:image:height\" content=\"1707\" \/>\n\t<meta property=\"og:image:type\" content=\"image\/jpeg\" \/>\n<meta name=\"twitter:card\" content=\"summary_large_image\" \/>\n<meta name=\"twitter:label1\" content=\"Dur\u00e9e de lecture estim\u00e9e\" \/>\n\t<meta name=\"twitter:data1\" content=\"1 minute\" \/>\n<script type=\"application\/ld+json\" class=\"yoast-schema-graph\">{\"@context\":\"https:\\\/\\\/schema.org\",\"@graph\":[{\"@type\":\"WebPage\",\"@id\":\"https:\\\/\\\/kangook.com\\\/fr\\\/produit\\\/classic-configuration\\\/\",\"url\":\"https:\\\/\\\/kangook.com\\\/fr\\\/produit\\\/classic-configuration\\\/\",\"name\":\"Personnaliser votre Kangook Classic : Un vol sur mesure\",\"isPartOf\":{\"@id\":\"https:\\\/\\\/kangook.com\\\/fr\\\/#website\"},\"primaryImageOfPage\":{\"@id\":\"https:\\\/\\\/kangook.com\\\/fr\\\/produit\\\/classic-configuration\\\/#primaryimage\"},\"image\":{\"@id\":\"https:\\\/\\\/kangook.com\\\/fr\\\/produit\\\/classic-configuration\\\/#primaryimage\"},\"thumbnailUrl\":\"https:\\\/\\\/kangook.com\\\/wp-content\\\/uploads\\\/2024\\\/03\\\/classic-146cm.jpg\",\"datePublished\":\"2024-03-08T01:11:07+00:00\",\"dateModified\":\"2026-01-26T20:29:22+00:00\",\"description\":\"Construisez votre paramoteur Kangook Classic : Choisissez la taille du cadre, le moteur, les couleurs, et plus encore pour une exp\u00e9rience de vol parfaitement adapt\u00e9e.\",\"breadcrumb\":{\"@id\":\"https:\\\/\\\/kangook.com\\\/fr\\\/produit\\\/classic-configuration\\\/#breadcrumb\"},\"inLanguage\":\"fr-FR\",\"potentialAction\":[{\"@type\":\"ReadAction\",\"target\":[\"https:\\\/\\\/kangook.com\\\/fr\\\/produit\\\/classic-configuration\\\/\"]}]},{\"@type\":\"ImageObject\",\"inLanguage\":\"fr-FR\",\"@id\":\"https:\\\/\\\/kangook.com\\\/fr\\\/produit\\\/classic-configuration\\\/#primaryimage\",\"url\":\"https:\\\/\\\/kangook.com\\\/wp-content\\\/uploads\\\/2024\\\/03\\\/classic-146cm.jpg\",\"contentUrl\":\"https:\\\/\\\/kangook.com\\\/wp-content\\\/uploads\\\/2024\\\/03\\\/classic-146cm.jpg\",\"width\":2560,\"height\":1707},{\"@type\":\"BreadcrumbList\",\"@id\":\"https:\\\/\\\/kangook.com\\\/fr\\\/produit\\\/classic-configuration\\\/#breadcrumb\",\"itemListElement\":[{\"@type\":\"ListItem\",\"position\":1,\"name\":\"Accueil\",\"item\":\"https:\\\/\\\/kangook.com\\\/fr\\\/\"},{\"@type\":\"ListItem\",\"position\":2,\"name\":\"Store\",\"item\":\"https:\\\/\\\/kangook.com\\\/store\\\/\"},{\"@type\":\"ListItem\",\"position\":3,\"name\":\"Configuration du Kangook Classic\"}]},{\"@type\":\"WebSite\",\"@id\":\"https:\\\/\\\/kangook.com\\\/fr\\\/#website\",\"url\":\"https:\\\/\\\/kangook.com\\\/fr\\\/\",\"name\":\"Kangook\",\"description\":\"Kangook Paramotors\",\"publisher\":{\"@id\":\"https:\\\/\\\/kangook.com\\\/fr\\\/#organization\"},\"potentialAction\":[{\"@type\":\"SearchAction\",\"target\":{\"@type\":\"EntryPoint\",\"urlTemplate\":\"https:\\\/\\\/kangook.com\\\/fr\\\/?s={search_term_string}\"},\"query-input\":{\"@type\":\"PropertyValueSpecification\",\"valueRequired\":true,\"valueName\":\"search_term_string\"}}],\"inLanguage\":\"fr-FR\"},{\"@type\":\"Organization\",\"@id\":\"https:\\\/\\\/kangook.com\\\/fr\\\/#organization\",\"name\":\"Kangook\",\"url\":\"https:\\\/\\\/kangook.com\\\/fr\\\/\",\"logo\":{\"@type\":\"ImageObject\",\"inLanguage\":\"fr-FR\",\"@id\":\"https:\\\/\\\/kangook.com\\\/fr\\\/#\\\/schema\\\/logo\\\/image\\\/\",\"url\":\"https:\\\/\\\/kangook.com\\\/wp-content\\\/uploads\\\/2022\\\/07\\\/cropped-Kangook-Paramotors-Flag.png\",\"contentUrl\":\"https:\\\/\\\/kangook.com\\\/wp-content\\\/uploads\\\/2022\\\/07\\\/cropped-Kangook-Paramotors-Flag.png\",\"width\":500,\"height\":97,\"caption\":\"Kangook\"},\"image\":{\"@id\":\"https:\\\/\\\/kangook.com\\\/fr\\\/#\\\/schema\\\/logo\\\/image\\\/\"}}]}<\/script>\n<!-- \/ Yoast SEO plugin. -->","yoast_head_json":{"title":"Personnaliser votre Kangook Classic : Un vol sur mesure","description":"Construisez votre paramoteur Kangook Classic : Choisissez la taille du cadre, le moteur, les couleurs, et plus encore pour une exp\u00e9rience de vol parfaitement adapt\u00e9e.","robots":{"index":"index","follow":"follow","max-snippet":"max-snippet:-1","max-image-preview":"max-image-preview:large","max-video-preview":"max-video-preview:-1"},"canonical":"https:\/\/kangook.com\/fr\/produit\/classic-configuration\/","og_locale":"fr_FR","og_type":"article","og_title":"Personnaliser votre Kangook Classic : Un vol sur mesure","og_description":"Construisez votre paramoteur Kangook Classic : Choisissez la taille du cadre, le moteur, les couleurs, et plus encore pour une exp\u00e9rience de vol parfaitement adapt\u00e9e.","og_url":"https:\/\/kangook.com\/fr\/produit\/classic-configuration\/","og_site_name":"Kangook Canada","article_modified_time":"2026-01-26T20:29:22+00:00","og_image":[{"width":2560,"height":1707,"url":"https:\/\/kangook.com\/wp-content\/uploads\/2024\/03\/classic-146cm.jpg","type":"image\/jpeg"}],"twitter_card":"summary_large_image","twitter_misc":{"Dur\u00e9e de lecture estim\u00e9e":"1 minute"},"schema":{"@context":"https:\/\/schema.org","@graph":[{"@type":"WebPage","@id":"https:\/\/kangook.com\/fr\/produit\/classic-configuration\/","url":"https:\/\/kangook.com\/fr\/produit\/classic-configuration\/","name":"Personnaliser votre Kangook Classic : Un vol sur mesure","isPartOf":{"@id":"https:\/\/kangook.com\/fr\/#website"},"primaryImageOfPage":{"@id":"https:\/\/kangook.com\/fr\/produit\/classic-configuration\/#primaryimage"},"image":{"@id":"https:\/\/kangook.com\/fr\/produit\/classic-configuration\/#primaryimage"},"thumbnailUrl":"https:\/\/kangook.com\/wp-content\/uploads\/2024\/03\/classic-146cm.jpg","datePublished":"2024-03-08T01:11:07+00:00","dateModified":"2026-01-26T20:29:22+00:00","description":"Construisez votre paramoteur Kangook Classic : Choisissez la taille du cadre, le moteur, les couleurs, et plus encore pour une exp\u00e9rience de vol parfaitement adapt\u00e9e.","breadcrumb":{"@id":"https:\/\/kangook.com\/fr\/produit\/classic-configuration\/#breadcrumb"},"inLanguage":"fr-FR","potentialAction":[{"@type":"ReadAction","target":["https:\/\/kangook.com\/fr\/produit\/classic-configuration\/"]}]},{"@type":"ImageObject","inLanguage":"fr-FR","@id":"https:\/\/kangook.com\/fr\/produit\/classic-configuration\/#primaryimage","url":"https:\/\/kangook.com\/wp-content\/uploads\/2024\/03\/classic-146cm.jpg","contentUrl":"https:\/\/kangook.com\/wp-content\/uploads\/2024\/03\/classic-146cm.jpg","width":2560,"height":1707},{"@type":"BreadcrumbList","@id":"https:\/\/kangook.com\/fr\/produit\/classic-configuration\/#breadcrumb","itemListElement":[{"@type":"ListItem","position":1,"name":"Accueil","item":"https:\/\/kangook.com\/fr\/"},{"@type":"ListItem","position":2,"name":"Store","item":"https:\/\/kangook.com\/store\/"},{"@type":"ListItem","position":3,"name":"Configuration du Kangook Classic"}]},{"@type":"WebSite","@id":"https:\/\/kangook.com\/fr\/#website","url":"https:\/\/kangook.com\/fr\/","name":"Kangook","description":"Kangook Paramotors","publisher":{"@id":"https:\/\/kangook.com\/fr\/#organization"},"potentialAction":[{"@type":"SearchAction","target":{"@type":"EntryPoint","urlTemplate":"https:\/\/kangook.com\/fr\/?s={search_term_string}"},"query-input":{"@type":"PropertyValueSpecification","valueRequired":true,"valueName":"search_term_string"}}],"inLanguage":"fr-FR"},{"@type":"Organization","@id":"https:\/\/kangook.com\/fr\/#organization","name":"Kangook","url":"https:\/\/kangook.com\/fr\/","logo":{"@type":"ImageObject","inLanguage":"fr-FR","@id":"https:\/\/kangook.com\/fr\/#\/schema\/logo\/image\/","url":"https:\/\/kangook.com\/wp-content\/uploads\/2022\/07\/cropped-Kangook-Paramotors-Flag.png","contentUrl":"https:\/\/kangook.com\/wp-content\/uploads\/2022\/07\/cropped-Kangook-Paramotors-Flag.png","width":500,"height":97,"caption":"Kangook"},"image":{"@id":"https:\/\/kangook.com\/fr\/#\/schema\/logo\/image\/"}}]}},"wcpa_form_fields":null,"_links":{"self":[{"href":"https:\/\/kangook.com\/fr\/wp-json\/wp\/v2\/product\/18533","targetHints":{"allow":["GET"]}}],"collection":[{"href":"https:\/\/kangook.com\/fr\/wp-json\/wp\/v2\/product"}],"about":[{"href":"https:\/\/kangook.com\/fr\/wp-json\/wp\/v2\/types\/product"}],"version-history":[{"count":2,"href":"https:\/\/kangook.com\/fr\/wp-json\/wp\/v2\/product\/18533\/revisions"}],"predecessor-version":[{"id":30037,"href":"https:\/\/kangook.com\/fr\/wp-json\/wp\/v2\/product\/18533\/revisions\/30037"}],"wp:featuredmedia":[{"embeddable":true,"href":"https:\/\/kangook.com\/fr\/wp-json\/wp\/v2\/media\/16856"}],"wp:attachment":[{"href":"https:\/\/kangook.com\/fr\/wp-json\/wp\/v2\/media?parent=18533"}],"wp:term":[{"taxonomy":"product_brand","embeddable":true,"href":"https:\/\/kangook.com\/fr\/wp-json\/wp\/v2\/product_brand?post=18533"},{"taxonomy":"product_cat","embeddable":true,"href":"https:\/\/kangook.com\/fr\/wp-json\/wp\/v2\/product_cat?post=18533"},{"taxonomy":"product_tag","embeddable":true,"href":"https:\/\/kangook.com\/fr\/wp-json\/wp\/v2\/product_tag?post=18533"}],"curies":[{"name":"wp","href":"https:\/\/api.w.org\/{rel}","templated":true}]}}