{"id":18531,"date":"2024-03-08T20:24:52","date_gmt":"2024-03-08T20:24:52","guid":{"rendered":"https:\/\/kangook.com\/product\/vikking-configuration\/"},"modified":"2026-01-26T20:29:22","modified_gmt":"2026-01-26T20:29:22","slug":"vikking-configuration","status":"publish","type":"product","link":"https:\/\/kangook.com\/fr\/produit\/vikking-configuration\/","title":{"rendered":"Configuration du Vikking"},"content":{"rendered":"<p>Vous pouvez personnaliser votre v\u00e9hicule en choisissant votre moteur parmi des marques r\u00e9put\u00e9es telles que Cors-Air, Vittorazi et Polini, pour que votre Vikking propulse vos aventures exactement comme vous l&rsquo;avez imagin\u00e9. Personnalisez encore plus votre paramoteur en choisissant la couleur des arceaux et des filets, ce qui rendra votre Vikking visuellement unique. <\/p>\n<p>Ajustez votre exp\u00e9rience de vol gr\u00e2ce \u00e0 notre gamme de bras oscillants, de types de harnais et d&rsquo;options de manette des gaz, pour cr\u00e9er un paramoteur qui r\u00e9pond non seulement \u00e0 vos besoins de vol, mais aussi \u00e0 votre style personnel.<\/p>\n<p>Votre Kangook Vikking attend d&rsquo;\u00eatre personnalis\u00e9. Fa\u00e7onnez-la en fonction de vos aspirations de vol et d\u00e9marquez-vous dans le ciel. <\/p>\n","protected":false},"excerpt":{"rendered":"<p style=\"text-align: center;\">Personnalisez votre Kangook Vikking : Un paramoteur qui s&rsquo;adapte \u00e0 votre style<\/p>\n<p>Commencez votre voyage vers les cieux avec un Kangook Vikking taill\u00e9 sur mesure pour vous. Choisissez entre la Vikking 132cm pour l&rsquo;agilit\u00e9 ou la Vikking 146cm pour une meilleure stabilit\u00e9, et posez les bases de votre configuration de vol parfaite. <\/p>\n","protected":false},"featured_media":16862,"template":"","meta":{"site-sidebar-layout":"default","site-content-layout":"","ast-site-content-layout":"default","site-content-style":"default","site-sidebar-style":"default","ast-global-header-display":"","ast-banner-title-visibility":"","ast-main-header-display":"","ast-hfb-above-header-display":"","ast-hfb-below-header-display":"","ast-hfb-mobile-header-display":"","site-post-title":"","ast-breadcrumbs-content":"","ast-featured-img":"","footer-sml-layout":"","ast-disable-related-posts":"","theme-transparent-header-meta":"default","adv-header-id-meta":"","stick-header-meta":"default","header-above-stick-meta":"","header-main-stick-meta":"","header-below-stick-meta":"","astra-migrate-meta-layouts":"default","ast-page-background-enabled":"default","ast-page-background-meta":{"desktop":{"background-color":"","background-image":"","background-repeat":"repeat","background-position":"center center","background-size":"auto","background-attachment":"scroll","background-type":"","background-media":"","overlay-type":"","overlay-color":"","overlay-opacity":"","overlay-gradient":""},"tablet":{"background-color":"","background-image":"","background-repeat":"repeat","background-position":"center center","background-size":"auto","background-attachment":"scroll","background-type":"","background-media":"","overlay-type":"","overlay-color":"","overlay-opacity":"","overlay-gradient":""},"mobile":{"background-color":"","background-image":"","background-repeat":"repeat","background-position":"center center","background-size":"auto","background-attachment":"scroll","background-type":"","background-media":"","overlay-type":"","overlay-color":"","overlay-opacity":"","overlay-gradient":""}},"ast-content-background-meta":{"desktop":{"background-color":"var(--ast-global-color-5)","background-image":"","background-repeat":"repeat","background-position":"center center","background-size":"auto","background-attachment":"scroll","background-type":"","background-media":"","overlay-type":"","overlay-color":"","overlay-opacity":"","overlay-gradient":""},"tablet":{"background-color":"var(--ast-global-color-5)","background-image":"","background-repeat":"repeat","background-position":"center center","background-size":"auto","background-attachment":"scroll","background-type":"","background-media":"","overlay-type":"","overlay-color":"","overlay-opacity":"","overlay-gradient":""},"mobile":{"background-color":"var(--ast-global-color-5)","background-image":"","background-repeat":"repeat","background-position":"center center","background-size":"auto","background-attachment":"scroll","background-type":"","background-media":"","overlay-type":"","overlay-color":"","overlay-opacity":"","overlay-gradient":""}}},"product_brand":[1401],"product_cat":[196,200],"product_tag":[],"class_list":{"0":"post-18531","1":"product","2":"type-product","3":"status-publish","4":"has-post-thumbnail","6":"product_brand-kangook","7":"product_cat-paramoteurs","8":"product_cat-vikking-fr","9":"desktop-align-left","10":"tablet-align-left","11":"mobile-align-left","12":"ast-product-gallery-layout-horizontal-slider","13":"ast-product-gallery-with-no-image","14":"ast-qv-on-image","15":"wcpa_has_options","17":"first","18":"instock","19":"taxable","20":"shipping-taxable","21":"purchasable","22":"product-type-simple"},"yoast_head":"<!-- This site is optimized with the Yoast SEO plugin v27.4 - https:\/\/yoast.com\/product\/yoast-seo-wordpress\/ -->\n<title>Kangook Vikking sur mesure : Personnalisez votre paramoteur<\/title>\n<meta name=\"description\" content=\"Concevez votre Kangook Vikking avec des options personnalis\u00e9es : taille du cadre, moteur, couleurs, et plus encore, pour une exp\u00e9rience en paramoteur unique.\" \/>\n<meta name=\"robots\" content=\"index, follow, max-snippet:-1, max-image-preview:large, max-video-preview:-1\" \/>\n<link rel=\"canonical\" href=\"https:\/\/kangook.com\/fr\/produit\/vikking-configuration\/\" \/>\n<meta property=\"og:locale\" content=\"fr_FR\" \/>\n<meta property=\"og:type\" content=\"article\" \/>\n<meta property=\"og:title\" content=\"Kangook Vikking sur mesure : Personnalisez votre paramoteur\" \/>\n<meta property=\"og:description\" content=\"Concevez votre Kangook Vikking avec des options personnalis\u00e9es : taille du cadre, moteur, couleurs, et plus encore, pour une exp\u00e9rience en paramoteur unique.\" \/>\n<meta property=\"og:url\" content=\"https:\/\/kangook.com\/fr\/produit\/vikking-configuration\/\" \/>\n<meta property=\"og:site_name\" content=\"Kangook Canada\" \/>\n<meta property=\"article:modified_time\" content=\"2026-01-26T20:29:22+00:00\" \/>\n<meta property=\"og:image\" content=\"https:\/\/kangook.com\/wp-content\/uploads\/2024\/03\/kangook-vikking-studio.jpg\" \/>\n\t<meta property=\"og:image:width\" content=\"2048\" \/>\n\t<meta property=\"og:image:height\" content=\"1365\" \/>\n\t<meta property=\"og:image:type\" content=\"image\/jpeg\" \/>\n<meta name=\"twitter:card\" content=\"summary_large_image\" \/>\n<meta name=\"twitter:label1\" content=\"Dur\u00e9e de lecture estim\u00e9e\" \/>\n\t<meta name=\"twitter:data1\" content=\"1 minute\" \/>\n<script type=\"application\/ld+json\" class=\"yoast-schema-graph\">{\"@context\":\"https:\\\/\\\/schema.org\",\"@graph\":[{\"@type\":\"WebPage\",\"@id\":\"https:\\\/\\\/kangook.com\\\/fr\\\/produit\\\/vikking-configuration\\\/\",\"url\":\"https:\\\/\\\/kangook.com\\\/fr\\\/produit\\\/vikking-configuration\\\/\",\"name\":\"Kangook Vikking sur mesure : Personnalisez votre paramoteur\",\"isPartOf\":{\"@id\":\"https:\\\/\\\/kangook.com\\\/fr\\\/#website\"},\"primaryImageOfPage\":{\"@id\":\"https:\\\/\\\/kangook.com\\\/fr\\\/produit\\\/vikking-configuration\\\/#primaryimage\"},\"image\":{\"@id\":\"https:\\\/\\\/kangook.com\\\/fr\\\/produit\\\/vikking-configuration\\\/#primaryimage\"},\"thumbnailUrl\":\"https:\\\/\\\/kangook.com\\\/wp-content\\\/uploads\\\/2024\\\/03\\\/kangook-vikking-studio.jpg\",\"datePublished\":\"2024-03-08T20:24:52+00:00\",\"dateModified\":\"2026-01-26T20:29:22+00:00\",\"description\":\"Concevez votre Kangook Vikking avec des options personnalis\u00e9es : taille du cadre, moteur, couleurs, et plus encore, pour une exp\u00e9rience en paramoteur unique.\",\"breadcrumb\":{\"@id\":\"https:\\\/\\\/kangook.com\\\/fr\\\/produit\\\/vikking-configuration\\\/#breadcrumb\"},\"inLanguage\":\"fr-FR\",\"potentialAction\":[{\"@type\":\"ReadAction\",\"target\":[\"https:\\\/\\\/kangook.com\\\/fr\\\/produit\\\/vikking-configuration\\\/\"]}]},{\"@type\":\"ImageObject\",\"inLanguage\":\"fr-FR\",\"@id\":\"https:\\\/\\\/kangook.com\\\/fr\\\/produit\\\/vikking-configuration\\\/#primaryimage\",\"url\":\"https:\\\/\\\/kangook.com\\\/wp-content\\\/uploads\\\/2024\\\/03\\\/kangook-vikking-studio.jpg\",\"contentUrl\":\"https:\\\/\\\/kangook.com\\\/wp-content\\\/uploads\\\/2024\\\/03\\\/kangook-vikking-studio.jpg\",\"width\":2048,\"height\":1365},{\"@type\":\"BreadcrumbList\",\"@id\":\"https:\\\/\\\/kangook.com\\\/fr\\\/produit\\\/vikking-configuration\\\/#breadcrumb\",\"itemListElement\":[{\"@type\":\"ListItem\",\"position\":1,\"name\":\"Accueil\",\"item\":\"https:\\\/\\\/kangook.com\\\/fr\\\/\"},{\"@type\":\"ListItem\",\"position\":2,\"name\":\"Store\",\"item\":\"https:\\\/\\\/kangook.com\\\/store\\\/\"},{\"@type\":\"ListItem\",\"position\":3,\"name\":\"Configuration du Vikking\"}]},{\"@type\":\"WebSite\",\"@id\":\"https:\\\/\\\/kangook.com\\\/fr\\\/#website\",\"url\":\"https:\\\/\\\/kangook.com\\\/fr\\\/\",\"name\":\"Kangook\",\"description\":\"Kangook Paramotors\",\"publisher\":{\"@id\":\"https:\\\/\\\/kangook.com\\\/fr\\\/#organization\"},\"potentialAction\":[{\"@type\":\"SearchAction\",\"target\":{\"@type\":\"EntryPoint\",\"urlTemplate\":\"https:\\\/\\\/kangook.com\\\/fr\\\/?s={search_term_string}\"},\"query-input\":{\"@type\":\"PropertyValueSpecification\",\"valueRequired\":true,\"valueName\":\"search_term_string\"}}],\"inLanguage\":\"fr-FR\"},{\"@type\":\"Organization\",\"@id\":\"https:\\\/\\\/kangook.com\\\/fr\\\/#organization\",\"name\":\"Kangook\",\"url\":\"https:\\\/\\\/kangook.com\\\/fr\\\/\",\"logo\":{\"@type\":\"ImageObject\",\"inLanguage\":\"fr-FR\",\"@id\":\"https:\\\/\\\/kangook.com\\\/fr\\\/#\\\/schema\\\/logo\\\/image\\\/\",\"url\":\"https:\\\/\\\/kangook.com\\\/wp-content\\\/uploads\\\/2022\\\/07\\\/cropped-Kangook-Paramotors-Flag.png\",\"contentUrl\":\"https:\\\/\\\/kangook.com\\\/wp-content\\\/uploads\\\/2022\\\/07\\\/cropped-Kangook-Paramotors-Flag.png\",\"width\":500,\"height\":97,\"caption\":\"Kangook\"},\"image\":{\"@id\":\"https:\\\/\\\/kangook.com\\\/fr\\\/#\\\/schema\\\/logo\\\/image\\\/\"}}]}<\/script>\n<!-- \/ Yoast SEO plugin. -->","yoast_head_json":{"title":"Kangook Vikking sur mesure : Personnalisez votre paramoteur","description":"Concevez votre Kangook Vikking avec des options personnalis\u00e9es : taille du cadre, moteur, couleurs, et plus encore, pour une exp\u00e9rience en paramoteur unique.","robots":{"index":"index","follow":"follow","max-snippet":"max-snippet:-1","max-image-preview":"max-image-preview:large","max-video-preview":"max-video-preview:-1"},"canonical":"https:\/\/kangook.com\/fr\/produit\/vikking-configuration\/","og_locale":"fr_FR","og_type":"article","og_title":"Kangook Vikking sur mesure : Personnalisez votre paramoteur","og_description":"Concevez votre Kangook Vikking avec des options personnalis\u00e9es : taille du cadre, moteur, couleurs, et plus encore, pour une exp\u00e9rience en paramoteur unique.","og_url":"https:\/\/kangook.com\/fr\/produit\/vikking-configuration\/","og_site_name":"Kangook Canada","article_modified_time":"2026-01-26T20:29:22+00:00","og_image":[{"width":2048,"height":1365,"url":"https:\/\/kangook.com\/wp-content\/uploads\/2024\/03\/kangook-vikking-studio.jpg","type":"image\/jpeg"}],"twitter_card":"summary_large_image","twitter_misc":{"Dur\u00e9e de lecture estim\u00e9e":"1 minute"},"schema":{"@context":"https:\/\/schema.org","@graph":[{"@type":"WebPage","@id":"https:\/\/kangook.com\/fr\/produit\/vikking-configuration\/","url":"https:\/\/kangook.com\/fr\/produit\/vikking-configuration\/","name":"Kangook Vikking sur mesure : Personnalisez votre paramoteur","isPartOf":{"@id":"https:\/\/kangook.com\/fr\/#website"},"primaryImageOfPage":{"@id":"https:\/\/kangook.com\/fr\/produit\/vikking-configuration\/#primaryimage"},"image":{"@id":"https:\/\/kangook.com\/fr\/produit\/vikking-configuration\/#primaryimage"},"thumbnailUrl":"https:\/\/kangook.com\/wp-content\/uploads\/2024\/03\/kangook-vikking-studio.jpg","datePublished":"2024-03-08T20:24:52+00:00","dateModified":"2026-01-26T20:29:22+00:00","description":"Concevez votre Kangook Vikking avec des options personnalis\u00e9es : taille du cadre, moteur, couleurs, et plus encore, pour une exp\u00e9rience en paramoteur unique.","breadcrumb":{"@id":"https:\/\/kangook.com\/fr\/produit\/vikking-configuration\/#breadcrumb"},"inLanguage":"fr-FR","potentialAction":[{"@type":"ReadAction","target":["https:\/\/kangook.com\/fr\/produit\/vikking-configuration\/"]}]},{"@type":"ImageObject","inLanguage":"fr-FR","@id":"https:\/\/kangook.com\/fr\/produit\/vikking-configuration\/#primaryimage","url":"https:\/\/kangook.com\/wp-content\/uploads\/2024\/03\/kangook-vikking-studio.jpg","contentUrl":"https:\/\/kangook.com\/wp-content\/uploads\/2024\/03\/kangook-vikking-studio.jpg","width":2048,"height":1365},{"@type":"BreadcrumbList","@id":"https:\/\/kangook.com\/fr\/produit\/vikking-configuration\/#breadcrumb","itemListElement":[{"@type":"ListItem","position":1,"name":"Accueil","item":"https:\/\/kangook.com\/fr\/"},{"@type":"ListItem","position":2,"name":"Store","item":"https:\/\/kangook.com\/store\/"},{"@type":"ListItem","position":3,"name":"Configuration du Vikking"}]},{"@type":"WebSite","@id":"https:\/\/kangook.com\/fr\/#website","url":"https:\/\/kangook.com\/fr\/","name":"Kangook","description":"Kangook Paramotors","publisher":{"@id":"https:\/\/kangook.com\/fr\/#organization"},"potentialAction":[{"@type":"SearchAction","target":{"@type":"EntryPoint","urlTemplate":"https:\/\/kangook.com\/fr\/?s={search_term_string}"},"query-input":{"@type":"PropertyValueSpecification","valueRequired":true,"valueName":"search_term_string"}}],"inLanguage":"fr-FR"},{"@type":"Organization","@id":"https:\/\/kangook.com\/fr\/#organization","name":"Kangook","url":"https:\/\/kangook.com\/fr\/","logo":{"@type":"ImageObject","inLanguage":"fr-FR","@id":"https:\/\/kangook.com\/fr\/#\/schema\/logo\/image\/","url":"https:\/\/kangook.com\/wp-content\/uploads\/2022\/07\/cropped-Kangook-Paramotors-Flag.png","contentUrl":"https:\/\/kangook.com\/wp-content\/uploads\/2022\/07\/cropped-Kangook-Paramotors-Flag.png","width":500,"height":97,"caption":"Kangook"},"image":{"@id":"https:\/\/kangook.com\/fr\/#\/schema\/logo\/image\/"}}]}},"wcpa_form_fields":null,"_links":{"self":[{"href":"https:\/\/kangook.com\/fr\/wp-json\/wp\/v2\/product\/18531","targetHints":{"allow":["GET"]}}],"collection":[{"href":"https:\/\/kangook.com\/fr\/wp-json\/wp\/v2\/product"}],"about":[{"href":"https:\/\/kangook.com\/fr\/wp-json\/wp\/v2\/types\/product"}],"version-history":[{"count":2,"href":"https:\/\/kangook.com\/fr\/wp-json\/wp\/v2\/product\/18531\/revisions"}],"predecessor-version":[{"id":30035,"href":"https:\/\/kangook.com\/fr\/wp-json\/wp\/v2\/product\/18531\/revisions\/30035"}],"wp:featuredmedia":[{"embeddable":true,"href":"https:\/\/kangook.com\/fr\/wp-json\/wp\/v2\/media\/16862"}],"wp:attachment":[{"href":"https:\/\/kangook.com\/fr\/wp-json\/wp\/v2\/media?parent=18531"}],"wp:term":[{"taxonomy":"product_brand","embeddable":true,"href":"https:\/\/kangook.com\/fr\/wp-json\/wp\/v2\/product_brand?post=18531"},{"taxonomy":"product_cat","embeddable":true,"href":"https:\/\/kangook.com\/fr\/wp-json\/wp\/v2\/product_cat?post=18531"},{"taxonomy":"product_tag","embeddable":true,"href":"https:\/\/kangook.com\/fr\/wp-json\/wp\/v2\/product_tag?post=18531"}],"curies":[{"name":"wp","href":"https:\/\/api.w.org\/{rel}","templated":true}]}}