{"id":18530,"date":"2024-03-08T20:33:40","date_gmt":"2024-03-08T20:33:40","guid":{"rendered":"https:\/\/kangook.com\/product\/vikking-cadre\/"},"modified":"2026-01-26T20:29:17","modified_gmt":"2026-01-26T20:29:17","slug":"vikking-cadre","status":"publish","type":"product","link":"https:\/\/kangook.com\/fr\/produit\/vikking-cadre\/","title":{"rendered":"Cadre Vikking"},"content":{"rendered":"<p>Inclus dans l&rsquo;ensemble de cadre Vikking 132 cm :<\/p>\n<ul>\n<li>Le cadre central, qui constitue le c\u0153ur de votre paramoteur.<\/li>\n<li>Tous les composants n\u00e9cessaires au cerceau, con\u00e7us pour la s\u00e9curit\u00e9 et la durabilit\u00e9.<\/li>\n<li>Une s\u00e9lection de supports moteur, offrant la flexibilit\u00e9 n\u00e9cessaire pour s&rsquo;adapter au moteur de votre choix.<\/li>\n<li>Un r\u00e9servoir de carburant de 10 ou 16 litres, pour les vols courts ou longs.<\/li>\n<\/ul>\n<p><strong>Les composants non inclus :<\/strong><\/p>\n<ul>\n<li>Moteur<\/li>\n<li>Syst\u00e8me de fixation<\/li>\n<li>Harnais<\/li>\n<li>H\u00e9lice<\/li>\n<li>Commande de gaz<\/li>\n<\/ul>\n<p>Cette configuration vous offre la libert\u00e9 de construire votre paramoteur avec les composants de votre choix, en adaptant votre \u00e9quipement \u00e0 votre parcours de vol unique.<\/p>\n<p>Compatibilit\u00e9 des moteurs :<\/p>\n<ul>\n<li>Vittorazi Atom 80 et Moster 185 (Plus, Dual Start et Factory R)<\/li>\n<li>Polini Thor (80, 130, 190, 200, 202)<\/li>\n<li>Minari F1<\/li>\n<li>Corsair Black Devil et Black Bee<\/li>\n<li>Air Conception Nitro 200 et Tornado 280<\/li>\n<\/ul>\n<p>Compatibilit\u00e9 avec les bras pivotant :<\/p>\n<ul>\n<li>Compatible avec toutes les options de bras oscillants Kangook, offrant une personnalisation in\u00e9gal\u00e9e pour s&rsquo;adapter \u00e0 votre style de vol.<\/li>\n<\/ul>\n<p>Compatibilit\u00e9 des harnais :<\/p>\n<ul>\n<li>Apco SLT<\/li>\n<li>Apco jambes s\u00e9par\u00e9es<\/li>\n<li>Si\u00e8ge \u00e9lectrique Dudek<\/li>\n<\/ul>\n<p>Les cadres Vikking 132cm et 146cm sont con\u00e7us pour les pilotes qui appr\u00e9cient la libert\u00e9 d&rsquo;adapter leur \u00e9quipement en fonction de l&rsquo;\u00e9volution de leurs comp\u00e9tences et de leurs pr\u00e9f\u00e9rences. Commencez d\u00e8s aujourd&rsquo;hui \u00e0 construire votre exp\u00e9rience de vol sur mesure. <\/p>\n","protected":false},"excerpt":{"rendered":"<p>Choisissez la base de votre exp\u00e9rience de vol avec nos options de cadre Vikking, disponibles en 132 cm et 146 cm. Chaque ensemble de cadre est m\u00e9ticuleusement con\u00e7u pour les pilotes cherchant \u00e0 personnaliser leur paramoteur en fonction de leurs pr\u00e9f\u00e9rences et exigences de vol sp\u00e9cifiques. <\/p>\n","protected":false},"featured_media":16872,"template":"","meta":{"site-sidebar-layout":"default","site-content-layout":"","ast-site-content-layout":"default","site-content-style":"default","site-sidebar-style":"default","ast-global-header-display":"","ast-banner-title-visibility":"","ast-main-header-display":"","ast-hfb-above-header-display":"","ast-hfb-below-header-display":"","ast-hfb-mobile-header-display":"","site-post-title":"","ast-breadcrumbs-content":"","ast-featured-img":"","footer-sml-layout":"","ast-disable-related-posts":"","theme-transparent-header-meta":"default","adv-header-id-meta":"","stick-header-meta":"default","header-above-stick-meta":"","header-main-stick-meta":"","header-below-stick-meta":"","astra-migrate-meta-layouts":"default","ast-page-background-enabled":"default","ast-page-background-meta":{"desktop":{"background-color":"","background-image":"","background-repeat":"repeat","background-position":"center center","background-size":"auto","background-attachment":"scroll","background-type":"","background-media":"","overlay-type":"","overlay-color":"","overlay-opacity":"","overlay-gradient":""},"tablet":{"background-color":"","background-image":"","background-repeat":"repeat","background-position":"center center","background-size":"auto","background-attachment":"scroll","background-type":"","background-media":"","overlay-type":"","overlay-color":"","overlay-opacity":"","overlay-gradient":""},"mobile":{"background-color":"","background-image":"","background-repeat":"repeat","background-position":"center center","background-size":"auto","background-attachment":"scroll","background-type":"","background-media":"","overlay-type":"","overlay-color":"","overlay-opacity":"","overlay-gradient":""}},"ast-content-background-meta":{"desktop":{"background-color":"var(--ast-global-color-5)","background-image":"","background-repeat":"repeat","background-position":"center center","background-size":"auto","background-attachment":"scroll","background-type":"","background-media":"","overlay-type":"","overlay-color":"","overlay-opacity":"","overlay-gradient":""},"tablet":{"background-color":"var(--ast-global-color-5)","background-image":"","background-repeat":"repeat","background-position":"center center","background-size":"auto","background-attachment":"scroll","background-type":"","background-media":"","overlay-type":"","overlay-color":"","overlay-opacity":"","overlay-gradient":""},"mobile":{"background-color":"var(--ast-global-color-5)","background-image":"","background-repeat":"repeat","background-position":"center center","background-size":"auto","background-attachment":"scroll","background-type":"","background-media":"","overlay-type":"","overlay-color":"","overlay-opacity":"","overlay-gradient":""}}},"product_brand":[1401],"product_cat":[196,200],"product_tag":[],"class_list":{"0":"post-18530","1":"product","2":"type-product","3":"status-publish","4":"has-post-thumbnail","6":"product_brand-kangook","7":"product_cat-paramoteurs","8":"product_cat-vikking-fr","9":"desktop-align-left","10":"tablet-align-left","11":"mobile-align-left","12":"ast-product-gallery-layout-horizontal-slider","13":"ast-product-gallery-with-no-image","14":"ast-qv-on-image","15":"wcpa_has_options","17":"first","18":"instock","19":"taxable","20":"shipping-taxable","21":"purchasable","22":"product-type-simple"},"yoast_head":"<!-- This site is optimized with the Yoast SEO plugin v27.4 - https:\/\/yoast.com\/product\/yoast-seo-wordpress\/ -->\n<title>Choisissez votre cadre Vikking : Personnalisez votre paramoteur<\/title>\n<meta name=\"description\" content=\"S\u00e9lectionnez la taille de votre cadre Vikking (132 cm ou 146 cm) et personnalisez-le avec des supports moteur, des options de r\u00e9servoir de carburant, et bien plus encore pour obtenir votre configuration id\u00e9ale.\" \/>\n<meta name=\"robots\" content=\"index, follow, max-snippet:-1, max-image-preview:large, max-video-preview:-1\" \/>\n<link rel=\"canonical\" href=\"https:\/\/kangook.com\/fr\/produit\/vikking-cadre\/\" \/>\n<meta property=\"og:locale\" content=\"fr_FR\" \/>\n<meta property=\"og:type\" content=\"article\" \/>\n<meta property=\"og:title\" content=\"Choisissez votre cadre Vikking : Personnalisez votre paramoteur\" \/>\n<meta property=\"og:description\" content=\"S\u00e9lectionnez la taille de votre cadre Vikking (132 cm ou 146 cm) et personnalisez-le avec des supports moteur, des options de r\u00e9servoir de carburant, et bien plus encore pour obtenir votre configuration id\u00e9ale.\" \/>\n<meta property=\"og:url\" content=\"https:\/\/kangook.com\/fr\/produit\/vikking-cadre\/\" \/>\n<meta property=\"og:site_name\" content=\"Kangook Canada\" \/>\n<meta property=\"article:modified_time\" content=\"2026-01-26T20:29:17+00:00\" \/>\n<meta property=\"og:image\" content=\"https:\/\/kangook.com\/wp-content\/uploads\/2024\/03\/vikking-hoop.jpg\" \/>\n\t<meta property=\"og:image:width\" content=\"2560\" \/>\n\t<meta property=\"og:image:height\" content=\"1707\" \/>\n\t<meta property=\"og:image:type\" content=\"image\/jpeg\" \/>\n<meta name=\"twitter:card\" content=\"summary_large_image\" \/>\n<meta name=\"twitter:label1\" content=\"Dur\u00e9e de lecture estim\u00e9e\" \/>\n\t<meta name=\"twitter:data1\" content=\"1 minute\" \/>\n<script type=\"application\/ld+json\" class=\"yoast-schema-graph\">{\"@context\":\"https:\\\/\\\/schema.org\",\"@graph\":[{\"@type\":\"WebPage\",\"@id\":\"https:\\\/\\\/kangook.com\\\/fr\\\/produit\\\/vikking-cadre\\\/\",\"url\":\"https:\\\/\\\/kangook.com\\\/fr\\\/produit\\\/vikking-cadre\\\/\",\"name\":\"Choisissez votre cadre Vikking : Personnalisez votre paramoteur\",\"isPartOf\":{\"@id\":\"https:\\\/\\\/kangook.com\\\/fr\\\/#website\"},\"primaryImageOfPage\":{\"@id\":\"https:\\\/\\\/kangook.com\\\/fr\\\/produit\\\/vikking-cadre\\\/#primaryimage\"},\"image\":{\"@id\":\"https:\\\/\\\/kangook.com\\\/fr\\\/produit\\\/vikking-cadre\\\/#primaryimage\"},\"thumbnailUrl\":\"https:\\\/\\\/kangook.com\\\/wp-content\\\/uploads\\\/2024\\\/03\\\/vikking-hoop.jpg\",\"datePublished\":\"2024-03-08T20:33:40+00:00\",\"dateModified\":\"2026-01-26T20:29:17+00:00\",\"description\":\"S\u00e9lectionnez la taille de votre cadre Vikking (132 cm ou 146 cm) et personnalisez-le avec des supports moteur, des options de r\u00e9servoir de carburant, et bien plus encore pour obtenir votre configuration id\u00e9ale.\",\"breadcrumb\":{\"@id\":\"https:\\\/\\\/kangook.com\\\/fr\\\/produit\\\/vikking-cadre\\\/#breadcrumb\"},\"inLanguage\":\"fr-FR\",\"potentialAction\":[{\"@type\":\"ReadAction\",\"target\":[\"https:\\\/\\\/kangook.com\\\/fr\\\/produit\\\/vikking-cadre\\\/\"]}]},{\"@type\":\"ImageObject\",\"inLanguage\":\"fr-FR\",\"@id\":\"https:\\\/\\\/kangook.com\\\/fr\\\/produit\\\/vikking-cadre\\\/#primaryimage\",\"url\":\"https:\\\/\\\/kangook.com\\\/wp-content\\\/uploads\\\/2024\\\/03\\\/vikking-hoop.jpg\",\"contentUrl\":\"https:\\\/\\\/kangook.com\\\/wp-content\\\/uploads\\\/2024\\\/03\\\/vikking-hoop.jpg\",\"width\":2560,\"height\":1707},{\"@type\":\"BreadcrumbList\",\"@id\":\"https:\\\/\\\/kangook.com\\\/fr\\\/produit\\\/vikking-cadre\\\/#breadcrumb\",\"itemListElement\":[{\"@type\":\"ListItem\",\"position\":1,\"name\":\"Accueil\",\"item\":\"https:\\\/\\\/kangook.com\\\/fr\\\/\"},{\"@type\":\"ListItem\",\"position\":2,\"name\":\"Store\",\"item\":\"https:\\\/\\\/kangook.com\\\/store\\\/\"},{\"@type\":\"ListItem\",\"position\":3,\"name\":\"Cadre Vikking\"}]},{\"@type\":\"WebSite\",\"@id\":\"https:\\\/\\\/kangook.com\\\/fr\\\/#website\",\"url\":\"https:\\\/\\\/kangook.com\\\/fr\\\/\",\"name\":\"Kangook\",\"description\":\"Kangook Paramotors\",\"publisher\":{\"@id\":\"https:\\\/\\\/kangook.com\\\/fr\\\/#organization\"},\"potentialAction\":[{\"@type\":\"SearchAction\",\"target\":{\"@type\":\"EntryPoint\",\"urlTemplate\":\"https:\\\/\\\/kangook.com\\\/fr\\\/?s={search_term_string}\"},\"query-input\":{\"@type\":\"PropertyValueSpecification\",\"valueRequired\":true,\"valueName\":\"search_term_string\"}}],\"inLanguage\":\"fr-FR\"},{\"@type\":\"Organization\",\"@id\":\"https:\\\/\\\/kangook.com\\\/fr\\\/#organization\",\"name\":\"Kangook\",\"url\":\"https:\\\/\\\/kangook.com\\\/fr\\\/\",\"logo\":{\"@type\":\"ImageObject\",\"inLanguage\":\"fr-FR\",\"@id\":\"https:\\\/\\\/kangook.com\\\/fr\\\/#\\\/schema\\\/logo\\\/image\\\/\",\"url\":\"https:\\\/\\\/kangook.com\\\/wp-content\\\/uploads\\\/2022\\\/07\\\/cropped-Kangook-Paramotors-Flag.png\",\"contentUrl\":\"https:\\\/\\\/kangook.com\\\/wp-content\\\/uploads\\\/2022\\\/07\\\/cropped-Kangook-Paramotors-Flag.png\",\"width\":500,\"height\":97,\"caption\":\"Kangook\"},\"image\":{\"@id\":\"https:\\\/\\\/kangook.com\\\/fr\\\/#\\\/schema\\\/logo\\\/image\\\/\"}}]}<\/script>\n<!-- \/ Yoast SEO plugin. -->","yoast_head_json":{"title":"Choisissez votre cadre Vikking : Personnalisez votre paramoteur","description":"S\u00e9lectionnez la taille de votre cadre Vikking (132 cm ou 146 cm) et personnalisez-le avec des supports moteur, des options de r\u00e9servoir de carburant, et bien plus encore pour obtenir votre configuration id\u00e9ale.","robots":{"index":"index","follow":"follow","max-snippet":"max-snippet:-1","max-image-preview":"max-image-preview:large","max-video-preview":"max-video-preview:-1"},"canonical":"https:\/\/kangook.com\/fr\/produit\/vikking-cadre\/","og_locale":"fr_FR","og_type":"article","og_title":"Choisissez votre cadre Vikking : Personnalisez votre paramoteur","og_description":"S\u00e9lectionnez la taille de votre cadre Vikking (132 cm ou 146 cm) et personnalisez-le avec des supports moteur, des options de r\u00e9servoir de carburant, et bien plus encore pour obtenir votre configuration id\u00e9ale.","og_url":"https:\/\/kangook.com\/fr\/produit\/vikking-cadre\/","og_site_name":"Kangook Canada","article_modified_time":"2026-01-26T20:29:17+00:00","og_image":[{"width":2560,"height":1707,"url":"https:\/\/kangook.com\/wp-content\/uploads\/2024\/03\/vikking-hoop.jpg","type":"image\/jpeg"}],"twitter_card":"summary_large_image","twitter_misc":{"Dur\u00e9e de lecture estim\u00e9e":"1 minute"},"schema":{"@context":"https:\/\/schema.org","@graph":[{"@type":"WebPage","@id":"https:\/\/kangook.com\/fr\/produit\/vikking-cadre\/","url":"https:\/\/kangook.com\/fr\/produit\/vikking-cadre\/","name":"Choisissez votre cadre Vikking : Personnalisez votre paramoteur","isPartOf":{"@id":"https:\/\/kangook.com\/fr\/#website"},"primaryImageOfPage":{"@id":"https:\/\/kangook.com\/fr\/produit\/vikking-cadre\/#primaryimage"},"image":{"@id":"https:\/\/kangook.com\/fr\/produit\/vikking-cadre\/#primaryimage"},"thumbnailUrl":"https:\/\/kangook.com\/wp-content\/uploads\/2024\/03\/vikking-hoop.jpg","datePublished":"2024-03-08T20:33:40+00:00","dateModified":"2026-01-26T20:29:17+00:00","description":"S\u00e9lectionnez la taille de votre cadre Vikking (132 cm ou 146 cm) et personnalisez-le avec des supports moteur, des options de r\u00e9servoir de carburant, et bien plus encore pour obtenir votre configuration id\u00e9ale.","breadcrumb":{"@id":"https:\/\/kangook.com\/fr\/produit\/vikking-cadre\/#breadcrumb"},"inLanguage":"fr-FR","potentialAction":[{"@type":"ReadAction","target":["https:\/\/kangook.com\/fr\/produit\/vikking-cadre\/"]}]},{"@type":"ImageObject","inLanguage":"fr-FR","@id":"https:\/\/kangook.com\/fr\/produit\/vikking-cadre\/#primaryimage","url":"https:\/\/kangook.com\/wp-content\/uploads\/2024\/03\/vikking-hoop.jpg","contentUrl":"https:\/\/kangook.com\/wp-content\/uploads\/2024\/03\/vikking-hoop.jpg","width":2560,"height":1707},{"@type":"BreadcrumbList","@id":"https:\/\/kangook.com\/fr\/produit\/vikking-cadre\/#breadcrumb","itemListElement":[{"@type":"ListItem","position":1,"name":"Accueil","item":"https:\/\/kangook.com\/fr\/"},{"@type":"ListItem","position":2,"name":"Store","item":"https:\/\/kangook.com\/store\/"},{"@type":"ListItem","position":3,"name":"Cadre Vikking"}]},{"@type":"WebSite","@id":"https:\/\/kangook.com\/fr\/#website","url":"https:\/\/kangook.com\/fr\/","name":"Kangook","description":"Kangook Paramotors","publisher":{"@id":"https:\/\/kangook.com\/fr\/#organization"},"potentialAction":[{"@type":"SearchAction","target":{"@type":"EntryPoint","urlTemplate":"https:\/\/kangook.com\/fr\/?s={search_term_string}"},"query-input":{"@type":"PropertyValueSpecification","valueRequired":true,"valueName":"search_term_string"}}],"inLanguage":"fr-FR"},{"@type":"Organization","@id":"https:\/\/kangook.com\/fr\/#organization","name":"Kangook","url":"https:\/\/kangook.com\/fr\/","logo":{"@type":"ImageObject","inLanguage":"fr-FR","@id":"https:\/\/kangook.com\/fr\/#\/schema\/logo\/image\/","url":"https:\/\/kangook.com\/wp-content\/uploads\/2022\/07\/cropped-Kangook-Paramotors-Flag.png","contentUrl":"https:\/\/kangook.com\/wp-content\/uploads\/2022\/07\/cropped-Kangook-Paramotors-Flag.png","width":500,"height":97,"caption":"Kangook"},"image":{"@id":"https:\/\/kangook.com\/fr\/#\/schema\/logo\/image\/"}}]}},"wcpa_form_fields":null,"_links":{"self":[{"href":"https:\/\/kangook.com\/fr\/wp-json\/wp\/v2\/product\/18530","targetHints":{"allow":["GET"]}}],"collection":[{"href":"https:\/\/kangook.com\/fr\/wp-json\/wp\/v2\/product"}],"about":[{"href":"https:\/\/kangook.com\/fr\/wp-json\/wp\/v2\/types\/product"}],"version-history":[{"count":2,"href":"https:\/\/kangook.com\/fr\/wp-json\/wp\/v2\/product\/18530\/revisions"}],"predecessor-version":[{"id":30033,"href":"https:\/\/kangook.com\/fr\/wp-json\/wp\/v2\/product\/18530\/revisions\/30033"}],"wp:featuredmedia":[{"embeddable":true,"href":"https:\/\/kangook.com\/fr\/wp-json\/wp\/v2\/media\/16872"}],"wp:attachment":[{"href":"https:\/\/kangook.com\/fr\/wp-json\/wp\/v2\/media?parent=18530"}],"wp:term":[{"taxonomy":"product_brand","embeddable":true,"href":"https:\/\/kangook.com\/fr\/wp-json\/wp\/v2\/product_brand?post=18530"},{"taxonomy":"product_cat","embeddable":true,"href":"https:\/\/kangook.com\/fr\/wp-json\/wp\/v2\/product_cat?post=18530"},{"taxonomy":"product_tag","embeddable":true,"href":"https:\/\/kangook.com\/fr\/wp-json\/wp\/v2\/product_tag?post=18530"}],"curies":[{"name":"wp","href":"https:\/\/api.w.org\/{rel}","templated":true}]}}