{"id":18523,"date":"2024-03-24T19:20:54","date_gmt":"2024-03-24T19:20:54","guid":{"rendered":"https:\/\/kangook.com\/product\/vista-v-pm\/"},"modified":"2026-01-26T21:10:41","modified_gmt":"2026-01-26T21:10:41","slug":"apco-vista-v-pm","status":"publish","type":"product","link":"https:\/\/kangook.com\/fr\/produit\/apco-vista-v-pm\/","title":{"rendered":"APCO | Vista V PM"},"content":{"rendered":"<p>Informations<\/p>\n<p><img fetchpriority=\"high\" decoding=\"async\" class=\"size-medium wp-image-16423 alignleft\" src=\"https:\/\/www.apcoaviation.com\/wp-content\/uploads\/2023\/08\/Azure-3D-e1691098016938-300x255.png\" sizes=\"(max-width: 300px) 100vw, 300px\" srcset=\"https:\/\/www.apcoaviation.com\/wp-content\/uploads\/2023\/08\/Azure-3D-e1691098016938-300x255.png 300w, https:\/\/www.apcoaviation.com\/wp-content\/uploads\/2023\/08\/Azure-3D-e1691098016938-1024x870.png 1024w, https:\/\/www.apcoaviation.com\/wp-content\/uploads\/2023\/08\/Azure-3D-e1691098016938-768x653.png 768w, https:\/\/www.apcoaviation.com\/wp-content\/uploads\/2023\/08\/Azure-3D-e1691098016938-1536x1305.png 1536w, https:\/\/www.apcoaviation.com\/wp-content\/uploads\/2023\/08\/Azure-3D-e1691098016938-100x85.png 100w, https:\/\/www.apcoaviation.com\/wp-content\/uploads\/2023\/08\/Azure-3D-e1691098016938-600x510.png 600w, https:\/\/www.apcoaviation.com\/wp-content\/uploads\/2023\/08\/Azure-3D-e1691098016938.png 1812w\" alt=\"\" width=\"300\" height=\"255\">Le Vista est devenu une l\u00e9gende en son temps&#8230; Maintenant dans sa 6\u00e8me g\u00e9n\u00e9ration, il est plus l\u00e9ger, plus propre et int\u00e8gre tous les derniers mat\u00e9riaux et technologies de construction.<\/p>\n<p>La Vista VI est la B interm\u00e9diaire d&rsquo;APCO, con\u00e7ue pour les d\u00e9butants talentueux ou les pilotes qui souhaitent passer \u00e0 la cat\u00e9gorie B avec une aile tr\u00e8s calme, s\u00fbre et facile \u00e0 piloter.<\/p>\n<p>La Vista VI est une voile tr\u00e8s solide qui rassure le pilote par sa consistance et ses caract\u00e9ristiques d&rsquo;amortissement en tangage.<br \/>\nL&rsquo;aile excelle particuli\u00e8rement en conditions fortes par sa solidit\u00e9 et sa sensation d&rsquo;homog\u00e9n\u00e9it\u00e9. Elle rassurera le pilote par sa s\u00e9curit\u00e9 et sa confiance, ce qui lui permettra d&rsquo;am\u00e9liorer continuellement ses comp\u00e9tences en cross-country. <\/p>\n<p><a href=\"https:\/\/www.apcoaviation.com\/vista_6\/\">https:\/\/www.apcoaviation.com\/vista_6\/<\/a><\/p>\n","protected":false},"excerpt":{"rendered":"<p>Le Vista s&rsquo;est impos\u00e9 comme un parapente l\u00e9gendaire, \u00e9voluant dans sa 5\u00e8me g\u00e9n\u00e9ration avec des am\u00e9liorations qui le rendent plus l\u00e9ger, plus efficace, et int\u00e9grant les derniers mat\u00e9riaux et technologies de construction.<\/p>\n<p>L&rsquo;introduction de la Vista III en 2014 a marqu\u00e9 une r\u00e9volution dans le monde du parapente. Il s&rsquo;agissait non seulement d&rsquo;un v\u00e9ritable 3-liner certifi\u00e9 EN B de haut en bas, mais aussi d&rsquo;un design en forme de nez de requin. Cette innovation conceptuelle a permis d&rsquo;obtenir des performances et une maniabilit\u00e9 comparables \u00e0 celles d&rsquo;une voiture de course bien r\u00e9gl\u00e9e, excellant notamment dans des conditions de vol difficiles. Il a plac\u00e9 la barre tr\u00e8s haut, devenant une r\u00e9f\u00e9rence pour les mod\u00e8les ult\u00e9rieurs des concurrents.   <\/p>\n","protected":false},"featured_media":16943,"template":"","meta":{"site-sidebar-layout":"default","site-content-layout":"","ast-site-content-layout":"default","site-content-style":"default","site-sidebar-style":"default","ast-global-header-display":"","ast-banner-title-visibility":"","ast-main-header-display":"","ast-hfb-above-header-display":"","ast-hfb-below-header-display":"","ast-hfb-mobile-header-display":"","site-post-title":"","ast-breadcrumbs-content":"","ast-featured-img":"","footer-sml-layout":"","ast-disable-related-posts":"","theme-transparent-header-meta":"default","adv-header-id-meta":"","stick-header-meta":"default","header-above-stick-meta":"","header-main-stick-meta":"","header-below-stick-meta":"","astra-migrate-meta-layouts":"default","ast-page-background-enabled":"default","ast-page-background-meta":{"desktop":{"background-color":"","background-image":"","background-repeat":"repeat","background-position":"center center","background-size":"auto","background-attachment":"scroll","background-type":"","background-media":"","overlay-type":"","overlay-color":"","overlay-opacity":"","overlay-gradient":""},"tablet":{"background-color":"","background-image":"","background-repeat":"repeat","background-position":"center center","background-size":"auto","background-attachment":"scroll","background-type":"","background-media":"","overlay-type":"","overlay-color":"","overlay-opacity":"","overlay-gradient":""},"mobile":{"background-color":"","background-image":"","background-repeat":"repeat","background-position":"center center","background-size":"auto","background-attachment":"scroll","background-type":"","background-media":"","overlay-type":"","overlay-color":"","overlay-opacity":"","overlay-gradient":""}},"ast-content-background-meta":{"desktop":{"background-color":"var(--ast-global-color-5)","background-image":"","background-repeat":"repeat","background-position":"center center","background-size":"auto","background-attachment":"scroll","background-type":"","background-media":"","overlay-type":"","overlay-color":"","overlay-opacity":"","overlay-gradient":""},"tablet":{"background-color":"var(--ast-global-color-5)","background-image":"","background-repeat":"repeat","background-position":"center center","background-size":"auto","background-attachment":"scroll","background-type":"","background-media":"","overlay-type":"","overlay-color":"","overlay-opacity":"","overlay-gradient":""},"mobile":{"background-color":"var(--ast-global-color-5)","background-image":"","background-repeat":"repeat","background-position":"center center","background-size":"auto","background-attachment":"scroll","background-type":"","background-media":"","overlay-type":"","overlay-color":"","overlay-opacity":"","overlay-gradient":""}}},"product_brand":[1373],"product_cat":[206,742,807,194],"product_tag":[],"class_list":{"0":"post-18523","1":"product","2":"type-product","3":"status-publish","4":"has-post-thumbnail","6":"product_brand-apco-aviation","7":"product_cat-accessoires-vittorazi","8":"product_cat-marque-apco","9":"product_cat-voiles","10":"product_cat-voiles-apco-parapente","11":"pa_color-24-azur","12":"pa_color-34-feu","13":"pa_color-glace-n-20","14":"pa_color-ice-20","15":"pa_size-l","16":"pa_size-m","17":"pa_size-s","18":"pa_size-xs","19":"desktop-align-left","20":"tablet-align-left","21":"mobile-align-left","22":"ast-product-gallery-layout-horizontal-slider","23":"ast-product-gallery-with-no-image","24":"ast-product-single-variable","25":"ast-qv-on-image","26":"wcpa_has_options","28":"first","29":"instock","30":"taxable","31":"shipping-taxable","32":"purchasable","33":"product-type-variable"},"yoast_head":"<!-- This site is optimized with the Yoast SEO plugin v27.4 - https:\/\/yoast.com\/product\/yoast-seo-wordpress\/ -->\n<title>Vista V PM : Une aile de parapente et de paramoteur plus l\u00e9g\u00e8re et plus s\u00fbre<\/title>\n<meta name=\"description\" content=\"D\u00e9couvrez le Vista V PM : un parapente r\u00e9volutionnaire con\u00e7u pour offrir des caract\u00e9ristiques de vol sup\u00e9rieures, une facilit\u00e9 d&#039;utilisation et des fonctionnalit\u00e9s de s\u00e9curit\u00e9 innovantes pour tous les pilotes.\" \/>\n<meta name=\"robots\" content=\"index, follow, max-snippet:-1, max-image-preview:large, max-video-preview:-1\" \/>\n<link rel=\"canonical\" href=\"https:\/\/kangook.com\/fr\/produit\/apco-vista-v-pm\/\" \/>\n<meta property=\"og:locale\" content=\"fr_FR\" \/>\n<meta property=\"og:type\" content=\"article\" \/>\n<meta property=\"og:title\" content=\"Vista V PM : Une aile de parapente et de paramoteur plus l\u00e9g\u00e8re et plus s\u00fbre\" \/>\n<meta property=\"og:description\" content=\"D\u00e9couvrez le Vista V PM : un parapente r\u00e9volutionnaire con\u00e7u pour offrir des caract\u00e9ristiques de vol sup\u00e9rieures, une facilit\u00e9 d&#039;utilisation et des fonctionnalit\u00e9s de s\u00e9curit\u00e9 innovantes pour tous les pilotes.\" \/>\n<meta property=\"og:url\" content=\"https:\/\/kangook.com\/fr\/produit\/apco-vista-v-pm\/\" \/>\n<meta property=\"og:site_name\" content=\"Kangook Canada\" \/>\n<meta property=\"article:modified_time\" content=\"2026-01-26T21:10:41+00:00\" \/>\n<meta property=\"og:image\" content=\"https:\/\/kangook.com\/wp-content\/uploads\/2024\/03\/b23705_fd0a1edaa5104a2bb733baba670771f4mv2.webp\" \/>\n\t<meta property=\"og:image:width\" content=\"750\" \/>\n\t<meta property=\"og:image:height\" content=\"500\" \/>\n\t<meta property=\"og:image:type\" content=\"image\/webp\" \/>\n<meta name=\"twitter:card\" content=\"summary_large_image\" \/>\n<meta name=\"twitter:label1\" content=\"Dur\u00e9e de lecture estim\u00e9e\" \/>\n\t<meta name=\"twitter:data1\" content=\"1 minute\" \/>\n<script type=\"application\/ld+json\" class=\"yoast-schema-graph\">{\"@context\":\"https:\\\/\\\/schema.org\",\"@graph\":[{\"@type\":\"WebPage\",\"@id\":\"https:\\\/\\\/kangook.com\\\/fr\\\/produit\\\/apco-vista-v-pm\\\/\",\"url\":\"https:\\\/\\\/kangook.com\\\/fr\\\/produit\\\/apco-vista-v-pm\\\/\",\"name\":\"Vista V PM : Une aile de parapente et de paramoteur plus l\u00e9g\u00e8re et plus s\u00fbre\",\"isPartOf\":{\"@id\":\"https:\\\/\\\/kangook.com\\\/fr\\\/#website\"},\"primaryImageOfPage\":{\"@id\":\"https:\\\/\\\/kangook.com\\\/fr\\\/produit\\\/apco-vista-v-pm\\\/#primaryimage\"},\"image\":{\"@id\":\"https:\\\/\\\/kangook.com\\\/fr\\\/produit\\\/apco-vista-v-pm\\\/#primaryimage\"},\"thumbnailUrl\":\"https:\\\/\\\/kangook.com\\\/wp-content\\\/uploads\\\/2024\\\/03\\\/b23705_fd0a1edaa5104a2bb733baba670771f4mv2.webp\",\"datePublished\":\"2024-03-24T19:20:54+00:00\",\"dateModified\":\"2026-01-26T21:10:41+00:00\",\"description\":\"D\u00e9couvrez le Vista V PM : un parapente r\u00e9volutionnaire con\u00e7u pour offrir des caract\u00e9ristiques de vol sup\u00e9rieures, une facilit\u00e9 d'utilisation et des fonctionnalit\u00e9s de s\u00e9curit\u00e9 innovantes pour tous les pilotes.\",\"breadcrumb\":{\"@id\":\"https:\\\/\\\/kangook.com\\\/fr\\\/produit\\\/apco-vista-v-pm\\\/#breadcrumb\"},\"inLanguage\":\"fr-FR\",\"potentialAction\":[{\"@type\":\"ReadAction\",\"target\":[\"https:\\\/\\\/kangook.com\\\/fr\\\/produit\\\/apco-vista-v-pm\\\/\"]}]},{\"@type\":\"ImageObject\",\"inLanguage\":\"fr-FR\",\"@id\":\"https:\\\/\\\/kangook.com\\\/fr\\\/produit\\\/apco-vista-v-pm\\\/#primaryimage\",\"url\":\"https:\\\/\\\/kangook.com\\\/wp-content\\\/uploads\\\/2024\\\/03\\\/b23705_fd0a1edaa5104a2bb733baba670771f4mv2.webp\",\"contentUrl\":\"https:\\\/\\\/kangook.com\\\/wp-content\\\/uploads\\\/2024\\\/03\\\/b23705_fd0a1edaa5104a2bb733baba670771f4mv2.webp\",\"width\":750,\"height\":500},{\"@type\":\"BreadcrumbList\",\"@id\":\"https:\\\/\\\/kangook.com\\\/fr\\\/produit\\\/apco-vista-v-pm\\\/#breadcrumb\",\"itemListElement\":[{\"@type\":\"ListItem\",\"position\":1,\"name\":\"Accueil\",\"item\":\"https:\\\/\\\/kangook.com\\\/fr\\\/\"},{\"@type\":\"ListItem\",\"position\":2,\"name\":\"Store\",\"item\":\"https:\\\/\\\/kangook.com\\\/store\\\/\"},{\"@type\":\"ListItem\",\"position\":3,\"name\":\"APCO | Vista V PM\"}]},{\"@type\":\"WebSite\",\"@id\":\"https:\\\/\\\/kangook.com\\\/fr\\\/#website\",\"url\":\"https:\\\/\\\/kangook.com\\\/fr\\\/\",\"name\":\"Kangook\",\"description\":\"Kangook Paramotors\",\"publisher\":{\"@id\":\"https:\\\/\\\/kangook.com\\\/fr\\\/#organization\"},\"potentialAction\":[{\"@type\":\"SearchAction\",\"target\":{\"@type\":\"EntryPoint\",\"urlTemplate\":\"https:\\\/\\\/kangook.com\\\/fr\\\/?s={search_term_string}\"},\"query-input\":{\"@type\":\"PropertyValueSpecification\",\"valueRequired\":true,\"valueName\":\"search_term_string\"}}],\"inLanguage\":\"fr-FR\"},{\"@type\":\"Organization\",\"@id\":\"https:\\\/\\\/kangook.com\\\/fr\\\/#organization\",\"name\":\"Kangook\",\"url\":\"https:\\\/\\\/kangook.com\\\/fr\\\/\",\"logo\":{\"@type\":\"ImageObject\",\"inLanguage\":\"fr-FR\",\"@id\":\"https:\\\/\\\/kangook.com\\\/fr\\\/#\\\/schema\\\/logo\\\/image\\\/\",\"url\":\"https:\\\/\\\/kangook.com\\\/wp-content\\\/uploads\\\/2022\\\/07\\\/cropped-Kangook-Paramotors-Flag.png\",\"contentUrl\":\"https:\\\/\\\/kangook.com\\\/wp-content\\\/uploads\\\/2022\\\/07\\\/cropped-Kangook-Paramotors-Flag.png\",\"width\":500,\"height\":97,\"caption\":\"Kangook\"},\"image\":{\"@id\":\"https:\\\/\\\/kangook.com\\\/fr\\\/#\\\/schema\\\/logo\\\/image\\\/\"}}]}<\/script>\n<!-- \/ Yoast SEO plugin. -->","yoast_head_json":{"title":"Vista V PM : Une aile de parapente et de paramoteur plus l\u00e9g\u00e8re et plus s\u00fbre","description":"D\u00e9couvrez le Vista V PM : un parapente r\u00e9volutionnaire con\u00e7u pour offrir des caract\u00e9ristiques de vol sup\u00e9rieures, une facilit\u00e9 d'utilisation et des fonctionnalit\u00e9s de s\u00e9curit\u00e9 innovantes pour tous les pilotes.","robots":{"index":"index","follow":"follow","max-snippet":"max-snippet:-1","max-image-preview":"max-image-preview:large","max-video-preview":"max-video-preview:-1"},"canonical":"https:\/\/kangook.com\/fr\/produit\/apco-vista-v-pm\/","og_locale":"fr_FR","og_type":"article","og_title":"Vista V PM : Une aile de parapente et de paramoteur plus l\u00e9g\u00e8re et plus s\u00fbre","og_description":"D\u00e9couvrez le Vista V PM : un parapente r\u00e9volutionnaire con\u00e7u pour offrir des caract\u00e9ristiques de vol sup\u00e9rieures, une facilit\u00e9 d'utilisation et des fonctionnalit\u00e9s de s\u00e9curit\u00e9 innovantes pour tous les pilotes.","og_url":"https:\/\/kangook.com\/fr\/produit\/apco-vista-v-pm\/","og_site_name":"Kangook Canada","article_modified_time":"2026-01-26T21:10:41+00:00","og_image":[{"width":750,"height":500,"url":"https:\/\/kangook.com\/wp-content\/uploads\/2024\/03\/b23705_fd0a1edaa5104a2bb733baba670771f4mv2.webp","type":"image\/webp"}],"twitter_card":"summary_large_image","twitter_misc":{"Dur\u00e9e de lecture estim\u00e9e":"1 minute"},"schema":{"@context":"https:\/\/schema.org","@graph":[{"@type":"WebPage","@id":"https:\/\/kangook.com\/fr\/produit\/apco-vista-v-pm\/","url":"https:\/\/kangook.com\/fr\/produit\/apco-vista-v-pm\/","name":"Vista V PM : Une aile de parapente et de paramoteur plus l\u00e9g\u00e8re et plus s\u00fbre","isPartOf":{"@id":"https:\/\/kangook.com\/fr\/#website"},"primaryImageOfPage":{"@id":"https:\/\/kangook.com\/fr\/produit\/apco-vista-v-pm\/#primaryimage"},"image":{"@id":"https:\/\/kangook.com\/fr\/produit\/apco-vista-v-pm\/#primaryimage"},"thumbnailUrl":"https:\/\/kangook.com\/wp-content\/uploads\/2024\/03\/b23705_fd0a1edaa5104a2bb733baba670771f4mv2.webp","datePublished":"2024-03-24T19:20:54+00:00","dateModified":"2026-01-26T21:10:41+00:00","description":"D\u00e9couvrez le Vista V PM : un parapente r\u00e9volutionnaire con\u00e7u pour offrir des caract\u00e9ristiques de vol sup\u00e9rieures, une facilit\u00e9 d'utilisation et des fonctionnalit\u00e9s de s\u00e9curit\u00e9 innovantes pour tous les pilotes.","breadcrumb":{"@id":"https:\/\/kangook.com\/fr\/produit\/apco-vista-v-pm\/#breadcrumb"},"inLanguage":"fr-FR","potentialAction":[{"@type":"ReadAction","target":["https:\/\/kangook.com\/fr\/produit\/apco-vista-v-pm\/"]}]},{"@type":"ImageObject","inLanguage":"fr-FR","@id":"https:\/\/kangook.com\/fr\/produit\/apco-vista-v-pm\/#primaryimage","url":"https:\/\/kangook.com\/wp-content\/uploads\/2024\/03\/b23705_fd0a1edaa5104a2bb733baba670771f4mv2.webp","contentUrl":"https:\/\/kangook.com\/wp-content\/uploads\/2024\/03\/b23705_fd0a1edaa5104a2bb733baba670771f4mv2.webp","width":750,"height":500},{"@type":"BreadcrumbList","@id":"https:\/\/kangook.com\/fr\/produit\/apco-vista-v-pm\/#breadcrumb","itemListElement":[{"@type":"ListItem","position":1,"name":"Accueil","item":"https:\/\/kangook.com\/fr\/"},{"@type":"ListItem","position":2,"name":"Store","item":"https:\/\/kangook.com\/store\/"},{"@type":"ListItem","position":3,"name":"APCO | Vista V PM"}]},{"@type":"WebSite","@id":"https:\/\/kangook.com\/fr\/#website","url":"https:\/\/kangook.com\/fr\/","name":"Kangook","description":"Kangook Paramotors","publisher":{"@id":"https:\/\/kangook.com\/fr\/#organization"},"potentialAction":[{"@type":"SearchAction","target":{"@type":"EntryPoint","urlTemplate":"https:\/\/kangook.com\/fr\/?s={search_term_string}"},"query-input":{"@type":"PropertyValueSpecification","valueRequired":true,"valueName":"search_term_string"}}],"inLanguage":"fr-FR"},{"@type":"Organization","@id":"https:\/\/kangook.com\/fr\/#organization","name":"Kangook","url":"https:\/\/kangook.com\/fr\/","logo":{"@type":"ImageObject","inLanguage":"fr-FR","@id":"https:\/\/kangook.com\/fr\/#\/schema\/logo\/image\/","url":"https:\/\/kangook.com\/wp-content\/uploads\/2022\/07\/cropped-Kangook-Paramotors-Flag.png","contentUrl":"https:\/\/kangook.com\/wp-content\/uploads\/2022\/07\/cropped-Kangook-Paramotors-Flag.png","width":500,"height":97,"caption":"Kangook"},"image":{"@id":"https:\/\/kangook.com\/fr\/#\/schema\/logo\/image\/"}}]}},"wcpa_form_fields":null,"_links":{"self":[{"href":"https:\/\/kangook.com\/fr\/wp-json\/wp\/v2\/product\/18523","targetHints":{"allow":["GET"]}}],"collection":[{"href":"https:\/\/kangook.com\/fr\/wp-json\/wp\/v2\/product"}],"about":[{"href":"https:\/\/kangook.com\/fr\/wp-json\/wp\/v2\/types\/product"}],"version-history":[{"count":1,"href":"https:\/\/kangook.com\/fr\/wp-json\/wp\/v2\/product\/18523\/revisions"}],"predecessor-version":[{"id":31236,"href":"https:\/\/kangook.com\/fr\/wp-json\/wp\/v2\/product\/18523\/revisions\/31236"}],"wp:featuredmedia":[{"embeddable":true,"href":"https:\/\/kangook.com\/fr\/wp-json\/wp\/v2\/media\/16943"}],"wp:attachment":[{"href":"https:\/\/kangook.com\/fr\/wp-json\/wp\/v2\/media?parent=18523"}],"wp:term":[{"taxonomy":"product_brand","embeddable":true,"href":"https:\/\/kangook.com\/fr\/wp-json\/wp\/v2\/product_brand?post=18523"},{"taxonomy":"product_cat","embeddable":true,"href":"https:\/\/kangook.com\/fr\/wp-json\/wp\/v2\/product_cat?post=18523"},{"taxonomy":"product_tag","embeddable":true,"href":"https:\/\/kangook.com\/fr\/wp-json\/wp\/v2\/product_tag?post=18523"}],"curies":[{"name":"wp","href":"https:\/\/api.w.org\/{rel}","templated":true}]}}