{"id":18522,"date":"2024-03-25T20:41:43","date_gmt":"2024-03-25T20:41:43","guid":{"rendered":"https:\/\/kangook.com\/product\/lift-ezr\/"},"modified":"2026-01-26T20:28:37","modified_gmt":"2026-01-26T20:28:37","slug":"lift-ezr","status":"publish","type":"product","link":"https:\/\/kangook.com\/fr\/produit\/lift-ezr\/","title":{"rendered":"Lift EZR"},"content":{"rendered":"<p>Gr\u00e2ce \u00e0 l&rsquo;am\u00e9lioration de la stabilit\u00e9 apport\u00e9e par le syst\u00e8me ABS2\u00ae, particuli\u00e8rement visible en vol acc\u00e9l\u00e9r\u00e9, nous avons pu affiner le LIFT EZ pour en faire une version \u00ab\u00a0racing\u00a0\u00bb beaucoup plus agile. Le r\u00e9sultat ? La LIFT EZ-R est d\u00e9sormais l&rsquo;aile la plus polyvalente du march\u00e9, parfaite pour toutes les activit\u00e9s, des s\u00e9ances d&rsquo;entra\u00eenement initiales aux escapades avanc\u00e9es des guerriers du week-end. Il offre un niveau accru d&rsquo;excitation et d&rsquo;amusement, tout en maintenant la s\u00e9curit\u00e9 et la facilit\u00e9 d&rsquo;utilisation synonymes de la famille LIFT EZ.   <\/p>\n<p>Con\u00e7u pour les pilotes ayant d\u00e9pass\u00e9 la phase de formation et recherchant une aile offrant plus de sensations, le LIFT EZ-R est le choix par excellence pour ceux qui souhaitent am\u00e9liorer leur exp\u00e9rience de vol.<\/p>\n","protected":false},"excerpt":{"rendered":"<p>Le LIFT EZ-R, version \u00e9volu\u00e9e du LIFT EZ bien-aim\u00e9, conserve ses caract\u00e9ristiques simples et conviviales tout en am\u00e9liorant consid\u00e9rablement l&rsquo;agilit\u00e9, la maniabilit\u00e9 et le facteur de plaisir g\u00e9n\u00e9ral. Ce bond en avant dans les performances est d\u00fb \u00e0 l&rsquo;int\u00e9gration du syst\u00e8me ABS2\u00ae (Auto Balance System) qui a fait ses preuves. Dans sa deuxi\u00e8me version, le syst\u00e8me ABS a \u00e9t\u00e9 affin\u00e9 pour fonctionner de mani\u00e8re transparente, sans n\u00e9cessiter d&rsquo;intervention manuelle de la part du pilote &#8211; il est enti\u00e8rement automatique.  <\/p>\n","protected":false},"featured_media":16946,"template":"","meta":{"site-sidebar-layout":"default","site-content-layout":"","ast-site-content-layout":"default","site-content-style":"default","site-sidebar-style":"default","ast-global-header-display":"","ast-banner-title-visibility":"","ast-main-header-display":"","ast-hfb-above-header-display":"","ast-hfb-below-header-display":"","ast-hfb-mobile-header-display":"","site-post-title":"","ast-breadcrumbs-content":"","ast-featured-img":"","footer-sml-layout":"","ast-disable-related-posts":"","theme-transparent-header-meta":"default","adv-header-id-meta":"","stick-header-meta":"default","header-above-stick-meta":"","header-main-stick-meta":"","header-below-stick-meta":"","astra-migrate-meta-layouts":"default","ast-page-background-enabled":"default","ast-page-background-meta":{"desktop":{"background-color":"","background-image":"","background-repeat":"repeat","background-position":"center center","background-size":"auto","background-attachment":"scroll","background-type":"","background-media":"","overlay-type":"","overlay-color":"","overlay-opacity":"","overlay-gradient":""},"tablet":{"background-color":"","background-image":"","background-repeat":"repeat","background-position":"center center","background-size":"auto","background-attachment":"scroll","background-type":"","background-media":"","overlay-type":"","overlay-color":"","overlay-opacity":"","overlay-gradient":""},"mobile":{"background-color":"","background-image":"","background-repeat":"repeat","background-position":"center center","background-size":"auto","background-attachment":"scroll","background-type":"","background-media":"","overlay-type":"","overlay-color":"","overlay-opacity":"","overlay-gradient":""}},"ast-content-background-meta":{"desktop":{"background-color":"var(--ast-global-color-5)","background-image":"","background-repeat":"repeat","background-position":"center center","background-size":"auto","background-attachment":"scroll","background-type":"","background-media":"","overlay-type":"","overlay-color":"","overlay-opacity":"","overlay-gradient":""},"tablet":{"background-color":"var(--ast-global-color-5)","background-image":"","background-repeat":"repeat","background-position":"center center","background-size":"auto","background-attachment":"scroll","background-type":"","background-media":"","overlay-type":"","overlay-color":"","overlay-opacity":"","overlay-gradient":""},"mobile":{"background-color":"var(--ast-global-color-5)","background-image":"","background-repeat":"repeat","background-position":"center center","background-size":"auto","background-attachment":"scroll","background-type":"","background-media":"","overlay-type":"","overlay-color":"","overlay-opacity":"","overlay-gradient":""}}},"product_brand":[1373],"product_cat":[779,742,807,194],"product_tag":[],"class_list":{"0":"post-18522","1":"product","2":"type-product","3":"status-publish","4":"has-post-thumbnail","6":"product_brand-apco-aviation","7":"product_cat-conteneurs-secours-apco","8":"product_cat-marque-apco","9":"product_cat-voiles","10":"product_cat-voiles-apco-parapente","11":"desktop-align-left","12":"tablet-align-left","13":"mobile-align-left","14":"ast-product-gallery-layout-horizontal-slider","15":"ast-product-gallery-with-no-image","16":"ast-qv-on-image","17":"wcpa_has_options","19":"first","20":"instock","21":"taxable","22":"shipping-taxable","23":"purchasable","24":"product-type-simple"},"yoast_head":"<!-- This site is optimized with the Yoast SEO plugin v27.5 - https:\/\/yoast.com\/product\/yoast-seo-wordpress\/ -->\n<title>LIFT EZ-R : Am\u00e9liorez votre vol gr\u00e2ce \u00e0 une meilleure agilit\u00e9<\/title>\n<meta name=\"description\" content=\"D\u00e9couvrez LIFT EZ-R, l&#039;aile qui allie s\u00e9curit\u00e9 et plaisir. Parfait pour les pilotes en fin de formation qui recherchent des vols palpitants sans compromis.\" \/>\n<meta name=\"robots\" content=\"index, follow, max-snippet:-1, max-image-preview:large, max-video-preview:-1\" \/>\n<link rel=\"canonical\" href=\"https:\/\/kangook.com\/fr\/produit\/lift-ezr\/\" \/>\n<meta property=\"og:locale\" content=\"fr_FR\" \/>\n<meta property=\"og:type\" content=\"article\" \/>\n<meta property=\"og:title\" content=\"LIFT EZ-R : Am\u00e9liorez votre vol gr\u00e2ce \u00e0 une meilleure agilit\u00e9\" \/>\n<meta property=\"og:description\" content=\"D\u00e9couvrez LIFT EZ-R, l&#039;aile qui allie s\u00e9curit\u00e9 et plaisir. Parfait pour les pilotes en fin de formation qui recherchent des vols palpitants sans compromis.\" \/>\n<meta property=\"og:url\" content=\"https:\/\/kangook.com\/fr\/produit\/lift-ezr\/\" \/>\n<meta property=\"og:site_name\" content=\"Kangook Canada\" \/>\n<meta property=\"article:modified_time\" content=\"2026-01-26T20:28:37+00:00\" \/>\n<meta property=\"og:image\" content=\"https:\/\/kangook.com\/wp-content\/uploads\/2024\/03\/b23705_f41385012f774148ab0f19d5155caeb0mv2.webp\" \/>\n\t<meta property=\"og:image:width\" content=\"688\" \/>\n\t<meta property=\"og:image:height\" content=\"458\" \/>\n\t<meta property=\"og:image:type\" content=\"image\/webp\" \/>\n<meta name=\"twitter:card\" content=\"summary_large_image\" \/>\n<meta name=\"twitter:label1\" content=\"Dur\u00e9e de lecture estim\u00e9e\" \/>\n\t<meta name=\"twitter:data1\" content=\"1 minute\" \/>\n<script type=\"application\/ld+json\" class=\"yoast-schema-graph\">{\"@context\":\"https:\\\/\\\/schema.org\",\"@graph\":[{\"@type\":\"WebPage\",\"@id\":\"https:\\\/\\\/kangook.com\\\/fr\\\/produit\\\/lift-ezr\\\/\",\"url\":\"https:\\\/\\\/kangook.com\\\/fr\\\/produit\\\/lift-ezr\\\/\",\"name\":\"LIFT EZ-R : Am\u00e9liorez votre vol gr\u00e2ce \u00e0 une meilleure agilit\u00e9\",\"isPartOf\":{\"@id\":\"https:\\\/\\\/kangook.com\\\/fr\\\/#website\"},\"primaryImageOfPage\":{\"@id\":\"https:\\\/\\\/kangook.com\\\/fr\\\/produit\\\/lift-ezr\\\/#primaryimage\"},\"image\":{\"@id\":\"https:\\\/\\\/kangook.com\\\/fr\\\/produit\\\/lift-ezr\\\/#primaryimage\"},\"thumbnailUrl\":\"https:\\\/\\\/kangook.com\\\/wp-content\\\/uploads\\\/2024\\\/03\\\/b23705_f41385012f774148ab0f19d5155caeb0mv2.webp\",\"datePublished\":\"2024-03-25T20:41:43+00:00\",\"dateModified\":\"2026-01-26T20:28:37+00:00\",\"description\":\"D\u00e9couvrez LIFT EZ-R, l'aile qui allie s\u00e9curit\u00e9 et plaisir. Parfait pour les pilotes en fin de formation qui recherchent des vols palpitants sans compromis.\",\"breadcrumb\":{\"@id\":\"https:\\\/\\\/kangook.com\\\/fr\\\/produit\\\/lift-ezr\\\/#breadcrumb\"},\"inLanguage\":\"fr-FR\",\"potentialAction\":[{\"@type\":\"ReadAction\",\"target\":[\"https:\\\/\\\/kangook.com\\\/fr\\\/produit\\\/lift-ezr\\\/\"]}]},{\"@type\":\"ImageObject\",\"inLanguage\":\"fr-FR\",\"@id\":\"https:\\\/\\\/kangook.com\\\/fr\\\/produit\\\/lift-ezr\\\/#primaryimage\",\"url\":\"https:\\\/\\\/kangook.com\\\/wp-content\\\/uploads\\\/2024\\\/03\\\/b23705_f41385012f774148ab0f19d5155caeb0mv2.webp\",\"contentUrl\":\"https:\\\/\\\/kangook.com\\\/wp-content\\\/uploads\\\/2024\\\/03\\\/b23705_f41385012f774148ab0f19d5155caeb0mv2.webp\",\"width\":688,\"height\":458},{\"@type\":\"BreadcrumbList\",\"@id\":\"https:\\\/\\\/kangook.com\\\/fr\\\/produit\\\/lift-ezr\\\/#breadcrumb\",\"itemListElement\":[{\"@type\":\"ListItem\",\"position\":1,\"name\":\"Accueil\",\"item\":\"https:\\\/\\\/kangook.com\\\/fr\\\/\"},{\"@type\":\"ListItem\",\"position\":2,\"name\":\"Store\",\"item\":\"https:\\\/\\\/kangook.com\\\/store\\\/\"},{\"@type\":\"ListItem\",\"position\":3,\"name\":\"Lift EZR\"}]},{\"@type\":\"WebSite\",\"@id\":\"https:\\\/\\\/kangook.com\\\/fr\\\/#website\",\"url\":\"https:\\\/\\\/kangook.com\\\/fr\\\/\",\"name\":\"Kangook\",\"description\":\"Kangook Paramotors\",\"publisher\":{\"@id\":\"https:\\\/\\\/kangook.com\\\/fr\\\/#organization\"},\"potentialAction\":[{\"@type\":\"SearchAction\",\"target\":{\"@type\":\"EntryPoint\",\"urlTemplate\":\"https:\\\/\\\/kangook.com\\\/fr\\\/?s={search_term_string}\"},\"query-input\":{\"@type\":\"PropertyValueSpecification\",\"valueRequired\":true,\"valueName\":\"search_term_string\"}}],\"inLanguage\":\"fr-FR\"},{\"@type\":\"Organization\",\"@id\":\"https:\\\/\\\/kangook.com\\\/fr\\\/#organization\",\"name\":\"Kangook\",\"url\":\"https:\\\/\\\/kangook.com\\\/fr\\\/\",\"logo\":{\"@type\":\"ImageObject\",\"inLanguage\":\"fr-FR\",\"@id\":\"https:\\\/\\\/kangook.com\\\/fr\\\/#\\\/schema\\\/logo\\\/image\\\/\",\"url\":\"https:\\\/\\\/kangook.com\\\/wp-content\\\/uploads\\\/2022\\\/07\\\/cropped-Kangook-Paramotors-Flag.png\",\"contentUrl\":\"https:\\\/\\\/kangook.com\\\/wp-content\\\/uploads\\\/2022\\\/07\\\/cropped-Kangook-Paramotors-Flag.png\",\"width\":500,\"height\":97,\"caption\":\"Kangook\"},\"image\":{\"@id\":\"https:\\\/\\\/kangook.com\\\/fr\\\/#\\\/schema\\\/logo\\\/image\\\/\"}}]}<\/script>\n<!-- \/ Yoast SEO plugin. -->","yoast_head_json":{"title":"LIFT EZ-R : Am\u00e9liorez votre vol gr\u00e2ce \u00e0 une meilleure agilit\u00e9","description":"D\u00e9couvrez LIFT EZ-R, l'aile qui allie s\u00e9curit\u00e9 et plaisir. Parfait pour les pilotes en fin de formation qui recherchent des vols palpitants sans compromis.","robots":{"index":"index","follow":"follow","max-snippet":"max-snippet:-1","max-image-preview":"max-image-preview:large","max-video-preview":"max-video-preview:-1"},"canonical":"https:\/\/kangook.com\/fr\/produit\/lift-ezr\/","og_locale":"fr_FR","og_type":"article","og_title":"LIFT EZ-R : Am\u00e9liorez votre vol gr\u00e2ce \u00e0 une meilleure agilit\u00e9","og_description":"D\u00e9couvrez LIFT EZ-R, l'aile qui allie s\u00e9curit\u00e9 et plaisir. Parfait pour les pilotes en fin de formation qui recherchent des vols palpitants sans compromis.","og_url":"https:\/\/kangook.com\/fr\/produit\/lift-ezr\/","og_site_name":"Kangook Canada","article_modified_time":"2026-01-26T20:28:37+00:00","og_image":[{"width":688,"height":458,"url":"https:\/\/kangook.com\/wp-content\/uploads\/2024\/03\/b23705_f41385012f774148ab0f19d5155caeb0mv2.webp","type":"image\/webp"}],"twitter_card":"summary_large_image","twitter_misc":{"Dur\u00e9e de lecture estim\u00e9e":"1 minute"},"schema":{"@context":"https:\/\/schema.org","@graph":[{"@type":"WebPage","@id":"https:\/\/kangook.com\/fr\/produit\/lift-ezr\/","url":"https:\/\/kangook.com\/fr\/produit\/lift-ezr\/","name":"LIFT EZ-R : Am\u00e9liorez votre vol gr\u00e2ce \u00e0 une meilleure agilit\u00e9","isPartOf":{"@id":"https:\/\/kangook.com\/fr\/#website"},"primaryImageOfPage":{"@id":"https:\/\/kangook.com\/fr\/produit\/lift-ezr\/#primaryimage"},"image":{"@id":"https:\/\/kangook.com\/fr\/produit\/lift-ezr\/#primaryimage"},"thumbnailUrl":"https:\/\/kangook.com\/wp-content\/uploads\/2024\/03\/b23705_f41385012f774148ab0f19d5155caeb0mv2.webp","datePublished":"2024-03-25T20:41:43+00:00","dateModified":"2026-01-26T20:28:37+00:00","description":"D\u00e9couvrez LIFT EZ-R, l'aile qui allie s\u00e9curit\u00e9 et plaisir. Parfait pour les pilotes en fin de formation qui recherchent des vols palpitants sans compromis.","breadcrumb":{"@id":"https:\/\/kangook.com\/fr\/produit\/lift-ezr\/#breadcrumb"},"inLanguage":"fr-FR","potentialAction":[{"@type":"ReadAction","target":["https:\/\/kangook.com\/fr\/produit\/lift-ezr\/"]}]},{"@type":"ImageObject","inLanguage":"fr-FR","@id":"https:\/\/kangook.com\/fr\/produit\/lift-ezr\/#primaryimage","url":"https:\/\/kangook.com\/wp-content\/uploads\/2024\/03\/b23705_f41385012f774148ab0f19d5155caeb0mv2.webp","contentUrl":"https:\/\/kangook.com\/wp-content\/uploads\/2024\/03\/b23705_f41385012f774148ab0f19d5155caeb0mv2.webp","width":688,"height":458},{"@type":"BreadcrumbList","@id":"https:\/\/kangook.com\/fr\/produit\/lift-ezr\/#breadcrumb","itemListElement":[{"@type":"ListItem","position":1,"name":"Accueil","item":"https:\/\/kangook.com\/fr\/"},{"@type":"ListItem","position":2,"name":"Store","item":"https:\/\/kangook.com\/store\/"},{"@type":"ListItem","position":3,"name":"Lift EZR"}]},{"@type":"WebSite","@id":"https:\/\/kangook.com\/fr\/#website","url":"https:\/\/kangook.com\/fr\/","name":"Kangook","description":"Kangook Paramotors","publisher":{"@id":"https:\/\/kangook.com\/fr\/#organization"},"potentialAction":[{"@type":"SearchAction","target":{"@type":"EntryPoint","urlTemplate":"https:\/\/kangook.com\/fr\/?s={search_term_string}"},"query-input":{"@type":"PropertyValueSpecification","valueRequired":true,"valueName":"search_term_string"}}],"inLanguage":"fr-FR"},{"@type":"Organization","@id":"https:\/\/kangook.com\/fr\/#organization","name":"Kangook","url":"https:\/\/kangook.com\/fr\/","logo":{"@type":"ImageObject","inLanguage":"fr-FR","@id":"https:\/\/kangook.com\/fr\/#\/schema\/logo\/image\/","url":"https:\/\/kangook.com\/wp-content\/uploads\/2022\/07\/cropped-Kangook-Paramotors-Flag.png","contentUrl":"https:\/\/kangook.com\/wp-content\/uploads\/2022\/07\/cropped-Kangook-Paramotors-Flag.png","width":500,"height":97,"caption":"Kangook"},"image":{"@id":"https:\/\/kangook.com\/fr\/#\/schema\/logo\/image\/"}}]}},"wcpa_form_fields":null,"_links":{"self":[{"href":"https:\/\/kangook.com\/fr\/wp-json\/wp\/v2\/product\/18522","targetHints":{"allow":["GET"]}}],"collection":[{"href":"https:\/\/kangook.com\/fr\/wp-json\/wp\/v2\/product"}],"about":[{"href":"https:\/\/kangook.com\/fr\/wp-json\/wp\/v2\/types\/product"}],"version-history":[{"count":1,"href":"https:\/\/kangook.com\/fr\/wp-json\/wp\/v2\/product\/18522\/revisions"}],"predecessor-version":[{"id":30025,"href":"https:\/\/kangook.com\/fr\/wp-json\/wp\/v2\/product\/18522\/revisions\/30025"}],"wp:featuredmedia":[{"embeddable":true,"href":"https:\/\/kangook.com\/fr\/wp-json\/wp\/v2\/media\/16946"}],"wp:attachment":[{"href":"https:\/\/kangook.com\/fr\/wp-json\/wp\/v2\/media?parent=18522"}],"wp:term":[{"taxonomy":"product_brand","embeddable":true,"href":"https:\/\/kangook.com\/fr\/wp-json\/wp\/v2\/product_brand?post=18522"},{"taxonomy":"product_cat","embeddable":true,"href":"https:\/\/kangook.com\/fr\/wp-json\/wp\/v2\/product_cat?post=18522"},{"taxonomy":"product_tag","embeddable":true,"href":"https:\/\/kangook.com\/fr\/wp-json\/wp\/v2\/product_tag?post=18522"}],"curies":[{"name":"wp","href":"https:\/\/api.w.org\/{rel}","templated":true}]}}