{"id":18518,"date":"2024-03-25T23:03:00","date_gmt":"2024-03-25T23:03:00","guid":{"rendered":"https:\/\/kangook.com\/product\/thrust-v\/"},"modified":"2026-01-26T20:34:51","modified_gmt":"2026-01-26T20:34:51","slug":"thrust-v","status":"publish","type":"product","link":"https:\/\/kangook.com\/fr\/produit\/thrust-v\/","title":{"rendered":"Thrust V"},"content":{"rendered":"<p>La Thrust V prolonge l&rsquo;h\u00e9ritage de la Thrust, en pr\u00e9sentant une aile enti\u00e8rement nouvelle qui a b\u00e9n\u00e9fici\u00e9 des derni\u00e8res avanc\u00e9es technologiques pour une exp\u00e9rience de vol in\u00e9gal\u00e9e.<\/p>\n<ul>\n<li>FAR\u00ae &#8211; Flow Aligned Ribs : Le Thrust V introduit cette caract\u00e9ristique de pointe, marquant une avanc\u00e9e significative dans la technologie de positionnement des c\u00f4tes. Cette conception innovante garantit que les extr\u00e9mit\u00e9s de l&rsquo;aile g\u00e9n\u00e8rent plus de portance, ce qui am\u00e9liore consid\u00e9rablement les performances, la s\u00e9curit\u00e9 et la stabilit\u00e9 de l&rsquo;aile. <\/li>\n<li>APP\u00ae &#8211; Profil en nez de requin : Le profil en nez de requin permet d&rsquo;atteindre des vitesses maximales plus \u00e9lev\u00e9es tout en maintenant une pression interne stable. Il en r\u00e9sulte une voilure plus rigide, offrant un niveau de confiance suppl\u00e9mentaire aux pilotes novices. <\/li>\n<li>Trous de Vidange 2 : Comme indiqu\u00e9 par le nom, ces trous plac\u00e9s strat\u00e9giquement facilitent l&rsquo;\u00e9vacuation facile du sable ou des d\u00e9bris de l&rsquo;int\u00e9rieur de la voile, assurant des performances optimales et une long\u00e9vit\u00e9 accrue.<\/li>\n<li>D\u00e9collage &#8211; El\u00e9vateurs SRS\u00ae : Ces \u00e9l\u00e9vateurs facilitent le processus de d\u00e9collage en permettant \u00e0 l&rsquo;aile de s&rsquo;\u00e9lever au-dessus de la t\u00eate rapidement et en douceur, sans d\u00e9passement. Cette innovation rend le processus de d\u00e9collage vers l&rsquo;avant intuitif pour les pilotes de tous niveaux. <\/li>\n<li>\u00c9l\u00e9vateurs : Les \u00e9l\u00e9vateurs ont \u00e9t\u00e9 compl\u00e8tement redessin\u00e9s et simplifi\u00e9s, offrant deux options de points d&rsquo;attache distincts pour s&rsquo;adapter \u00e0 toute combinaison de harnais et de moteur, am\u00e9liorant la compatibilit\u00e9 et la flexibilit\u00e9 pour les pilotes.<\/li>\n<\/ul>\n<p>Le d\u00e9collage et l&rsquo;atterrissage avec le Thrust V sont aussi simples que possible. Contrairement aux profils reflex, la Thrust poss\u00e8de un profil classique \u00e0 forte portance, permettant de d\u00e9coller et d&rsquo;atterrir aux vitesses les plus basses possibles. Les \u00e9l\u00e9vateurs sont con\u00e7us pour \u00eatre simples et sans encombrement, ce qui fait de cette aile un choix id\u00e9al pour les environnements de formation. Sa simplicit\u00e9 et sa capacit\u00e9 \u00e0 prendre l&rsquo;air rapidement en font un outil in\u00e9gal\u00e9 en termes de facilit\u00e9 d&rsquo;utilisation.<\/p>\n<p>La maniabilit\u00e9 de la Thrust V a \u00e9t\u00e9 reconfigur\u00e9e pour \u00eatre plus agile et plus r\u00e9active, n\u00e9cessitant moins de pression sur les freins pour les man\u0153uvres. Des innovations telles que la technologie FAR\u00ae et le design Shark Nose ont permis d&rsquo;affiner le Thrust V pour une meilleure maniabilit\u00e9 sans compromettre d&rsquo;autres aspects de la performance.<\/p>\n<p>En termes de vitesse, le Thrust V atteint de nouveaux sommets avec une vitesse maximale de plus de 55 km\/h, ce qui le rend exceptionnellement rapide pour sa cat\u00e9gorie. Cette augmentation de la vitesse est rendue possible par le profil du nez de requin APP\u00ae, qui permet d&rsquo;atteindre des vitesses plus \u00e9lev\u00e9es sans sacrifier la s\u00e9curit\u00e9.<\/p>\n<p>La construction du Thrust V est faite pour durer. L&rsquo;utilisation du l\u00e9gendaire tissu double silicon\u00e9 d&rsquo;APCO, associ\u00e9 \u00e0 des mat\u00e9riaux plus l\u00e9gers, garantit un plaisir prolong\u00e9 au-del\u00e0 de ce que d&rsquo;autres ailes peuvent offrir. Les lignes sont toutes gain\u00e9es, offrant une protection maximale dans toutes les conditions.<\/p>\n<p>Pour les passionn\u00e9s de parapente, la Thrust V peut se transformer en une aile de parapente bien \u00e9quilibr\u00e9e avec les trims ferm\u00e9s, s&rsquo;adaptant ainsi aux deux disciplines.<\/p>\n<p>Les \u00e9coles de parapente \u00e0 la recherche d&rsquo;une aile non reflex pour leurs \u00e9l\u00e8ves trouveront en la Thrust V un choix exemplaire, simplifiant \u00e0 la fois l&rsquo;exp\u00e9rience du pilote et le processus d&rsquo;enseignement.<\/p>\n","protected":false},"excerpt":{"rendered":"<p>L&rsquo;APCO Thrust reste un \u00e9l\u00e9ment important de notre gamme, r\u00e9put\u00e9 pour sa pr\u00e9sence durable. Con\u00e7ue pour les pilotes d\u00e9butants et interm\u00e9diaires, la Thrust est une aile classique (non reflex) qui met l&rsquo;accent sur la simplicit\u00e9, la s\u00e9curit\u00e9 et la progression directe. Son attrait universel lui a permis de r\u00e9sister \u00e0 l&rsquo;\u00e9preuve du temps, ce qui en a fait un favori constant tout au long de l&rsquo;\u00e9volution des ailes de paramoteurs.  <\/p>\n","protected":false},"featured_media":16951,"template":"","meta":{"site-sidebar-layout":"default","site-content-layout":"","ast-site-content-layout":"default","site-content-style":"default","site-sidebar-style":"default","ast-global-header-display":"","ast-banner-title-visibility":"","ast-main-header-display":"","ast-hfb-above-header-display":"","ast-hfb-below-header-display":"","ast-hfb-mobile-header-display":"","site-post-title":"","ast-breadcrumbs-content":"","ast-featured-img":"","footer-sml-layout":"","ast-disable-related-posts":"","theme-transparent-header-meta":"default","adv-header-id-meta":"","stick-header-meta":"default","header-above-stick-meta":"","header-main-stick-meta":"","header-below-stick-meta":"","astra-migrate-meta-layouts":"default","ast-page-background-enabled":"default","ast-page-background-meta":{"desktop":{"background-color":"","background-image":"","background-repeat":"repeat","background-position":"center center","background-size":"auto","background-attachment":"scroll","background-type":"","background-media":"","overlay-type":"","overlay-color":"","overlay-opacity":"","overlay-gradient":""},"tablet":{"background-color":"","background-image":"","background-repeat":"repeat","background-position":"center center","background-size":"auto","background-attachment":"scroll","background-type":"","background-media":"","overlay-type":"","overlay-color":"","overlay-opacity":"","overlay-gradient":""},"mobile":{"background-color":"","background-image":"","background-repeat":"repeat","background-position":"center center","background-size":"auto","background-attachment":"scroll","background-type":"","background-media":"","overlay-type":"","overlay-color":"","overlay-opacity":"","overlay-gradient":""}},"ast-content-background-meta":{"desktop":{"background-color":"var(--ast-global-color-5)","background-image":"","background-repeat":"repeat","background-position":"center center","background-size":"auto","background-attachment":"scroll","background-type":"","background-media":"","overlay-type":"","overlay-color":"","overlay-opacity":"","overlay-gradient":""},"tablet":{"background-color":"var(--ast-global-color-5)","background-image":"","background-repeat":"repeat","background-position":"center center","background-size":"auto","background-attachment":"scroll","background-type":"","background-media":"","overlay-type":"","overlay-color":"","overlay-opacity":"","overlay-gradient":""},"mobile":{"background-color":"var(--ast-global-color-5)","background-image":"","background-repeat":"repeat","background-position":"center center","background-size":"auto","background-attachment":"scroll","background-type":"","background-media":"","overlay-type":"","overlay-color":"","overlay-opacity":"","overlay-gradient":""}}},"product_brand":[1323],"product_cat":[1539,1537,807,195],"product_tag":[],"class_list":{"0":"post-18518","1":"product","2":"type-product","3":"status-publish","4":"has-post-thumbnail","6":"product_brand-bgd","7":"product_cat-accessoires-bgd","8":"product_cat-bgd","9":"product_cat-voiles","10":"product_cat-voiles-bgd","11":"desktop-align-left","12":"tablet-align-left","13":"mobile-align-left","14":"ast-product-gallery-layout-horizontal-slider","15":"ast-product-gallery-with-no-image","16":"ast-qv-on-image","17":"wcpa_has_options","19":"first","20":"instock","21":"taxable","22":"shipping-taxable","23":"purchasable","24":"product-type-simple"},"yoast_head":"<!-- This site is optimized with the Yoast SEO plugin v27.4 - https:\/\/yoast.com\/product\/yoast-seo-wordpress\/ -->\n<title>Thrust V : l&#039;aile id\u00e9ale pour les d\u00e9butants, pour un d\u00e9collage et un atterrissage faciles<\/title>\n<meta name=\"description\" content=\"D\u00e9couvrez le Thrust V, parfait pour les d\u00e9butants et les \u00e9coles. Profitez d&#039;un d\u00e9collage facile, d&#039;une maniabilit\u00e9 agile et d&#039;une s\u00e9curit\u00e9 accrue. Id\u00e9al pour le parapente et le paramoteur.\" \/>\n<meta name=\"robots\" content=\"index, follow, max-snippet:-1, max-image-preview:large, max-video-preview:-1\" \/>\n<link rel=\"canonical\" href=\"https:\/\/kangook.com\/fr\/produit\/thrust-v\/\" \/>\n<meta property=\"og:locale\" content=\"fr_FR\" \/>\n<meta property=\"og:type\" content=\"article\" \/>\n<meta property=\"og:title\" content=\"Thrust V : l&#039;aile id\u00e9ale pour les d\u00e9butants, pour un d\u00e9collage et un atterrissage faciles\" \/>\n<meta property=\"og:description\" content=\"D\u00e9couvrez le Thrust V, parfait pour les d\u00e9butants et les \u00e9coles. Profitez d&#039;un d\u00e9collage facile, d&#039;une maniabilit\u00e9 agile et d&#039;une s\u00e9curit\u00e9 accrue. Id\u00e9al pour le parapente et le paramoteur.\" \/>\n<meta property=\"og:url\" content=\"https:\/\/kangook.com\/fr\/produit\/thrust-v\/\" \/>\n<meta property=\"og:site_name\" content=\"Kangook Canada\" \/>\n<meta property=\"article:modified_time\" content=\"2026-01-26T20:34:51+00:00\" \/>\n<meta property=\"og:image\" content=\"https:\/\/kangook.com\/wp-content\/uploads\/2024\/03\/b23705_acf7786ff9cd498f946dbdf9150d2c34mv2.webp\" \/>\n\t<meta property=\"og:image:width\" content=\"1000\" \/>\n\t<meta property=\"og:image:height\" content=\"750\" \/>\n\t<meta property=\"og:image:type\" content=\"image\/webp\" \/>\n<meta name=\"twitter:card\" content=\"summary_large_image\" \/>\n<meta name=\"twitter:label1\" content=\"Dur\u00e9e de lecture estim\u00e9e\" \/>\n\t<meta name=\"twitter:data1\" content=\"3 minutes\" \/>\n<script type=\"application\/ld+json\" class=\"yoast-schema-graph\">{\"@context\":\"https:\\\/\\\/schema.org\",\"@graph\":[{\"@type\":\"WebPage\",\"@id\":\"https:\\\/\\\/kangook.com\\\/fr\\\/produit\\\/thrust-v\\\/\",\"url\":\"https:\\\/\\\/kangook.com\\\/fr\\\/produit\\\/thrust-v\\\/\",\"name\":\"Thrust V : l'aile id\u00e9ale pour les d\u00e9butants, pour un d\u00e9collage et un atterrissage faciles\",\"isPartOf\":{\"@id\":\"https:\\\/\\\/kangook.com\\\/fr\\\/#website\"},\"primaryImageOfPage\":{\"@id\":\"https:\\\/\\\/kangook.com\\\/fr\\\/produit\\\/thrust-v\\\/#primaryimage\"},\"image\":{\"@id\":\"https:\\\/\\\/kangook.com\\\/fr\\\/produit\\\/thrust-v\\\/#primaryimage\"},\"thumbnailUrl\":\"https:\\\/\\\/kangook.com\\\/wp-content\\\/uploads\\\/2024\\\/03\\\/b23705_acf7786ff9cd498f946dbdf9150d2c34mv2.webp\",\"datePublished\":\"2024-03-25T23:03:00+00:00\",\"dateModified\":\"2026-01-26T20:34:51+00:00\",\"description\":\"D\u00e9couvrez le Thrust V, parfait pour les d\u00e9butants et les \u00e9coles. Profitez d'un d\u00e9collage facile, d'une maniabilit\u00e9 agile et d'une s\u00e9curit\u00e9 accrue. Id\u00e9al pour le parapente et le paramoteur.\",\"breadcrumb\":{\"@id\":\"https:\\\/\\\/kangook.com\\\/fr\\\/produit\\\/thrust-v\\\/#breadcrumb\"},\"inLanguage\":\"fr-FR\",\"potentialAction\":[{\"@type\":\"ReadAction\",\"target\":[\"https:\\\/\\\/kangook.com\\\/fr\\\/produit\\\/thrust-v\\\/\"]}]},{\"@type\":\"ImageObject\",\"inLanguage\":\"fr-FR\",\"@id\":\"https:\\\/\\\/kangook.com\\\/fr\\\/produit\\\/thrust-v\\\/#primaryimage\",\"url\":\"https:\\\/\\\/kangook.com\\\/wp-content\\\/uploads\\\/2024\\\/03\\\/b23705_acf7786ff9cd498f946dbdf9150d2c34mv2.webp\",\"contentUrl\":\"https:\\\/\\\/kangook.com\\\/wp-content\\\/uploads\\\/2024\\\/03\\\/b23705_acf7786ff9cd498f946dbdf9150d2c34mv2.webp\",\"width\":1000,\"height\":750},{\"@type\":\"BreadcrumbList\",\"@id\":\"https:\\\/\\\/kangook.com\\\/fr\\\/produit\\\/thrust-v\\\/#breadcrumb\",\"itemListElement\":[{\"@type\":\"ListItem\",\"position\":1,\"name\":\"Accueil\",\"item\":\"https:\\\/\\\/kangook.com\\\/fr\\\/\"},{\"@type\":\"ListItem\",\"position\":2,\"name\":\"Store\",\"item\":\"https:\\\/\\\/kangook.com\\\/store\\\/\"},{\"@type\":\"ListItem\",\"position\":3,\"name\":\"Thrust V\"}]},{\"@type\":\"WebSite\",\"@id\":\"https:\\\/\\\/kangook.com\\\/fr\\\/#website\",\"url\":\"https:\\\/\\\/kangook.com\\\/fr\\\/\",\"name\":\"Kangook\",\"description\":\"Kangook Paramotors\",\"publisher\":{\"@id\":\"https:\\\/\\\/kangook.com\\\/fr\\\/#organization\"},\"potentialAction\":[{\"@type\":\"SearchAction\",\"target\":{\"@type\":\"EntryPoint\",\"urlTemplate\":\"https:\\\/\\\/kangook.com\\\/fr\\\/?s={search_term_string}\"},\"query-input\":{\"@type\":\"PropertyValueSpecification\",\"valueRequired\":true,\"valueName\":\"search_term_string\"}}],\"inLanguage\":\"fr-FR\"},{\"@type\":\"Organization\",\"@id\":\"https:\\\/\\\/kangook.com\\\/fr\\\/#organization\",\"name\":\"Kangook\",\"url\":\"https:\\\/\\\/kangook.com\\\/fr\\\/\",\"logo\":{\"@type\":\"ImageObject\",\"inLanguage\":\"fr-FR\",\"@id\":\"https:\\\/\\\/kangook.com\\\/fr\\\/#\\\/schema\\\/logo\\\/image\\\/\",\"url\":\"https:\\\/\\\/kangook.com\\\/wp-content\\\/uploads\\\/2022\\\/07\\\/cropped-Kangook-Paramotors-Flag.png\",\"contentUrl\":\"https:\\\/\\\/kangook.com\\\/wp-content\\\/uploads\\\/2022\\\/07\\\/cropped-Kangook-Paramotors-Flag.png\",\"width\":500,\"height\":97,\"caption\":\"Kangook\"},\"image\":{\"@id\":\"https:\\\/\\\/kangook.com\\\/fr\\\/#\\\/schema\\\/logo\\\/image\\\/\"}}]}<\/script>\n<!-- \/ Yoast SEO plugin. -->","yoast_head_json":{"title":"Thrust V : l'aile id\u00e9ale pour les d\u00e9butants, pour un d\u00e9collage et un atterrissage faciles","description":"D\u00e9couvrez le Thrust V, parfait pour les d\u00e9butants et les \u00e9coles. Profitez d'un d\u00e9collage facile, d'une maniabilit\u00e9 agile et d'une s\u00e9curit\u00e9 accrue. Id\u00e9al pour le parapente et le paramoteur.","robots":{"index":"index","follow":"follow","max-snippet":"max-snippet:-1","max-image-preview":"max-image-preview:large","max-video-preview":"max-video-preview:-1"},"canonical":"https:\/\/kangook.com\/fr\/produit\/thrust-v\/","og_locale":"fr_FR","og_type":"article","og_title":"Thrust V : l'aile id\u00e9ale pour les d\u00e9butants, pour un d\u00e9collage et un atterrissage faciles","og_description":"D\u00e9couvrez le Thrust V, parfait pour les d\u00e9butants et les \u00e9coles. Profitez d'un d\u00e9collage facile, d'une maniabilit\u00e9 agile et d'une s\u00e9curit\u00e9 accrue. Id\u00e9al pour le parapente et le paramoteur.","og_url":"https:\/\/kangook.com\/fr\/produit\/thrust-v\/","og_site_name":"Kangook Canada","article_modified_time":"2026-01-26T20:34:51+00:00","og_image":[{"width":1000,"height":750,"url":"https:\/\/kangook.com\/wp-content\/uploads\/2024\/03\/b23705_acf7786ff9cd498f946dbdf9150d2c34mv2.webp","type":"image\/webp"}],"twitter_card":"summary_large_image","twitter_misc":{"Dur\u00e9e de lecture estim\u00e9e":"3 minutes"},"schema":{"@context":"https:\/\/schema.org","@graph":[{"@type":"WebPage","@id":"https:\/\/kangook.com\/fr\/produit\/thrust-v\/","url":"https:\/\/kangook.com\/fr\/produit\/thrust-v\/","name":"Thrust V : l'aile id\u00e9ale pour les d\u00e9butants, pour un d\u00e9collage et un atterrissage faciles","isPartOf":{"@id":"https:\/\/kangook.com\/fr\/#website"},"primaryImageOfPage":{"@id":"https:\/\/kangook.com\/fr\/produit\/thrust-v\/#primaryimage"},"image":{"@id":"https:\/\/kangook.com\/fr\/produit\/thrust-v\/#primaryimage"},"thumbnailUrl":"https:\/\/kangook.com\/wp-content\/uploads\/2024\/03\/b23705_acf7786ff9cd498f946dbdf9150d2c34mv2.webp","datePublished":"2024-03-25T23:03:00+00:00","dateModified":"2026-01-26T20:34:51+00:00","description":"D\u00e9couvrez le Thrust V, parfait pour les d\u00e9butants et les \u00e9coles. Profitez d'un d\u00e9collage facile, d'une maniabilit\u00e9 agile et d'une s\u00e9curit\u00e9 accrue. Id\u00e9al pour le parapente et le paramoteur.","breadcrumb":{"@id":"https:\/\/kangook.com\/fr\/produit\/thrust-v\/#breadcrumb"},"inLanguage":"fr-FR","potentialAction":[{"@type":"ReadAction","target":["https:\/\/kangook.com\/fr\/produit\/thrust-v\/"]}]},{"@type":"ImageObject","inLanguage":"fr-FR","@id":"https:\/\/kangook.com\/fr\/produit\/thrust-v\/#primaryimage","url":"https:\/\/kangook.com\/wp-content\/uploads\/2024\/03\/b23705_acf7786ff9cd498f946dbdf9150d2c34mv2.webp","contentUrl":"https:\/\/kangook.com\/wp-content\/uploads\/2024\/03\/b23705_acf7786ff9cd498f946dbdf9150d2c34mv2.webp","width":1000,"height":750},{"@type":"BreadcrumbList","@id":"https:\/\/kangook.com\/fr\/produit\/thrust-v\/#breadcrumb","itemListElement":[{"@type":"ListItem","position":1,"name":"Accueil","item":"https:\/\/kangook.com\/fr\/"},{"@type":"ListItem","position":2,"name":"Store","item":"https:\/\/kangook.com\/store\/"},{"@type":"ListItem","position":3,"name":"Thrust V"}]},{"@type":"WebSite","@id":"https:\/\/kangook.com\/fr\/#website","url":"https:\/\/kangook.com\/fr\/","name":"Kangook","description":"Kangook Paramotors","publisher":{"@id":"https:\/\/kangook.com\/fr\/#organization"},"potentialAction":[{"@type":"SearchAction","target":{"@type":"EntryPoint","urlTemplate":"https:\/\/kangook.com\/fr\/?s={search_term_string}"},"query-input":{"@type":"PropertyValueSpecification","valueRequired":true,"valueName":"search_term_string"}}],"inLanguage":"fr-FR"},{"@type":"Organization","@id":"https:\/\/kangook.com\/fr\/#organization","name":"Kangook","url":"https:\/\/kangook.com\/fr\/","logo":{"@type":"ImageObject","inLanguage":"fr-FR","@id":"https:\/\/kangook.com\/fr\/#\/schema\/logo\/image\/","url":"https:\/\/kangook.com\/wp-content\/uploads\/2022\/07\/cropped-Kangook-Paramotors-Flag.png","contentUrl":"https:\/\/kangook.com\/wp-content\/uploads\/2022\/07\/cropped-Kangook-Paramotors-Flag.png","width":500,"height":97,"caption":"Kangook"},"image":{"@id":"https:\/\/kangook.com\/fr\/#\/schema\/logo\/image\/"}}]}},"wcpa_form_fields":null,"_links":{"self":[{"href":"https:\/\/kangook.com\/fr\/wp-json\/wp\/v2\/product\/18518","targetHints":{"allow":["GET"]}}],"collection":[{"href":"https:\/\/kangook.com\/fr\/wp-json\/wp\/v2\/product"}],"about":[{"href":"https:\/\/kangook.com\/fr\/wp-json\/wp\/v2\/types\/product"}],"version-history":[{"count":1,"href":"https:\/\/kangook.com\/fr\/wp-json\/wp\/v2\/product\/18518\/revisions"}],"predecessor-version":[{"id":30139,"href":"https:\/\/kangook.com\/fr\/wp-json\/wp\/v2\/product\/18518\/revisions\/30139"}],"wp:featuredmedia":[{"embeddable":true,"href":"https:\/\/kangook.com\/fr\/wp-json\/wp\/v2\/media\/16951"}],"wp:attachment":[{"href":"https:\/\/kangook.com\/fr\/wp-json\/wp\/v2\/media?parent=18518"}],"wp:term":[{"taxonomy":"product_brand","embeddable":true,"href":"https:\/\/kangook.com\/fr\/wp-json\/wp\/v2\/product_brand?post=18518"},{"taxonomy":"product_cat","embeddable":true,"href":"https:\/\/kangook.com\/fr\/wp-json\/wp\/v2\/product_cat?post=18518"},{"taxonomy":"product_tag","embeddable":true,"href":"https:\/\/kangook.com\/fr\/wp-json\/wp\/v2\/product_tag?post=18518"}],"curies":[{"name":"wp","href":"https:\/\/api.w.org\/{rel}","templated":true}]}}