{"id":18238,"date":"2024-05-03T18:22:08","date_gmt":"2024-05-03T18:22:08","guid":{"rendered":"https:\/\/kangook.com\/product\/mp001\/"},"modified":"2026-01-26T21:08:17","modified_gmt":"2026-01-26T21:08:17","slug":"mp001","status":"publish","type":"product","link":"https:\/\/kangook.com\/fr\/produit\/mp001\/","title":{"rendered":"MP001 Vilebrequin avec tige de pouss\u00e9e et volant d&rsquo;inertie \u00c9crou 10 x 1,25 mm | Moster 185"},"content":{"rendered":"<p>MP001 Vilebrequin avec tige de pouss\u00e9e et volant d&rsquo;inertie Ecrou 10 x 1.25 mm &#8211; Pi\u00e8ces detach\u00e9es Vittorazi Motors !<\/p>\n<p>Le MP001 est utilis\u00e9 sur :<\/p>\n<p><strong>Moster 185 Plus :<\/strong><\/p>\n<ul>\n<li>Premi\u00e8re version (QT\u00c9 1 utilis\u00e9e par moteur)<\/li>\n<li>Dark Evolution, d\u00e9marrage manuel et double d\u00e9marrage (QT\u00c9 1 utilis\u00e9e par moteur)<\/li>\n<li>MY&rsquo;19, d\u00e9marrage manuel et double (QT\u00c9 1 utilis\u00e9 par moteur)<\/li>\n<li>MY&rsquo;20, d\u00e9marrage manuel et double (QT\u00c9 1 utilis\u00e9 par moteur)<\/li>\n<li>MY&rsquo;22, d\u00e9marrage manuel et double (QT\u00c9 1 utilis\u00e9 par moteur)<\/li>\n<li>MY&rsquo;25, d\u00e9marrage manuel et double (QT\u00c9 1 utilis\u00e9 par moteur)<\/li>\n<\/ul>\n<p><strong>Moster 185 Factory:<\/strong><\/p>\n<ul>\n<li>Premi\u00e8re version (QT\u00c9 1 utilis\u00e9e par moteur)<\/li>\n<li>MY&rsquo;19 (QT\u00c9 1 utilis\u00e9 par moteur)<\/li>\n<li>MY&rsquo;22 (QTY 1 utilis\u00e9 par moteur)<\/li>\n<li>MY&rsquo;25 (QT\u00c9 1 utilis\u00e9 par moteur)<\/li>\n<\/ul>\n<p><strong>Moster 185 EFI:<\/strong><\/p>\n<ul>\n<li>MY&rsquo;24 (QT\u00c9 1 utilis\u00e9 par moteur)<\/li>\n<\/ul>\n<p>&nbsp;<\/p>\n<p>Pour tout aide suppl\u00e9mentaire, <a href=\"https:\/\/kangook.com\/fr\/contactez-nous\/\">n&rsquo;h\u00e9sitez pas \u00e0 nous contacter !<\/a><\/p>\n<p>Pour obtenir de l&rsquo;aide pour la maintenance et l&rsquo;installation r\u00e9ferrez vous aux manuels et \u00e0 la documentation de <a href=\"https:\/\/vittorazi.com\/en\/manual-and-documentations\/\" target=\"_blank\" rel=\"noopener\">Vittorazi<\/a><\/p>\n","protected":false},"excerpt":{"rendered":"<p><span data-sheets-root=\"1\" data-sheets-value=\"{\"1\":2,\"2\":\"Crankshaft with push rod and Flywheel Nut 10 x 1.25 mm \"}\" data-sheets-userformat=\"{\"2\":12543,\"3\":{\"1\":0,\"3\":1},\"4\":{\"1\":3,\"3\":2},\"5\":{\"1\":[{\"1\":2,\"2\":0,\"5\":{\"1\":2,\"2\":0}},{\"1\":0,\"2\":0,\"3\":3},{\"1\":1,\"2\":0,\"4\":1}]},\"6\":{\"1\":[{\"1\":2,\"2\":0,\"5\":{\"1\":2,\"2\":0}},{\"1\":0,\"2\":0,\"3\":3},{\"1\":1,\"2\":0,\"4\":1}]},\"7\":{\"1\":[{\"1\":2,\"2\":0,\"5\":{\"1\":2,\"2\":0}},{\"1\":0,\"2\":0,\"3\":3},{\"1\":1,\"2\":0,\"4\":1}]},\"8\":{\"1\":[{\"1\":2,\"2\":0,\"5\":{\"1\":2,\"2\":0}},{\"1\":0,\"2\":0,\"3\":3},{\"1\":1,\"2\":0,\"4\":1}]},\"9\":0,\"10\":1,\"15\":\"Verdana\",\"16\":11}\">Vilebrequin avec tige de pouss\u00e9e et \u00e9crou de volant moteur 10 x 1,25 mm <\/span><\/p>\n","protected":false},"featured_media":17276,"template":"","meta":{"site-sidebar-layout":"default","site-content-layout":"","ast-site-content-layout":"default","site-content-style":"default","site-sidebar-style":"default","ast-global-header-display":"","ast-banner-title-visibility":"","ast-main-header-display":"","ast-hfb-above-header-display":"","ast-hfb-below-header-display":"","ast-hfb-mobile-header-display":"","site-post-title":"","ast-breadcrumbs-content":"","ast-featured-img":"","footer-sml-layout":"","ast-disable-related-posts":"","theme-transparent-header-meta":"default","adv-header-id-meta":"","stick-header-meta":"default","header-above-stick-meta":"","header-main-stick-meta":"","header-below-stick-meta":"","astra-migrate-meta-layouts":"default","ast-page-background-enabled":"default","ast-page-background-meta":{"desktop":{"background-color":"","background-image":"","background-repeat":"repeat","background-position":"center center","background-size":"auto","background-attachment":"scroll","background-type":"","background-media":"","overlay-type":"","overlay-color":"","overlay-opacity":"","overlay-gradient":""},"tablet":{"background-color":"","background-image":"","background-repeat":"repeat","background-position":"center center","background-size":"auto","background-attachment":"scroll","background-type":"","background-media":"","overlay-type":"","overlay-color":"","overlay-opacity":"","overlay-gradient":""},"mobile":{"background-color":"","background-image":"","background-repeat":"repeat","background-position":"center center","background-size":"auto","background-attachment":"scroll","background-type":"","background-media":"","overlay-type":"","overlay-color":"","overlay-opacity":"","overlay-gradient":""}},"ast-content-background-meta":{"desktop":{"background-color":"var(--ast-global-color-5)","background-image":"","background-repeat":"repeat","background-position":"center center","background-size":"auto","background-attachment":"scroll","background-type":"","background-media":"","overlay-type":"","overlay-color":"","overlay-opacity":"","overlay-gradient":""},"tablet":{"background-color":"var(--ast-global-color-5)","background-image":"","background-repeat":"repeat","background-position":"center center","background-size":"auto","background-attachment":"scroll","background-type":"","background-media":"","overlay-type":"","overlay-color":"","overlay-opacity":"","overlay-gradient":""},"mobile":{"background-color":"var(--ast-global-color-5)","background-image":"","background-repeat":"repeat","background-position":"center center","background-size":"auto","background-attachment":"scroll","background-type":"","background-media":"","overlay-type":"","overlay-color":"","overlay-opacity":"","overlay-gradient":""}}},"product_brand":[1358],"product_cat":[1185,784,785,1186,176,175,1538,173],"product_tag":[212,213],"class_list":{"0":"post-18238","1":"product","2":"type-product","3":"status-publish","4":"has-post-thumbnail","6":"product_brand-vittorazi","7":"product_cat-efi-fr","8":"product_cat-moteur-moster185-factory","9":"product_cat-moteur-moster185-plus","10":"product_cat-moster-efi-fr","11":"product_cat-moster185-factory-fr","12":"product_cat-moster185-plus-fr","13":"product_cat-pieces-de-moteur","14":"product_cat-vittorazi-fr-marque","15":"product_tag-moster185-factory-groupe-thermique","16":"product_tag-moster185-plus-groupe-thermique","17":"desktop-align-left","18":"tablet-align-left","19":"mobile-align-left","20":"ast-product-gallery-layout-horizontal-slider","21":"ast-product-gallery-with-no-image","22":"ast-qv-on-image","24":"first","25":"instock","26":"taxable","27":"shipping-taxable","28":"purchasable","29":"product-type-simple"},"yoast_head":"<!-- This site is optimized with the Yoast SEO plugin v27.4 - https:\/\/yoast.com\/product\/yoast-seo-wordpress\/ -->\n<title>MP001 Vilebrequin avec bielle et volant moteur |Vittorazi Moster<\/title>\n<meta name=\"description\" content=\"Vilebrequin MP001 avec tige de pouss\u00e9e et \u00e9crou de volant pour le moteur Moster 185. Disponible chez Kangook Moster\" \/>\n<meta name=\"robots\" content=\"index, follow, max-snippet:-1, max-image-preview:large, max-video-preview:-1\" \/>\n<link rel=\"canonical\" href=\"https:\/\/kangook.com\/fr\/produit\/mp001\/\" \/>\n<meta property=\"og:locale\" content=\"fr_FR\" \/>\n<meta property=\"og:type\" content=\"article\" \/>\n<meta property=\"og:title\" content=\"MP001 Vilebrequin avec bielle et volant moteur |Vittorazi Moster\" \/>\n<meta property=\"og:description\" content=\"Vilebrequin MP001 avec tige de pouss\u00e9e et \u00e9crou de volant pour le moteur Moster 185. Disponible chez Kangook Moster\" \/>\n<meta property=\"og:url\" content=\"https:\/\/kangook.com\/fr\/produit\/mp001\/\" \/>\n<meta property=\"og:site_name\" content=\"Kangook Canada\" \/>\n<meta property=\"article:modified_time\" content=\"2026-01-26T21:08:17+00:00\" \/>\n<meta property=\"og:image\" content=\"https:\/\/kangook.com\/wp-content\/uploads\/2024\/05\/MP001.jpg\" \/>\n\t<meta property=\"og:image:width\" content=\"1000\" \/>\n\t<meta property=\"og:image:height\" content=\"1000\" \/>\n\t<meta property=\"og:image:type\" content=\"image\/jpeg\" \/>\n<meta name=\"twitter:card\" content=\"summary_large_image\" \/>\n<meta name=\"twitter:label1\" content=\"Dur\u00e9e de lecture estim\u00e9e\" \/>\n\t<meta name=\"twitter:data1\" content=\"1 minute\" \/>\n<script type=\"application\/ld+json\" class=\"yoast-schema-graph\">{\"@context\":\"https:\\\/\\\/schema.org\",\"@graph\":[{\"@type\":\"WebPage\",\"@id\":\"https:\\\/\\\/kangook.com\\\/fr\\\/produit\\\/mp001\\\/\",\"url\":\"https:\\\/\\\/kangook.com\\\/fr\\\/produit\\\/mp001\\\/\",\"name\":\"MP001 Vilebrequin avec bielle et volant moteur |Vittorazi Moster\",\"isPartOf\":{\"@id\":\"https:\\\/\\\/kangook.com\\\/fr\\\/#website\"},\"primaryImageOfPage\":{\"@id\":\"https:\\\/\\\/kangook.com\\\/fr\\\/produit\\\/mp001\\\/#primaryimage\"},\"image\":{\"@id\":\"https:\\\/\\\/kangook.com\\\/fr\\\/produit\\\/mp001\\\/#primaryimage\"},\"thumbnailUrl\":\"https:\\\/\\\/kangook.com\\\/wp-content\\\/uploads\\\/2024\\\/05\\\/MP001.jpg\",\"datePublished\":\"2024-05-03T18:22:08+00:00\",\"dateModified\":\"2026-01-26T21:08:17+00:00\",\"description\":\"Vilebrequin MP001 avec tige de pouss\u00e9e et \u00e9crou de volant pour le moteur Moster 185. Disponible chez Kangook Moster\",\"breadcrumb\":{\"@id\":\"https:\\\/\\\/kangook.com\\\/fr\\\/produit\\\/mp001\\\/#breadcrumb\"},\"inLanguage\":\"fr-FR\",\"potentialAction\":[{\"@type\":\"ReadAction\",\"target\":[\"https:\\\/\\\/kangook.com\\\/fr\\\/produit\\\/mp001\\\/\"]}]},{\"@type\":\"ImageObject\",\"inLanguage\":\"fr-FR\",\"@id\":\"https:\\\/\\\/kangook.com\\\/fr\\\/produit\\\/mp001\\\/#primaryimage\",\"url\":\"https:\\\/\\\/kangook.com\\\/wp-content\\\/uploads\\\/2024\\\/05\\\/MP001.jpg\",\"contentUrl\":\"https:\\\/\\\/kangook.com\\\/wp-content\\\/uploads\\\/2024\\\/05\\\/MP001.jpg\",\"width\":1000,\"height\":1000},{\"@type\":\"BreadcrumbList\",\"@id\":\"https:\\\/\\\/kangook.com\\\/fr\\\/produit\\\/mp001\\\/#breadcrumb\",\"itemListElement\":[{\"@type\":\"ListItem\",\"position\":1,\"name\":\"Accueil\",\"item\":\"https:\\\/\\\/kangook.com\\\/fr\\\/\"},{\"@type\":\"ListItem\",\"position\":2,\"name\":\"Store\",\"item\":\"https:\\\/\\\/kangook.com\\\/store\\\/\"},{\"@type\":\"ListItem\",\"position\":3,\"name\":\"MP001 Vilebrequin avec tige de pouss\u00e9e et volant d&#8217;inertie \u00c9crou 10 x 1,25 mm | Moster 185\"}]},{\"@type\":\"WebSite\",\"@id\":\"https:\\\/\\\/kangook.com\\\/fr\\\/#website\",\"url\":\"https:\\\/\\\/kangook.com\\\/fr\\\/\",\"name\":\"Kangook\",\"description\":\"Kangook Paramotors\",\"publisher\":{\"@id\":\"https:\\\/\\\/kangook.com\\\/fr\\\/#organization\"},\"potentialAction\":[{\"@type\":\"SearchAction\",\"target\":{\"@type\":\"EntryPoint\",\"urlTemplate\":\"https:\\\/\\\/kangook.com\\\/fr\\\/?s={search_term_string}\"},\"query-input\":{\"@type\":\"PropertyValueSpecification\",\"valueRequired\":true,\"valueName\":\"search_term_string\"}}],\"inLanguage\":\"fr-FR\"},{\"@type\":\"Organization\",\"@id\":\"https:\\\/\\\/kangook.com\\\/fr\\\/#organization\",\"name\":\"Kangook\",\"url\":\"https:\\\/\\\/kangook.com\\\/fr\\\/\",\"logo\":{\"@type\":\"ImageObject\",\"inLanguage\":\"fr-FR\",\"@id\":\"https:\\\/\\\/kangook.com\\\/fr\\\/#\\\/schema\\\/logo\\\/image\\\/\",\"url\":\"https:\\\/\\\/kangook.com\\\/wp-content\\\/uploads\\\/2022\\\/07\\\/cropped-Kangook-Paramotors-Flag.png\",\"contentUrl\":\"https:\\\/\\\/kangook.com\\\/wp-content\\\/uploads\\\/2022\\\/07\\\/cropped-Kangook-Paramotors-Flag.png\",\"width\":500,\"height\":97,\"caption\":\"Kangook\"},\"image\":{\"@id\":\"https:\\\/\\\/kangook.com\\\/fr\\\/#\\\/schema\\\/logo\\\/image\\\/\"}}]}<\/script>\n<!-- \/ Yoast SEO plugin. -->","yoast_head_json":{"title":"MP001 Vilebrequin avec bielle et volant moteur |Vittorazi Moster","description":"Vilebrequin MP001 avec tige de pouss\u00e9e et \u00e9crou de volant pour le moteur Moster 185. Disponible chez Kangook Moster","robots":{"index":"index","follow":"follow","max-snippet":"max-snippet:-1","max-image-preview":"max-image-preview:large","max-video-preview":"max-video-preview:-1"},"canonical":"https:\/\/kangook.com\/fr\/produit\/mp001\/","og_locale":"fr_FR","og_type":"article","og_title":"MP001 Vilebrequin avec bielle et volant moteur |Vittorazi Moster","og_description":"Vilebrequin MP001 avec tige de pouss\u00e9e et \u00e9crou de volant pour le moteur Moster 185. Disponible chez Kangook Moster","og_url":"https:\/\/kangook.com\/fr\/produit\/mp001\/","og_site_name":"Kangook Canada","article_modified_time":"2026-01-26T21:08:17+00:00","og_image":[{"width":1000,"height":1000,"url":"https:\/\/kangook.com\/wp-content\/uploads\/2024\/05\/MP001.jpg","type":"image\/jpeg"}],"twitter_card":"summary_large_image","twitter_misc":{"Dur\u00e9e de lecture estim\u00e9e":"1 minute"},"schema":{"@context":"https:\/\/schema.org","@graph":[{"@type":"WebPage","@id":"https:\/\/kangook.com\/fr\/produit\/mp001\/","url":"https:\/\/kangook.com\/fr\/produit\/mp001\/","name":"MP001 Vilebrequin avec bielle et volant moteur |Vittorazi Moster","isPartOf":{"@id":"https:\/\/kangook.com\/fr\/#website"},"primaryImageOfPage":{"@id":"https:\/\/kangook.com\/fr\/produit\/mp001\/#primaryimage"},"image":{"@id":"https:\/\/kangook.com\/fr\/produit\/mp001\/#primaryimage"},"thumbnailUrl":"https:\/\/kangook.com\/wp-content\/uploads\/2024\/05\/MP001.jpg","datePublished":"2024-05-03T18:22:08+00:00","dateModified":"2026-01-26T21:08:17+00:00","description":"Vilebrequin MP001 avec tige de pouss\u00e9e et \u00e9crou de volant pour le moteur Moster 185. Disponible chez Kangook Moster","breadcrumb":{"@id":"https:\/\/kangook.com\/fr\/produit\/mp001\/#breadcrumb"},"inLanguage":"fr-FR","potentialAction":[{"@type":"ReadAction","target":["https:\/\/kangook.com\/fr\/produit\/mp001\/"]}]},{"@type":"ImageObject","inLanguage":"fr-FR","@id":"https:\/\/kangook.com\/fr\/produit\/mp001\/#primaryimage","url":"https:\/\/kangook.com\/wp-content\/uploads\/2024\/05\/MP001.jpg","contentUrl":"https:\/\/kangook.com\/wp-content\/uploads\/2024\/05\/MP001.jpg","width":1000,"height":1000},{"@type":"BreadcrumbList","@id":"https:\/\/kangook.com\/fr\/produit\/mp001\/#breadcrumb","itemListElement":[{"@type":"ListItem","position":1,"name":"Accueil","item":"https:\/\/kangook.com\/fr\/"},{"@type":"ListItem","position":2,"name":"Store","item":"https:\/\/kangook.com\/store\/"},{"@type":"ListItem","position":3,"name":"MP001 Vilebrequin avec tige de pouss\u00e9e et volant d&#8217;inertie \u00c9crou 10 x 1,25 mm | Moster 185"}]},{"@type":"WebSite","@id":"https:\/\/kangook.com\/fr\/#website","url":"https:\/\/kangook.com\/fr\/","name":"Kangook","description":"Kangook Paramotors","publisher":{"@id":"https:\/\/kangook.com\/fr\/#organization"},"potentialAction":[{"@type":"SearchAction","target":{"@type":"EntryPoint","urlTemplate":"https:\/\/kangook.com\/fr\/?s={search_term_string}"},"query-input":{"@type":"PropertyValueSpecification","valueRequired":true,"valueName":"search_term_string"}}],"inLanguage":"fr-FR"},{"@type":"Organization","@id":"https:\/\/kangook.com\/fr\/#organization","name":"Kangook","url":"https:\/\/kangook.com\/fr\/","logo":{"@type":"ImageObject","inLanguage":"fr-FR","@id":"https:\/\/kangook.com\/fr\/#\/schema\/logo\/image\/","url":"https:\/\/kangook.com\/wp-content\/uploads\/2022\/07\/cropped-Kangook-Paramotors-Flag.png","contentUrl":"https:\/\/kangook.com\/wp-content\/uploads\/2022\/07\/cropped-Kangook-Paramotors-Flag.png","width":500,"height":97,"caption":"Kangook"},"image":{"@id":"https:\/\/kangook.com\/fr\/#\/schema\/logo\/image\/"}}]}},"wcpa_form_fields":null,"_links":{"self":[{"href":"https:\/\/kangook.com\/fr\/wp-json\/wp\/v2\/product\/18238","targetHints":{"allow":["GET"]}}],"collection":[{"href":"https:\/\/kangook.com\/fr\/wp-json\/wp\/v2\/product"}],"about":[{"href":"https:\/\/kangook.com\/fr\/wp-json\/wp\/v2\/types\/product"}],"version-history":[{"count":2,"href":"https:\/\/kangook.com\/fr\/wp-json\/wp\/v2\/product\/18238\/revisions"}],"predecessor-version":[{"id":31148,"href":"https:\/\/kangook.com\/fr\/wp-json\/wp\/v2\/product\/18238\/revisions\/31148"}],"wp:featuredmedia":[{"embeddable":true,"href":"https:\/\/kangook.com\/fr\/wp-json\/wp\/v2\/media\/17276"}],"wp:attachment":[{"href":"https:\/\/kangook.com\/fr\/wp-json\/wp\/v2\/media?parent=18238"}],"wp:term":[{"taxonomy":"product_brand","embeddable":true,"href":"https:\/\/kangook.com\/fr\/wp-json\/wp\/v2\/product_brand?post=18238"},{"taxonomy":"product_cat","embeddable":true,"href":"https:\/\/kangook.com\/fr\/wp-json\/wp\/v2\/product_cat?post=18238"},{"taxonomy":"product_tag","embeddable":true,"href":"https:\/\/kangook.com\/fr\/wp-json\/wp\/v2\/product_tag?post=18238"}],"curies":[{"name":"wp","href":"https:\/\/api.w.org\/{rel}","templated":true}]}}