{"id":18203,"date":"2024-05-04T01:53:47","date_gmt":"2024-05-04T01:53:47","guid":{"rendered":"https:\/\/kangook.com\/product\/mp059\/"},"modified":"2026-01-26T21:08:00","modified_gmt":"2026-01-26T21:08:00","slug":"mp059","status":"publish","type":"product","link":"https:\/\/kangook.com\/fr\/produit\/mp059\/","title":{"rendered":"MP059 Poign\u00e9e de d\u00e9marrage personnalis\u00e9e Vittorazi | Moster 185 \/ Atom 80 \/ Cosmos 300"},"content":{"rendered":"","protected":false},"excerpt":{"rendered":"<p>Poign\u00e9e de d\u00e9marrage personnalis\u00e9e Vittorazi | Moster 185 \/ Atom 80 \/ Cosmos 300<\/p>\n","protected":false},"featured_media":17314,"template":"","meta":{"site-sidebar-layout":"default","site-content-layout":"","ast-site-content-layout":"default","site-content-style":"default","site-sidebar-style":"default","ast-global-header-display":"","ast-banner-title-visibility":"","ast-main-header-display":"","ast-hfb-above-header-display":"","ast-hfb-below-header-display":"","ast-hfb-mobile-header-display":"","site-post-title":"","ast-breadcrumbs-content":"","ast-featured-img":"","footer-sml-layout":"","ast-disable-related-posts":"","theme-transparent-header-meta":"default","adv-header-id-meta":"","stick-header-meta":"default","header-above-stick-meta":"","header-main-stick-meta":"","header-below-stick-meta":"","astra-migrate-meta-layouts":"default","ast-page-background-enabled":"default","ast-page-background-meta":{"desktop":{"background-color":"","background-image":"","background-repeat":"repeat","background-position":"center center","background-size":"auto","background-attachment":"scroll","background-type":"","background-media":"","overlay-type":"","overlay-color":"","overlay-opacity":"","overlay-gradient":""},"tablet":{"background-color":"","background-image":"","background-repeat":"repeat","background-position":"center center","background-size":"auto","background-attachment":"scroll","background-type":"","background-media":"","overlay-type":"","overlay-color":"","overlay-opacity":"","overlay-gradient":""},"mobile":{"background-color":"","background-image":"","background-repeat":"repeat","background-position":"center center","background-size":"auto","background-attachment":"scroll","background-type":"","background-media":"","overlay-type":"","overlay-color":"","overlay-opacity":"","overlay-gradient":""}},"ast-content-background-meta":{"desktop":{"background-color":"var(--ast-global-color-5)","background-image":"","background-repeat":"repeat","background-position":"center center","background-size":"auto","background-attachment":"scroll","background-type":"","background-media":"","overlay-type":"","overlay-color":"","overlay-opacity":"","overlay-gradient":""},"tablet":{"background-color":"var(--ast-global-color-5)","background-image":"","background-repeat":"repeat","background-position":"center center","background-size":"auto","background-attachment":"scroll","background-type":"","background-media":"","overlay-type":"","overlay-color":"","overlay-opacity":"","overlay-gradient":""},"mobile":{"background-color":"var(--ast-global-color-5)","background-image":"","background-repeat":"repeat","background-position":"center center","background-size":"auto","background-attachment":"scroll","background-type":"","background-media":"","overlay-type":"","overlay-color":"","overlay-opacity":"","overlay-gradient":""}}},"product_brand":[1358],"product_cat":[182,781,782,183,784,785,786,176,175,174,1538,173],"product_tag":[187,190,211,214,216],"class_list":{"0":"post-18203","1":"product","2":"type-product","3":"status-publish","4":"has-post-thumbnail","6":"product_brand-vittorazi","7":"product_cat-atom-80-fr","8":"product_cat-moteur-atom80","9":"product_cat-moteur-cosmos300","10":"product_cat-cosmos300-fr","11":"product_cat-moteur-moster185-factory","12":"product_cat-moteur-moster185-plus","13":"product_cat-moteur-moster185-silent","14":"product_cat-moster185-factory-fr","15":"product_cat-moster185-plus-fr","16":"product_cat-moster185-silent-fr","17":"product_cat-pieces-de-moteur","18":"product_cat-vittorazi-fr-marque","19":"product_tag-atom80-lanceur","20":"product_tag-cosmos300-allumage","21":"product_tag-moster185-factory-demarreur","22":"product_tag-moster185-plus-demarreur","23":"product_tag-moster185-silent-demarreur","24":"desktop-align-left","25":"tablet-align-left","26":"mobile-align-left","27":"ast-product-gallery-layout-horizontal-slider","28":"ast-product-gallery-with-no-image","29":"ast-qv-on-image","31":"first","32":"instock","33":"taxable","34":"shipping-taxable","35":"purchasable","36":"product-type-simple"},"yoast_head":"<!-- This site is optimized with the Yoast SEO plugin v27.4 - https:\/\/yoast.com\/product\/yoast-seo-wordpress\/ -->\n<title>MP059 Starter Handle Customized | Vittorazi Parts<\/title>\n<meta name=\"description\" content=\"Poign\u00e9e de d\u00e9marreur MP059 personnalis\u00e9e pour les moteurs Vittorazi, adapt\u00e9e aux mod\u00e8les Moster 185, Atom 80 et Cosmos 300. Trouvez-le chez Kangook Paramotors.\" \/>\n<meta name=\"robots\" content=\"index, follow, max-snippet:-1, max-image-preview:large, max-video-preview:-1\" \/>\n<link rel=\"canonical\" href=\"https:\/\/kangook.com\/fr\/produit\/mp059\/\" \/>\n<meta property=\"og:locale\" content=\"fr_FR\" \/>\n<meta property=\"og:type\" content=\"article\" \/>\n<meta property=\"og:title\" content=\"MP059 Starter Handle Customized | Vittorazi Parts\" \/>\n<meta property=\"og:description\" content=\"Poign\u00e9e de d\u00e9marreur MP059 personnalis\u00e9e pour les moteurs Vittorazi, adapt\u00e9e aux mod\u00e8les Moster 185, Atom 80 et Cosmos 300. Trouvez-le chez Kangook Paramotors.\" \/>\n<meta property=\"og:url\" content=\"https:\/\/kangook.com\/fr\/produit\/mp059\/\" \/>\n<meta property=\"og:site_name\" content=\"Kangook Canada\" \/>\n<meta property=\"article:modified_time\" content=\"2026-01-26T21:08:00+00:00\" \/>\n<meta property=\"og:image\" content=\"https:\/\/kangook.com\/wp-content\/uploads\/2024\/05\/mp059.jpg\" \/>\n\t<meta property=\"og:image:width\" content=\"1000\" \/>\n\t<meta property=\"og:image:height\" content=\"1000\" \/>\n\t<meta property=\"og:image:type\" content=\"image\/jpeg\" \/>\n<meta name=\"twitter:card\" content=\"summary_large_image\" \/>\n<script type=\"application\/ld+json\" class=\"yoast-schema-graph\">{\"@context\":\"https:\\\/\\\/schema.org\",\"@graph\":[{\"@type\":\"WebPage\",\"@id\":\"https:\\\/\\\/kangook.com\\\/fr\\\/produit\\\/mp059\\\/\",\"url\":\"https:\\\/\\\/kangook.com\\\/fr\\\/produit\\\/mp059\\\/\",\"name\":\"MP059 Starter Handle Customized | Vittorazi Parts\",\"isPartOf\":{\"@id\":\"https:\\\/\\\/kangook.com\\\/fr\\\/#website\"},\"primaryImageOfPage\":{\"@id\":\"https:\\\/\\\/kangook.com\\\/fr\\\/produit\\\/mp059\\\/#primaryimage\"},\"image\":{\"@id\":\"https:\\\/\\\/kangook.com\\\/fr\\\/produit\\\/mp059\\\/#primaryimage\"},\"thumbnailUrl\":\"https:\\\/\\\/kangook.com\\\/wp-content\\\/uploads\\\/2024\\\/05\\\/mp059.jpg\",\"datePublished\":\"2024-05-04T01:53:47+00:00\",\"dateModified\":\"2026-01-26T21:08:00+00:00\",\"description\":\"Poign\u00e9e de d\u00e9marreur MP059 personnalis\u00e9e pour les moteurs Vittorazi, adapt\u00e9e aux mod\u00e8les Moster 185, Atom 80 et Cosmos 300. Trouvez-le chez Kangook Paramotors.\",\"breadcrumb\":{\"@id\":\"https:\\\/\\\/kangook.com\\\/fr\\\/produit\\\/mp059\\\/#breadcrumb\"},\"inLanguage\":\"fr-FR\",\"potentialAction\":[{\"@type\":\"ReadAction\",\"target\":[\"https:\\\/\\\/kangook.com\\\/fr\\\/produit\\\/mp059\\\/\"]}]},{\"@type\":\"ImageObject\",\"inLanguage\":\"fr-FR\",\"@id\":\"https:\\\/\\\/kangook.com\\\/fr\\\/produit\\\/mp059\\\/#primaryimage\",\"url\":\"https:\\\/\\\/kangook.com\\\/wp-content\\\/uploads\\\/2024\\\/05\\\/mp059.jpg\",\"contentUrl\":\"https:\\\/\\\/kangook.com\\\/wp-content\\\/uploads\\\/2024\\\/05\\\/mp059.jpg\",\"width\":1000,\"height\":1000},{\"@type\":\"BreadcrumbList\",\"@id\":\"https:\\\/\\\/kangook.com\\\/fr\\\/produit\\\/mp059\\\/#breadcrumb\",\"itemListElement\":[{\"@type\":\"ListItem\",\"position\":1,\"name\":\"Accueil\",\"item\":\"https:\\\/\\\/kangook.com\\\/fr\\\/\"},{\"@type\":\"ListItem\",\"position\":2,\"name\":\"Store\",\"item\":\"https:\\\/\\\/kangook.com\\\/store\\\/\"},{\"@type\":\"ListItem\",\"position\":3,\"name\":\"MP059 Poign\u00e9e de d\u00e9marrage personnalis\u00e9e Vittorazi | Moster 185 \\\/ Atom 80 \\\/ Cosmos 300\"}]},{\"@type\":\"WebSite\",\"@id\":\"https:\\\/\\\/kangook.com\\\/fr\\\/#website\",\"url\":\"https:\\\/\\\/kangook.com\\\/fr\\\/\",\"name\":\"Kangook\",\"description\":\"Kangook Paramotors\",\"publisher\":{\"@id\":\"https:\\\/\\\/kangook.com\\\/fr\\\/#organization\"},\"potentialAction\":[{\"@type\":\"SearchAction\",\"target\":{\"@type\":\"EntryPoint\",\"urlTemplate\":\"https:\\\/\\\/kangook.com\\\/fr\\\/?s={search_term_string}\"},\"query-input\":{\"@type\":\"PropertyValueSpecification\",\"valueRequired\":true,\"valueName\":\"search_term_string\"}}],\"inLanguage\":\"fr-FR\"},{\"@type\":\"Organization\",\"@id\":\"https:\\\/\\\/kangook.com\\\/fr\\\/#organization\",\"name\":\"Kangook\",\"url\":\"https:\\\/\\\/kangook.com\\\/fr\\\/\",\"logo\":{\"@type\":\"ImageObject\",\"inLanguage\":\"fr-FR\",\"@id\":\"https:\\\/\\\/kangook.com\\\/fr\\\/#\\\/schema\\\/logo\\\/image\\\/\",\"url\":\"https:\\\/\\\/kangook.com\\\/wp-content\\\/uploads\\\/2022\\\/07\\\/cropped-Kangook-Paramotors-Flag.png\",\"contentUrl\":\"https:\\\/\\\/kangook.com\\\/wp-content\\\/uploads\\\/2022\\\/07\\\/cropped-Kangook-Paramotors-Flag.png\",\"width\":500,\"height\":97,\"caption\":\"Kangook\"},\"image\":{\"@id\":\"https:\\\/\\\/kangook.com\\\/fr\\\/#\\\/schema\\\/logo\\\/image\\\/\"}}]}<\/script>\n<!-- \/ Yoast SEO plugin. -->","yoast_head_json":{"title":"MP059 Starter Handle Customized | Vittorazi Parts","description":"Poign\u00e9e de d\u00e9marreur MP059 personnalis\u00e9e pour les moteurs Vittorazi, adapt\u00e9e aux mod\u00e8les Moster 185, Atom 80 et Cosmos 300. Trouvez-le chez Kangook Paramotors.","robots":{"index":"index","follow":"follow","max-snippet":"max-snippet:-1","max-image-preview":"max-image-preview:large","max-video-preview":"max-video-preview:-1"},"canonical":"https:\/\/kangook.com\/fr\/produit\/mp059\/","og_locale":"fr_FR","og_type":"article","og_title":"MP059 Starter Handle Customized | Vittorazi Parts","og_description":"Poign\u00e9e de d\u00e9marreur MP059 personnalis\u00e9e pour les moteurs Vittorazi, adapt\u00e9e aux mod\u00e8les Moster 185, Atom 80 et Cosmos 300. Trouvez-le chez Kangook Paramotors.","og_url":"https:\/\/kangook.com\/fr\/produit\/mp059\/","og_site_name":"Kangook Canada","article_modified_time":"2026-01-26T21:08:00+00:00","og_image":[{"width":1000,"height":1000,"url":"https:\/\/kangook.com\/wp-content\/uploads\/2024\/05\/mp059.jpg","type":"image\/jpeg"}],"twitter_card":"summary_large_image","schema":{"@context":"https:\/\/schema.org","@graph":[{"@type":"WebPage","@id":"https:\/\/kangook.com\/fr\/produit\/mp059\/","url":"https:\/\/kangook.com\/fr\/produit\/mp059\/","name":"MP059 Starter Handle Customized | Vittorazi Parts","isPartOf":{"@id":"https:\/\/kangook.com\/fr\/#website"},"primaryImageOfPage":{"@id":"https:\/\/kangook.com\/fr\/produit\/mp059\/#primaryimage"},"image":{"@id":"https:\/\/kangook.com\/fr\/produit\/mp059\/#primaryimage"},"thumbnailUrl":"https:\/\/kangook.com\/wp-content\/uploads\/2024\/05\/mp059.jpg","datePublished":"2024-05-04T01:53:47+00:00","dateModified":"2026-01-26T21:08:00+00:00","description":"Poign\u00e9e de d\u00e9marreur MP059 personnalis\u00e9e pour les moteurs Vittorazi, adapt\u00e9e aux mod\u00e8les Moster 185, Atom 80 et Cosmos 300. Trouvez-le chez Kangook Paramotors.","breadcrumb":{"@id":"https:\/\/kangook.com\/fr\/produit\/mp059\/#breadcrumb"},"inLanguage":"fr-FR","potentialAction":[{"@type":"ReadAction","target":["https:\/\/kangook.com\/fr\/produit\/mp059\/"]}]},{"@type":"ImageObject","inLanguage":"fr-FR","@id":"https:\/\/kangook.com\/fr\/produit\/mp059\/#primaryimage","url":"https:\/\/kangook.com\/wp-content\/uploads\/2024\/05\/mp059.jpg","contentUrl":"https:\/\/kangook.com\/wp-content\/uploads\/2024\/05\/mp059.jpg","width":1000,"height":1000},{"@type":"BreadcrumbList","@id":"https:\/\/kangook.com\/fr\/produit\/mp059\/#breadcrumb","itemListElement":[{"@type":"ListItem","position":1,"name":"Accueil","item":"https:\/\/kangook.com\/fr\/"},{"@type":"ListItem","position":2,"name":"Store","item":"https:\/\/kangook.com\/store\/"},{"@type":"ListItem","position":3,"name":"MP059 Poign\u00e9e de d\u00e9marrage personnalis\u00e9e Vittorazi | Moster 185 \/ Atom 80 \/ Cosmos 300"}]},{"@type":"WebSite","@id":"https:\/\/kangook.com\/fr\/#website","url":"https:\/\/kangook.com\/fr\/","name":"Kangook","description":"Kangook Paramotors","publisher":{"@id":"https:\/\/kangook.com\/fr\/#organization"},"potentialAction":[{"@type":"SearchAction","target":{"@type":"EntryPoint","urlTemplate":"https:\/\/kangook.com\/fr\/?s={search_term_string}"},"query-input":{"@type":"PropertyValueSpecification","valueRequired":true,"valueName":"search_term_string"}}],"inLanguage":"fr-FR"},{"@type":"Organization","@id":"https:\/\/kangook.com\/fr\/#organization","name":"Kangook","url":"https:\/\/kangook.com\/fr\/","logo":{"@type":"ImageObject","inLanguage":"fr-FR","@id":"https:\/\/kangook.com\/fr\/#\/schema\/logo\/image\/","url":"https:\/\/kangook.com\/wp-content\/uploads\/2022\/07\/cropped-Kangook-Paramotors-Flag.png","contentUrl":"https:\/\/kangook.com\/wp-content\/uploads\/2022\/07\/cropped-Kangook-Paramotors-Flag.png","width":500,"height":97,"caption":"Kangook"},"image":{"@id":"https:\/\/kangook.com\/fr\/#\/schema\/logo\/image\/"}}]}},"wcpa_form_fields":null,"_links":{"self":[{"href":"https:\/\/kangook.com\/fr\/wp-json\/wp\/v2\/product\/18203","targetHints":{"allow":["GET"]}}],"collection":[{"href":"https:\/\/kangook.com\/fr\/wp-json\/wp\/v2\/product"}],"about":[{"href":"https:\/\/kangook.com\/fr\/wp-json\/wp\/v2\/types\/product"}],"version-history":[{"count":2,"href":"https:\/\/kangook.com\/fr\/wp-json\/wp\/v2\/product\/18203\/revisions"}],"predecessor-version":[{"id":31136,"href":"https:\/\/kangook.com\/fr\/wp-json\/wp\/v2\/product\/18203\/revisions\/31136"}],"wp:featuredmedia":[{"embeddable":true,"href":"https:\/\/kangook.com\/fr\/wp-json\/wp\/v2\/media\/17314"}],"wp:attachment":[{"href":"https:\/\/kangook.com\/fr\/wp-json\/wp\/v2\/media?parent=18203"}],"wp:term":[{"taxonomy":"product_brand","embeddable":true,"href":"https:\/\/kangook.com\/fr\/wp-json\/wp\/v2\/product_brand?post=18203"},{"taxonomy":"product_cat","embeddable":true,"href":"https:\/\/kangook.com\/fr\/wp-json\/wp\/v2\/product_cat?post=18203"},{"taxonomy":"product_tag","embeddable":true,"href":"https:\/\/kangook.com\/fr\/wp-json\/wp\/v2\/product_tag?post=18203"}],"curies":[{"name":"wp","href":"https:\/\/api.w.org\/{rel}","templated":true}]}}