{"id":18127,"date":"2024-05-06T13:15:09","date_gmt":"2024-05-06T13:15:09","guid":{"rendered":"https:\/\/kangook.com\/product\/vittorazi-factory-r\/"},"modified":"2026-01-26T21:07:05","modified_gmt":"2026-01-26T21:07:05","slug":"mfm287-r-my25","status":"publish","type":"product","link":"https:\/\/kangook.com\/fr\/produit\/mfm287-r-my25\/","title":{"rendered":"MFM287-R-MY25 | Vittorazi Factory R"},"content":{"rendered":"","protected":false},"excerpt":{"rendered":"<p style=\"text-align: center;\">D\u00e9couvrez le Moteur Moster Factory R<\/p>\n<p>D\u00e9couvrez le puissant Moster Factory R, dot\u00e9 d&rsquo;une pr\u00e9cision exceptionnelle, de composants de haute qualit\u00e9 et d&rsquo;un rapport poids\/puissance in\u00e9gal\u00e9. Le moteur paramoteur Moster Factory R offre plus de puissance que sa version pr\u00e9c\u00e9dente, ainsi qu&rsquo;une grande pr\u00e9cision et des composants de haute qualit\u00e9. Avec un rapport poids\/puissance exceptionnel, ce moteur ne p\u00e8se que 13,7 kg et produit une pouss\u00e9e impressionnante de 96 kg avec une h\u00e9lice de 140 cm. Cette performance est vraiment sans pr\u00e9c\u00e9dent dans sa cat\u00e9gorie, ce qui en fait un choix de premier ordre pour les pilotes \u00e0 la recherche de puissance et d&rsquo;efficacit\u00e9.   <\/p>\n","protected":false},"featured_media":17394,"template":"","meta":{"site-sidebar-layout":"default","site-content-layout":"","ast-site-content-layout":"default","site-content-style":"default","site-sidebar-style":"default","ast-global-header-display":"","ast-banner-title-visibility":"","ast-main-header-display":"","ast-hfb-above-header-display":"","ast-hfb-below-header-display":"","ast-hfb-mobile-header-display":"","site-post-title":"","ast-breadcrumbs-content":"","ast-featured-img":"","footer-sml-layout":"","ast-disable-related-posts":"","theme-transparent-header-meta":"default","adv-header-id-meta":"","stick-header-meta":"default","header-above-stick-meta":"","header-main-stick-meta":"","header-below-stick-meta":"","astra-migrate-meta-layouts":"default","ast-page-background-enabled":"default","ast-page-background-meta":{"desktop":{"background-color":"","background-image":"","background-repeat":"repeat","background-position":"center center","background-size":"auto","background-attachment":"scroll","background-type":"","background-media":"","overlay-type":"","overlay-color":"","overlay-opacity":"","overlay-gradient":""},"tablet":{"background-color":"","background-image":"","background-repeat":"repeat","background-position":"center center","background-size":"auto","background-attachment":"scroll","background-type":"","background-media":"","overlay-type":"","overlay-color":"","overlay-opacity":"","overlay-gradient":""},"mobile":{"background-color":"","background-image":"","background-repeat":"repeat","background-position":"center center","background-size":"auto","background-attachment":"scroll","background-type":"","background-media":"","overlay-type":"","overlay-color":"","overlay-opacity":"","overlay-gradient":""}},"ast-content-background-meta":{"desktop":{"background-color":"var(--ast-global-color-5)","background-image":"","background-repeat":"repeat","background-position":"center center","background-size":"auto","background-attachment":"scroll","background-type":"","background-media":"","overlay-type":"","overlay-color":"","overlay-opacity":"","overlay-gradient":""},"tablet":{"background-color":"var(--ast-global-color-5)","background-image":"","background-repeat":"repeat","background-position":"center center","background-size":"auto","background-attachment":"scroll","background-type":"","background-media":"","overlay-type":"","overlay-color":"","overlay-opacity":"","overlay-gradient":""},"mobile":{"background-color":"var(--ast-global-color-5)","background-image":"","background-repeat":"repeat","background-position":"center center","background-size":"auto","background-attachment":"scroll","background-type":"","background-media":"","overlay-type":"","overlay-color":"","overlay-opacity":"","overlay-gradient":""}}},"product_brand":[1358],"product_cat":[172,173],"product_tag":[],"class_list":{"0":"post-18127","1":"product","2":"type-product","3":"status-publish","4":"has-post-thumbnail","6":"product_brand-vittorazi","7":"product_cat-moteurs-pour-paramoteurs","8":"product_cat-vittorazi-fr-marque","9":"desktop-align-left","10":"tablet-align-left","11":"mobile-align-left","12":"ast-product-gallery-layout-horizontal-slider","13":"ast-product-gallery-with-no-image","14":"ast-product-single-variable","15":"ast-qv-on-image","17":"first","18":"instock","19":"taxable","20":"shipping-taxable","21":"purchasable","22":"product-type-variable"},"yoast_head":"<!-- This site is optimized with the Yoast SEO plugin v27.4 - https:\/\/yoast.com\/product\/yoast-seo-wordpress\/ -->\n<title>Moteur Moster Factory R pour Paramoteur | Kangook Canada<\/title>\n<meta name=\"description\" content=\"D\u00e9couvrez le moteur paramoteur Moster Factory R chez Kangook Canada. Une pr\u00e9cision exceptionnelle, des composants de qualit\u00e9 et un rapport poids\/puissance in\u00e9gal\u00e9.\" \/>\n<meta name=\"robots\" content=\"index, follow, max-snippet:-1, max-image-preview:large, max-video-preview:-1\" \/>\n<link rel=\"canonical\" href=\"https:\/\/kangook.com\/fr\/produit\/mfm287-r-my25\/\" \/>\n<meta property=\"og:locale\" content=\"fr_FR\" \/>\n<meta property=\"og:type\" content=\"article\" \/>\n<meta property=\"og:title\" content=\"Moteur Moster Factory R pour Paramoteur | Kangook Canada\" \/>\n<meta property=\"og:description\" content=\"D\u00e9couvrez le moteur paramoteur Moster Factory R chez Kangook Canada. Une pr\u00e9cision exceptionnelle, des composants de qualit\u00e9 et un rapport poids\/puissance in\u00e9gal\u00e9.\" \/>\n<meta property=\"og:url\" content=\"https:\/\/kangook.com\/fr\/produit\/mfm287-r-my25\/\" \/>\n<meta property=\"og:site_name\" content=\"Kangook Canada\" \/>\n<meta property=\"article:modified_time\" content=\"2026-01-26T21:07:05+00:00\" \/>\n<meta property=\"og:image\" content=\"https:\/\/kangook.com\/wp-content\/uploads\/2024\/05\/Factory-R.jpg\" \/>\n\t<meta property=\"og:image:width\" content=\"1000\" \/>\n\t<meta property=\"og:image:height\" content=\"1000\" \/>\n\t<meta property=\"og:image:type\" content=\"image\/jpeg\" \/>\n<meta name=\"twitter:card\" content=\"summary_large_image\" \/>\n<script type=\"application\/ld+json\" class=\"yoast-schema-graph\">{\"@context\":\"https:\\\/\\\/schema.org\",\"@graph\":[{\"@type\":\"WebPage\",\"@id\":\"https:\\\/\\\/kangook.com\\\/fr\\\/produit\\\/mfm287-r-my25\\\/\",\"url\":\"https:\\\/\\\/kangook.com\\\/fr\\\/produit\\\/mfm287-r-my25\\\/\",\"name\":\"Moteur Moster Factory R pour Paramoteur | Kangook Canada\",\"isPartOf\":{\"@id\":\"https:\\\/\\\/kangook.com\\\/fr\\\/#website\"},\"primaryImageOfPage\":{\"@id\":\"https:\\\/\\\/kangook.com\\\/fr\\\/produit\\\/mfm287-r-my25\\\/#primaryimage\"},\"image\":{\"@id\":\"https:\\\/\\\/kangook.com\\\/fr\\\/produit\\\/mfm287-r-my25\\\/#primaryimage\"},\"thumbnailUrl\":\"https:\\\/\\\/kangook.com\\\/wp-content\\\/uploads\\\/2024\\\/05\\\/Factory-R.jpg\",\"datePublished\":\"2024-05-06T13:15:09+00:00\",\"dateModified\":\"2026-01-26T21:07:05+00:00\",\"description\":\"D\u00e9couvrez le moteur paramoteur Moster Factory R chez Kangook Canada. Une pr\u00e9cision exceptionnelle, des composants de qualit\u00e9 et un rapport poids\\\/puissance in\u00e9gal\u00e9.\",\"breadcrumb\":{\"@id\":\"https:\\\/\\\/kangook.com\\\/fr\\\/produit\\\/mfm287-r-my25\\\/#breadcrumb\"},\"inLanguage\":\"fr-FR\",\"potentialAction\":[{\"@type\":\"ReadAction\",\"target\":[\"https:\\\/\\\/kangook.com\\\/fr\\\/produit\\\/mfm287-r-my25\\\/\"]}]},{\"@type\":\"ImageObject\",\"inLanguage\":\"fr-FR\",\"@id\":\"https:\\\/\\\/kangook.com\\\/fr\\\/produit\\\/mfm287-r-my25\\\/#primaryimage\",\"url\":\"https:\\\/\\\/kangook.com\\\/wp-content\\\/uploads\\\/2024\\\/05\\\/Factory-R.jpg\",\"contentUrl\":\"https:\\\/\\\/kangook.com\\\/wp-content\\\/uploads\\\/2024\\\/05\\\/Factory-R.jpg\",\"width\":1000,\"height\":1000},{\"@type\":\"BreadcrumbList\",\"@id\":\"https:\\\/\\\/kangook.com\\\/fr\\\/produit\\\/mfm287-r-my25\\\/#breadcrumb\",\"itemListElement\":[{\"@type\":\"ListItem\",\"position\":1,\"name\":\"Accueil\",\"item\":\"https:\\\/\\\/kangook.com\\\/fr\\\/\"},{\"@type\":\"ListItem\",\"position\":2,\"name\":\"Store\",\"item\":\"https:\\\/\\\/kangook.com\\\/store\\\/\"},{\"@type\":\"ListItem\",\"position\":3,\"name\":\"MFM287-R-MY25 | Vittorazi Factory R\"}]},{\"@type\":\"WebSite\",\"@id\":\"https:\\\/\\\/kangook.com\\\/fr\\\/#website\",\"url\":\"https:\\\/\\\/kangook.com\\\/fr\\\/\",\"name\":\"Kangook\",\"description\":\"Kangook Paramotors\",\"publisher\":{\"@id\":\"https:\\\/\\\/kangook.com\\\/fr\\\/#organization\"},\"potentialAction\":[{\"@type\":\"SearchAction\",\"target\":{\"@type\":\"EntryPoint\",\"urlTemplate\":\"https:\\\/\\\/kangook.com\\\/fr\\\/?s={search_term_string}\"},\"query-input\":{\"@type\":\"PropertyValueSpecification\",\"valueRequired\":true,\"valueName\":\"search_term_string\"}}],\"inLanguage\":\"fr-FR\"},{\"@type\":\"Organization\",\"@id\":\"https:\\\/\\\/kangook.com\\\/fr\\\/#organization\",\"name\":\"Kangook\",\"url\":\"https:\\\/\\\/kangook.com\\\/fr\\\/\",\"logo\":{\"@type\":\"ImageObject\",\"inLanguage\":\"fr-FR\",\"@id\":\"https:\\\/\\\/kangook.com\\\/fr\\\/#\\\/schema\\\/logo\\\/image\\\/\",\"url\":\"https:\\\/\\\/kangook.com\\\/wp-content\\\/uploads\\\/2022\\\/07\\\/cropped-Kangook-Paramotors-Flag.png\",\"contentUrl\":\"https:\\\/\\\/kangook.com\\\/wp-content\\\/uploads\\\/2022\\\/07\\\/cropped-Kangook-Paramotors-Flag.png\",\"width\":500,\"height\":97,\"caption\":\"Kangook\"},\"image\":{\"@id\":\"https:\\\/\\\/kangook.com\\\/fr\\\/#\\\/schema\\\/logo\\\/image\\\/\"}}]}<\/script>\n<!-- \/ Yoast SEO plugin. -->","yoast_head_json":{"title":"Moteur Moster Factory R pour Paramoteur | Kangook Canada","description":"D\u00e9couvrez le moteur paramoteur Moster Factory R chez Kangook Canada. Une pr\u00e9cision exceptionnelle, des composants de qualit\u00e9 et un rapport poids\/puissance in\u00e9gal\u00e9.","robots":{"index":"index","follow":"follow","max-snippet":"max-snippet:-1","max-image-preview":"max-image-preview:large","max-video-preview":"max-video-preview:-1"},"canonical":"https:\/\/kangook.com\/fr\/produit\/mfm287-r-my25\/","og_locale":"fr_FR","og_type":"article","og_title":"Moteur Moster Factory R pour Paramoteur | Kangook Canada","og_description":"D\u00e9couvrez le moteur paramoteur Moster Factory R chez Kangook Canada. Une pr\u00e9cision exceptionnelle, des composants de qualit\u00e9 et un rapport poids\/puissance in\u00e9gal\u00e9.","og_url":"https:\/\/kangook.com\/fr\/produit\/mfm287-r-my25\/","og_site_name":"Kangook Canada","article_modified_time":"2026-01-26T21:07:05+00:00","og_image":[{"width":1000,"height":1000,"url":"https:\/\/kangook.com\/wp-content\/uploads\/2024\/05\/Factory-R.jpg","type":"image\/jpeg"}],"twitter_card":"summary_large_image","schema":{"@context":"https:\/\/schema.org","@graph":[{"@type":"WebPage","@id":"https:\/\/kangook.com\/fr\/produit\/mfm287-r-my25\/","url":"https:\/\/kangook.com\/fr\/produit\/mfm287-r-my25\/","name":"Moteur Moster Factory R pour Paramoteur | Kangook Canada","isPartOf":{"@id":"https:\/\/kangook.com\/fr\/#website"},"primaryImageOfPage":{"@id":"https:\/\/kangook.com\/fr\/produit\/mfm287-r-my25\/#primaryimage"},"image":{"@id":"https:\/\/kangook.com\/fr\/produit\/mfm287-r-my25\/#primaryimage"},"thumbnailUrl":"https:\/\/kangook.com\/wp-content\/uploads\/2024\/05\/Factory-R.jpg","datePublished":"2024-05-06T13:15:09+00:00","dateModified":"2026-01-26T21:07:05+00:00","description":"D\u00e9couvrez le moteur paramoteur Moster Factory R chez Kangook Canada. Une pr\u00e9cision exceptionnelle, des composants de qualit\u00e9 et un rapport poids\/puissance in\u00e9gal\u00e9.","breadcrumb":{"@id":"https:\/\/kangook.com\/fr\/produit\/mfm287-r-my25\/#breadcrumb"},"inLanguage":"fr-FR","potentialAction":[{"@type":"ReadAction","target":["https:\/\/kangook.com\/fr\/produit\/mfm287-r-my25\/"]}]},{"@type":"ImageObject","inLanguage":"fr-FR","@id":"https:\/\/kangook.com\/fr\/produit\/mfm287-r-my25\/#primaryimage","url":"https:\/\/kangook.com\/wp-content\/uploads\/2024\/05\/Factory-R.jpg","contentUrl":"https:\/\/kangook.com\/wp-content\/uploads\/2024\/05\/Factory-R.jpg","width":1000,"height":1000},{"@type":"BreadcrumbList","@id":"https:\/\/kangook.com\/fr\/produit\/mfm287-r-my25\/#breadcrumb","itemListElement":[{"@type":"ListItem","position":1,"name":"Accueil","item":"https:\/\/kangook.com\/fr\/"},{"@type":"ListItem","position":2,"name":"Store","item":"https:\/\/kangook.com\/store\/"},{"@type":"ListItem","position":3,"name":"MFM287-R-MY25 | Vittorazi Factory R"}]},{"@type":"WebSite","@id":"https:\/\/kangook.com\/fr\/#website","url":"https:\/\/kangook.com\/fr\/","name":"Kangook","description":"Kangook Paramotors","publisher":{"@id":"https:\/\/kangook.com\/fr\/#organization"},"potentialAction":[{"@type":"SearchAction","target":{"@type":"EntryPoint","urlTemplate":"https:\/\/kangook.com\/fr\/?s={search_term_string}"},"query-input":{"@type":"PropertyValueSpecification","valueRequired":true,"valueName":"search_term_string"}}],"inLanguage":"fr-FR"},{"@type":"Organization","@id":"https:\/\/kangook.com\/fr\/#organization","name":"Kangook","url":"https:\/\/kangook.com\/fr\/","logo":{"@type":"ImageObject","inLanguage":"fr-FR","@id":"https:\/\/kangook.com\/fr\/#\/schema\/logo\/image\/","url":"https:\/\/kangook.com\/wp-content\/uploads\/2022\/07\/cropped-Kangook-Paramotors-Flag.png","contentUrl":"https:\/\/kangook.com\/wp-content\/uploads\/2022\/07\/cropped-Kangook-Paramotors-Flag.png","width":500,"height":97,"caption":"Kangook"},"image":{"@id":"https:\/\/kangook.com\/fr\/#\/schema\/logo\/image\/"}}]}},"wcpa_form_fields":null,"_links":{"self":[{"href":"https:\/\/kangook.com\/fr\/wp-json\/wp\/v2\/product\/18127","targetHints":{"allow":["GET"]}}],"collection":[{"href":"https:\/\/kangook.com\/fr\/wp-json\/wp\/v2\/product"}],"about":[{"href":"https:\/\/kangook.com\/fr\/wp-json\/wp\/v2\/types\/product"}],"version-history":[{"count":1,"href":"https:\/\/kangook.com\/fr\/wp-json\/wp\/v2\/product\/18127\/revisions"}],"predecessor-version":[{"id":31092,"href":"https:\/\/kangook.com\/fr\/wp-json\/wp\/v2\/product\/18127\/revisions\/31092"}],"wp:featuredmedia":[{"embeddable":true,"href":"https:\/\/kangook.com\/fr\/wp-json\/wp\/v2\/media\/17394"}],"wp:attachment":[{"href":"https:\/\/kangook.com\/fr\/wp-json\/wp\/v2\/media?parent=18127"}],"wp:term":[{"taxonomy":"product_brand","embeddable":true,"href":"https:\/\/kangook.com\/fr\/wp-json\/wp\/v2\/product_brand?post=18127"},{"taxonomy":"product_cat","embeddable":true,"href":"https:\/\/kangook.com\/fr\/wp-json\/wp\/v2\/product_cat?post=18127"},{"taxonomy":"product_tag","embeddable":true,"href":"https:\/\/kangook.com\/fr\/wp-json\/wp\/v2\/product_tag?post=18127"}],"curies":[{"name":"wp","href":"https:\/\/api.w.org\/{rel}","templated":true}]}}