{"id":21407,"date":"2024-10-07T22:38:11","date_gmt":"2024-10-07T22:38:11","guid":{"rendered":"https:\/\/kangook.com\/bgd\/"},"modified":"2024-10-07T22:46:46","modified_gmt":"2024-10-07T22:46:46","slug":"bgd","status":"publish","type":"page","link":"https:\/\/kangook.com\/fr\/bgd\/","title":{"rendered":"BGD"},"content":{"rendered":"\t\t<div data-elementor-type=\"wp-page\" data-elementor-id=\"21407\" class=\"elementor elementor-21407 elementor-20987\" data-elementor-post-type=\"page\">\n\t\t\t\t<div class=\"elementor-element elementor-element-6f622ac e-con-full e-flex e-con e-parent\" data-id=\"6f622ac\" data-element_type=\"container\" data-e-type=\"container\" data-settings=\"{&quot;background_background&quot;:&quot;classic&quot;,&quot;shape_divider_bottom&quot;:&quot;pyramids&quot;,&quot;shape_divider_bottom_negative&quot;:&quot;yes&quot;}\">\n\t\t\t\t<div class=\"elementor-shape elementor-shape-bottom\" aria-hidden=\"true\" data-negative=\"true\">\n\t\t\t<svg xmlns=\"http:\/\/www.w3.org\/2000\/svg\" viewBox=\"0 0 1000 100\" preserveAspectRatio=\"none\">\n\t<path class=\"elementor-shape-fill\" d=\"M761.9,40.6L643.1,24L333.9,93.8L0.1,1H0v99h1000V1\"\/>\n<\/svg>\t\t<\/div>\n\t\t\t\t<div class=\"elementor-element elementor-element-35a1538 elementor-widget elementor-widget-heading\" data-id=\"35a1538\" data-element_type=\"widget\" data-e-type=\"widget\" data-widget_type=\"heading.default\">\n\t\t\t\t<div class=\"elementor-widget-container\">\n\t\t\t\t\t<h1 class=\"elementor-heading-title elementor-size-default\">BGD PARAPENTES\n<\/h1>\t\t\t\t<\/div>\n\t\t\t\t<\/div>\n\t\t\t\t<\/div>\n\t\t<div class=\"elementor-element elementor-element-48060c8 e-flex e-con-boxed e-con e-parent\" data-id=\"48060c8\" data-element_type=\"container\" data-e-type=\"container\" data-settings=\"{&quot;background_background&quot;:&quot;classic&quot;}\">\n\t\t\t\t\t<div class=\"e-con-inner\">\n\t\t\t\t<div class=\"elementor-element elementor-element-c75284f elementor-widget elementor-widget-heading\" data-id=\"c75284f\" data-element_type=\"widget\" data-e-type=\"widget\" data-widget_type=\"heading.default\">\n\t\t\t\t<div class=\"elementor-widget-container\">\n\t\t\t\t\t<h2 class=\"elementor-heading-title elementor-size-default\">L'EXCELLENCE EN VOL<\/h2>\t\t\t\t<\/div>\n\t\t\t\t<\/div>\n\t\t\t\t<div class=\"elementor-element elementor-element-e6e6825 elementor-widget elementor-widget-text-editor\" data-id=\"e6e6825\" data-element_type=\"widget\" data-e-type=\"widget\" data-widget_type=\"text-editor.default\">\n\t\t\t\t<div class=\"elementor-widget-container\">\n\t\t\t\t\t\t\t\t\t<div class=\"elementor-element elementor-element-b11b1b1 elementor-widget elementor-widget-woocommerce-archive-description\" data-id=\"b11b1b1\" data-element_type=\"widget\" data-widget_type=\"woocommerce-archive-description.default\"><div class=\"elementor-widget-container\"><div class=\"term-description\"><div class=\"elementor-element elementor-element-3ee29e8 e-flex e-con-boxed e-con e-parent e-lazyloaded\" data-id=\"3ee29e8\" data-element_type=\"container\" data-settings=\"{&quot;background_background&quot;:&quot;classic&quot;}\"><div class=\"e-con-inner\"><div class=\"elementor-element elementor-element-288a3cb elementor-widget__width-initial elementor-widget-mobile__width-inherit elementor-widget elementor-widget-woocommerce-archive-description\" data-id=\"288a3cb\" data-element_type=\"widget\" data-widget_type=\"woocommerce-archive-description.default\"><div class=\"elementor-widget-container\"><div class=\"term-description\"><div class=\"w-full text-token-text-primary\" data-testid=\"conversation-turn-31\"><div class=\"px-4 py-2 justify-center text-base md:gap-6 m-auto\"><div class=\"flex flex-1 text-base mx-auto gap-3 md:px-5 lg:px-1 xl:px-5 md:max-w-3xl lg:max-w-[40rem] xl:max-w-[48rem] group\"><div class=\"relative flex w-full flex-col agent-turn\"><div class=\"flex-col gap-1 md:gap-3\"><div class=\"flex flex-grow flex-col max-w-full\"><div class=\"min-h-[20px] text-message flex flex-col items-start gap-3 whitespace-pre-wrap break-words [.text-message+&amp;]:mt-5 overflow-x-auto\" data-message-author-role=\"assistant\" data-message-id=\"d26ac01c-880d-43ce-aa50-9f6ee9e107ad\"><div class=\"markdown prose w-full break-words dark:prose-invert dark\"><div class=\"elementor-element elementor-element-3ee29e8 e-flex e-con-boxed e-con e-parent e-lazyloaded\" data-id=\"3ee29e8\" data-element_type=\"container\" data-settings=\"{&quot;background_background&quot;:&quot;classic&quot;}\"><div class=\"e-con-inner\"><div class=\"elementor-element elementor-element-288a3cb elementor-widget__width-initial elementor-widget-mobile__width-inherit elementor-widget elementor-widget-woocommerce-archive-description\" data-id=\"288a3cb\" data-element_type=\"widget\" data-widget_type=\"woocommerce-archive-description.default\"><div class=\"elementor-widget-container\"><div class=\"term-description\"><p>Depuis plus de 25 ans, BGD se sp\u00e9cialise dans la conception et la fabrication de parapentes et d\u2019ailes pour paramoteur, en tirant parti de notre profonde expertise dans le secteur pour offrir une qualit\u00e9 et des performances in\u00e9gal\u00e9es aux pilotes du monde entier.<\/p><\/div><\/div><\/div><\/div><\/div><\/div><\/div><\/div><\/div><\/div><\/div><\/div><\/div><\/div><\/div><\/div><\/div><\/div><\/div><\/div><\/div>\t\t\t\t\t\t\t\t<\/div>\n\t\t\t\t<\/div>\n\t\t<div class=\"elementor-element elementor-element-f82d5e4 e-con-full e-flex e-con e-child\" data-id=\"f82d5e4\" data-element_type=\"container\" data-e-type=\"container\" data-settings=\"{&quot;background_background&quot;:&quot;classic&quot;}\">\n\t\t\t\t<div class=\"elementor-element elementor-element-1d0afa2 elementor-grid-mobile-1 elementor-product-loop-item--align-center elementor-product-loop-item--align-center elementor-grid-4 elementor-grid-tablet-3 elementor-products-grid elementor-wc-products elementor-widget elementor-widget-woocommerce-products\" data-id=\"1d0afa2\" data-element_type=\"widget\" data-e-type=\"widget\" data-widget_type=\"woocommerce-products.default\">\n\t\t\t\t<div class=\"elementor-widget-container\">\n\t\t\t\t\t<div class=\"woocommerce columns-4 \"><ul class=\"products elementor-grid columns-4\">\n<li class=\"desktop-align-left tablet-align-left mobile-align-left ast-product-gallery-layout-horizontal-slider ast-product-gallery-with-no-image ast-qv-on-image wcpa_has_options product type-product post-18516 status-publish first instock product_cat-accessoires-vittorazi product_cat-bgd product_cat-voiles product_cat-voiles-bgd has-post-thumbnail taxable shipping-taxable purchasable product-type-simple\">\n\t<a href=\"https:\/\/kangook.com\/fr\/produit\/dual-light-motor\/\" class=\"woocommerce-LoopProduct-link woocommerce-loop-product__link\"><img fetchpriority=\"high\" decoding=\"async\" width=\"274\" height=\"274\" src=\"https:\/\/kangook.com\/wp-content\/uploads\/2024\/03\/b23705_a4889077681d409fb1937666a4a2a0fbmv2.webp\" class=\"attachment-woocommerce_thumbnail size-woocommerce_thumbnail\" alt=\"Moteur BGD Dual Light\" srcset=\"https:\/\/kangook.com\/wp-content\/uploads\/2024\/03\/b23705_a4889077681d409fb1937666a4a2a0fbmv2.webp 274w, https:\/\/kangook.com\/wp-content\/uploads\/2024\/03\/b23705_a4889077681d409fb1937666a4a2a0fbmv2-150x150.webp 150w, https:\/\/kangook.com\/wp-content\/uploads\/2024\/03\/b23705_a4889077681d409fb1937666a4a2a0fbmv2-100x100.webp 100w\" sizes=\"(max-width: 274px) 100vw, 274px\" \/><h2 class=\"woocommerce-loop-product__title\">Moteur BGD Dual Light<\/h2>\n\t<span class=\"price\"><span class=\"woocommerce-Price-amount amount\"><bdi>7,390.00<span class=\"woocommerce-Price-currencySymbol\">&#36;<\/span><\/bdi><\/span><\/span>\n<\/a><div class=\"woocommerce-loop-product__buttons\"><a href=\"https:\/\/kangook.com\/fr\/produit\/dual-light-motor\/\" aria-describedby=\"woocommerce_loop_add_to_cart_link_describedby_18516\" data-quantity=\"1\" class=\"button product_type_simple add_to_cart_button  wcpa_add_to_cart_button\" data-product_id=\"18516\" data-product_sku=\"\" aria-label=\"Ajouter au panier\u00a0: &ldquo;Moteur BGD Dual Light&rdquo;\" rel=\"nofollow\" data-success_message=\"\u00ab\u00a0Moteur BGD Dual Light\u00a0\u00bb a \u00e9t\u00e9 ajout\u00e9 \u00e0 votre panier\">S\u00c9LECTIONNEZ VOS OPTIONS<\/a><\/div>\t<span id=\"woocommerce_loop_add_to_cart_link_describedby_18516\" class=\"screen-reader-text\">\n\t\t\t<\/span>\n<\/li>\n<li class=\"desktop-align-left tablet-align-left mobile-align-left ast-product-gallery-layout-horizontal-slider ast-product-gallery-with-no-image ast-qv-on-image wcpa_has_options product type-product post-18518 status-publish instock product_cat-accessoires-bgd product_cat-bgd product_cat-voiles product_cat-voiles-bgd has-post-thumbnail taxable shipping-taxable purchasable product-type-simple\">\n\t<a href=\"https:\/\/kangook.com\/fr\/produit\/thrust-v\/\" class=\"woocommerce-LoopProduct-link woocommerce-loop-product__link\"><img decoding=\"async\" width=\"300\" height=\"300\" src=\"https:\/\/kangook.com\/wp-content\/uploads\/2024\/03\/b23705_acf7786ff9cd498f946dbdf9150d2c34mv2-300x300.webp\" class=\"attachment-woocommerce_thumbnail size-woocommerce_thumbnail\" alt=\"Thrust V\" srcset=\"https:\/\/kangook.com\/wp-content\/uploads\/2024\/03\/b23705_acf7786ff9cd498f946dbdf9150d2c34mv2-300x300.webp 300w, https:\/\/kangook.com\/wp-content\/uploads\/2024\/03\/b23705_acf7786ff9cd498f946dbdf9150d2c34mv2-150x150.webp 150w, https:\/\/kangook.com\/wp-content\/uploads\/2024\/03\/b23705_acf7786ff9cd498f946dbdf9150d2c34mv2-100x100.webp 100w\" sizes=\"(max-width: 300px) 100vw, 300px\" \/><h2 class=\"woocommerce-loop-product__title\">Thrust V<\/h2>\n\t<span class=\"price\"><span class=\"woocommerce-Price-amount amount\"><bdi>5,298.00<span class=\"woocommerce-Price-currencySymbol\">&#36;<\/span><\/bdi><\/span><\/span>\n<\/a><div class=\"woocommerce-loop-product__buttons\"><a href=\"https:\/\/kangook.com\/fr\/produit\/thrust-v\/\" aria-describedby=\"woocommerce_loop_add_to_cart_link_describedby_18518\" data-quantity=\"1\" class=\"button product_type_simple add_to_cart_button  wcpa_add_to_cart_button\" data-product_id=\"18518\" data-product_sku=\"\" aria-label=\"Ajouter au panier\u00a0: &ldquo;Thrust V&rdquo;\" rel=\"nofollow\" data-success_message=\"\u00ab\u00a0Thrust V\u00a0\u00bb a \u00e9t\u00e9 ajout\u00e9 \u00e0 votre panier\">S\u00c9LECTIONNEZ VOS OPTIONS<\/a><\/div>\t<span id=\"woocommerce_loop_add_to_cart_link_describedby_18518\" class=\"screen-reader-text\">\n\t\t\t<\/span>\n<\/li>\n<li class=\"desktop-align-left tablet-align-left mobile-align-left ast-product-gallery-layout-horizontal-slider ast-product-gallery-with-no-image ast-qv-on-image wcpa_has_options product type-product post-18517 status-publish instock product_cat-accessoires-vittorazi product_cat-bgd product_cat-voiles product_cat-voiles-bgd has-post-thumbnail taxable shipping-taxable purchasable product-type-simple\">\n\t<a href=\"https:\/\/kangook.com\/fr\/produit\/seed\/\" class=\"woocommerce-LoopProduct-link woocommerce-loop-product__link\"><img decoding=\"async\" width=\"300\" height=\"255\" src=\"https:\/\/kangook.com\/wp-content\/uploads\/2024\/03\/b23705_ab2d5e1dd0bf4e0c8a78ab471de4b494mv2-300x255.webp\" class=\"attachment-woocommerce_thumbnail size-woocommerce_thumbnail\" alt=\"Seed\" \/><h2 class=\"woocommerce-loop-product__title\">Seed<\/h2>\n\t<span class=\"price\"><span class=\"woocommerce-Price-amount amount\"><bdi>2,190.00<span class=\"woocommerce-Price-currencySymbol\">&#36;<\/span><\/bdi><\/span><\/span>\n<\/a><div class=\"woocommerce-loop-product__buttons\"><a href=\"https:\/\/kangook.com\/fr\/produit\/seed\/\" aria-describedby=\"woocommerce_loop_add_to_cart_link_describedby_18517\" data-quantity=\"1\" class=\"button product_type_simple add_to_cart_button  wcpa_add_to_cart_button\" data-product_id=\"18517\" data-product_sku=\"\" aria-label=\"Ajouter au panier\u00a0: &ldquo;Seed&rdquo;\" rel=\"nofollow\" data-success_message=\"\u00ab\u00a0Seed\u00a0\u00bb a \u00e9t\u00e9 ajout\u00e9 \u00e0 votre panier\">S\u00c9LECTIONNEZ VOS OPTIONS<\/a><\/div>\t<span id=\"woocommerce_loop_add_to_cart_link_describedby_18517\" class=\"screen-reader-text\">\n\t\t\t<\/span>\n<\/li>\n<\/ul>\n<\/div>\t\t\t\t<\/div>\n\t\t\t\t<\/div>\n\t\t\t\t<\/div>\n\t\t\t\t\t<\/div>\n\t\t\t\t<\/div>\n\t\t\t\t<\/div>\n\t\t","protected":false},"excerpt":{"rendered":"<p>BGD PARAPENTES L&rsquo;EXCELLENCE EN VOL Depuis plus de 25 ans, BGD se sp\u00e9cialise dans la conception et la fabrication de parapentes et d\u2019ailes pour paramoteur, en tirant parti de notre profonde expertise dans le secteur pour offrir une qualit\u00e9 et des performances in\u00e9gal\u00e9es aux pilotes du monde entier.<\/p>\n","protected":false},"author":10,"featured_media":0,"parent":0,"menu_order":0,"comment_status":"closed","ping_status":"closed","template":"elementor_header_footer","meta":{"site-sidebar-layout":"no-sidebar","site-content-layout":"page-builder","ast-site-content-layout":"full-width-container","site-content-style":"default","site-sidebar-style":"default","ast-global-header-display":"","ast-banner-title-visibility":"","ast-main-header-display":"","ast-hfb-above-header-display":"","ast-hfb-below-header-display":"","ast-hfb-mobile-header-display":"","site-post-title":"disabled","ast-breadcrumbs-content":"","ast-featured-img":"disabled","footer-sml-layout":"","ast-disable-related-posts":"","theme-transparent-header-meta":"","adv-header-id-meta":"","stick-header-meta":"","header-above-stick-meta":"","header-main-stick-meta":"","header-below-stick-meta":"","astra-migrate-meta-layouts":"set","ast-page-background-enabled":"default","ast-page-background-meta":{"desktop":{"background-color":"","background-image":"","background-repeat":"repeat","background-position":"center center","background-size":"auto","background-attachment":"scroll","background-type":"","background-media":"","overlay-type":"","overlay-color":"","overlay-opacity":"","overlay-gradient":""},"tablet":{"background-color":"","background-image":"","background-repeat":"repeat","background-position":"center center","background-size":"auto","background-attachment":"scroll","background-type":"","background-media":"","overlay-type":"","overlay-color":"","overlay-opacity":"","overlay-gradient":""},"mobile":{"background-color":"","background-image":"","background-repeat":"repeat","background-position":"center center","background-size":"auto","background-attachment":"scroll","background-type":"","background-media":"","overlay-type":"","overlay-color":"","overlay-opacity":"","overlay-gradient":""}},"ast-content-background-meta":{"desktop":{"background-color":"var(--ast-global-color-5)","background-image":"","background-repeat":"repeat","background-position":"center center","background-size":"auto","background-attachment":"scroll","background-type":"","background-media":"","overlay-type":"","overlay-color":"","overlay-opacity":"","overlay-gradient":""},"tablet":{"background-color":"var(--ast-global-color-5)","background-image":"","background-repeat":"repeat","background-position":"center center","background-size":"auto","background-attachment":"scroll","background-type":"","background-media":"","overlay-type":"","overlay-color":"","overlay-opacity":"","overlay-gradient":""},"mobile":{"background-color":"var(--ast-global-color-5)","background-image":"","background-repeat":"repeat","background-position":"center center","background-size":"auto","background-attachment":"scroll","background-type":"","background-media":"","overlay-type":"","overlay-color":"","overlay-opacity":"","overlay-gradient":""}},"footnotes":""},"class_list":["post-21407","page","type-page","status-publish","hentry"],"yoast_head":"<!-- This site is optimized with the Yoast SEO plugin v27.5 - https:\/\/yoast.com\/product\/yoast-seo-wordpress\/ -->\n<title>BGD Paragliders : Plus de 25 ans d&#039;excellence en vol<\/title>\n<meta name=\"description\" content=\"Vivez l&#039;exp\u00e9rience de vol ultime avec les parapentes et ailes de paramoteur Kangook, con\u00e7us pour une s\u00e9curit\u00e9 et des performances in\u00e9gal\u00e9es.\" \/>\n<meta name=\"robots\" content=\"index, follow, max-snippet:-1, max-image-preview:large, max-video-preview:-1\" \/>\n<link rel=\"canonical\" href=\"https:\/\/kangook.com\/fr\/bgd\/\" \/>\n<meta property=\"og:locale\" content=\"fr_FR\" \/>\n<meta property=\"og:type\" content=\"article\" \/>\n<meta property=\"og:title\" content=\"BGD Paragliders : Plus de 25 ans d&#039;excellence en vol\" \/>\n<meta property=\"og:description\" content=\"Vivez l&#039;exp\u00e9rience de vol ultime avec les parapentes et ailes de paramoteur Kangook, con\u00e7us pour une s\u00e9curit\u00e9 et des performances in\u00e9gal\u00e9es.\" \/>\n<meta property=\"og:url\" content=\"https:\/\/kangook.com\/fr\/bgd\/\" \/>\n<meta property=\"og:site_name\" content=\"Kangook Canada\" \/>\n<meta property=\"article:modified_time\" content=\"2024-10-07T22:46:46+00:00\" \/>\n<meta name=\"twitter:card\" content=\"summary_large_image\" \/>\n<meta name=\"twitter:label1\" content=\"Dur\u00e9e de lecture estim\u00e9e\" \/>\n\t<meta name=\"twitter:data1\" content=\"1 minute\" \/>\n<script type=\"application\/ld+json\" class=\"yoast-schema-graph\">{\"@context\":\"https:\\\/\\\/schema.org\",\"@graph\":[{\"@type\":\"WebPage\",\"@id\":\"https:\\\/\\\/kangook.com\\\/fr\\\/bgd\\\/\",\"url\":\"https:\\\/\\\/kangook.com\\\/fr\\\/bgd\\\/\",\"name\":\"BGD Paragliders : Plus de 25 ans d'excellence en vol\",\"isPartOf\":{\"@id\":\"https:\\\/\\\/kangook.com\\\/fr\\\/#website\"},\"datePublished\":\"2024-10-07T22:38:11+00:00\",\"dateModified\":\"2024-10-07T22:46:46+00:00\",\"description\":\"Vivez l'exp\u00e9rience de vol ultime avec les parapentes et ailes de paramoteur Kangook, con\u00e7us pour une s\u00e9curit\u00e9 et des performances in\u00e9gal\u00e9es.\",\"breadcrumb\":{\"@id\":\"https:\\\/\\\/kangook.com\\\/fr\\\/bgd\\\/#breadcrumb\"},\"inLanguage\":\"fr-FR\",\"potentialAction\":[{\"@type\":\"ReadAction\",\"target\":[\"https:\\\/\\\/kangook.com\\\/fr\\\/bgd\\\/\"]}]},{\"@type\":\"BreadcrumbList\",\"@id\":\"https:\\\/\\\/kangook.com\\\/fr\\\/bgd\\\/#breadcrumb\",\"itemListElement\":[{\"@type\":\"ListItem\",\"position\":1,\"name\":\"Accueil\",\"item\":\"https:\\\/\\\/kangook.com\\\/fr\\\/\"},{\"@type\":\"ListItem\",\"position\":2,\"name\":\"BGD\"}]},{\"@type\":\"WebSite\",\"@id\":\"https:\\\/\\\/kangook.com\\\/fr\\\/#website\",\"url\":\"https:\\\/\\\/kangook.com\\\/fr\\\/\",\"name\":\"Kangook\",\"description\":\"Kangook Paramotors\",\"publisher\":{\"@id\":\"https:\\\/\\\/kangook.com\\\/fr\\\/#organization\"},\"potentialAction\":[{\"@type\":\"SearchAction\",\"target\":{\"@type\":\"EntryPoint\",\"urlTemplate\":\"https:\\\/\\\/kangook.com\\\/fr\\\/?s={search_term_string}\"},\"query-input\":{\"@type\":\"PropertyValueSpecification\",\"valueRequired\":true,\"valueName\":\"search_term_string\"}}],\"inLanguage\":\"fr-FR\"},{\"@type\":\"Organization\",\"@id\":\"https:\\\/\\\/kangook.com\\\/fr\\\/#organization\",\"name\":\"Kangook\",\"url\":\"https:\\\/\\\/kangook.com\\\/fr\\\/\",\"logo\":{\"@type\":\"ImageObject\",\"inLanguage\":\"fr-FR\",\"@id\":\"https:\\\/\\\/kangook.com\\\/fr\\\/#\\\/schema\\\/logo\\\/image\\\/\",\"url\":\"https:\\\/\\\/kangook.com\\\/wp-content\\\/uploads\\\/2022\\\/07\\\/cropped-Kangook-Paramotors-Flag.png\",\"contentUrl\":\"https:\\\/\\\/kangook.com\\\/wp-content\\\/uploads\\\/2022\\\/07\\\/cropped-Kangook-Paramotors-Flag.png\",\"width\":500,\"height\":97,\"caption\":\"Kangook\"},\"image\":{\"@id\":\"https:\\\/\\\/kangook.com\\\/fr\\\/#\\\/schema\\\/logo\\\/image\\\/\"}}]}<\/script>\n<!-- \/ Yoast SEO plugin. -->","yoast_head_json":{"title":"BGD Paragliders : Plus de 25 ans d'excellence en vol","description":"Vivez l'exp\u00e9rience de vol ultime avec les parapentes et ailes de paramoteur Kangook, con\u00e7us pour une s\u00e9curit\u00e9 et des performances in\u00e9gal\u00e9es.","robots":{"index":"index","follow":"follow","max-snippet":"max-snippet:-1","max-image-preview":"max-image-preview:large","max-video-preview":"max-video-preview:-1"},"canonical":"https:\/\/kangook.com\/fr\/bgd\/","og_locale":"fr_FR","og_type":"article","og_title":"BGD Paragliders : Plus de 25 ans d'excellence en vol","og_description":"Vivez l'exp\u00e9rience de vol ultime avec les parapentes et ailes de paramoteur Kangook, con\u00e7us pour une s\u00e9curit\u00e9 et des performances in\u00e9gal\u00e9es.","og_url":"https:\/\/kangook.com\/fr\/bgd\/","og_site_name":"Kangook Canada","article_modified_time":"2024-10-07T22:46:46+00:00","twitter_card":"summary_large_image","twitter_misc":{"Dur\u00e9e de lecture estim\u00e9e":"1 minute"},"schema":{"@context":"https:\/\/schema.org","@graph":[{"@type":"WebPage","@id":"https:\/\/kangook.com\/fr\/bgd\/","url":"https:\/\/kangook.com\/fr\/bgd\/","name":"BGD Paragliders : Plus de 25 ans d'excellence en vol","isPartOf":{"@id":"https:\/\/kangook.com\/fr\/#website"},"datePublished":"2024-10-07T22:38:11+00:00","dateModified":"2024-10-07T22:46:46+00:00","description":"Vivez l'exp\u00e9rience de vol ultime avec les parapentes et ailes de paramoteur Kangook, con\u00e7us pour une s\u00e9curit\u00e9 et des performances in\u00e9gal\u00e9es.","breadcrumb":{"@id":"https:\/\/kangook.com\/fr\/bgd\/#breadcrumb"},"inLanguage":"fr-FR","potentialAction":[{"@type":"ReadAction","target":["https:\/\/kangook.com\/fr\/bgd\/"]}]},{"@type":"BreadcrumbList","@id":"https:\/\/kangook.com\/fr\/bgd\/#breadcrumb","itemListElement":[{"@type":"ListItem","position":1,"name":"Accueil","item":"https:\/\/kangook.com\/fr\/"},{"@type":"ListItem","position":2,"name":"BGD"}]},{"@type":"WebSite","@id":"https:\/\/kangook.com\/fr\/#website","url":"https:\/\/kangook.com\/fr\/","name":"Kangook","description":"Kangook Paramotors","publisher":{"@id":"https:\/\/kangook.com\/fr\/#organization"},"potentialAction":[{"@type":"SearchAction","target":{"@type":"EntryPoint","urlTemplate":"https:\/\/kangook.com\/fr\/?s={search_term_string}"},"query-input":{"@type":"PropertyValueSpecification","valueRequired":true,"valueName":"search_term_string"}}],"inLanguage":"fr-FR"},{"@type":"Organization","@id":"https:\/\/kangook.com\/fr\/#organization","name":"Kangook","url":"https:\/\/kangook.com\/fr\/","logo":{"@type":"ImageObject","inLanguage":"fr-FR","@id":"https:\/\/kangook.com\/fr\/#\/schema\/logo\/image\/","url":"https:\/\/kangook.com\/wp-content\/uploads\/2022\/07\/cropped-Kangook-Paramotors-Flag.png","contentUrl":"https:\/\/kangook.com\/wp-content\/uploads\/2022\/07\/cropped-Kangook-Paramotors-Flag.png","width":500,"height":97,"caption":"Kangook"},"image":{"@id":"https:\/\/kangook.com\/fr\/#\/schema\/logo\/image\/"}}]}},"_links":{"self":[{"href":"https:\/\/kangook.com\/fr\/wp-json\/wp\/v2\/pages\/21407","targetHints":{"allow":["GET"]}}],"collection":[{"href":"https:\/\/kangook.com\/fr\/wp-json\/wp\/v2\/pages"}],"about":[{"href":"https:\/\/kangook.com\/fr\/wp-json\/wp\/v2\/types\/page"}],"author":[{"embeddable":true,"href":"https:\/\/kangook.com\/fr\/wp-json\/wp\/v2\/users\/10"}],"replies":[{"embeddable":true,"href":"https:\/\/kangook.com\/fr\/wp-json\/wp\/v2\/comments?post=21407"}],"version-history":[{"count":4,"href":"https:\/\/kangook.com\/fr\/wp-json\/wp\/v2\/pages\/21407\/revisions"}],"predecessor-version":[{"id":21411,"href":"https:\/\/kangook.com\/fr\/wp-json\/wp\/v2\/pages\/21407\/revisions\/21411"}],"wp:attachment":[{"href":"https:\/\/kangook.com\/fr\/wp-json\/wp\/v2\/media?parent=21407"}],"curies":[{"name":"wp","href":"https:\/\/api.w.org\/{rel}","templated":true}]}}