{"id":18094,"date":"2024-03-09T20:48:36","date_gmt":"2024-03-09T20:48:36","guid":{"rendered":"https:\/\/kangook.com\/politiques-et-support\/"},"modified":"2024-10-05T13:37:11","modified_gmt":"2024-10-05T13:37:11","slug":"politiques-et-support","status":"publish","type":"page","link":"https:\/\/kangook.com\/fr\/politiques-et-support\/","title":{"rendered":"POLITIQUES ET SUPPORT"},"content":{"rendered":"\t\t<div data-elementor-type=\"wp-page\" data-elementor-id=\"18094\" class=\"elementor elementor-18094 elementor-13701\" data-elementor-post-type=\"page\">\n\t\t\t\t<div class=\"elementor-element elementor-element-98cfe34 e-flex e-con-boxed e-con e-parent\" data-id=\"98cfe34\" data-element_type=\"container\" data-e-type=\"container\" data-settings=\"{&quot;background_background&quot;:&quot;classic&quot;}\">\n\t\t\t\t\t<div class=\"e-con-inner\">\n\t\t<div class=\"elementor-element elementor-element-a48fc02 e-con-full e-flex e-con e-child\" data-id=\"a48fc02\" data-element_type=\"container\" data-e-type=\"container\">\n\t\t<div class=\"elementor-element elementor-element-f314739 e-con-full e-flex e-con e-child\" data-id=\"f314739\" data-element_type=\"container\" data-e-type=\"container\">\n\t\t<div class=\"elementor-element elementor-element-b06623c e-con-full e-flex e-con e-child\" data-id=\"b06623c\" data-element_type=\"container\" data-e-type=\"container\" data-settings=\"{&quot;background_background&quot;:&quot;classic&quot;}\">\n\t\t\t\t<div class=\"elementor-element elementor-element-3dc2d44 elementor-widget elementor-widget-heading\" data-id=\"3dc2d44\" data-element_type=\"widget\" data-e-type=\"widget\" data-widget_type=\"heading.default\">\n\t\t\t\t<div class=\"elementor-widget-container\">\n\t\t\t\t\t<h1 class=\"elementor-heading-title elementor-size-default\">POLITIQUES ET SUPPORT<\/h1>\t\t\t\t<\/div>\n\t\t\t\t<\/div>\n\t\t\t\t<div class=\"elementor-element elementor-element-e130fce elementor-widget__width-initial elementor-widget elementor-widget-heading\" data-id=\"e130fce\" data-element_type=\"widget\" data-e-type=\"widget\" data-widget_type=\"heading.default\">\n\t\t\t\t<div class=\"elementor-widget-container\">\n\t\t\t\t\t<h6 class=\"elementor-heading-title elementor-size-default\">Informations Essentielles et Assistance pour nos Clients\n<\/h6>\t\t\t\t<\/div>\n\t\t\t\t<\/div>\n\t\t\t\t<\/div>\n\t\t\t\t<\/div>\n\t\t<div class=\"elementor-element elementor-element-f7a4385 e-con-full e-flex e-con e-child\" data-id=\"f7a4385\" data-element_type=\"container\" data-e-type=\"container\">\n\t\t<div class=\"elementor-element elementor-element-f8cbd7d e-con-full e-flex e-con e-child\" data-id=\"f8cbd7d\" data-element_type=\"container\" data-e-type=\"container\" data-settings=\"{&quot;background_background&quot;:&quot;classic&quot;}\">\n\t\t\t\t<div class=\"elementor-element elementor-element-fd9fecb elementor-widget elementor-widget-heading\" data-id=\"fd9fecb\" data-element_type=\"widget\" data-e-type=\"widget\" data-widget_type=\"heading.default\">\n\t\t\t\t<div class=\"elementor-widget-container\">\n\t\t\t\t\t<h2 class=\"elementor-heading-title elementor-size-default\">TERMES ET CONDITIONS<\/h2>\t\t\t\t<\/div>\n\t\t\t\t<\/div>\n\t\t\t\t<div class=\"elementor-element elementor-element-d9d6aef elementor-widget__width-initial elementor-widget elementor-widget-text-editor\" data-id=\"d9d6aef\" data-element_type=\"widget\" data-e-type=\"widget\" data-widget_type=\"text-editor.default\">\n\t\t\t\t<div class=\"elementor-widget-container\">\n\t\t\t\t\t\t\t\t\t<p>Ce site web est la propri\u00e9t\u00e9 de Kangook Canada et est exploit\u00e9 par celle-ci. Ces Termes d\u00e9finissent les conditions d&rsquo;utilisation de notre site web et des services que nous proposons. Ce site web offre aux visiteurs des informations sur le parapente motoris\u00e9 et, plus particuli\u00e8rement, sur la gamme de produits Kangook. Les informations fournies ne sont pas destin\u00e9es \u00e0 remplacer une formation qualifi\u00e9e. En acc\u00e9dant \u00e0 notre site web ou en utilisant nos services, vous confirmez avoir lu, compris et accept\u00e9 d&rsquo;\u00eatre li\u00e9 par ces Termes.    <\/p>\n<p>Lors de l&rsquo;achat d&rsquo;un paramoteur ou d&rsquo;un accessoire, vous acceptez que : (i) vous \u00eates responsable de passer en revue l&rsquo;ensemble de la description de l&rsquo;article avant de vous engager \u00e0 l&rsquo;acheter ; (ii) vous concluez un contrat juridiquement contraignant pour l&rsquo;achat d&rsquo;un article lorsque vous vous engagez \u00e0 l&rsquo;acheter et que vous compl\u00e9tez le processus de paiement.  <\/p>\n<p>Les prix de nos produits sont affich\u00e9s sur le site web. Nous nous r\u00e9servons le droit de modifier nos prix \u00e0 tout moment et de corriger les erreurs de tarification qui pourraient survenir par inadvertance. Des informations suppl\u00e9mentaires sur les prix et les taxes de vente applicables au Canada sont disponibles sur la page des paiements.  <\/p>\n<p>Vous acceptez d&rsquo;indemniser et de d\u00e9gager Kangook Canada de toute responsabilit\u00e9 pour toute demande, perte, responsabilit\u00e9, r\u00e9clamation ou d\u00e9pense (y compris les frais d&rsquo;avocats) faite contre eux par un tiers en raison de, ou r\u00e9sultant de, ou en lien avec votre utilisation du site web ou de tout produit propos\u00e9 sur le site web.<\/p>\n\t\t\t\t\t\t\t\t<\/div>\n\t\t\t\t<\/div>\n\t\t\t\t<div class=\"elementor-element elementor-element-52c5110 elementor-widget elementor-widget-heading\" data-id=\"52c5110\" data-element_type=\"widget\" data-e-type=\"widget\" data-widget_type=\"heading.default\">\n\t\t\t\t<div class=\"elementor-widget-container\">\n\t\t\t\t\t<h2 class=\"elementor-heading-title elementor-size-default\">POLITIQUE DE REMBOURSEMENT \/ RETOUR<\/h2>\t\t\t\t<\/div>\n\t\t\t\t<\/div>\n\t\t\t\t<div class=\"elementor-element elementor-element-01522f0 elementor-widget__width-initial elementor-widget elementor-widget-text-editor\" data-id=\"01522f0\" data-element_type=\"widget\" data-e-type=\"widget\" data-widget_type=\"text-editor.default\">\n\t\t\t\t<div class=\"elementor-widget-container\">\n\t\t\t\t\t\t\t\t\t<p>En raison de la nature sp\u00e9cialis\u00e9e des \u00e9quipements d&rsquo;aviation, nous ne pouvons accepter ni remboursements ni retours de paramoteurs complets ou de tout composant structurel d&rsquo;un paramoteur. Cette politique est en place pour garantir la s\u00e9curit\u00e9 et l&rsquo;int\u00e9grit\u00e9 de nos produits d&rsquo;aviation. <\/p>\n<p>Toutefois, vous pouvez annuler toute commande avant qu&rsquo;elle ne soit exp\u00e9di\u00e9e et obtenir un remboursement int\u00e9gral. Si vous devez annuler votre commande, veuillez nous contacter imm\u00e9diatement pour que nous puissions traiter votre demande. <\/p>\n<p>Pour les pi\u00e8ces d\u00e9tach\u00e9es, nous acceptons les retours dans les 30 jours suivant la r\u00e9ception, \u00e0 condition que les articles soient neufs et n&rsquo;aient pas \u00e9t\u00e9 utilis\u00e9s. Si les pi\u00e8ces d\u00e9tach\u00e9es sont retourn\u00e9es et inspect\u00e9es avec succ\u00e8s, vous serez rembours\u00e9 de la totalit\u00e9 du prix d&rsquo;achat, \u00e0 l&rsquo;exclusion des frais d&rsquo;exp\u00e9dition. Pour effectuer un retour de pi\u00e8ces d\u00e9tach\u00e9es, veuillez nous contacter \u00e0 l&rsquo;adresse <a href=\"mailto:contact@kangook.com\">contact@kangook.com<\/a> en indiquant les d\u00e9tails de votre commande et la raison du retour.  <\/p>\n<p>Veuillez envoyer votre retour \u00e0 2699 5e Avenue, Suite 20, Shawinigan, QC G9T 2P7, Canada. Il est conseill\u00e9 d&rsquo;utiliser un service d&rsquo;exp\u00e9dition avec suivi ou de souscrire une assurance pour les retours, car nous ne pouvons pas garantir que nous recevrons l&rsquo;article retourn\u00e9. <\/p>\n\t\t\t\t\t\t\t\t<\/div>\n\t\t\t\t<\/div>\n\t\t\t\t<\/div>\n\t\t<div class=\"elementor-element elementor-element-4acf599 e-con-full e-flex e-con e-child\" data-id=\"4acf599\" data-element_type=\"container\" data-e-type=\"container\" data-settings=\"{&quot;background_background&quot;:&quot;classic&quot;}\">\n\t\t\t\t<div class=\"elementor-element elementor-element-bdaac87 elementor-widget elementor-widget-heading\" data-id=\"bdaac87\" data-element_type=\"widget\" data-e-type=\"widget\" data-widget_type=\"heading.default\">\n\t\t\t\t<div class=\"elementor-widget-container\">\n\t\t\t\t\t<h2 class=\"elementor-heading-title elementor-size-default\">GARANTIE<\/h2>\t\t\t\t<\/div>\n\t\t\t\t<\/div>\n\t\t\t\t<div class=\"elementor-element elementor-element-7333c2e elementor-widget__width-initial elementor-widget elementor-widget-text-editor\" data-id=\"7333c2e\" data-element_type=\"widget\" data-e-type=\"widget\" data-widget_type=\"text-editor.default\">\n\t\t\t\t<div class=\"elementor-widget-container\">\n\t\t\t\t\t\t\t\t\t<p>Kangook Paramotors est tr\u00e8s fier d&rsquo;offrir une garantie de premier ordre couvrant tous les aspects de notre travail pendant 3 ans. Cette garantie compl\u00e8te s&rsquo;\u00e9tend au cadre, \u00e0 la cage et au harnais, garantissant \u00e0 nos clients des produits de la plus haute qualit\u00e9 et durabilit\u00e9. En outre, les moteurs incorpor\u00e9s dans nos paramoteurs sont assortis de la garantie de leur fabricant respectif, ce qui constitue une assurance suppl\u00e9mentaire et un soutien adapt\u00e9 aux besoins sp\u00e9cifiques de chaque composant.  <\/p>\n\t\t\t\t\t\t\t\t<\/div>\n\t\t\t\t<\/div>\n\t\t\t\t<div class=\"elementor-element elementor-element-451c813 elementor-widget elementor-widget-heading\" data-id=\"451c813\" data-element_type=\"widget\" data-e-type=\"widget\" data-widget_type=\"heading.default\">\n\t\t\t\t<div class=\"elementor-widget-container\">\n\t\t\t\t\t<h2 class=\"elementor-heading-title elementor-size-default\">POLITIQUE DE CONFIDENTIALIT\u00c9<\/h2>\t\t\t\t<\/div>\n\t\t\t\t<\/div>\n\t\t\t\t<div class=\"elementor-element elementor-element-37e8f1a elementor-widget__width-initial elementor-widget elementor-widget-text-editor\" data-id=\"37e8f1a\" data-element_type=\"widget\" data-e-type=\"widget\" data-widget_type=\"text-editor.default\">\n\t\t\t\t<div class=\"elementor-widget-container\">\n\t\t\t\t\t\t\t\t\t<p>Nous recevons, collectons et enregistrons toutes les informations que vous entrez sur notre site web ou que vous nous fournissez de toute autre mani\u00e8re. De plus, nous collectons l&rsquo;adresse de protocole Internet (IP) utilis\u00e9e pour connecter votre ordinateur \u00e0 Internet ; les d\u00e9tails de connexion ; l&rsquo;adresse e-mail ; le mot de passe ; les informations sur l&rsquo;ordinateur et la connexion, ainsi que l&rsquo;historique des achats. Nous pouvons utiliser des outils logiciels pour mesurer et collecter des informations de session, notamment les temps de r\u00e9ponse des pages, la dur\u00e9e des visites sur certaines pages, les informations d&rsquo;interaction avec la page et les m\u00e9thodes utilis\u00e9es pour naviguer loin de la page. Nous collectons \u00e9galement des informations personnellement identifiables (y compris le nom, l&rsquo;e-mail, le mot de passe, les communications) ; les d\u00e9tails de paiement (\u00e0 l&rsquo;exception des informations de carte de cr\u00e9dit, qui sont trait\u00e9es par le biais d&rsquo;un processeur de paiement tiers s\u00e9curis\u00e9), les commentaires, les retours d&rsquo;information, les avis sur les produits, les recommandations et le profil personnel.   <\/p>\n<p>Si vous ne souhaitez plus que nous traitions vos donn\u00e9es, veuillez nous contacter \u00e0 l&rsquo;adresse <a href=\"mailto:contact@kangook.com\">contact@kangook.com<\/a> ou nous envoyer un courrier \u00e0 l&rsquo;adresse suivante : 2699 5e Avenue Suite 20, Shawinigan, QC G9T 2P7, Canada.<\/p>\n\t\t\t\t\t\t\t\t<\/div>\n\t\t\t\t<\/div>\n\t\t\t\t<div class=\"elementor-element elementor-element-c261cac elementor-widget elementor-widget-heading\" data-id=\"c261cac\" data-element_type=\"widget\" data-e-type=\"widget\" data-widget_type=\"heading.default\">\n\t\t\t\t<div class=\"elementor-widget-container\">\n\t\t\t\t\t<h2 class=\"elementor-heading-title elementor-size-default\">ENGAGEMENT<\/h2>\t\t\t\t<\/div>\n\t\t\t\t<\/div>\n\t\t\t\t<div class=\"elementor-element elementor-element-6779526 elementor-widget__width-initial elementor-widget elementor-widget-text-editor\" data-id=\"6779526\" data-element_type=\"widget\" data-e-type=\"widget\" data-widget_type=\"text-editor.default\">\n\t\t\t\t<div class=\"elementor-widget-container\">\n\t\t\t\t\t\t\t\t\t<p>La conduite d&rsquo;un paramoteur comporte des risques inh\u00e9rents. Le pilote de paramoteur est seul responsable de l&rsquo;\u00e9valuation de tous les aspects de l&rsquo;aptitude au vol. Il s&rsquo;agit notamment d&rsquo;\u00e9valuer l&rsquo;\u00e9tat de tous les \u00e9quipements de vol, le respect des lois et r\u00e9glementations locales en mati\u00e8re d&rsquo;aviation, les conditions m\u00e9t\u00e9orologiques, l&rsquo;\u00e9tat de pr\u00e9paration physique et mentale du pilote et tout autre facteur susceptible d&rsquo;avoir une incidence sur la s\u00e9curit\u00e9 du vol. N\u00e9gliger ces responsabilit\u00e9s peut entra\u00eener des blessures graves, voire mortelles.   <\/p>\n<p>Au Canada, la r\u00e9glementation r\u00e9gissant l&rsquo;utilisation des paramoteurs\/parapentes motoris\u00e9s (PPG) peut varier d&rsquo;une province, d&rsquo;un territoire ou d&rsquo;une municipalit\u00e9 \u00e0 l&rsquo;autre. Avant le vol, il est essentiel de v\u00e9rifier et de respecter les exigences locales en mati\u00e8re de licence, ainsi que toutes les lois, r\u00e8gles et r\u00e9glementations applicables. Une inspection compl\u00e8te de votre avion avant le vol est essentielle avant chaque d\u00e9collage. En tant que pilote commandant de bord, vous \u00eates seul responsable des d\u00e9cisions prises et des actions entreprises pendant votre vol. Si l&rsquo;\u00e9quipement de votre paramoteur pr\u00e9sente un dysfonctionnement ou un probl\u00e8me, vous devez le r\u00e9soudre avant d&rsquo;essayer de voler.    <\/p>\n<p>Rappelez-vous : les d\u00e9collages sont facultatifs ; les atterrissages sont obligatoires. Priorisez toujours la s\u00e9curit\u00e9 et respectez les meilleures pratiques de l&rsquo;aviation pour garantir une exp\u00e9rience de vol s\u00e9curis\u00e9e et agr\u00e9able. <\/p>\n\t\t\t\t\t\t\t\t<\/div>\n\t\t\t\t<\/div>\n\t\t\t\t<\/div>\n\t\t\t\t<\/div>\n\t\t<div class=\"elementor-element elementor-element-5709cc9 e-con-full e-flex e-con e-child\" data-id=\"5709cc9\" data-element_type=\"container\" data-e-type=\"container\">\n\t\t<div class=\"elementor-element elementor-element-9afb4c4 e-con-full e-flex e-con e-child\" data-id=\"9afb4c4\" data-element_type=\"container\" data-e-type=\"container\" data-settings=\"{&quot;background_background&quot;:&quot;classic&quot;}\">\n\t\t\t\t<div class=\"elementor-element elementor-element-7a52b17 elementor-widget elementor-widget-heading\" data-id=\"7a52b17\" data-element_type=\"widget\" data-e-type=\"widget\" data-widget_type=\"heading.default\">\n\t\t\t\t<div class=\"elementor-widget-container\">\n\t\t\t\t\t<h2 class=\"elementor-heading-title elementor-size-default\">VOUS AVEZ DES QUESTIONS ? NOUS SOMMES L\u00c0 POUR VOUS AIDER. \n<\/h2>\t\t\t\t<\/div>\n\t\t\t\t<\/div>\n\t\t\t\t<div class=\"elementor-element elementor-element-db9c7fd elementor-widget__width-initial elementor-widget elementor-widget-text-editor\" data-id=\"db9c7fd\" data-element_type=\"widget\" data-e-type=\"widget\" data-widget_type=\"text-editor.default\">\n\t\t\t\t<div class=\"elementor-widget-container\">\n\t\t\t\t\t\t\t\t\t<p>Si vous avez des questions ou des pr\u00e9occupations concernant nos conditions d&rsquo;utilisation, ou si vous souhaitez signaler une violation potentielle de cet accord, n&rsquo;h\u00e9sitez pas \u00e0 nous contacter. Vous pouvez nous contacter par courrier \u00e9lectronique \u00e0 l&rsquo;adresse contact@kangook.com pour obtenir de l&rsquo;aide. <\/p>\n\t\t\t\t\t\t\t\t<\/div>\n\t\t\t\t<\/div>\n\t\t\t\t<\/div>\n\t\t\t\t<\/div>\n\t\t\t\t<\/div>\n\t\t\t\t\t<\/div>\n\t\t\t\t<\/div>\n\t\t\t\t<\/div>\n\t\t","protected":false},"excerpt":{"rendered":"<p>POLITIQUES ET SUPPORT Informations Essentielles et Assistance pour nos Clients TERMES ET CONDITIONS Ce site web est la propri\u00e9t\u00e9 de Kangook Canada et est exploit\u00e9 par celle-ci. Ces Termes d\u00e9finissent les conditions d&rsquo;utilisation de notre site web et des services que nous proposons. Ce site web offre aux visiteurs des informations sur le parapente motoris\u00e9 [&hellip;]<\/p>\n","protected":false},"author":1,"featured_media":0,"parent":0,"menu_order":0,"comment_status":"closed","ping_status":"closed","template":"elementor_header_footer","meta":{"site-sidebar-layout":"no-sidebar","site-content-layout":"page-builder","ast-site-content-layout":"full-width-container","site-content-style":"unboxed","site-sidebar-style":"unboxed","ast-global-header-display":"","ast-banner-title-visibility":"","ast-main-header-display":"","ast-hfb-above-header-display":"","ast-hfb-below-header-display":"","ast-hfb-mobile-header-display":"","site-post-title":"disabled","ast-breadcrumbs-content":"","ast-featured-img":"disabled","footer-sml-layout":"","ast-disable-related-posts":"","theme-transparent-header-meta":"","adv-header-id-meta":"","stick-header-meta":"","header-above-stick-meta":"","header-main-stick-meta":"","header-below-stick-meta":"","astra-migrate-meta-layouts":"set","ast-page-background-enabled":"default","ast-page-background-meta":{"desktop":{"background-color":"","background-image":"","background-repeat":"repeat","background-position":"center center","background-size":"auto","background-attachment":"scroll","background-type":"","background-media":"","overlay-type":"","overlay-color":"","overlay-opacity":"","overlay-gradient":""},"tablet":{"background-color":"","background-image":"","background-repeat":"repeat","background-position":"center center","background-size":"auto","background-attachment":"scroll","background-type":"","background-media":"","overlay-type":"","overlay-color":"","overlay-opacity":"","overlay-gradient":""},"mobile":{"background-color":"","background-image":"","background-repeat":"repeat","background-position":"center center","background-size":"auto","background-attachment":"scroll","background-type":"","background-media":"","overlay-type":"","overlay-color":"","overlay-opacity":"","overlay-gradient":""}},"ast-content-background-meta":{"desktop":{"background-color":"var(--ast-global-color-5)","background-image":"","background-repeat":"repeat","background-position":"center center","background-size":"auto","background-attachment":"scroll","background-type":"","background-media":"","overlay-type":"","overlay-color":"","overlay-opacity":"","overlay-gradient":""},"tablet":{"background-color":"var(--ast-global-color-5)","background-image":"","background-repeat":"repeat","background-position":"center center","background-size":"auto","background-attachment":"scroll","background-type":"","background-media":"","overlay-type":"","overlay-color":"","overlay-opacity":"","overlay-gradient":""},"mobile":{"background-color":"var(--ast-global-color-5)","background-image":"","background-repeat":"repeat","background-position":"center center","background-size":"auto","background-attachment":"scroll","background-type":"","background-media":"","overlay-type":"","overlay-color":"","overlay-opacity":"","overlay-gradient":""}},"footnotes":""},"class_list":["post-18094","page","type-page","status-publish","hentry"],"yoast_head":"<!-- This site is optimized with the Yoast SEO plugin v27.5 - https:\/\/yoast.com\/product\/yoast-seo-wordpress\/ -->\n<title>Confidentialit\u00e9 et Support | Kangook Canada<\/title>\n<meta name=\"description\" content=\"Comprenez les politiques de Kangook Canada : des conditions d&#039;achat \u00e0 la confidentialit\u00e9, notre support vous garantit une exp\u00e9rience client s\u00e9curis\u00e9e et inform\u00e9e.\" \/>\n<meta name=\"robots\" content=\"index, follow, max-snippet:-1, max-image-preview:large, max-video-preview:-1\" \/>\n<link rel=\"canonical\" href=\"https:\/\/kangook.com\/fr\/politiques-et-support\/\" \/>\n<meta property=\"og:locale\" content=\"fr_FR\" \/>\n<meta property=\"og:type\" content=\"article\" \/>\n<meta property=\"og:title\" content=\"Confidentialit\u00e9 et Support | Kangook Canada\" \/>\n<meta property=\"og:description\" content=\"Comprenez les politiques de Kangook Canada : des conditions d&#039;achat \u00e0 la confidentialit\u00e9, notre support vous garantit une exp\u00e9rience client s\u00e9curis\u00e9e et inform\u00e9e.\" \/>\n<meta property=\"og:url\" content=\"https:\/\/kangook.com\/fr\/politiques-et-support\/\" \/>\n<meta property=\"og:site_name\" content=\"Kangook Canada\" \/>\n<meta property=\"article:modified_time\" content=\"2024-10-05T13:37:11+00:00\" \/>\n<meta name=\"twitter:card\" content=\"summary_large_image\" \/>\n<meta name=\"twitter:label1\" content=\"Dur\u00e9e de lecture estim\u00e9e\" \/>\n\t<meta name=\"twitter:data1\" content=\"6 minutes\" \/>\n<script type=\"application\/ld+json\" class=\"yoast-schema-graph\">{\"@context\":\"https:\\\/\\\/schema.org\",\"@graph\":[{\"@type\":\"WebPage\",\"@id\":\"https:\\\/\\\/kangook.com\\\/fr\\\/politiques-et-support\\\/\",\"url\":\"https:\\\/\\\/kangook.com\\\/fr\\\/politiques-et-support\\\/\",\"name\":\"Confidentialit\u00e9 et Support | Kangook Canada\",\"isPartOf\":{\"@id\":\"https:\\\/\\\/kangook.com\\\/fr\\\/#website\"},\"datePublished\":\"2024-03-09T20:48:36+00:00\",\"dateModified\":\"2024-10-05T13:37:11+00:00\",\"description\":\"Comprenez les politiques de Kangook Canada : des conditions d'achat \u00e0 la confidentialit\u00e9, notre support vous garantit une exp\u00e9rience client s\u00e9curis\u00e9e et inform\u00e9e.\",\"breadcrumb\":{\"@id\":\"https:\\\/\\\/kangook.com\\\/fr\\\/politiques-et-support\\\/#breadcrumb\"},\"inLanguage\":\"fr-FR\",\"potentialAction\":[{\"@type\":\"ReadAction\",\"target\":[\"https:\\\/\\\/kangook.com\\\/fr\\\/politiques-et-support\\\/\"]}]},{\"@type\":\"BreadcrumbList\",\"@id\":\"https:\\\/\\\/kangook.com\\\/fr\\\/politiques-et-support\\\/#breadcrumb\",\"itemListElement\":[{\"@type\":\"ListItem\",\"position\":1,\"name\":\"Accueil\",\"item\":\"https:\\\/\\\/kangook.com\\\/fr\\\/\"},{\"@type\":\"ListItem\",\"position\":2,\"name\":\"POLITIQUES ET SUPPORT\"}]},{\"@type\":\"WebSite\",\"@id\":\"https:\\\/\\\/kangook.com\\\/fr\\\/#website\",\"url\":\"https:\\\/\\\/kangook.com\\\/fr\\\/\",\"name\":\"Kangook\",\"description\":\"Kangook Paramotors\",\"publisher\":{\"@id\":\"https:\\\/\\\/kangook.com\\\/fr\\\/#organization\"},\"potentialAction\":[{\"@type\":\"SearchAction\",\"target\":{\"@type\":\"EntryPoint\",\"urlTemplate\":\"https:\\\/\\\/kangook.com\\\/fr\\\/?s={search_term_string}\"},\"query-input\":{\"@type\":\"PropertyValueSpecification\",\"valueRequired\":true,\"valueName\":\"search_term_string\"}}],\"inLanguage\":\"fr-FR\"},{\"@type\":\"Organization\",\"@id\":\"https:\\\/\\\/kangook.com\\\/fr\\\/#organization\",\"name\":\"Kangook\",\"url\":\"https:\\\/\\\/kangook.com\\\/fr\\\/\",\"logo\":{\"@type\":\"ImageObject\",\"inLanguage\":\"fr-FR\",\"@id\":\"https:\\\/\\\/kangook.com\\\/fr\\\/#\\\/schema\\\/logo\\\/image\\\/\",\"url\":\"https:\\\/\\\/kangook.com\\\/wp-content\\\/uploads\\\/2022\\\/07\\\/cropped-Kangook-Paramotors-Flag.png\",\"contentUrl\":\"https:\\\/\\\/kangook.com\\\/wp-content\\\/uploads\\\/2022\\\/07\\\/cropped-Kangook-Paramotors-Flag.png\",\"width\":500,\"height\":97,\"caption\":\"Kangook\"},\"image\":{\"@id\":\"https:\\\/\\\/kangook.com\\\/fr\\\/#\\\/schema\\\/logo\\\/image\\\/\"}}]}<\/script>\n<!-- \/ Yoast SEO plugin. -->","yoast_head_json":{"title":"Confidentialit\u00e9 et Support | Kangook Canada","description":"Comprenez les politiques de Kangook Canada : des conditions d'achat \u00e0 la confidentialit\u00e9, notre support vous garantit une exp\u00e9rience client s\u00e9curis\u00e9e et inform\u00e9e.","robots":{"index":"index","follow":"follow","max-snippet":"max-snippet:-1","max-image-preview":"max-image-preview:large","max-video-preview":"max-video-preview:-1"},"canonical":"https:\/\/kangook.com\/fr\/politiques-et-support\/","og_locale":"fr_FR","og_type":"article","og_title":"Confidentialit\u00e9 et Support | Kangook Canada","og_description":"Comprenez les politiques de Kangook Canada : des conditions d'achat \u00e0 la confidentialit\u00e9, notre support vous garantit une exp\u00e9rience client s\u00e9curis\u00e9e et inform\u00e9e.","og_url":"https:\/\/kangook.com\/fr\/politiques-et-support\/","og_site_name":"Kangook Canada","article_modified_time":"2024-10-05T13:37:11+00:00","twitter_card":"summary_large_image","twitter_misc":{"Dur\u00e9e de lecture estim\u00e9e":"6 minutes"},"schema":{"@context":"https:\/\/schema.org","@graph":[{"@type":"WebPage","@id":"https:\/\/kangook.com\/fr\/politiques-et-support\/","url":"https:\/\/kangook.com\/fr\/politiques-et-support\/","name":"Confidentialit\u00e9 et Support | Kangook Canada","isPartOf":{"@id":"https:\/\/kangook.com\/fr\/#website"},"datePublished":"2024-03-09T20:48:36+00:00","dateModified":"2024-10-05T13:37:11+00:00","description":"Comprenez les politiques de Kangook Canada : des conditions d'achat \u00e0 la confidentialit\u00e9, notre support vous garantit une exp\u00e9rience client s\u00e9curis\u00e9e et inform\u00e9e.","breadcrumb":{"@id":"https:\/\/kangook.com\/fr\/politiques-et-support\/#breadcrumb"},"inLanguage":"fr-FR","potentialAction":[{"@type":"ReadAction","target":["https:\/\/kangook.com\/fr\/politiques-et-support\/"]}]},{"@type":"BreadcrumbList","@id":"https:\/\/kangook.com\/fr\/politiques-et-support\/#breadcrumb","itemListElement":[{"@type":"ListItem","position":1,"name":"Accueil","item":"https:\/\/kangook.com\/fr\/"},{"@type":"ListItem","position":2,"name":"POLITIQUES ET SUPPORT"}]},{"@type":"WebSite","@id":"https:\/\/kangook.com\/fr\/#website","url":"https:\/\/kangook.com\/fr\/","name":"Kangook","description":"Kangook Paramotors","publisher":{"@id":"https:\/\/kangook.com\/fr\/#organization"},"potentialAction":[{"@type":"SearchAction","target":{"@type":"EntryPoint","urlTemplate":"https:\/\/kangook.com\/fr\/?s={search_term_string}"},"query-input":{"@type":"PropertyValueSpecification","valueRequired":true,"valueName":"search_term_string"}}],"inLanguage":"fr-FR"},{"@type":"Organization","@id":"https:\/\/kangook.com\/fr\/#organization","name":"Kangook","url":"https:\/\/kangook.com\/fr\/","logo":{"@type":"ImageObject","inLanguage":"fr-FR","@id":"https:\/\/kangook.com\/fr\/#\/schema\/logo\/image\/","url":"https:\/\/kangook.com\/wp-content\/uploads\/2022\/07\/cropped-Kangook-Paramotors-Flag.png","contentUrl":"https:\/\/kangook.com\/wp-content\/uploads\/2022\/07\/cropped-Kangook-Paramotors-Flag.png","width":500,"height":97,"caption":"Kangook"},"image":{"@id":"https:\/\/kangook.com\/fr\/#\/schema\/logo\/image\/"}}]}},"_links":{"self":[{"href":"https:\/\/kangook.com\/fr\/wp-json\/wp\/v2\/pages\/18094","targetHints":{"allow":["GET"]}}],"collection":[{"href":"https:\/\/kangook.com\/fr\/wp-json\/wp\/v2\/pages"}],"about":[{"href":"https:\/\/kangook.com\/fr\/wp-json\/wp\/v2\/types\/page"}],"author":[{"embeddable":true,"href":"https:\/\/kangook.com\/fr\/wp-json\/wp\/v2\/users\/1"}],"replies":[{"embeddable":true,"href":"https:\/\/kangook.com\/fr\/wp-json\/wp\/v2\/comments?post=18094"}],"version-history":[{"count":4,"href":"https:\/\/kangook.com\/fr\/wp-json\/wp\/v2\/pages\/18094\/revisions"}],"predecessor-version":[{"id":21115,"href":"https:\/\/kangook.com\/fr\/wp-json\/wp\/v2\/pages\/18094\/revisions\/21115"}],"wp:attachment":[{"href":"https:\/\/kangook.com\/fr\/wp-json\/wp\/v2\/media?parent=18094"}],"curies":[{"name":"wp","href":"https:\/\/api.w.org\/{rel}","templated":true}]}}